{"id":11872,"date":"2023-11-27T05:05:37","date_gmt":"2023-11-27T04:05:37","guid":{"rendered":"https:\/\/puertasroper.com\/productos\/leveling-ramp\/"},"modified":"2023-11-27T05:05:37","modified_gmt":"2023-11-27T04:05:37","slug":"leveling-ramp","status":"publish","type":"product","link":"https:\/\/puertasroper.com\/eng\/products\/leveling-ramp\/","title":{"rendered":"LEVELING RAMP"},"content":{"rendered":"<div class=\"elementor-element elementor-element-b0a3d60 elementor-widget elementor-widget-heading\" data-id=\"b0a3d60\" data-element_type=\"widget\" data-widget_type=\"heading.default\">\n<div class=\"elementor-widget-container\">\n<h2 class=\"elementor-heading-title elementor-size-default\">Technical Data Sheet<\/h2>\n<\/div>\n<\/div>\n<div class=\"elementor-element elementor-element-5cf9a0c elementor-widget elementor-widget-product-description elementor-widget-text-editor\" data-id=\"5cf9a0c\" data-element_type=\"widget\" data-widget_type=\"product-description.default\">\n<div class=\"elementor-widget-container\">\n<div class=\"ce-product-description\">\n<p>La rampa niveladora hidr\u00e1ulica ROPER permite efectuar operaciones de carga y descarga salvando los desniveles entre almac\u00e9n y veh\u00edculo, combinando solidez, seguridad y comodidad de maniobra. The manufacture of said ramp is in accordance with the UNE EN 1398 Levelable Ramps standard and is in accordance with the EC Directive relating to machines 2006\/42. The main elements that make up the ramp are platform (1), folding lip (2) and structural bench (3).<\/p>\n<p><img fetchpriority=\"high\" decoding=\"async\" class=\"aligncenter wp-image-8444 size-full\" src=\"https:\/\/puertasroper.com\/wp-content\/uploads\/Rampa-Niveladora.png\" alt=\"\" width=\"476\" height=\"323\" srcset=\"https:\/\/puertasroper.com\/wp-content\/uploads\/Rampa-Niveladora.png 476w, https:\/\/puertasroper.com\/wp-content\/uploads\/Rampa-Niveladora-300x204.png 300w\" sizes=\"(max-width: 476px) 100vw, 476px\" \/><\/p>\n<p>Both the platform and the lip are made of non-slip sheet metal. The folding lip with front chamfer and 5\u00ba fold allows a smooth transition with the vehicle. The natural elasticity of the structure allows it to absorb a lateral inclination of 100 mm. The natural elasticity of the structure allows it to absorb a lateral inclination of 100 mm.<\/p>\n<p>The natural elasticity of the structure allows it to absorb a lateral inclination of 100 mm. El bastidor inferior est\u00e1 fabricado a base de perfiler\u00eda laminada en caliente y dise\u00f1ado de modo que facilite la instalaci\u00f3n al premarco recibido en obra. The ramp is provided with a locking bar for maintenance work and anti-shear side protection skirts.<\/p>\n<p>The drive of the dock leveler consists of an electro-hydraulic articulated device composed of two plunger cylinders and a hydraulic power unit. Both cylinders come equipped with a safety valve.<\/p>\n<p><img decoding=\"async\" class=\"aligncenter wp-image-8445 size-full\" src=\"https:\/\/puertasroper.com\/wp-content\/uploads\/Rampa-Niveladora-1.png\" alt=\"\" width=\"767\" height=\"277\" srcset=\"https:\/\/puertasroper.com\/wp-content\/uploads\/Rampa-Niveladora-1.png 767w, https:\/\/puertasroper.com\/wp-content\/uploads\/Rampa-Niveladora-1-300x108.png 300w, https:\/\/puertasroper.com\/wp-content\/uploads\/Rampa-Niveladora-1-600x217.png 600w\" sizes=\"(max-width: 767px) 100vw, 767px\" \/><\/p>\n<p><img decoding=\"async\" class=\"aligncenter wp-image-8446 size-full\" src=\"https:\/\/puertasroper.com\/wp-content\/uploads\/Rampa-Niveladora-2.png\" alt=\"\" width=\"742\" height=\"631\" srcset=\"https:\/\/puertasroper.com\/wp-content\/uploads\/Rampa-Niveladora-2.png 742w, https:\/\/puertasroper.com\/wp-content\/uploads\/Rampa-Niveladora-2-300x255.png 300w, https:\/\/puertasroper.com\/wp-content\/uploads\/Rampa-Niveladora-2-600x510.png 600w\" sizes=\"(max-width: 742px) 100vw, 742px\" \/><\/p>\n<\/div>\n<\/div>\n<\/div>\n","protected":false},"excerpt":{"rendered":"<div class=\"elementor-element elementor-element-fe5eb99 elementor-widget elementor-widget-product-description-short elementor-widget-text-editor\" data-id=\"fe5eb99\" data-element_type=\"widget\" data-widget_type=\"product-description-short.default\">\n<div class=\"elementor-widget-container\">\n<div class=\"ce-product-description-short\">\n<p>The ROPER Ramp Leveler allows loading and unloading operations to be carried out, overcoming unevenness between the warehouse and the vehicle, combining solidity, safety and ease of maneuver.<\/p>\n<\/div>\n<\/div>\n<\/div>\n<section class=\"elementor-element elementor-element-a117f28 elementor-section-boxed elementor-section-height-default elementor-section-height-default elementor-section elementor-inner-section\" data-id=\"a117f28\" data-element_type=\"section\">\n<div class=\"elementor-container elementor-column-gap-narrow\">\n<div class=\"elementor-row\">\n<div class=\"elementor-element elementor-element-e4c58a3 elementor-column elementor-col-50 elementor-inner-column\" data-id=\"e4c58a3\" data-element_type=\"column\">\n<div class=\"elementor-column-wrap elementor-element-populated\">\n<div class=\"elementor-widget-wrap\">\n<div class=\"elementor-element elementor-element-c115a29 ce-product-quantity--view-stacked elementor-widget elementor-widget-product-quantity\" data-id=\"c115a29\" data-element_type=\"widget\" data-widget_type=\"product-quantity.default\">\n<div class=\"elementor-widget-container\">\n<div class=\"ce-product-quantity elementor-field-group\"><\/div>\n<\/div>\n<\/div>\n<\/div>\n<\/div>\n<\/div>\n<\/div>\n<\/div>\n<\/section>\n","protected":false},"featured_media":11617,"template":"","meta":{"site-sidebar-layout":"default","site-content-layout":"","ast-site-content-layout":"default","site-content-style":"default","site-sidebar-style":"default","ast-global-header-display":"","ast-banner-title-visibility":"","ast-main-header-display":"","ast-hfb-above-header-display":"","ast-hfb-below-header-display":"","ast-hfb-mobile-header-display":"","site-post-title":"","ast-breadcrumbs-content":"","ast-featured-img":"","footer-sml-layout":"","ast-disable-related-posts":"","theme-transparent-header-meta":"default","adv-header-id-meta":"","stick-header-meta":"","header-above-stick-meta":"","header-main-stick-meta":"","header-below-stick-meta":"","astra-migrate-meta-layouts":"default","ast-page-background-enabled":"default","ast-page-background-meta":{"desktop":{"background-color":"var(--ast-global-color-4)","background-image":"","background-repeat":"repeat","background-position":"center center","background-size":"auto","background-attachment":"scroll","background-type":"","background-media":"","overlay-type":"","overlay-color":"","overlay-opacity":"","overlay-gradient":""},"tablet":{"background-color":"","background-image":"","background-repeat":"repeat","background-position":"center center","background-size":"auto","background-attachment":"scroll","background-type":"","background-media":"","overlay-type":"","overlay-color":"","overlay-opacity":"","overlay-gradient":""},"mobile":{"background-color":"","background-image":"","background-repeat":"repeat","background-position":"center center","background-size":"auto","background-attachment":"scroll","background-type":"","background-media":"","overlay-type":"","overlay-color":"","overlay-opacity":"","overlay-gradient":""}},"ast-content-background-meta":{"desktop":{"background-color":"var(--ast-global-color-5)","background-image":"","background-repeat":"repeat","background-position":"center center","background-size":"auto","background-attachment":"scroll","background-type":"","background-media":"","overlay-type":"","overlay-color":"","overlay-opacity":"","overlay-gradient":""},"tablet":{"background-color":"var(--ast-global-color-5)","background-image":"","background-repeat":"repeat","background-position":"center center","background-size":"auto","background-attachment":"scroll","background-type":"","background-media":"","overlay-type":"","overlay-color":"","overlay-opacity":"","overlay-gradient":""},"mobile":{"background-color":"var(--ast-global-color-5)","background-image":"","background-repeat":"repeat","background-position":"center center","background-size":"auto","background-attachment":"scroll","background-type":"","background-media":"","overlay-type":"","overlay-color":"","overlay-opacity":"","overlay-gradient":""}}},"product_brand":[],"product_cat":[459],"product_tag":[],"entorno":[],"num-hojas":[],"tipo-de-puerta":[],"class_list":{"0":"post-11872","1":"product","2":"type-product","3":"status-publish","4":"has-post-thumbnail","6":"product_cat-dock-leveller","7":"desktop-align-left","8":"tablet-align-left","9":"mobile-align-left","11":"first","12":"instock","13":"shipping-taxable","14":"product-type-simple"},"yoast_head":"<!-- This site is optimized with the Yoast SEO plugin v27.4 - https:\/\/yoast.com\/product\/yoast-seo-wordpress\/ -->\n<title>Sale of Dock Leveler - ROPER<\/title>\n<meta name=\"description\" content=\"The ROPER Ramp Leveler allows loading and unloading operations to be carried out, overcoming unevenness between the warehouse and the vehicle, combining solidity, safety and ease of maneuver.\" \/>\n<meta name=\"robots\" content=\"index, follow, max-snippet:-1, max-image-preview:large, max-video-preview:-1\" \/>\n<link rel=\"canonical\" href=\"https:\/\/puertasroper.com\/eng\/products\/leveling-ramp\/\" \/>\n<meta property=\"og:locale\" content=\"en_US\" \/>\n<meta property=\"og:type\" content=\"article\" \/>\n<meta property=\"og:title\" content=\"Sale of Dock Leveler - ROPER\" \/>\n<meta property=\"og:description\" content=\"The ROPER Ramp Leveler allows loading and unloading operations to be carried out, overcoming unevenness between the warehouse and the vehicle, combining solidity, safety and ease of maneuver.\" \/>\n<meta property=\"og:url\" content=\"https:\/\/puertasroper.com\/eng\/products\/leveling-ramp\/\" \/>\n<meta property=\"og:site_name\" content=\"ROPER\" \/>\n<meta property=\"article:publisher\" content=\"http:\/\/www.facebook.com\/pages\/Puertas-Roper\/\" \/>\n<meta property=\"og:image\" content=\"https:\/\/puertasroper.com\/wp-content\/uploads\/354.jpg\" \/>\n\t<meta property=\"og:image:width\" content=\"680\" \/>\n\t<meta property=\"og:image:height\" content=\"418\" \/>\n\t<meta property=\"og:image:type\" content=\"image\/jpeg\" \/>\n<meta name=\"twitter:label1\" content=\"Est. reading time\" \/>\n\t<meta name=\"twitter:data1\" content=\"1 minute\" \/>\n<script type=\"application\/ld+json\" class=\"yoast-schema-graph\">{\"@context\":\"https:\\\/\\\/schema.org\",\"@graph\":[{\"@type\":\"WebPage\",\"@id\":\"https:\\\/\\\/puertasroper.com\\\/eng\\\/products\\\/leveling-ramp\\\/\",\"url\":\"https:\\\/\\\/puertasroper.com\\\/eng\\\/products\\\/leveling-ramp\\\/\",\"name\":\"Sale of Dock Leveler - ROPER\",\"isPartOf\":{\"@id\":\"https:\\\/\\\/puertasroper.com\\\/eng\\\/#website\"},\"primaryImageOfPage\":{\"@id\":\"https:\\\/\\\/puertasroper.com\\\/eng\\\/products\\\/leveling-ramp\\\/#primaryimage\"},\"image\":{\"@id\":\"https:\\\/\\\/puertasroper.com\\\/eng\\\/products\\\/leveling-ramp\\\/#primaryimage\"},\"thumbnailUrl\":\"https:\\\/\\\/puertasroper.com\\\/wp-content\\\/uploads\\\/354.jpg\",\"datePublished\":\"2023-11-27T04:05:37+00:00\",\"description\":\"The ROPER Ramp Leveler allows loading and unloading operations to be carried out, overcoming unevenness between the warehouse and the vehicle, combining solidity, safety and ease of maneuver.\",\"breadcrumb\":{\"@id\":\"https:\\\/\\\/puertasroper.com\\\/eng\\\/products\\\/leveling-ramp\\\/#breadcrumb\"},\"inLanguage\":\"en\",\"potentialAction\":[{\"@type\":\"ReadAction\",\"target\":[\"https:\\\/\\\/puertasroper.com\\\/eng\\\/products\\\/leveling-ramp\\\/\"]}]},{\"@type\":\"ImageObject\",\"inLanguage\":\"en\",\"@id\":\"https:\\\/\\\/puertasroper.com\\\/eng\\\/products\\\/leveling-ramp\\\/#primaryimage\",\"url\":\"https:\\\/\\\/puertasroper.com\\\/wp-content\\\/uploads\\\/354.jpg\",\"contentUrl\":\"https:\\\/\\\/puertasroper.com\\\/wp-content\\\/uploads\\\/354.jpg\",\"width\":680,\"height\":418},{\"@type\":\"BreadcrumbList\",\"@id\":\"https:\\\/\\\/puertasroper.com\\\/eng\\\/products\\\/leveling-ramp\\\/#breadcrumb\",\"itemListElement\":[{\"@type\":\"ListItem\",\"position\":1,\"name\":\"Portada\",\"item\":\"https:\\\/\\\/puertasroper.com\\\/eng\\\/\"},{\"@type\":\"ListItem\",\"position\":2,\"name\":\"Tienda\",\"item\":\"https:\\\/\\\/puertasroper.com\\\/eng\\\/shop\\\/\"},{\"@type\":\"ListItem\",\"position\":3,\"name\":\"LEVELING RAMP\"}]},{\"@type\":\"WebSite\",\"@id\":\"https:\\\/\\\/puertasroper.com\\\/eng\\\/#website\",\"url\":\"https:\\\/\\\/puertasroper.com\\\/eng\\\/\",\"name\":\"ROPER\",\"description\":\"Puertas Met\u00e1licas | Automatismos | Puertas de Garaje | Paneles Sandwich\",\"publisher\":{\"@id\":\"https:\\\/\\\/puertasroper.com\\\/eng\\\/#organization\"},\"potentialAction\":[{\"@type\":\"SearchAction\",\"target\":{\"@type\":\"EntryPoint\",\"urlTemplate\":\"https:\\\/\\\/puertasroper.com\\\/eng\\\/?s={search_term_string}\"},\"query-input\":{\"@type\":\"PropertyValueSpecification\",\"valueRequired\":true,\"valueName\":\"search_term_string\"}}],\"inLanguage\":\"en\"},{\"@type\":\"Organization\",\"@id\":\"https:\\\/\\\/puertasroper.com\\\/eng\\\/#organization\",\"name\":\"Puertas Roper\",\"url\":\"https:\\\/\\\/puertasroper.com\\\/eng\\\/\",\"logo\":{\"@type\":\"ImageObject\",\"inLanguage\":\"en\",\"@id\":\"https:\\\/\\\/puertasroper.com\\\/eng\\\/#\\\/schema\\\/logo\\\/image\\\/\",\"url\":\"https:\\\/\\\/puertasroper.com\\\/wp-content\\\/uploads\\\/logo_roper_60-aniversario_WH-1.png\",\"contentUrl\":\"https:\\\/\\\/puertasroper.com\\\/wp-content\\\/uploads\\\/logo_roper_60-aniversario_WH-1.png\",\"width\":752,\"height\":394,\"caption\":\"Puertas Roper\"},\"image\":{\"@id\":\"https:\\\/\\\/puertasroper.com\\\/eng\\\/#\\\/schema\\\/logo\\\/image\\\/\"},\"sameAs\":[\"http:\\\/\\\/www.facebook.com\\\/pages\\\/Puertas-Roper\\\/\",\"https:\\\/\\\/x.com\\\/puertasroper\"]}]}<\/script>\n<!-- \/ Yoast SEO plugin. -->","yoast_head_json":{"title":"Sale of Dock Leveler - ROPER","description":"The ROPER Ramp Leveler allows loading and unloading operations to be carried out, overcoming unevenness between the warehouse and the vehicle, combining solidity, safety and ease of maneuver.","robots":{"index":"index","follow":"follow","max-snippet":"max-snippet:-1","max-image-preview":"max-image-preview:large","max-video-preview":"max-video-preview:-1"},"canonical":"https:\/\/puertasroper.com\/eng\/products\/leveling-ramp\/","og_locale":"en_US","og_type":"article","og_title":"Sale of Dock Leveler - ROPER","og_description":"The ROPER Ramp Leveler allows loading and unloading operations to be carried out, overcoming unevenness between the warehouse and the vehicle, combining solidity, safety and ease of maneuver.","og_url":"https:\/\/puertasroper.com\/eng\/products\/leveling-ramp\/","og_site_name":"ROPER","article_publisher":"http:\/\/www.facebook.com\/pages\/Puertas-Roper\/","og_image":[{"width":680,"height":418,"url":"https:\/\/puertasroper.com\/wp-content\/uploads\/354.jpg","type":"image\/jpeg"}],"twitter_misc":{"Est. reading time":"1 minute"},"schema":{"@context":"https:\/\/schema.org","@graph":[{"@type":"WebPage","@id":"https:\/\/puertasroper.com\/eng\/products\/leveling-ramp\/","url":"https:\/\/puertasroper.com\/eng\/products\/leveling-ramp\/","name":"Sale of Dock Leveler - ROPER","isPartOf":{"@id":"https:\/\/puertasroper.com\/eng\/#website"},"primaryImageOfPage":{"@id":"https:\/\/puertasroper.com\/eng\/products\/leveling-ramp\/#primaryimage"},"image":{"@id":"https:\/\/puertasroper.com\/eng\/products\/leveling-ramp\/#primaryimage"},"thumbnailUrl":"https:\/\/puertasroper.com\/wp-content\/uploads\/354.jpg","datePublished":"2023-11-27T04:05:37+00:00","description":"The ROPER Ramp Leveler allows loading and unloading operations to be carried out, overcoming unevenness between the warehouse and the vehicle, combining solidity, safety and ease of maneuver.","breadcrumb":{"@id":"https:\/\/puertasroper.com\/eng\/products\/leveling-ramp\/#breadcrumb"},"inLanguage":"en","potentialAction":[{"@type":"ReadAction","target":["https:\/\/puertasroper.com\/eng\/products\/leveling-ramp\/"]}]},{"@type":"ImageObject","inLanguage":"en","@id":"https:\/\/puertasroper.com\/eng\/products\/leveling-ramp\/#primaryimage","url":"https:\/\/puertasroper.com\/wp-content\/uploads\/354.jpg","contentUrl":"https:\/\/puertasroper.com\/wp-content\/uploads\/354.jpg","width":680,"height":418},{"@type":"BreadcrumbList","@id":"https:\/\/puertasroper.com\/eng\/products\/leveling-ramp\/#breadcrumb","itemListElement":[{"@type":"ListItem","position":1,"name":"Portada","item":"https:\/\/puertasroper.com\/eng\/"},{"@type":"ListItem","position":2,"name":"Tienda","item":"https:\/\/puertasroper.com\/eng\/shop\/"},{"@type":"ListItem","position":3,"name":"LEVELING RAMP"}]},{"@type":"WebSite","@id":"https:\/\/puertasroper.com\/eng\/#website","url":"https:\/\/puertasroper.com\/eng\/","name":"ROPER","description":"Puertas Met\u00e1licas | Automatismos | Puertas de Garaje | Paneles Sandwich","publisher":{"@id":"https:\/\/puertasroper.com\/eng\/#organization"},"potentialAction":[{"@type":"SearchAction","target":{"@type":"EntryPoint","urlTemplate":"https:\/\/puertasroper.com\/eng\/?s={search_term_string}"},"query-input":{"@type":"PropertyValueSpecification","valueRequired":true,"valueName":"search_term_string"}}],"inLanguage":"en"},{"@type":"Organization","@id":"https:\/\/puertasroper.com\/eng\/#organization","name":"Puertas Roper","url":"https:\/\/puertasroper.com\/eng\/","logo":{"@type":"ImageObject","inLanguage":"en","@id":"https:\/\/puertasroper.com\/eng\/#\/schema\/logo\/image\/","url":"https:\/\/puertasroper.com\/wp-content\/uploads\/logo_roper_60-aniversario_WH-1.png","contentUrl":"https:\/\/puertasroper.com\/wp-content\/uploads\/logo_roper_60-aniversario_WH-1.png","width":752,"height":394,"caption":"Puertas Roper"},"image":{"@id":"https:\/\/puertasroper.com\/eng\/#\/schema\/logo\/image\/"},"sameAs":["http:\/\/www.facebook.com\/pages\/Puertas-Roper\/","https:\/\/x.com\/puertasroper"]}]}},"_links":{"self":[{"href":"https:\/\/puertasroper.com\/eng\/wp-json\/wp\/v2\/product\/11872","targetHints":{"allow":["GET"]}}],"collection":[{"href":"https:\/\/puertasroper.com\/eng\/wp-json\/wp\/v2\/product"}],"about":[{"href":"https:\/\/puertasroper.com\/eng\/wp-json\/wp\/v2\/types\/product"}],"wp:featuredmedia":[{"embeddable":true,"href":"https:\/\/puertasroper.com\/eng\/wp-json\/wp\/v2\/media\/11617"}],"wp:attachment":[{"href":"https:\/\/puertasroper.com\/eng\/wp-json\/wp\/v2\/media?parent=11872"}],"wp:term":[{"taxonomy":"product_brand","embeddable":true,"href":"https:\/\/puertasroper.com\/eng\/wp-json\/wp\/v2\/product_brand?post=11872"},{"taxonomy":"product_cat","embeddable":true,"href":"https:\/\/puertasroper.com\/eng\/wp-json\/wp\/v2\/product_cat?post=11872"},{"taxonomy":"product_tag","embeddable":true,"href":"https:\/\/puertasroper.com\/eng\/wp-json\/wp\/v2\/product_tag?post=11872"},{"taxonomy":"entorno","embeddable":true,"href":"https:\/\/puertasroper.com\/eng\/wp-json\/wp\/v2\/entorno?post=11872"},{"taxonomy":"num-hojas","embeddable":true,"href":"https:\/\/puertasroper.com\/eng\/wp-json\/wp\/v2\/num-hojas?post=11872"},{"taxonomy":"tipo-de-puerta","embeddable":true,"href":"https:\/\/puertasroper.com\/eng\/wp-json\/wp\/v2\/tipo-de-puerta?post=11872"}],"curies":[{"name":"wp","href":"https:\/\/api.w.org\/{rel}","templated":true}]}}