{"id":11885,"date":"2023-11-27T04:42:14","date_gmt":"2023-11-27T03:42:14","guid":{"rendered":"https:\/\/puertasroper.com\/productos\/firescreen-cover\/"},"modified":"2026-02-25T17:24:15","modified_gmt":"2026-02-25T16:24:15","slug":"firescreen-cover","status":"publish","type":"product","link":"https:\/\/puertasroper.com\/eng\/products\/firescreen-cover\/","title":{"rendered":"Firescreen Cover"},"content":{"rendered":"<div class=\"elementor-element elementor-element-b0a3d60 elementor-widget elementor-widget-heading\" data-id=\"b0a3d60\" data-element_type=\"widget\" data-widget_type=\"heading.default\">\n<div class=\"elementor-widget-container\">\n<h2 class=\"elementor-heading-title elementor-size-default\">Technical Data Sheet<\/h2>\n<\/div>\n<\/div>\n<div class=\"elementor-element elementor-element-5cf9a0c elementor-widget elementor-widget-product-description elementor-widget-text-editor\" data-id=\"5cf9a0c\" data-element_type=\"widget\" data-widget_type=\"product-description.default\">\n<div class=\"elementor-widget-container\">\n<div class=\"ce-product-description\">\n<table>\n<tbody>\n<tr>\n<td>ROPER is a manufacturer with more than 25 years of experience in the firebreak registration sector. We currently manufacture a wide range of 1-leaf and 2-leaf fire logs with marking and certification that covers almost 100% of the market needs. This type of manhole is especially indicated for areas where, due to their dimensions, it is not possible to place a fire door. They are mainly designed for installation in meters, communications systems, machine panels, etc&#8230;<\/p>\n<h3>Firewall registration technical specifications RBO 1 Sheet \/ E12 60<\/h3>\n<h4>Firewall manhole with hidden hinges<\/h4>\n<p>Fire doors are used as fire protection for areas where, due to their dimensions, it is not possible to place a fire door. They are mainly designed for installation in meters, communications systems, machine panels, etc&#8230;<\/p>\n<h4>Frame<\/h4>\n<p>&#8211; Made of 1.2 mm thick galvanized steel sheet.<\/p>\n<p>&#8211; It has 4 claws, one in each corner of the frame to attach to the work-support.<\/p>\n<p>&#8211; High expansion fireproof intumescent joints<\/p>\n<p>&#8211; Optionally the frame can be supplied pre-lacquered.<\/p>\n<h4>Blade<\/h4>\n<p>&#8211; Made of galvanized steel sheet thickness 0.5 to 0.6 mm.<\/p>\n<p>&#8211; Internal perimeter reinforcement in 2.5 mm thick steel.<\/p>\n<p>&#8211; Interior insulating material: Rock Wool, thickness 55 mm. 165 Kg\/m3<\/p>\n<p>Technical characteristics:<\/p>\n<p>Euroclase E1<\/p>\n<p>Synthetic binder<\/p>\n<p>Behavior against water: neither hydrophilic nor hygroscopic<\/p>\n<p>Linear expansion coefficient 2 x 10 1\/m<\/p>\n<p>Thermal conductivity: see table<\/p>\n<p>&#8211; The system of joining sheets &#8211; rock wool is using intumescent glue of zero toxicity and flammability. Rock Wool sheet, thickness 55 mm. 165 Kg\/m3<\/p>\n<p><img fetchpriority=\"high\" decoding=\"async\" class=\"aligncenter wp-image-8402 size-full\" src=\"https:\/\/puertasroper.com\/wp-content\/uploads\/tabla-Registro-Cortafuego-2.png\" alt=\"\" width=\"522\" height=\"100\" srcset=\"https:\/\/puertasroper.com\/wp-content\/uploads\/tabla-Registro-Cortafuego-2.png 522w, https:\/\/puertasroper.com\/wp-content\/uploads\/tabla-Registro-Cortafuego-2-300x57.png 300w\" sizes=\"(max-width: 522px) 100vw, 522px\" \/><\/p>\n<h4>Hidden hinges<\/h4>\n<p>Each register has two hinges made of 2 mm thick galvanized steel.<\/p>\n<p>A swollen joint<\/p>\n<p>High expansion at high temperatures<\/p>\n<p>&#8211; Glued around the entire perimeter of the frame<\/p>\n<p>&#8211; Made of graphite base, black<\/p>\n<p>&#8211; Dimensions 20&#215;2.5 (width x thickness)<\/p>\n<p>&#8211; Flexible, insoluble and odorless<\/p>\n<p>&#8211; Expansion factor: 25 to 1 if T\u00aa &gt;180 \u00baC<\/p>\n<h4>Locks<\/h4>\n<p>Embedded in rock wool inside the sheet.<\/p>\n<p>&#8211; Reversible fire lock with double interlock and closing latch.<\/p>\n<p>&#8211; The lock is operated by means of a triangle or square key (standard finish) or by means of a cylinder (optional finish).<\/p>\n<p>&#8211; Marcada CE seg\u00fan norma UNE-EN 12209 conforme con el CTE<\/p>\n<h4>Finishes<\/h4>\n<p>Acabado ESTANDAR, Galvanizado<\/p>\n<p>Para otros acabados RAL consultar con nuestro Dto. Commercial.<\/p>\n<h4>Standard and optional hardware<\/h4>\n<p><img decoding=\"async\" class=\"aligncenter wp-image-8404 size-full\" src=\"https:\/\/puertasroper.com\/wp-content\/uploads\/Registro-Cortafuego-herrajes-1.png\" alt=\"\" width=\"729\" height=\"229\" srcset=\"https:\/\/puertasroper.com\/wp-content\/uploads\/Registro-Cortafuego-herrajes-1.png 729w, https:\/\/puertasroper.com\/wp-content\/uploads\/Registro-Cortafuego-herrajes-1-300x94.png 300w, https:\/\/puertasroper.com\/wp-content\/uploads\/Registro-Cortafuego-herrajes-1-600x188.png 600w\" sizes=\"(max-width: 729px) 100vw, 729px\" \/><\/p>\n<h4>Door opening direction<\/h4>\n<p>The RBO registers are reversible, therefore, they allow their installation so that the opening direction is either to the right or to the left.<\/p>\n<p><img decoding=\"async\" class=\"aligncenter wp-image-8405 size-full\" src=\"https:\/\/puertasroper.com\/wp-content\/uploads\/Registro-Cortafuego-3.png\" alt=\"\" width=\"421\" height=\"180\" srcset=\"https:\/\/puertasroper.com\/wp-content\/uploads\/Registro-Cortafuego-3.png 421w, https:\/\/puertasroper.com\/wp-content\/uploads\/Registro-Cortafuego-3-300x128.png 300w\" sizes=\"(max-width: 421px) 100vw, 421px\" \/><\/p>\n<h4>Certification<\/h4>\n<p>Classification Ei2 60 They comply with the CTE Technical Building Code Tested in accredited laboratories, in accordance with UNE EN 1634-1 for Fire Doors and manholes.<\/p>\n<h4>Dimensiones y secciones Registro RBO 1 Hoja \/ E12 60<\/h4>\n<p><img loading=\"lazy\" decoding=\"async\" class=\"aligncenter wp-image-8406 size-full\" src=\"https:\/\/puertasroper.com\/wp-content\/uploads\/Registro-Cortafuego-1-1.png\" alt=\"\" width=\"636\" height=\"285\" srcset=\"https:\/\/puertasroper.com\/wp-content\/uploads\/Registro-Cortafuego-1-1.png 636w, https:\/\/puertasroper.com\/wp-content\/uploads\/Registro-Cortafuego-1-1-300x134.png 300w, https:\/\/puertasroper.com\/wp-content\/uploads\/Registro-Cortafuego-1-1-600x269.png 600w\" sizes=\"(max-width: 636px) 100vw, 636px\" \/><\/p>\n<p><img loading=\"lazy\" decoding=\"async\" class=\"wp-image-8407 size-full aligncenter\" src=\"https:\/\/puertasroper.com\/wp-content\/uploads\/Registro-Cortafuego-2-1.png\" alt=\"\" width=\"591\" height=\"522\" srcset=\"https:\/\/puertasroper.com\/wp-content\/uploads\/Registro-Cortafuego-2-1.png 591w, https:\/\/puertasroper.com\/wp-content\/uploads\/Registro-Cortafuego-2-1-300x265.png 300w\" sizes=\"(max-width: 591px) 100vw, 591px\" \/><\/p>\n<h3>Especificaciones t\u00e9cnicas de registro cortafuego RBO 2 Hojas \/ E12 60<\/h3>\n<h4>Firewall manhole with hidden hinges<\/h4>\n<p>Fire doors are used as fire protection for areas where, due to their dimensions, it is not possible to place a fire door. They are mainly designed for installation in meters, communications systems, machine panels, etc&#8230;<\/p>\n<h4>Frame<\/h4>\n<p>&#8211; Made of 1.2 mm thick galvanized steel sheet.<\/p>\n<p>&#8211; It has 4 claws, one in each corner of the frame to attach to the work-support.<\/p>\n<p>&#8211; High expansion fireproof intumescent joints<\/p>\n<p>&#8211; Optionally the frame can be supplied pre-lacquered.<\/p>\n<h4>Blade<\/h4>\n<p>&#8211; Made of galvanized steel sheet thickness 0.5 to 0.6 mm.<\/p>\n<p>&#8211; Internal perimeter reinforcement in 2.5 mm thick steel.<\/p>\n<p>&#8211; Interior insulating material: Rock Wool, thickness 55 mm. 165 Kg\/m3<\/p>\n<h4>Hoja pasiva<\/h4>\n<p>&#8211; Dos cerrojillos con palanca retr\u00e1ctil para fijar la hoja pasiva.<\/p>\n<p>&#8211; De acero galvanizado, libre de soldaduras<\/p>\n<h4>Technical characteristics:<\/h4>\n<p>Euroclase E1<\/p>\n<p>Synthetic binder<\/p>\n<p>Behavior against water: neither hydrophilic nor hygroscopic<\/p>\n<p>Linear expansion coefficient 2 x 10 1\/m<\/p>\n<p>Thermal conductivity: see table<\/p>\n<p>&#8211; The system of joining sheets &#8211; rock wool is using intumescent glue of zero toxicity and flammability. Rock Wool sheet, thickness 55 mm. 165 Kg\/m3<\/p>\n<p><img loading=\"lazy\" decoding=\"async\" class=\"aligncenter wp-image-8408 size-full\" src=\"https:\/\/puertasroper.com\/wp-content\/uploads\/tabla-Registro-Cortafuego-1-1.png\" alt=\"\" width=\"522\" height=\"100\" srcset=\"https:\/\/puertasroper.com\/wp-content\/uploads\/tabla-Registro-Cortafuego-1-1.png 522w, https:\/\/puertasroper.com\/wp-content\/uploads\/tabla-Registro-Cortafuego-1-1-300x57.png 300w\" sizes=\"(max-width: 522px) 100vw, 522px\" \/><\/p>\n<h4>Finishes<\/h4>\n<p>Acabado ESTANDAR, Galvanizado<\/p>\n<p>Para otros acabados RAL consultar con nuestro Dto. Commercial.<\/p>\n<h4>Standard and optional hardware<\/h4>\n<p><img loading=\"lazy\" decoding=\"async\" class=\"aligncenter wp-image-8412 size-full\" src=\"https:\/\/puertasroper.com\/wp-content\/uploads\/Registro-Cortafuego-herrajes-1-1.png\" alt=\"\" width=\"729\" height=\"229\" srcset=\"https:\/\/puertasroper.com\/wp-content\/uploads\/Registro-Cortafuego-herrajes-1-1.png 729w, https:\/\/puertasroper.com\/wp-content\/uploads\/Registro-Cortafuego-herrajes-1-1-300x94.png 300w, https:\/\/puertasroper.com\/wp-content\/uploads\/Registro-Cortafuego-herrajes-1-1-600x188.png 600w\" sizes=\"(max-width: 729px) 100vw, 729px\" \/><\/p>\n<h4>Hinges<\/h4>\n<p>Dos bisagras cortafuegos por registro fabricadas en acero galvanizado. &#8211; Son bisagras SIN muelle, con marcado CE, conforme al CTE y seg\u00fan norma UNE-EN 1935<\/p>\n<h4>Lock<\/h4>\n<p>Cerradura cortafuegos reversible con doble enclavamiento y resbal\u00f3n de cierre &#8211; Marcada CE seg\u00fan norma UNE-EN 12209 y conforme con el CTE<\/p>\n<h4>Certification<\/h4>\n<p>Classification Ei2 60 They comply with the CTE Technical Building Code Tested in accredited laboratories, in accordance with UNE EN 1634-1 for Fire Doors and manholes.<\/p>\n<h4>Dimensiones<\/h4>\n<p>Los Registro cortafuego se fabrican para las anchuras de hueco de obra de: 500 \/ 600 \/ 700 \/ 800 \/ 900 \/ 1000 mm. Y alturas de hueco de obra de: 1600 \/ 1700 \/ 1800 mm. Para otras medidas consultar con nuestro departamento comercial.<\/p>\n<h4>Sentido de apertura<\/h4>\n<p>Los registros RBG son reversibles, por lo tanto, permiten su instalaci\u00f3n de forma que el sentido de apertura sea hacia derecha \u00f3 hacia izquierda indistintamente.<\/p>\n<p><img loading=\"lazy\" decoding=\"async\" class=\"aligncenter wp-image-8411 size-full\" src=\"https:\/\/puertasroper.com\/wp-content\/uploads\/Registro-Cortafuego-6.png\" alt=\"\" width=\"383\" height=\"229\" srcset=\"https:\/\/puertasroper.com\/wp-content\/uploads\/Registro-Cortafuego-6.png 383w, https:\/\/puertasroper.com\/wp-content\/uploads\/Registro-Cortafuego-6-300x179.png 300w\" sizes=\"(max-width: 383px) 100vw, 383px\" \/><\/p>\n<p>Medidas<\/p>\n<p><img loading=\"lazy\" decoding=\"async\" class=\"aligncenter wp-image-8410 size-full\" src=\"https:\/\/puertasroper.com\/wp-content\/uploads\/Registro-Cortafuego-7.png\" alt=\"\" width=\"482\" height=\"329\" srcset=\"https:\/\/puertasroper.com\/wp-content\/uploads\/Registro-Cortafuego-7.png 482w, https:\/\/puertasroper.com\/wp-content\/uploads\/Registro-Cortafuego-7-300x205.png 300w\" sizes=\"(max-width: 482px) 100vw, 482px\" \/><\/p>\n<p><img loading=\"lazy\" decoding=\"async\" class=\"aligncenter wp-image-8409 size-full\" src=\"https:\/\/puertasroper.com\/wp-content\/uploads\/Registro-Cortafuego-8.png\" alt=\"\" width=\"581\" height=\"536\" srcset=\"https:\/\/puertasroper.com\/wp-content\/uploads\/Registro-Cortafuego-8.png 581w, https:\/\/puertasroper.com\/wp-content\/uploads\/Registro-Cortafuego-8-300x277.png 300w\" sizes=\"(max-width: 581px) 100vw, 581px\" \/><\/td>\n<\/tr>\n<\/tbody>\n<\/table>\n<\/div>\n<\/div>\n<\/div>\n","protected":false},"excerpt":{"rendered":"<p>Los <strong>Registros Cortafuego ROPER<\/strong> se utilizan como protecci\u00f3n contra incendios para zonas en las que, por sus dimensiones, no es posible colocar una puerta cortafuego. son id\u00f3neos para su instalaci\u00f3n en contadores, sistemas de comunicaciones, cuadros de m\u00e1quinas, etc\u2026<\/p>\n<p>Characteristics:<\/p>\n<ul>\n<li>Quality control, testing and accreditation according to standards<\/li>\n<li>Completamente montada lista para instalar<\/li>\n<li>Durability<\/li>\n<li>Medidas normalizadas y especiales<\/li>\n<li>Distintos tipos de acabados y colores<\/li>\n<li>Disponible una gran variedad de accesorios<\/li>\n<\/ul>\n","protected":false},"featured_media":11561,"template":"","meta":{"site-sidebar-layout":"default","site-content-layout":"","ast-site-content-layout":"default","site-content-style":"default","site-sidebar-style":"default","ast-global-header-display":"","ast-banner-title-visibility":"","ast-main-header-display":"","ast-hfb-above-header-display":"","ast-hfb-below-header-display":"","ast-hfb-mobile-header-display":"","site-post-title":"","ast-breadcrumbs-content":"","ast-featured-img":"","footer-sml-layout":"","ast-disable-related-posts":"","theme-transparent-header-meta":"default","adv-header-id-meta":"","stick-header-meta":"","header-above-stick-meta":"","header-main-stick-meta":"","header-below-stick-meta":"","astra-migrate-meta-layouts":"set","ast-page-background-enabled":"default","ast-page-background-meta":{"desktop":{"background-color":"var(--ast-global-color-4)","background-image":"","background-repeat":"repeat","background-position":"center center","background-size":"auto","background-attachment":"scroll","background-type":"","background-media":"","overlay-type":"","overlay-color":"","overlay-opacity":"","overlay-gradient":""},"tablet":{"background-color":"","background-image":"","background-repeat":"repeat","background-position":"center center","background-size":"auto","background-attachment":"scroll","background-type":"","background-media":"","overlay-type":"","overlay-color":"","overlay-opacity":"","overlay-gradient":""},"mobile":{"background-color":"","background-image":"","background-repeat":"repeat","background-position":"center center","background-size":"auto","background-attachment":"scroll","background-type":"","background-media":"","overlay-type":"","overlay-color":"","overlay-opacity":"","overlay-gradient":""}},"ast-content-background-meta":{"desktop":{"background-color":"var(--ast-global-color-5)","background-image":"","background-repeat":"repeat","background-position":"center center","background-size":"auto","background-attachment":"scroll","background-type":"","background-media":"","overlay-type":"","overlay-color":"","overlay-opacity":"","overlay-gradient":""},"tablet":{"background-color":"var(--ast-global-color-5)","background-image":"","background-repeat":"repeat","background-position":"center center","background-size":"auto","background-attachment":"scroll","background-type":"","background-media":"","overlay-type":"","overlay-color":"","overlay-opacity":"","overlay-gradient":""},"mobile":{"background-color":"var(--ast-global-color-5)","background-image":"","background-repeat":"repeat","background-position":"center center","background-size":"auto","background-attachment":"scroll","background-type":"","background-media":"","overlay-type":"","overlay-color":"","overlay-opacity":"","overlay-gradient":""}}},"product_brand":[],"product_cat":[458],"product_tag":[],"entorno":[],"num-hojas":[],"tipo-de-puerta":[],"class_list":{"0":"post-11885","1":"product","2":"type-product","3":"status-publish","4":"has-post-thumbnail","6":"product_cat-covers","7":"desktop-align-left","8":"tablet-align-left","9":"mobile-align-left","11":"first","12":"instock","13":"shipping-taxable","14":"product-type-simple"},"yoast_head":"<!-- This site is optimized with the Yoast SEO plugin v27.5 - https:\/\/yoast.com\/product\/yoast-seo-wordpress\/ -->\n<title>Firewall Register: Compact solution for areas without space<\/title>\n<meta name=\"description\" content=\"Fire doors are ideal for limited spaces where a fire door does not fit, perfect for meters, communications systems and machine panels.\" \/>\n<meta name=\"robots\" content=\"index, follow, max-snippet:-1, max-image-preview:large, max-video-preview:-1\" \/>\n<link rel=\"canonical\" href=\"https:\/\/puertasroper.com\/eng\/products\/firescreen-cover\/\" \/>\n<meta property=\"og:locale\" content=\"en_US\" \/>\n<meta property=\"og:type\" content=\"article\" \/>\n<meta property=\"og:title\" content=\"Firewall Register: Compact solution for areas without space\" \/>\n<meta property=\"og:description\" content=\"Fire doors are ideal for limited spaces where a fire door does not fit, perfect for meters, communications systems and machine panels.\" \/>\n<meta property=\"og:url\" content=\"https:\/\/puertasroper.com\/eng\/products\/firescreen-cover\/\" \/>\n<meta property=\"og:site_name\" content=\"ROPER\" \/>\n<meta property=\"article:publisher\" content=\"http:\/\/www.facebook.com\/pages\/Puertas-Roper\/\" \/>\n<meta property=\"article:modified_time\" content=\"2026-02-25T16:24:15+00:00\" \/>\n<meta property=\"og:image\" content=\"https:\/\/puertasroper.com\/wp-content\/uploads\/251-e1770208094804.jpg\" \/>\n\t<meta property=\"og:image:width\" content=\"680\" \/>\n\t<meta property=\"og:image:height\" content=\"418\" \/>\n\t<meta property=\"og:image:type\" content=\"image\/jpeg\" \/>\n<meta name=\"twitter:label1\" content=\"Est. reading time\" \/>\n\t<meta name=\"twitter:data1\" content=\"7 minutes\" \/>\n<script type=\"application\/ld+json\" class=\"yoast-schema-graph\">{\"@context\":\"https:\\\/\\\/schema.org\",\"@graph\":[{\"@type\":\"WebPage\",\"@id\":\"https:\\\/\\\/puertasroper.com\\\/eng\\\/products\\\/firescreen-cover\\\/\",\"url\":\"https:\\\/\\\/puertasroper.com\\\/eng\\\/products\\\/firescreen-cover\\\/\",\"name\":\"Firewall Register: Compact solution for areas without space\",\"isPartOf\":{\"@id\":\"https:\\\/\\\/puertasroper.com\\\/eng\\\/#website\"},\"primaryImageOfPage\":{\"@id\":\"https:\\\/\\\/puertasroper.com\\\/eng\\\/products\\\/firescreen-cover\\\/#primaryimage\"},\"image\":{\"@id\":\"https:\\\/\\\/puertasroper.com\\\/eng\\\/products\\\/firescreen-cover\\\/#primaryimage\"},\"thumbnailUrl\":\"https:\\\/\\\/puertasroper.com\\\/wp-content\\\/uploads\\\/251-e1770208094804.jpg\",\"datePublished\":\"2023-11-27T03:42:14+00:00\",\"dateModified\":\"2026-02-25T16:24:15+00:00\",\"description\":\"Fire doors are ideal for limited spaces where a fire door does not fit, perfect for meters, communications systems and machine panels.\",\"breadcrumb\":{\"@id\":\"https:\\\/\\\/puertasroper.com\\\/eng\\\/products\\\/firescreen-cover\\\/#breadcrumb\"},\"inLanguage\":\"en\",\"potentialAction\":[{\"@type\":\"ReadAction\",\"target\":[\"https:\\\/\\\/puertasroper.com\\\/eng\\\/products\\\/firescreen-cover\\\/\"]}]},{\"@type\":\"ImageObject\",\"inLanguage\":\"en\",\"@id\":\"https:\\\/\\\/puertasroper.com\\\/eng\\\/products\\\/firescreen-cover\\\/#primaryimage\",\"url\":\"https:\\\/\\\/puertasroper.com\\\/wp-content\\\/uploads\\\/251-e1770208094804.jpg\",\"contentUrl\":\"https:\\\/\\\/puertasroper.com\\\/wp-content\\\/uploads\\\/251-e1770208094804.jpg\",\"width\":680,\"height\":418},{\"@type\":\"BreadcrumbList\",\"@id\":\"https:\\\/\\\/puertasroper.com\\\/eng\\\/products\\\/firescreen-cover\\\/#breadcrumb\",\"itemListElement\":[{\"@type\":\"ListItem\",\"position\":1,\"name\":\"Portada\",\"item\":\"https:\\\/\\\/puertasroper.com\\\/eng\\\/\"},{\"@type\":\"ListItem\",\"position\":2,\"name\":\"Tienda\",\"item\":\"https:\\\/\\\/puertasroper.com\\\/eng\\\/shop\\\/\"},{\"@type\":\"ListItem\",\"position\":3,\"name\":\"Firescreen Cover\"}]},{\"@type\":\"WebSite\",\"@id\":\"https:\\\/\\\/puertasroper.com\\\/eng\\\/#website\",\"url\":\"https:\\\/\\\/puertasroper.com\\\/eng\\\/\",\"name\":\"ROPER\",\"description\":\"Puertas Met\u00e1licas | Automatismos | Puertas de Garaje | Paneles Sandwich\",\"publisher\":{\"@id\":\"https:\\\/\\\/puertasroper.com\\\/eng\\\/#organization\"},\"potentialAction\":[{\"@type\":\"SearchAction\",\"target\":{\"@type\":\"EntryPoint\",\"urlTemplate\":\"https:\\\/\\\/puertasroper.com\\\/eng\\\/?s={search_term_string}\"},\"query-input\":{\"@type\":\"PropertyValueSpecification\",\"valueRequired\":true,\"valueName\":\"search_term_string\"}}],\"inLanguage\":\"en\"},{\"@type\":\"Organization\",\"@id\":\"https:\\\/\\\/puertasroper.com\\\/eng\\\/#organization\",\"name\":\"Puertas Roper\",\"url\":\"https:\\\/\\\/puertasroper.com\\\/eng\\\/\",\"logo\":{\"@type\":\"ImageObject\",\"inLanguage\":\"en\",\"@id\":\"https:\\\/\\\/puertasroper.com\\\/eng\\\/#\\\/schema\\\/logo\\\/image\\\/\",\"url\":\"https:\\\/\\\/puertasroper.com\\\/wp-content\\\/uploads\\\/logo_roper_60-aniversario_WH-1.png\",\"contentUrl\":\"https:\\\/\\\/puertasroper.com\\\/wp-content\\\/uploads\\\/logo_roper_60-aniversario_WH-1.png\",\"width\":752,\"height\":394,\"caption\":\"Puertas Roper\"},\"image\":{\"@id\":\"https:\\\/\\\/puertasroper.com\\\/eng\\\/#\\\/schema\\\/logo\\\/image\\\/\"},\"sameAs\":[\"http:\\\/\\\/www.facebook.com\\\/pages\\\/Puertas-Roper\\\/\",\"https:\\\/\\\/x.com\\\/puertasroper\"]}]}<\/script>\n<!-- \/ Yoast SEO plugin. -->","yoast_head_json":{"title":"Firewall Register: Compact solution for areas without space","description":"Fire doors are ideal for limited spaces where a fire door does not fit, perfect for meters, communications systems and machine panels.","robots":{"index":"index","follow":"follow","max-snippet":"max-snippet:-1","max-image-preview":"max-image-preview:large","max-video-preview":"max-video-preview:-1"},"canonical":"https:\/\/puertasroper.com\/eng\/products\/firescreen-cover\/","og_locale":"en_US","og_type":"article","og_title":"Firewall Register: Compact solution for areas without space","og_description":"Fire doors are ideal for limited spaces where a fire door does not fit, perfect for meters, communications systems and machine panels.","og_url":"https:\/\/puertasroper.com\/eng\/products\/firescreen-cover\/","og_site_name":"ROPER","article_publisher":"http:\/\/www.facebook.com\/pages\/Puertas-Roper\/","article_modified_time":"2026-02-25T16:24:15+00:00","og_image":[{"width":680,"height":418,"url":"https:\/\/puertasroper.com\/wp-content\/uploads\/251-e1770208094804.jpg","type":"image\/jpeg"}],"twitter_misc":{"Est. reading time":"7 minutes"},"schema":{"@context":"https:\/\/schema.org","@graph":[{"@type":"WebPage","@id":"https:\/\/puertasroper.com\/eng\/products\/firescreen-cover\/","url":"https:\/\/puertasroper.com\/eng\/products\/firescreen-cover\/","name":"Firewall Register: Compact solution for areas without space","isPartOf":{"@id":"https:\/\/puertasroper.com\/eng\/#website"},"primaryImageOfPage":{"@id":"https:\/\/puertasroper.com\/eng\/products\/firescreen-cover\/#primaryimage"},"image":{"@id":"https:\/\/puertasroper.com\/eng\/products\/firescreen-cover\/#primaryimage"},"thumbnailUrl":"https:\/\/puertasroper.com\/wp-content\/uploads\/251-e1770208094804.jpg","datePublished":"2023-11-27T03:42:14+00:00","dateModified":"2026-02-25T16:24:15+00:00","description":"Fire doors are ideal for limited spaces where a fire door does not fit, perfect for meters, communications systems and machine panels.","breadcrumb":{"@id":"https:\/\/puertasroper.com\/eng\/products\/firescreen-cover\/#breadcrumb"},"inLanguage":"en","potentialAction":[{"@type":"ReadAction","target":["https:\/\/puertasroper.com\/eng\/products\/firescreen-cover\/"]}]},{"@type":"ImageObject","inLanguage":"en","@id":"https:\/\/puertasroper.com\/eng\/products\/firescreen-cover\/#primaryimage","url":"https:\/\/puertasroper.com\/wp-content\/uploads\/251-e1770208094804.jpg","contentUrl":"https:\/\/puertasroper.com\/wp-content\/uploads\/251-e1770208094804.jpg","width":680,"height":418},{"@type":"BreadcrumbList","@id":"https:\/\/puertasroper.com\/eng\/products\/firescreen-cover\/#breadcrumb","itemListElement":[{"@type":"ListItem","position":1,"name":"Portada","item":"https:\/\/puertasroper.com\/eng\/"},{"@type":"ListItem","position":2,"name":"Tienda","item":"https:\/\/puertasroper.com\/eng\/shop\/"},{"@type":"ListItem","position":3,"name":"Firescreen Cover"}]},{"@type":"WebSite","@id":"https:\/\/puertasroper.com\/eng\/#website","url":"https:\/\/puertasroper.com\/eng\/","name":"ROPER","description":"Puertas Met\u00e1licas | Automatismos | Puertas de Garaje | Paneles Sandwich","publisher":{"@id":"https:\/\/puertasroper.com\/eng\/#organization"},"potentialAction":[{"@type":"SearchAction","target":{"@type":"EntryPoint","urlTemplate":"https:\/\/puertasroper.com\/eng\/?s={search_term_string}"},"query-input":{"@type":"PropertyValueSpecification","valueRequired":true,"valueName":"search_term_string"}}],"inLanguage":"en"},{"@type":"Organization","@id":"https:\/\/puertasroper.com\/eng\/#organization","name":"Puertas Roper","url":"https:\/\/puertasroper.com\/eng\/","logo":{"@type":"ImageObject","inLanguage":"en","@id":"https:\/\/puertasroper.com\/eng\/#\/schema\/logo\/image\/","url":"https:\/\/puertasroper.com\/wp-content\/uploads\/logo_roper_60-aniversario_WH-1.png","contentUrl":"https:\/\/puertasroper.com\/wp-content\/uploads\/logo_roper_60-aniversario_WH-1.png","width":752,"height":394,"caption":"Puertas Roper"},"image":{"@id":"https:\/\/puertasroper.com\/eng\/#\/schema\/logo\/image\/"},"sameAs":["http:\/\/www.facebook.com\/pages\/Puertas-Roper\/","https:\/\/x.com\/puertasroper"]}]}},"_links":{"self":[{"href":"https:\/\/puertasroper.com\/eng\/wp-json\/wp\/v2\/product\/11885","targetHints":{"allow":["GET"]}}],"collection":[{"href":"https:\/\/puertasroper.com\/eng\/wp-json\/wp\/v2\/product"}],"about":[{"href":"https:\/\/puertasroper.com\/eng\/wp-json\/wp\/v2\/types\/product"}],"wp:featuredmedia":[{"embeddable":true,"href":"https:\/\/puertasroper.com\/eng\/wp-json\/wp\/v2\/media\/11561"}],"wp:attachment":[{"href":"https:\/\/puertasroper.com\/eng\/wp-json\/wp\/v2\/media?parent=11885"}],"wp:term":[{"taxonomy":"product_brand","embeddable":true,"href":"https:\/\/puertasroper.com\/eng\/wp-json\/wp\/v2\/product_brand?post=11885"},{"taxonomy":"product_cat","embeddable":true,"href":"https:\/\/puertasroper.com\/eng\/wp-json\/wp\/v2\/product_cat?post=11885"},{"taxonomy":"product_tag","embeddable":true,"href":"https:\/\/puertasroper.com\/eng\/wp-json\/wp\/v2\/product_tag?post=11885"},{"taxonomy":"entorno","embeddable":true,"href":"https:\/\/puertasroper.com\/eng\/wp-json\/wp\/v2\/entorno?post=11885"},{"taxonomy":"num-hojas","embeddable":true,"href":"https:\/\/puertasroper.com\/eng\/wp-json\/wp\/v2\/num-hojas?post=11885"},{"taxonomy":"tipo-de-puerta","embeddable":true,"href":"https:\/\/puertasroper.com\/eng\/wp-json\/wp\/v2\/tipo-de-puerta?post=11885"}],"curies":[{"name":"wp","href":"https:\/\/api.w.org\/{rel}","templated":true}]}}