{"id":11960,"date":"2023-11-21T14:09:37","date_gmt":"2023-11-21T13:09:37","guid":{"rendered":"https:\/\/puertasroper.com\/productos\/swing-door-cancela\/"},"modified":"2024-01-23T18:44:41","modified_gmt":"2024-01-23T17:44:41","slug":"swing-door-cancela","status":"publish","type":"product","link":"https:\/\/puertasroper.com\/eng\/products\/swing-door-cancela\/","title":{"rendered":"SWING DOOR CANCELA"},"content":{"rendered":"<div class=\"elementor-element elementor-element-b0a3d60 elementor-widget elementor-widget-heading\" data-id=\"b0a3d60\" data-element_type=\"widget\" data-widget_type=\"heading.default\">\n<div class=\"elementor-widget-container\">\n<h2 class=\"elementor-heading-title elementor-size-default\">Technical Data Sheet<\/h2>\n<\/div>\n<\/div>\n<div class=\"elementor-element elementor-element-5cf9a0c elementor-widget elementor-widget-product-description elementor-widget-text-editor\" data-id=\"5cf9a0c\" data-element_type=\"widget\" data-widget_type=\"product-description.default\">\n<div class=\"elementor-widget-container\">\n<div class=\"ce-product-description\">\n<table>\n<tbody>\n<tr>\n<td>SWING DOOR CANCELA<\/p>\n<p><img fetchpriority=\"high\" decoding=\"async\" class=\"aligncenter wp-image-8261 size-full\" src=\"https:\/\/puertasroper.com\/wp-content\/uploads\/puerta-batiente-cancela.png\" alt=\"\" width=\"584\" height=\"494\" srcset=\"https:\/\/puertasroper.com\/wp-content\/uploads\/puerta-batiente-cancela.png 584w, https:\/\/puertasroper.com\/wp-content\/uploads\/puerta-batiente-cancela-300x254.png 300w\" sizes=\"(max-width: 584px) 100vw, 584px\" \/><\/p>\n<p>Its operation is based on one or two leaves, attached to a side frame using roller bearings and which rotate perpendicular to the ground.<\/p>\n<h3>Blade<\/h3>\n<p>The fence made of a cold-rolled tube frame and braced on the inside with tubular reinforcements to prevent buckling and increase wind resistance.<\/p>\n<p>The tubes used to manufacture this type of doors are the following:<\/p>\n<p>STRIPPING 80&#215;40 or 60&#215;30 tubes of E-220 quality according to UNE EN 10305-5 standard.<\/p>\n<p>GALVANIZED Tubes of 80&#215;40 or 60&#215;30 of quality E-220 + Z-275-NAC according to UNE EN 10305-5 standard.<\/p>\n<h3>Closing of the leaf<\/h3>\n<p>The Industrial Swing Cancela with one or two leaves is manufactured with three types of different leaf enclosures:<\/p>\n<ol>\n<li>Sheet The sheets are made of pre-lacquered steel strip, DX51 according to EN-10142 standard, with an average thickness of 0.6 mm without peelable film, ribbed in 200 mm modules, placed in a vertical or horizontal position, assembled under compression welded to the frame of the sheet. .<\/li>\n<li>Panel S\u00e1ndwich Panel de 40 mm de espesor. Se emplea para su fabricaci\u00f3n chapa prelacada sobre acero galvanizado, seg\u00fan la norma EN-10142. El interior del panel est\u00e1 compuesto de poliuretano expandido con una densidad media de 40 kg\/m\u00b3, exento de CFC y HCFC. Se emplean dos formatos de panel, uno de 500 mm de altura y otro de 610 mm.<\/li>\n<li>Barrotes Est\u00e1n formados por tubos de 20&#215;20, 40&#215;20, 40&#215;30 \u00f3 60&#215;30 galvanizados de calidad E-220 + Z-275-NAC seg\u00fan norma UNE EN 10305-5.<\/li>\n<\/ol>\n<p><img decoding=\"async\" class=\"aligncenter wp-image-8262 size-full\" src=\"https:\/\/puertasroper.com\/wp-content\/uploads\/puerta-batiente-cancela-2.png\" alt=\"\" width=\"611\" height=\"187\" srcset=\"https:\/\/puertasroper.com\/wp-content\/uploads\/puerta-batiente-cancela-2.png 611w, https:\/\/puertasroper.com\/wp-content\/uploads\/puerta-batiente-cancela-2-300x92.png 300w, https:\/\/puertasroper.com\/wp-content\/uploads\/puerta-batiente-cancela-2-600x184.png 600w\" sizes=\"(max-width: 611px) 100vw, 611px\" \/><\/p>\n<p><strong>Frames:<\/strong><\/p>\n<p>They are manufactured in 60x60x3 black tube, 80x80x4 black tube, or with a double UPN of 80&#215;45 covered with sheet metal, depending on the requirements for future automation.<\/p>\n<p><strong>Hinges:<\/strong><\/p>\n<p>They are formed by cast steel pivots with internal roller bearings, both for the upper and lower parts.<\/p>\n<p><strong>Locking System:<\/strong><\/p>\n<p>In the single-leaf swinging gate, it consists of a floor lock if a lock is not requested. In the double-leaf swinging gate, it is composed of floor locks that will be embedded at the floor and at the upper frame if applicable. It also includes a lock with a cylinder and handle, which locks the leaf without a lock if requested.<\/td>\n<\/tr>\n<\/tbody>\n<\/table>\n<\/div>\n<\/div>\n<\/div>\n","protected":false},"excerpt":{"rendered":"<p><strong>Swinging Gate<\/strong><\/p>\n<p>The Swinging Gate is another solution for property enclosures, both communal and private, when there is no space for the lateral sliding of the sliding leaf. Like all ROPER industrial doors, it can operate both manually and automatically, although its most common use is automatic.<\/p>\n<p><strong>Features:<\/strong><\/p>\n<ul>\n<li>Security<\/li>\n<li>Finishes tailored to customer preferences<\/li>\n<li>Convenient in both manual and automatic opening<\/li>\n<\/ul>\n","protected":false},"featured_media":11291,"template":"","meta":{"site-sidebar-layout":"default","site-content-layout":"","ast-site-content-layout":"default","site-content-style":"default","site-sidebar-style":"default","ast-global-header-display":"","ast-banner-title-visibility":"","ast-main-header-display":"","ast-hfb-above-header-display":"","ast-hfb-below-header-display":"","ast-hfb-mobile-header-display":"","site-post-title":"","ast-breadcrumbs-content":"","ast-featured-img":"","footer-sml-layout":"","ast-disable-related-posts":"","theme-transparent-header-meta":"default","adv-header-id-meta":"","stick-header-meta":"","header-above-stick-meta":"","header-main-stick-meta":"","header-below-stick-meta":"","astra-migrate-meta-layouts":"set","ast-page-background-enabled":"default","ast-page-background-meta":{"desktop":{"background-color":"var(--ast-global-color-4)","background-image":"","background-repeat":"repeat","background-position":"center center","background-size":"auto","background-attachment":"scroll","background-type":"","background-media":"","overlay-type":"","overlay-color":"","overlay-opacity":"","overlay-gradient":""},"tablet":{"background-color":"","background-image":"","background-repeat":"repeat","background-position":"center center","background-size":"auto","background-attachment":"scroll","background-type":"","background-media":"","overlay-type":"","overlay-color":"","overlay-opacity":"","overlay-gradient":""},"mobile":{"background-color":"","background-image":"","background-repeat":"repeat","background-position":"center center","background-size":"auto","background-attachment":"scroll","background-type":"","background-media":"","overlay-type":"","overlay-color":"","overlay-opacity":"","overlay-gradient":""}},"ast-content-background-meta":{"desktop":{"background-color":"var(--ast-global-color-5)","background-image":"","background-repeat":"repeat","background-position":"center center","background-size":"auto","background-attachment":"scroll","background-type":"","background-media":"","overlay-type":"","overlay-color":"","overlay-opacity":"","overlay-gradient":""},"tablet":{"background-color":"var(--ast-global-color-5)","background-image":"","background-repeat":"repeat","background-position":"center center","background-size":"auto","background-attachment":"scroll","background-type":"","background-media":"","overlay-type":"","overlay-color":"","overlay-opacity":"","overlay-gradient":""},"mobile":{"background-color":"var(--ast-global-color-5)","background-image":"","background-repeat":"repeat","background-position":"center center","background-size":"auto","background-attachment":"scroll","background-type":"","background-media":"","overlay-type":"","overlay-color":"","overlay-opacity":"","overlay-gradient":""}}},"product_brand":[],"product_cat":[460],"product_tag":[],"entorno":[],"num-hojas":[489],"tipo-de-puerta":[420],"class_list":{"0":"post-11960","1":"product","2":"type-product","3":"status-publish","4":"has-post-thumbnail","6":"product_cat-fences","7":"num-hojas-dos-2","8":"tipo-de-puerta-swinging","9":"desktop-align-left","10":"tablet-align-left","11":"mobile-align-left","13":"first","14":"instock","15":"shipping-taxable","16":"product-type-simple"},"yoast_head":"<!-- This site is optimized with the Yoast SEO plugin v27.4 - https:\/\/yoast.com\/product\/yoast-seo-wordpress\/ -->\n<title>Swing Door Cancela: Versatile and Automatic<\/title>\n<meta name=\"description\" content=\"Solution for enclosures without lateral space. The ROPER Swing Gate Gate, manual or automatic, ideal for community or private properties.\" \/>\n<meta name=\"robots\" content=\"index, follow, max-snippet:-1, max-image-preview:large, max-video-preview:-1\" \/>\n<link rel=\"canonical\" href=\"https:\/\/puertasroper.com\/eng\/products\/swing-door-cancela\/\" \/>\n<meta property=\"og:locale\" content=\"en_US\" \/>\n<meta property=\"og:type\" content=\"article\" \/>\n<meta property=\"og:title\" content=\"Swing Door Cancela: Versatile and Automatic\" \/>\n<meta property=\"og:description\" content=\"Solution for enclosures without lateral space. The ROPER Swing Gate Gate, manual or automatic, ideal for community or private properties.\" \/>\n<meta property=\"og:url\" content=\"https:\/\/puertasroper.com\/eng\/products\/swing-door-cancela\/\" \/>\n<meta property=\"og:site_name\" content=\"ROPER\" \/>\n<meta property=\"article:publisher\" content=\"http:\/\/www.facebook.com\/pages\/Puertas-Roper\/\" \/>\n<meta property=\"article:modified_time\" content=\"2024-01-23T17:44:41+00:00\" \/>\n<meta property=\"og:image\" content=\"https:\/\/puertasroper.com\/wp-content\/uploads\/215.jpg\" \/>\n\t<meta property=\"og:image:width\" content=\"680\" \/>\n\t<meta property=\"og:image:height\" content=\"418\" \/>\n\t<meta property=\"og:image:type\" content=\"image\/jpeg\" \/>\n<meta name=\"twitter:label1\" content=\"Est. reading time\" \/>\n\t<meta name=\"twitter:data1\" content=\"3 minutes\" \/>\n<script type=\"application\/ld+json\" class=\"yoast-schema-graph\">{\"@context\":\"https:\\\/\\\/schema.org\",\"@graph\":[{\"@type\":\"WebPage\",\"@id\":\"https:\\\/\\\/puertasroper.com\\\/eng\\\/products\\\/swing-door-cancela\\\/\",\"url\":\"https:\\\/\\\/puertasroper.com\\\/eng\\\/products\\\/swing-door-cancela\\\/\",\"name\":\"Swing Door Cancela: Versatile and Automatic\",\"isPartOf\":{\"@id\":\"https:\\\/\\\/puertasroper.com\\\/eng\\\/#website\"},\"primaryImageOfPage\":{\"@id\":\"https:\\\/\\\/puertasroper.com\\\/eng\\\/products\\\/swing-door-cancela\\\/#primaryimage\"},\"image\":{\"@id\":\"https:\\\/\\\/puertasroper.com\\\/eng\\\/products\\\/swing-door-cancela\\\/#primaryimage\"},\"thumbnailUrl\":\"https:\\\/\\\/puertasroper.com\\\/wp-content\\\/uploads\\\/215.jpg\",\"datePublished\":\"2023-11-21T13:09:37+00:00\",\"dateModified\":\"2024-01-23T17:44:41+00:00\",\"description\":\"Solution for enclosures without lateral space. The ROPER Swing Gate Gate, manual or automatic, ideal for community or private properties.\",\"breadcrumb\":{\"@id\":\"https:\\\/\\\/puertasroper.com\\\/eng\\\/products\\\/swing-door-cancela\\\/#breadcrumb\"},\"inLanguage\":\"en\",\"potentialAction\":[{\"@type\":\"ReadAction\",\"target\":[\"https:\\\/\\\/puertasroper.com\\\/eng\\\/products\\\/swing-door-cancela\\\/\"]}]},{\"@type\":\"ImageObject\",\"inLanguage\":\"en\",\"@id\":\"https:\\\/\\\/puertasroper.com\\\/eng\\\/products\\\/swing-door-cancela\\\/#primaryimage\",\"url\":\"https:\\\/\\\/puertasroper.com\\\/wp-content\\\/uploads\\\/215.jpg\",\"contentUrl\":\"https:\\\/\\\/puertasroper.com\\\/wp-content\\\/uploads\\\/215.jpg\",\"width\":680,\"height\":418},{\"@type\":\"BreadcrumbList\",\"@id\":\"https:\\\/\\\/puertasroper.com\\\/eng\\\/products\\\/swing-door-cancela\\\/#breadcrumb\",\"itemListElement\":[{\"@type\":\"ListItem\",\"position\":1,\"name\":\"Portada\",\"item\":\"https:\\\/\\\/puertasroper.com\\\/eng\\\/\"},{\"@type\":\"ListItem\",\"position\":2,\"name\":\"Tienda\",\"item\":\"https:\\\/\\\/puertasroper.com\\\/eng\\\/shop\\\/\"},{\"@type\":\"ListItem\",\"position\":3,\"name\":\"SWING DOOR CANCELA\"}]},{\"@type\":\"WebSite\",\"@id\":\"https:\\\/\\\/puertasroper.com\\\/eng\\\/#website\",\"url\":\"https:\\\/\\\/puertasroper.com\\\/eng\\\/\",\"name\":\"ROPER\",\"description\":\"Puertas Met\u00e1licas | Automatismos | Puertas de Garaje | Paneles Sandwich\",\"publisher\":{\"@id\":\"https:\\\/\\\/puertasroper.com\\\/eng\\\/#organization\"},\"potentialAction\":[{\"@type\":\"SearchAction\",\"target\":{\"@type\":\"EntryPoint\",\"urlTemplate\":\"https:\\\/\\\/puertasroper.com\\\/eng\\\/?s={search_term_string}\"},\"query-input\":{\"@type\":\"PropertyValueSpecification\",\"valueRequired\":true,\"valueName\":\"search_term_string\"}}],\"inLanguage\":\"en\"},{\"@type\":\"Organization\",\"@id\":\"https:\\\/\\\/puertasroper.com\\\/eng\\\/#organization\",\"name\":\"Puertas Roper\",\"url\":\"https:\\\/\\\/puertasroper.com\\\/eng\\\/\",\"logo\":{\"@type\":\"ImageObject\",\"inLanguage\":\"en\",\"@id\":\"https:\\\/\\\/puertasroper.com\\\/eng\\\/#\\\/schema\\\/logo\\\/image\\\/\",\"url\":\"https:\\\/\\\/puertasroper.com\\\/wp-content\\\/uploads\\\/logo_roper_60-aniversario_WH-1.png\",\"contentUrl\":\"https:\\\/\\\/puertasroper.com\\\/wp-content\\\/uploads\\\/logo_roper_60-aniversario_WH-1.png\",\"width\":752,\"height\":394,\"caption\":\"Puertas Roper\"},\"image\":{\"@id\":\"https:\\\/\\\/puertasroper.com\\\/eng\\\/#\\\/schema\\\/logo\\\/image\\\/\"},\"sameAs\":[\"http:\\\/\\\/www.facebook.com\\\/pages\\\/Puertas-Roper\\\/\",\"https:\\\/\\\/x.com\\\/puertasroper\"]}]}<\/script>\n<!-- \/ Yoast SEO plugin. -->","yoast_head_json":{"title":"Swing Door Cancela: Versatile and Automatic","description":"Solution for enclosures without lateral space. The ROPER Swing Gate Gate, manual or automatic, ideal for community or private properties.","robots":{"index":"index","follow":"follow","max-snippet":"max-snippet:-1","max-image-preview":"max-image-preview:large","max-video-preview":"max-video-preview:-1"},"canonical":"https:\/\/puertasroper.com\/eng\/products\/swing-door-cancela\/","og_locale":"en_US","og_type":"article","og_title":"Swing Door Cancela: Versatile and Automatic","og_description":"Solution for enclosures without lateral space. The ROPER Swing Gate Gate, manual or automatic, ideal for community or private properties.","og_url":"https:\/\/puertasroper.com\/eng\/products\/swing-door-cancela\/","og_site_name":"ROPER","article_publisher":"http:\/\/www.facebook.com\/pages\/Puertas-Roper\/","article_modified_time":"2024-01-23T17:44:41+00:00","og_image":[{"width":680,"height":418,"url":"https:\/\/puertasroper.com\/wp-content\/uploads\/215.jpg","type":"image\/jpeg"}],"twitter_misc":{"Est. reading time":"3 minutes"},"schema":{"@context":"https:\/\/schema.org","@graph":[{"@type":"WebPage","@id":"https:\/\/puertasroper.com\/eng\/products\/swing-door-cancela\/","url":"https:\/\/puertasroper.com\/eng\/products\/swing-door-cancela\/","name":"Swing Door Cancela: Versatile and Automatic","isPartOf":{"@id":"https:\/\/puertasroper.com\/eng\/#website"},"primaryImageOfPage":{"@id":"https:\/\/puertasroper.com\/eng\/products\/swing-door-cancela\/#primaryimage"},"image":{"@id":"https:\/\/puertasroper.com\/eng\/products\/swing-door-cancela\/#primaryimage"},"thumbnailUrl":"https:\/\/puertasroper.com\/wp-content\/uploads\/215.jpg","datePublished":"2023-11-21T13:09:37+00:00","dateModified":"2024-01-23T17:44:41+00:00","description":"Solution for enclosures without lateral space. The ROPER Swing Gate Gate, manual or automatic, ideal for community or private properties.","breadcrumb":{"@id":"https:\/\/puertasroper.com\/eng\/products\/swing-door-cancela\/#breadcrumb"},"inLanguage":"en","potentialAction":[{"@type":"ReadAction","target":["https:\/\/puertasroper.com\/eng\/products\/swing-door-cancela\/"]}]},{"@type":"ImageObject","inLanguage":"en","@id":"https:\/\/puertasroper.com\/eng\/products\/swing-door-cancela\/#primaryimage","url":"https:\/\/puertasroper.com\/wp-content\/uploads\/215.jpg","contentUrl":"https:\/\/puertasroper.com\/wp-content\/uploads\/215.jpg","width":680,"height":418},{"@type":"BreadcrumbList","@id":"https:\/\/puertasroper.com\/eng\/products\/swing-door-cancela\/#breadcrumb","itemListElement":[{"@type":"ListItem","position":1,"name":"Portada","item":"https:\/\/puertasroper.com\/eng\/"},{"@type":"ListItem","position":2,"name":"Tienda","item":"https:\/\/puertasroper.com\/eng\/shop\/"},{"@type":"ListItem","position":3,"name":"SWING DOOR CANCELA"}]},{"@type":"WebSite","@id":"https:\/\/puertasroper.com\/eng\/#website","url":"https:\/\/puertasroper.com\/eng\/","name":"ROPER","description":"Puertas Met\u00e1licas | Automatismos | Puertas de Garaje | Paneles Sandwich","publisher":{"@id":"https:\/\/puertasroper.com\/eng\/#organization"},"potentialAction":[{"@type":"SearchAction","target":{"@type":"EntryPoint","urlTemplate":"https:\/\/puertasroper.com\/eng\/?s={search_term_string}"},"query-input":{"@type":"PropertyValueSpecification","valueRequired":true,"valueName":"search_term_string"}}],"inLanguage":"en"},{"@type":"Organization","@id":"https:\/\/puertasroper.com\/eng\/#organization","name":"Puertas Roper","url":"https:\/\/puertasroper.com\/eng\/","logo":{"@type":"ImageObject","inLanguage":"en","@id":"https:\/\/puertasroper.com\/eng\/#\/schema\/logo\/image\/","url":"https:\/\/puertasroper.com\/wp-content\/uploads\/logo_roper_60-aniversario_WH-1.png","contentUrl":"https:\/\/puertasroper.com\/wp-content\/uploads\/logo_roper_60-aniversario_WH-1.png","width":752,"height":394,"caption":"Puertas Roper"},"image":{"@id":"https:\/\/puertasroper.com\/eng\/#\/schema\/logo\/image\/"},"sameAs":["http:\/\/www.facebook.com\/pages\/Puertas-Roper\/","https:\/\/x.com\/puertasroper"]}]}},"_links":{"self":[{"href":"https:\/\/puertasroper.com\/eng\/wp-json\/wp\/v2\/product\/11960","targetHints":{"allow":["GET"]}}],"collection":[{"href":"https:\/\/puertasroper.com\/eng\/wp-json\/wp\/v2\/product"}],"about":[{"href":"https:\/\/puertasroper.com\/eng\/wp-json\/wp\/v2\/types\/product"}],"wp:featuredmedia":[{"embeddable":true,"href":"https:\/\/puertasroper.com\/eng\/wp-json\/wp\/v2\/media\/11291"}],"wp:attachment":[{"href":"https:\/\/puertasroper.com\/eng\/wp-json\/wp\/v2\/media?parent=11960"}],"wp:term":[{"taxonomy":"product_brand","embeddable":true,"href":"https:\/\/puertasroper.com\/eng\/wp-json\/wp\/v2\/product_brand?post=11960"},{"taxonomy":"product_cat","embeddable":true,"href":"https:\/\/puertasroper.com\/eng\/wp-json\/wp\/v2\/product_cat?post=11960"},{"taxonomy":"product_tag","embeddable":true,"href":"https:\/\/puertasroper.com\/eng\/wp-json\/wp\/v2\/product_tag?post=11960"},{"taxonomy":"entorno","embeddable":true,"href":"https:\/\/puertasroper.com\/eng\/wp-json\/wp\/v2\/entorno?post=11960"},{"taxonomy":"num-hojas","embeddable":true,"href":"https:\/\/puertasroper.com\/eng\/wp-json\/wp\/v2\/num-hojas?post=11960"},{"taxonomy":"tipo-de-puerta","embeddable":true,"href":"https:\/\/puertasroper.com\/eng\/wp-json\/wp\/v2\/tipo-de-puerta?post=11960"}],"curies":[{"name":"wp","href":"https:\/\/api.w.org\/{rel}","templated":true}]}}