{"id":12199,"date":"2017-03-29T09:57:41","date_gmt":"2017-03-29T08:57:41","guid":{"rendered":"https:\/\/puertasroper.com\/politique-de-cookies\/"},"modified":"2024-02-27T14:19:12","modified_gmt":"2024-02-27T13:19:12","slug":"politique-de-cookies","status":"publish","type":"page","link":"https:\/\/puertasroper.com\/fr\/politique-de-cookies\/","title":{"rendered":"Politique de cookies"},"content":{"rendered":"<style>.elementor-12199 .elementor-element.elementor-element-67e30cda{--display:flex;--padding-top:56px;--padding-bottom:70px;--padding-left:32px;--padding-right:32px;}.elementor-widget-heading .elementor-heading-title{font-family:var( --e-global-typography-primary-font-family ), Sans-serif;font-weight:var( --e-global-typography-primary-font-weight );color:var( --e-global-color-primary );}.elementor-12199 .elementor-element.elementor-element-834d25b{text-align:center;}.elementor-widget-text-editor{font-family:var( --e-global-typography-text-font-family ), Sans-serif;font-weight:var( --e-global-typography-text-font-weight );color:var( --e-global-color-text );}.elementor-widget-text-editor.elementor-drop-cap-view-stacked .elementor-drop-cap{background-color:var( --e-global-color-primary );}.elementor-widget-text-editor.elementor-drop-cap-view-framed .elementor-drop-cap, .elementor-widget-text-editor.elementor-drop-cap-view-default .elementor-drop-cap{color:var( --e-global-color-primary );border-color:var( --e-global-color-primary );}<\/style>\t\t<div data-elementor-type=\"wp-page\" data-elementor-id=\"12199\" class=\"elementor elementor-12199 elementor-4391\" data-elementor-post-type=\"page\">\n\t\t\t\t<div class=\"elementor-element elementor-element-67e30cda e-flex e-con-boxed e-con e-parent\" data-id=\"67e30cda\" data-element_type=\"container\" data-settings=\"{&quot;jet_parallax_layout_list&quot;:[]}\">\n\t\t\t\t\t<div class=\"e-con-inner\">\n\t\t\t\t<div class=\"elementor-element elementor-element-834d25b elementor-widget elementor-widget-heading\" data-id=\"834d25b\" data-element_type=\"widget\" data-widget_type=\"heading.default\">\n\t\t\t\t<div class=\"elementor-widget-container\">\n\t\t\t\t\t<h2 class=\"elementor-heading-title elementor-size-default\">Politique de cookies<\/h2>\t\t\t\t<\/div>\n\t\t\t\t<\/div>\n\t\t\t\t<div class=\"elementor-element elementor-element-709be787 elementor-widget elementor-widget-text-editor\" data-id=\"709be787\" data-element_type=\"widget\" data-widget_type=\"text-editor.default\">\n\t\t\t\t<div class=\"elementor-widget-container\">\n\t\t\t\t\t\t\t\t\t<ul><li><p>En application de la Loi 34\/2002 du 11 juillet sur les Services de la Soci\u00e9t\u00e9 de l&#8217;Information et du Commerce \u00c9lectronique, nous vous informons que ce site web, tout comme la plupart des sites sur Internet, utilise des cookies pour am\u00e9liorer et optimiser l&#8217;exp\u00e9rience utilisateur. Vous trouverez ci-dessous des informations d\u00e9taill\u00e9es sur ce que sont les &#8220;Cookies&#8221;, le type de cookies utilis\u00e9s sur ce site web, comment modifier les param\u00e8tres de vos cookies, et ce qu&#8217;il se passe si vous d\u00e9sactivez les cookies.<\/p><p>Qu&#8217;est-ce que les cookies ? Un cookie est un petit fichier t\u00e9l\u00e9charg\u00e9 sur l&#8217;ordinateur de l&#8217;utilisateur dans le but de stocker des donn\u00e9es, qui peuvent \u00eatre mises \u00e0 jour et r\u00e9cup\u00e9r\u00e9es par l&#8217;entit\u00e9 responsable de son installation.<\/p><p>Quels types de cookies utilise ce site web ? Ci-dessous, vous trouverez un tableau avec les cookies utilis\u00e9s sur ce site web :<\/p><table style=\"height: 246px;\" width=\"892\"><tbody><tr><td width=\"91\"><strong>DOMINIO<\/strong><\/td><td width=\"124\"><strong>NOMBRE DE LA COOKIE<\/strong><\/td><td width=\"133\"><strong>DESCRIPCION \/ FINALIDAD<\/strong><\/td><td width=\"102\"><strong>PROVEEDOR<\/strong><\/td><td width=\"155\"><strong>CADUCIDAD<\/strong><\/td><\/tr><tr><td width=\"91\">puertasroper.com<\/td><td width=\"124\">_gid<\/td><td width=\"133\">Analitica web<\/td><td width=\"102\">Google<\/td><td width=\"155\">2 a\u00f1os desde que se creo inicialmente o se restableci\u00f3<\/td><\/tr><tr><td width=\"91\">puertasroper.com<\/td><td width=\"124\">_ga<\/td><td width=\"133\">Analitica web<\/td><td width=\"102\">Google<\/td><td width=\"155\">2 a\u00f1os desde que se creo inicialmente o se restableci\u00f3<\/td><\/tr><tr><td width=\"91\">puertasroper.com<\/td><td width=\"124\">onwvchat<\/td><td width=\"133\">Chat online<\/td><td width=\"102\">Webchat<\/td><td width=\"155\">1 a\u00f1o desde que se creo inicialmente o se restableci\u00f3<\/td><\/tr><tr><td width=\"91\">puertasroper.com<\/td><td width=\"124\">gdpr<\/td><td width=\"133\">GDPR<\/td><td width=\"102\">Plugin GDPR<\/td><td width=\"155\">1 a\u00f1o desde que se creo inicialmente o se restableci\u00f3<\/td><\/tr><tr><td width=\"91\">puertasroper.com<\/td><td width=\"124\">icl<\/td><td width=\"133\">ICL<\/td><td width=\"102\">Lenguaje de la p\u00e1gina<\/td><td width=\"155\">1 a\u00f1o desde que se creo inicialmente o se restableci\u00f3<\/td><\/tr><\/tbody><\/table><p>Comment pouvez-vous configurer vos Cookies ?<\/p><p>En naviguant et en continuant sur notre site web, vous consentez \u00e0 l&#8217;utilisation des Cookies dans les conditions contenues dans la pr\u00e9sente Politique de Cookies. En tant qu&#8217;utilisateur, vous avez la possibilit\u00e9 d&#8217;exercer votre droit de bloquer, supprimer et refuser l&#8217;utilisation des Cookies \u00e0 tout moment en modifiant les options de votre navigateur.<\/p><p>Par exemple :<\/p><p>Internet Explorer : Outils &gt; Options Internet &gt; Confidentialit\u00e9 &gt; Param\u00e8tres.<\/p><p>Pour plus d&#8217;informations, vous pouvez consulter le support de Microsoft ou l&#8217;aide du navigateur.<\/p><p>Mozilla Firefox : Outils &gt; Options &gt; Vie priv\u00e9e &gt; Historique &gt; Param\u00e8tres Personnalis\u00e9s.<\/p><p>Pour plus d&#8217;informations, vous pouvez consulter le support de Mozilla ou l&#8217;aide du navigateur.<\/p><p>Google Chrome : Param\u00e8tres &gt; Afficher les param\u00e8tres avanc\u00e9s &gt; Confidentialit\u00e9 -&gt; Param\u00e8tres de contenu.<\/p><p>Pour plus d&#8217;informations, vous pouvez consulter le support de Google ou l&#8217;aide du navigateur.<\/p><p>Safari : Pr\u00e9f\u00e9rences &gt; S\u00e9curit\u00e9.<\/p><p>Pour plus d&#8217;informations, vous pouvez consulter le support d&#8217;Apple ou l&#8217;aide du navigateur.<\/p><p>Opera : Param\u00e8tres &gt; Options &gt; Avanc\u00e9 &gt; Cookies<\/p><p>Pour plus d&#8217;informations, vous pouvez consulter le support d&#8217;Opera ou l&#8217;aide du navigateur.<\/p><p>Si vous utilisez un autre navigateur que ceux mentionn\u00e9s ci-dessus, veuillez consulter sa politique d&#8217;installation, d&#8217;utilisation et de blocage des cookies.<\/p><p>Que se passe-t-il si vous d\u00e9sactivez les Cookies ?<\/p><p>Certaines fonctionnalit\u00e9s des Services ou zones de ce site web pourraient ne pas fonctionner correctement.<\/p><p>Mise \u00e0 jour de notre politique de Cookies ?<\/p><p>Il est possible que nous mettions \u00e0 jour la politique de Cookies de notre site web, c&#8217;est pourquoi nous vous recommandons de consulter cette politique \u00e0 chaque fois que vous acc\u00e9dez \u00e0 notre site web afin d&#8217;\u00eatre correctement inform\u00e9 sur l&#8217;utilisation que nous faisons des Cookies et dans quel but.<\/p><\/li><\/ul>\t\t\t\t\t\t\t\t<\/div>\n\t\t\t\t<\/div>\n\t\t\t\t\t<\/div>\n\t\t\t\t<\/div>\n\t\t\t\t<\/div>\n\t\t","protected":false},"excerpt":{"rendered":"<p>En application de la Loi 34\/2002 du 11 juillet sur les Services de la Soci\u00e9t\u00e9 de l&#8217;Information et du Commerce \u00c9lectronique, nous vous informons que ce site web, tout comme la plupart des sites sur Internet, utilise des cookies pour am\u00e9liorer et optimiser l&#8217;exp\u00e9rience utilisateur. Vous trouverez ci-dessous des informations d\u00e9taill\u00e9es sur ce que sont [&hellip;]<\/p>\n","protected":false},"author":11,"featured_media":0,"parent":0,"menu_order":0,"comment_status":"open","ping_status":"open","template":"elementor_header_footer","meta":{"site-sidebar-layout":"default","site-content-layout":"","ast-site-content-layout":"default","site-content-style":"default","site-sidebar-style":"default","ast-global-header-display":"","ast-banner-title-visibility":"","ast-main-header-display":"","ast-hfb-above-header-display":"","ast-hfb-below-header-display":"","ast-hfb-mobile-header-display":"","site-post-title":"","ast-breadcrumbs-content":"","ast-featured-img":"","footer-sml-layout":"","ast-disable-related-posts":"","theme-transparent-header-meta":"default","adv-header-id-meta":"","stick-header-meta":"","header-above-stick-meta":"","header-main-stick-meta":"","header-below-stick-meta":"","astra-migrate-meta-layouts":"default","ast-page-background-enabled":"default","ast-page-background-meta":{"desktop":{"background-color":"var(--ast-global-color-4)","background-image":"","background-repeat":"repeat","background-position":"center center","background-size":"auto","background-attachment":"scroll","background-type":"","background-media":"","overlay-type":"","overlay-color":"","overlay-opacity":"","overlay-gradient":""},"tablet":{"background-color":"","background-image":"","background-repeat":"repeat","background-position":"center center","background-size":"auto","background-attachment":"scroll","background-type":"","background-media":"","overlay-type":"","overlay-color":"","overlay-opacity":"","overlay-gradient":""},"mobile":{"background-color":"","background-image":"","background-repeat":"repeat","background-position":"center center","background-size":"auto","background-attachment":"scroll","background-type":"","background-media":"","overlay-type":"","overlay-color":"","overlay-opacity":"","overlay-gradient":""}},"ast-content-background-meta":{"desktop":{"background-color":"var(--ast-global-color-5)","background-image":"","background-repeat":"repeat","background-position":"center center","background-size":"auto","background-attachment":"scroll","background-type":"","background-media":"","overlay-type":"","overlay-color":"","overlay-opacity":"","overlay-gradient":""},"tablet":{"background-color":"var(--ast-global-color-5)","background-image":"","background-repeat":"repeat","background-position":"center center","background-size":"auto","background-attachment":"scroll","background-type":"","background-media":"","overlay-type":"","overlay-color":"","overlay-opacity":"","overlay-gradient":""},"mobile":{"background-color":"var(--ast-global-color-5)","background-image":"","background-repeat":"repeat","background-position":"center center","background-size":"auto","background-attachment":"scroll","background-type":"","background-media":"","overlay-type":"","overlay-color":"","overlay-opacity":"","overlay-gradient":""}},"footnotes":""},"class_list":["post-12199","page","type-page","status-publish","hentry"],"yoast_head":"<!-- This site is optimized with the Yoast SEO plugin v27.5 - https:\/\/yoast.com\/product\/yoast-seo-wordpress\/ -->\n<title>Politique de cookies - ROPER<\/title>\n<meta name=\"robots\" content=\"index, follow, max-snippet:-1, max-image-preview:large, max-video-preview:-1\" \/>\n<link rel=\"canonical\" href=\"https:\/\/puertasroper.com\/fr\/politique-de-cookies\/\" \/>\n<meta property=\"og:locale\" content=\"fr_FR\" \/>\n<meta property=\"og:type\" content=\"article\" \/>\n<meta property=\"og:title\" content=\"Politique de cookies - ROPER\" \/>\n<meta property=\"og:description\" content=\"En application de la Loi 34\/2002 du 11 juillet sur les Services de la Soci\u00e9t\u00e9 de l&#8217;Information et du Commerce \u00c9lectronique, nous vous informons que ce site web, tout comme la plupart des sites sur Internet, utilise des cookies pour am\u00e9liorer et optimiser l&#8217;exp\u00e9rience utilisateur. Vous trouverez ci-dessous des informations d\u00e9taill\u00e9es sur ce que sont [&hellip;]\" \/>\n<meta property=\"og:url\" content=\"https:\/\/puertasroper.com\/fr\/politique-de-cookies\/\" \/>\n<meta property=\"og:site_name\" content=\"ROPER\" \/>\n<meta property=\"article:publisher\" content=\"http:\/\/www.facebook.com\/pages\/Puertas-Roper\/\" \/>\n<meta property=\"article:modified_time\" content=\"2024-02-27T13:19:12+00:00\" \/>\n<meta property=\"og:image\" content=\"https:\/\/puertasroper.com\/wp-content\/uploads\/logo_roper_web-e1582704741591.png\" \/>\n\t<meta property=\"og:image:width\" content=\"115\" \/>\n\t<meta property=\"og:image:height\" content=\"106\" \/>\n\t<meta property=\"og:image:type\" content=\"image\/png\" \/>\n<meta name=\"twitter:label1\" content=\"Est. reading time\" \/>\n\t<meta name=\"twitter:data1\" content=\"3 minutes\" \/>\n<script type=\"application\/ld+json\" class=\"yoast-schema-graph\">{\"@context\":\"https:\\\/\\\/schema.org\",\"@graph\":[{\"@type\":\"WebPage\",\"@id\":\"https:\\\/\\\/puertasroper.com\\\/fr\\\/politique-de-cookies\\\/\",\"url\":\"https:\\\/\\\/puertasroper.com\\\/fr\\\/politique-de-cookies\\\/\",\"name\":\"Politique de cookies - ROPER\",\"isPartOf\":{\"@id\":\"https:\\\/\\\/puertasroper.com\\\/fr\\\/#website\"},\"datePublished\":\"2017-03-29T08:57:41+00:00\",\"dateModified\":\"2024-02-27T13:19:12+00:00\",\"breadcrumb\":{\"@id\":\"https:\\\/\\\/puertasroper.com\\\/fr\\\/politique-de-cookies\\\/#breadcrumb\"},\"inLanguage\":\"fr-FR\",\"potentialAction\":[{\"@type\":\"ReadAction\",\"target\":[\"https:\\\/\\\/puertasroper.com\\\/fr\\\/politique-de-cookies\\\/\"]}]},{\"@type\":\"BreadcrumbList\",\"@id\":\"https:\\\/\\\/puertasroper.com\\\/fr\\\/politique-de-cookies\\\/#breadcrumb\",\"itemListElement\":[{\"@type\":\"ListItem\",\"position\":1,\"name\":\"Portada\",\"item\":\"https:\\\/\\\/puertasroper.com\\\/fr\\\/\"},{\"@type\":\"ListItem\",\"position\":2,\"name\":\"Politique de cookies\"}]},{\"@type\":\"WebSite\",\"@id\":\"https:\\\/\\\/puertasroper.com\\\/fr\\\/#website\",\"url\":\"https:\\\/\\\/puertasroper.com\\\/fr\\\/\",\"name\":\"ROPER\",\"description\":\"Puertas Met\u00e1licas | Automatismos | Puertas de Garaje | Paneles Sandwich\",\"publisher\":{\"@id\":\"https:\\\/\\\/puertasroper.com\\\/fr\\\/#organization\"},\"potentialAction\":[{\"@type\":\"SearchAction\",\"target\":{\"@type\":\"EntryPoint\",\"urlTemplate\":\"https:\\\/\\\/puertasroper.com\\\/fr\\\/?s={search_term_string}\"},\"query-input\":{\"@type\":\"PropertyValueSpecification\",\"valueRequired\":true,\"valueName\":\"search_term_string\"}}],\"inLanguage\":\"fr-FR\"},{\"@type\":\"Organization\",\"@id\":\"https:\\\/\\\/puertasroper.com\\\/fr\\\/#organization\",\"name\":\"Puertas Roper\",\"url\":\"https:\\\/\\\/puertasroper.com\\\/fr\\\/\",\"logo\":{\"@type\":\"ImageObject\",\"inLanguage\":\"fr-FR\",\"@id\":\"https:\\\/\\\/puertasroper.com\\\/fr\\\/#\\\/schema\\\/logo\\\/image\\\/\",\"url\":\"https:\\\/\\\/puertasroper.com\\\/wp-content\\\/uploads\\\/logo_roper_60-aniversario_WH-1.png\",\"contentUrl\":\"https:\\\/\\\/puertasroper.com\\\/wp-content\\\/uploads\\\/logo_roper_60-aniversario_WH-1.png\",\"width\":752,\"height\":394,\"caption\":\"Puertas Roper\"},\"image\":{\"@id\":\"https:\\\/\\\/puertasroper.com\\\/fr\\\/#\\\/schema\\\/logo\\\/image\\\/\"},\"sameAs\":[\"http:\\\/\\\/www.facebook.com\\\/pages\\\/Puertas-Roper\\\/\",\"https:\\\/\\\/x.com\\\/puertasroper\"]}]}<\/script>\n<!-- \/ Yoast SEO plugin. -->","yoast_head_json":{"title":"Politique de cookies - ROPER","robots":{"index":"index","follow":"follow","max-snippet":"max-snippet:-1","max-image-preview":"max-image-preview:large","max-video-preview":"max-video-preview:-1"},"canonical":"https:\/\/puertasroper.com\/fr\/politique-de-cookies\/","og_locale":"fr_FR","og_type":"article","og_title":"Politique de cookies - ROPER","og_description":"En application de la Loi 34\/2002 du 11 juillet sur les Services de la Soci\u00e9t\u00e9 de l&#8217;Information et du Commerce \u00c9lectronique, nous vous informons que ce site web, tout comme la plupart des sites sur Internet, utilise des cookies pour am\u00e9liorer et optimiser l&#8217;exp\u00e9rience utilisateur. Vous trouverez ci-dessous des informations d\u00e9taill\u00e9es sur ce que sont [&hellip;]","og_url":"https:\/\/puertasroper.com\/fr\/politique-de-cookies\/","og_site_name":"ROPER","article_publisher":"http:\/\/www.facebook.com\/pages\/Puertas-Roper\/","article_modified_time":"2024-02-27T13:19:12+00:00","og_image":[{"width":115,"height":106,"url":"https:\/\/puertasroper.com\/wp-content\/uploads\/logo_roper_web-e1582704741591.png","type":"image\/png"}],"twitter_misc":{"Est. reading time":"3 minutes"},"schema":{"@context":"https:\/\/schema.org","@graph":[{"@type":"WebPage","@id":"https:\/\/puertasroper.com\/fr\/politique-de-cookies\/","url":"https:\/\/puertasroper.com\/fr\/politique-de-cookies\/","name":"Politique de cookies - ROPER","isPartOf":{"@id":"https:\/\/puertasroper.com\/fr\/#website"},"datePublished":"2017-03-29T08:57:41+00:00","dateModified":"2024-02-27T13:19:12+00:00","breadcrumb":{"@id":"https:\/\/puertasroper.com\/fr\/politique-de-cookies\/#breadcrumb"},"inLanguage":"fr-FR","potentialAction":[{"@type":"ReadAction","target":["https:\/\/puertasroper.com\/fr\/politique-de-cookies\/"]}]},{"@type":"BreadcrumbList","@id":"https:\/\/puertasroper.com\/fr\/politique-de-cookies\/#breadcrumb","itemListElement":[{"@type":"ListItem","position":1,"name":"Portada","item":"https:\/\/puertasroper.com\/fr\/"},{"@type":"ListItem","position":2,"name":"Politique de cookies"}]},{"@type":"WebSite","@id":"https:\/\/puertasroper.com\/fr\/#website","url":"https:\/\/puertasroper.com\/fr\/","name":"ROPER","description":"Puertas Met\u00e1licas | Automatismos | Puertas de Garaje | Paneles Sandwich","publisher":{"@id":"https:\/\/puertasroper.com\/fr\/#organization"},"potentialAction":[{"@type":"SearchAction","target":{"@type":"EntryPoint","urlTemplate":"https:\/\/puertasroper.com\/fr\/?s={search_term_string}"},"query-input":{"@type":"PropertyValueSpecification","valueRequired":true,"valueName":"search_term_string"}}],"inLanguage":"fr-FR"},{"@type":"Organization","@id":"https:\/\/puertasroper.com\/fr\/#organization","name":"Puertas Roper","url":"https:\/\/puertasroper.com\/fr\/","logo":{"@type":"ImageObject","inLanguage":"fr-FR","@id":"https:\/\/puertasroper.com\/fr\/#\/schema\/logo\/image\/","url":"https:\/\/puertasroper.com\/wp-content\/uploads\/logo_roper_60-aniversario_WH-1.png","contentUrl":"https:\/\/puertasroper.com\/wp-content\/uploads\/logo_roper_60-aniversario_WH-1.png","width":752,"height":394,"caption":"Puertas Roper"},"image":{"@id":"https:\/\/puertasroper.com\/fr\/#\/schema\/logo\/image\/"},"sameAs":["http:\/\/www.facebook.com\/pages\/Puertas-Roper\/","https:\/\/x.com\/puertasroper"]}]}},"_links":{"self":[{"href":"https:\/\/puertasroper.com\/fr\/wp-json\/wp\/v2\/pages\/12199","targetHints":{"allow":["GET"]}}],"collection":[{"href":"https:\/\/puertasroper.com\/fr\/wp-json\/wp\/v2\/pages"}],"about":[{"href":"https:\/\/puertasroper.com\/fr\/wp-json\/wp\/v2\/types\/page"}],"author":[{"embeddable":true,"href":"https:\/\/puertasroper.com\/fr\/wp-json\/wp\/v2\/users\/11"}],"replies":[{"embeddable":true,"href":"https:\/\/puertasroper.com\/fr\/wp-json\/wp\/v2\/comments?post=12199"}],"version-history":[{"count":0,"href":"https:\/\/puertasroper.com\/fr\/wp-json\/wp\/v2\/pages\/12199\/revisions"}],"wp:attachment":[{"href":"https:\/\/puertasroper.com\/fr\/wp-json\/wp\/v2\/media?parent=12199"}],"curies":[{"name":"wp","href":"https:\/\/api.w.org\/{rel}","templated":true}]}}