{"id":12268,"date":"2024-02-08T15:19:00","date_gmt":"2024-02-08T14:19:00","guid":{"rendered":"https:\/\/puertasroper.com\/canal-etico\/"},"modified":"2024-02-27T15:11:20","modified_gmt":"2024-02-27T14:11:20","slug":"canal-ethique","status":"publish","type":"page","link":"https:\/\/puertasroper.com\/fr\/canal-ethique\/","title":{"rendered":"Canal \u00c9thique"},"content":{"rendered":"<p>Le Canal de Signalement de Puertas Roper S.L. et Puertas y Automatismos Roper S.L. a pour objectif de prot\u00e9ger les personnes signalant d&#8217;\u00e9ventuels d\u00e9lits ou infractions administratives graves ou tr\u00e8s graves dont elles ont eu connaissance dans le cadre professionnel, ainsi que d&#8217;am\u00e9liorer la transparence et l&#8217;\u00e9thique qui doivent r\u00e9gir les comportements des personnes et des entreprises dans la soci\u00e9t\u00e9.<\/p>\n<p>Le Canal de Signalement est le m\u00e9canisme confidentiel mis \u00e0 la disposition des collaborateurs de l&#8217;entreprise mentionn\u00e9s dans le champ d&#8217;application d\u00e9crit \u00e0 l&#8217;article 3 de la Loi 2\/2023 du 20 f\u00e9vrier, r\u00e9gissant la protection des personnes signalant des violations de la r\u00e9glementation et la lutte contre la corruption, notamment sur d&#8217;\u00e9ventuels d\u00e9lits ou infractions \u00e9tablis \u00e0 l&#8217;article 2 de ladite loi.<\/p>\n<p>L&#8217;entreprise a mis en place un Syst\u00e8me Interne d&#8217;Information, identifiant un responsable de ce dernier, et a r\u00e9dig\u00e9 une Politique Interne du Syst\u00e8me, bas\u00e9e sur les principes de confidentialit\u00e9 et d&#8217;anonymat, de transparence et d&#8217;accessibilit\u00e9, de respect de la pr\u00e9somption d&#8217;innocence, de protection de la personne d\u00e9nonciatrice et d&#8217;am\u00e9lioration continue.<\/p>\n<p>\u00c0 cet effet, la soci\u00e9t\u00e9 a mis en place un Canal de signalement consistant en une adresse e-mail suivante :<\/p>\n<p><a target=\"_new\" rel=\"noopener\">canaldenuncias@roper.es<\/a><\/p>\n<p>Il est \u00e9galement possible de d\u00e9poser une plainte verbalement, par t\u00e9l\u00e9phone en demandant \u00e0 parler au responsable du syst\u00e8me au num\u00e9ro de t\u00e9l\u00e9phone de l&#8217;entreprise, ou de demander \u00e0 la faire de mani\u00e8re pr\u00e9sentielle \u00e9galement aupr\u00e8s du responsable du syst\u00e8me. Si vous souhaitez rester anonyme, le d\u00e9nonciateur qui envoie sa plainte par courrier \u00e9lectronique le fera depuis une adresse qui ne l&#8217;identifie pas, en \u00e9vitant que des noms, pr\u00e9noms ou donn\u00e9es alphanum\u00e9riques permettent de d\u00e9duire son identit\u00e9. Si la plainte est faite par t\u00e9l\u00e9phone, vous pouvez choisir de ne pas divulguer votre identit\u00e9. L&#8217;appel et la r\u00e9union pourront \u00eatre enregistr\u00e9s.<\/p>\n<p>Une r\u00e9ponse sera apport\u00e9e dans un d\u00e9lai maximum de 7 jours par e-mail en demandant des informations sur les aspects fondamentaux de la plainte.<\/p>\n<p>La plainte, une fois les donn\u00e9es n\u00e9cessaires recueillies, sera examin\u00e9e au sein du syst\u00e8me interne d&#8217;information, garantissant la confidentialit\u00e9, l&#8217;anonymat le cas \u00e9ch\u00e9ant, la protection des donn\u00e9es personnelles et le respect de la pr\u00e9somption d&#8217;innocence. Il est \u00e9galement garanti l&#8217;absence de repr\u00e9sailles contre le d\u00e9nonciateur, pour lesquelles elles doivent \u00eatre d\u00e9pos\u00e9es de bonne foi et en pr\u00e9sence d&#8217;indices de v\u00e9racit\u00e9. L&#8217;enqu\u00eate peut durer 3 mois ou m\u00eame jusqu&#8217;\u00e0 six mois dans les cas de plus grande difficult\u00e9.<\/p>\n<p>De m\u00eame, vous avez le droit de recourir \u00e0 d&#8217;autres canaux externes d&#8217;information qui pourraient \u00eatre mis en place par les diff\u00e9rents organismes publics, et le cas \u00e9ch\u00e9ant, aupr\u00e8s des institutions, organes ou organismes de l&#8217;Union europ\u00e9enne.<\/p>\n<p>Informations concernant les donn\u00e9es personnelles auxquelles on aura acc\u00e8s apr\u00e8s un signalement :<\/p>\n<table width=\"623\">\n<tbody>\n<tr>\n<td width=\"113\"><strong>Responsable<\/strong><\/td>\n<td width=\"510\">Puertas Roper ou Puertas y Automatismos Roper<\/td>\n<\/tr>\n<tr>\n<td width=\"113\"><strong>Responsable de protecci\u00f3n de datos<\/strong><\/td>\n<td width=\"510\">Vous pouvez le contacter via l&#8217;adresse e-mail :<\/p>\n<p><a href=\"mailto:personal@roper.es\">personal@roper.es<\/a><\/td>\n<\/tr>\n<tr>\n<td width=\"113\">Donn\u00e9es faisant l&#8217;objet du traitement et origine<\/td>\n<td width=\"510\">Nous traiterons les donn\u00e9es qui nous ont \u00e9t\u00e9 fournies et qui sont n\u00e9cessaires pour enqu\u00eater sur l&#8217;incident signal\u00e9.<\/p>\n<p>En tant que d\u00e9nonciateur, vous ne devez fournir que les donn\u00e9es qui sont ad\u00e9quates, minimales, pertinentes et strictement li\u00e9es \u00e0 l&#8217;incident que vous souhaitez signaler.<\/td>\n<\/tr>\n<tr>\n<td width=\"113\">Finalit\u00e9s et base juridique du traitement<\/td>\n<td width=\"510\">Finalit\u00e9 :<\/p>\n<ul>\n<li>Traiter la communication et d\u00e9cider de son admission ou de son rejet, et en cas d&#8217;admission, enqu\u00eater de mani\u00e8re confidentielle sur les all\u00e9gations de violations potentielles et prendre les mesures correctives et disciplinaires appropri\u00e9es.<\/li>\n<\/ul>\n<p>Base l\u00e9gale : respect d&#8217;une obligation l\u00e9gale, en vertu de la Loi 2\/2023 et de la Directive 2019\/1937<\/td>\n<\/tr>\n<tr>\n<td width=\"113\">Destinataires des donn\u00e9es<\/td>\n<td width=\"510\">Les destinataires sont les personnes identifi\u00e9es dans le syst\u00e8me d&#8217;information de l&#8217;entreprise en tant que responsables de la mise en \u0153uvre du syst\u00e8me et de leurs collaborateurs, ainsi que ceux identifi\u00e9s \u00e0 l&#8217;article 32 de la Loi 2\/2023.<\/p>\n<p>Seules les donn\u00e9es minimales et indispensables, ainsi que les personnes n\u00e9cessaires \u00e0 la conduite de l&#8217;enqu\u00eate, seront communiqu\u00e9es.<\/td>\n<\/tr>\n<tr>\n<td width=\"113\">Droits de la personne concern\u00e9e<\/td>\n<td width=\"510\">Les personnes concern\u00e9es pourront exercer leurs droits d&#8217;acc\u00e8s, de rectification, d&#8217;opposition, de suppression, de limitation du traitement, de portabilit\u00e9 ou tout autre droit de protection des donn\u00e9es reconnu par la r\u00e9glementation. Vous pouvez exercer ces droits en envoyant une communication au Responsable de la Protection des Donn\u00e9es \u00e0 l&#8217;adresse e-mail du responsable de la protection des donn\u00e9es. De m\u00eame, vous pouvez, \u00e0 tout moment, d\u00e9poser une r\u00e9clamation aupr\u00e8s de l&#8217;Autorit\u00e9 de Contr\u00f4le.<\/p>\n<p>Quoi qu&#8217;il en soit, veuillez noter que vous avez \u00e9galement le droit, si vous le pr\u00e9f\u00e9rez, de soumettre votre communication, en alternative, aux autorit\u00e9s comp\u00e9tentes par le biais des canaux externes existants.<\/td>\n<\/tr>\n<tr>\n<td width=\"113\">Dur\u00e9e du traitement<\/td>\n<td width=\"510\">Les donn\u00e9es personnelles seront conserv\u00e9es dans le canal uniquement pendant le temps n\u00e9cessaire pour d\u00e9cider de l&#8217;opportunit\u00e9 d&#8217;initier une enqu\u00eate sur les faits signal\u00e9s. Dans tous les cas, elles seront supprim\u00e9es du syst\u00e8me de signalement dans un d\u00e9lai de trois mois si aucune mesure d&#8217;enqu\u00eate n&#8217;a \u00e9t\u00e9 engag\u00e9e.<\/p>\n<p>Si la communication est accept\u00e9e, les donn\u00e9es pourront continuer \u00e0 \u00eatre trait\u00e9es par l&#8217;\u00e9quipe charg\u00e9e de l&#8217;enqu\u00eate. Une fois l&#8217;enqu\u00eate termin\u00e9e, nous les conserverons pendant le temps n\u00e9cessaire pour adopter et mettre en \u0153uvre les mesures appropri\u00e9es, puis elles seront bloqu\u00e9es pour la dur\u00e9e de prescription des responsabilit\u00e9s p\u00e9nales, civiles, commerciales, de travail et\/ou administratives. En aucun cas, les donn\u00e9es ne seront conserv\u00e9es pendant une p\u00e9riode exc\u00e9dant 10 ans.<\/td>\n<\/tr>\n<\/tbody>\n<\/table>\n","protected":false},"excerpt":{"rendered":"<p>Le Canal de Signalement de Puertas Roper S.L. et Puertas y Automatismos Roper S.L. a pour objectif de prot\u00e9ger les personnes signalant d&#8217;\u00e9ventuels d\u00e9lits ou infractions administratives graves ou tr\u00e8s graves dont elles ont eu connaissance dans le cadre professionnel, ainsi que d&#8217;am\u00e9liorer la transparence et l&#8217;\u00e9thique qui doivent r\u00e9gir les comportements des personnes et [&hellip;]<\/p>\n","protected":false},"author":11,"featured_media":0,"parent":0,"menu_order":0,"comment_status":"closed","ping_status":"closed","template":"","meta":{"site-sidebar-layout":"default","site-content-layout":"","ast-site-content-layout":"default","site-content-style":"default","site-sidebar-style":"default","ast-global-header-display":"","ast-banner-title-visibility":"","ast-main-header-display":"","ast-hfb-above-header-display":"","ast-hfb-below-header-display":"","ast-hfb-mobile-header-display":"","site-post-title":"","ast-breadcrumbs-content":"","ast-featured-img":"","footer-sml-layout":"","ast-disable-related-posts":"","theme-transparent-header-meta":"default","adv-header-id-meta":"","stick-header-meta":"","header-above-stick-meta":"","header-main-stick-meta":"","header-below-stick-meta":"","astra-migrate-meta-layouts":"set","ast-page-background-enabled":"default","ast-page-background-meta":{"desktop":{"background-color":"var(--ast-global-color-4)","background-image":"","background-repeat":"repeat","background-position":"center center","background-size":"auto","background-attachment":"scroll","background-type":"","background-media":"","overlay-type":"","overlay-color":"","overlay-opacity":"","overlay-gradient":""},"tablet":{"background-color":"","background-image":"","background-repeat":"repeat","background-position":"center center","background-size":"auto","background-attachment":"scroll","background-type":"","background-media":"","overlay-type":"","overlay-color":"","overlay-opacity":"","overlay-gradient":""},"mobile":{"background-color":"","background-image":"","background-repeat":"repeat","background-position":"center center","background-size":"auto","background-attachment":"scroll","background-type":"","background-media":"","overlay-type":"","overlay-color":"","overlay-opacity":"","overlay-gradient":""}},"ast-content-background-meta":{"desktop":{"background-color":"var(--ast-global-color-5)","background-image":"","background-repeat":"repeat","background-position":"center center","background-size":"auto","background-attachment":"scroll","background-type":"","background-media":"","overlay-type":"","overlay-color":"","overlay-opacity":"","overlay-gradient":""},"tablet":{"background-color":"var(--ast-global-color-5)","background-image":"","background-repeat":"repeat","background-position":"center center","background-size":"auto","background-attachment":"scroll","background-type":"","background-media":"","overlay-type":"","overlay-color":"","overlay-opacity":"","overlay-gradient":""},"mobile":{"background-color":"var(--ast-global-color-5)","background-image":"","background-repeat":"repeat","background-position":"center center","background-size":"auto","background-attachment":"scroll","background-type":"","background-media":"","overlay-type":"","overlay-color":"","overlay-opacity":"","overlay-gradient":""}},"footnotes":""},"class_list":["post-12268","page","type-page","status-publish","hentry"],"yoast_head":"<!-- This site is optimized with the Yoast SEO plugin v27.5 - https:\/\/yoast.com\/product\/yoast-seo-wordpress\/ -->\n<title>Canal \u00c9thique - ROPER<\/title>\n<meta name=\"robots\" content=\"noindex, nofollow\" \/>\n<meta property=\"og:locale\" content=\"fr_FR\" \/>\n<meta property=\"og:type\" content=\"article\" \/>\n<meta property=\"og:title\" content=\"Canal \u00c9thique - ROPER\" \/>\n<meta property=\"og:description\" content=\"Le Canal de Signalement de Puertas Roper S.L. et Puertas y Automatismos Roper S.L. a pour objectif de prot\u00e9ger les personnes signalant d&#8217;\u00e9ventuels d\u00e9lits ou infractions administratives graves ou tr\u00e8s graves dont elles ont eu connaissance dans le cadre professionnel, ainsi que d&#8217;am\u00e9liorer la transparence et l&#8217;\u00e9thique qui doivent r\u00e9gir les comportements des personnes et [&hellip;]\" \/>\n<meta property=\"og:url\" content=\"https:\/\/puertasroper.com\/fr\/canal-ethique\/\" \/>\n<meta property=\"og:site_name\" content=\"ROPER\" \/>\n<meta property=\"article:publisher\" content=\"http:\/\/www.facebook.com\/pages\/Puertas-Roper\/\" \/>\n<meta property=\"article:modified_time\" content=\"2024-02-27T14:11:20+00:00\" \/>\n<meta property=\"og:image\" content=\"https:\/\/puertasroper.com\/wp-content\/uploads\/logo_roper_web-e1582704741591.png\" \/>\n\t<meta property=\"og:image:width\" content=\"115\" \/>\n\t<meta property=\"og:image:height\" content=\"106\" \/>\n\t<meta property=\"og:image:type\" content=\"image\/png\" \/>\n<meta name=\"twitter:label1\" content=\"Est. reading time\" \/>\n\t<meta name=\"twitter:data1\" content=\"4 minutes\" \/>\n<script type=\"application\/ld+json\" class=\"yoast-schema-graph\">{\"@context\":\"https:\\\/\\\/schema.org\",\"@graph\":[{\"@type\":\"WebPage\",\"@id\":\"https:\\\/\\\/puertasroper.com\\\/fr\\\/canal-ethique\\\/\",\"url\":\"https:\\\/\\\/puertasroper.com\\\/fr\\\/canal-ethique\\\/\",\"name\":\"Canal \u00c9thique - ROPER\",\"isPartOf\":{\"@id\":\"https:\\\/\\\/puertasroper.com\\\/fr\\\/#website\"},\"datePublished\":\"2024-02-08T14:19:00+00:00\",\"dateModified\":\"2024-02-27T14:11:20+00:00\",\"breadcrumb\":{\"@id\":\"https:\\\/\\\/puertasroper.com\\\/fr\\\/canal-ethique\\\/#breadcrumb\"},\"inLanguage\":\"fr-FR\",\"potentialAction\":[{\"@type\":\"ReadAction\",\"target\":[\"https:\\\/\\\/puertasroper.com\\\/fr\\\/canal-ethique\\\/\"]}]},{\"@type\":\"BreadcrumbList\",\"@id\":\"https:\\\/\\\/puertasroper.com\\\/fr\\\/canal-ethique\\\/#breadcrumb\",\"itemListElement\":[{\"@type\":\"ListItem\",\"position\":1,\"name\":\"Portada\",\"item\":\"https:\\\/\\\/puertasroper.com\\\/fr\\\/\"},{\"@type\":\"ListItem\",\"position\":2,\"name\":\"Canal \u00c9thique\"}]},{\"@type\":\"WebSite\",\"@id\":\"https:\\\/\\\/puertasroper.com\\\/fr\\\/#website\",\"url\":\"https:\\\/\\\/puertasroper.com\\\/fr\\\/\",\"name\":\"ROPER\",\"description\":\"Puertas Met\u00e1licas | Automatismos | Puertas de Garaje | Paneles Sandwich\",\"publisher\":{\"@id\":\"https:\\\/\\\/puertasroper.com\\\/fr\\\/#organization\"},\"potentialAction\":[{\"@type\":\"SearchAction\",\"target\":{\"@type\":\"EntryPoint\",\"urlTemplate\":\"https:\\\/\\\/puertasroper.com\\\/fr\\\/?s={search_term_string}\"},\"query-input\":{\"@type\":\"PropertyValueSpecification\",\"valueRequired\":true,\"valueName\":\"search_term_string\"}}],\"inLanguage\":\"fr-FR\"},{\"@type\":\"Organization\",\"@id\":\"https:\\\/\\\/puertasroper.com\\\/fr\\\/#organization\",\"name\":\"Puertas Roper\",\"url\":\"https:\\\/\\\/puertasroper.com\\\/fr\\\/\",\"logo\":{\"@type\":\"ImageObject\",\"inLanguage\":\"fr-FR\",\"@id\":\"https:\\\/\\\/puertasroper.com\\\/fr\\\/#\\\/schema\\\/logo\\\/image\\\/\",\"url\":\"https:\\\/\\\/puertasroper.com\\\/wp-content\\\/uploads\\\/logo_roper_60-aniversario_WH-1.png\",\"contentUrl\":\"https:\\\/\\\/puertasroper.com\\\/wp-content\\\/uploads\\\/logo_roper_60-aniversario_WH-1.png\",\"width\":752,\"height\":394,\"caption\":\"Puertas Roper\"},\"image\":{\"@id\":\"https:\\\/\\\/puertasroper.com\\\/fr\\\/#\\\/schema\\\/logo\\\/image\\\/\"},\"sameAs\":[\"http:\\\/\\\/www.facebook.com\\\/pages\\\/Puertas-Roper\\\/\",\"https:\\\/\\\/x.com\\\/puertasroper\"]}]}<\/script>\n<!-- \/ Yoast SEO plugin. -->","yoast_head_json":{"title":"Canal \u00c9thique - ROPER","robots":{"index":"noindex","follow":"nofollow"},"og_locale":"fr_FR","og_type":"article","og_title":"Canal \u00c9thique - ROPER","og_description":"Le Canal de Signalement de Puertas Roper S.L. et Puertas y Automatismos Roper S.L. a pour objectif de prot\u00e9ger les personnes signalant d&#8217;\u00e9ventuels d\u00e9lits ou infractions administratives graves ou tr\u00e8s graves dont elles ont eu connaissance dans le cadre professionnel, ainsi que d&#8217;am\u00e9liorer la transparence et l&#8217;\u00e9thique qui doivent r\u00e9gir les comportements des personnes et [&hellip;]","og_url":"https:\/\/puertasroper.com\/fr\/canal-ethique\/","og_site_name":"ROPER","article_publisher":"http:\/\/www.facebook.com\/pages\/Puertas-Roper\/","article_modified_time":"2024-02-27T14:11:20+00:00","og_image":[{"width":115,"height":106,"url":"https:\/\/puertasroper.com\/wp-content\/uploads\/logo_roper_web-e1582704741591.png","type":"image\/png"}],"twitter_misc":{"Est. reading time":"4 minutes"},"schema":{"@context":"https:\/\/schema.org","@graph":[{"@type":"WebPage","@id":"https:\/\/puertasroper.com\/fr\/canal-ethique\/","url":"https:\/\/puertasroper.com\/fr\/canal-ethique\/","name":"Canal \u00c9thique - ROPER","isPartOf":{"@id":"https:\/\/puertasroper.com\/fr\/#website"},"datePublished":"2024-02-08T14:19:00+00:00","dateModified":"2024-02-27T14:11:20+00:00","breadcrumb":{"@id":"https:\/\/puertasroper.com\/fr\/canal-ethique\/#breadcrumb"},"inLanguage":"fr-FR","potentialAction":[{"@type":"ReadAction","target":["https:\/\/puertasroper.com\/fr\/canal-ethique\/"]}]},{"@type":"BreadcrumbList","@id":"https:\/\/puertasroper.com\/fr\/canal-ethique\/#breadcrumb","itemListElement":[{"@type":"ListItem","position":1,"name":"Portada","item":"https:\/\/puertasroper.com\/fr\/"},{"@type":"ListItem","position":2,"name":"Canal \u00c9thique"}]},{"@type":"WebSite","@id":"https:\/\/puertasroper.com\/fr\/#website","url":"https:\/\/puertasroper.com\/fr\/","name":"ROPER","description":"Puertas Met\u00e1licas | Automatismos | Puertas de Garaje | Paneles Sandwich","publisher":{"@id":"https:\/\/puertasroper.com\/fr\/#organization"},"potentialAction":[{"@type":"SearchAction","target":{"@type":"EntryPoint","urlTemplate":"https:\/\/puertasroper.com\/fr\/?s={search_term_string}"},"query-input":{"@type":"PropertyValueSpecification","valueRequired":true,"valueName":"search_term_string"}}],"inLanguage":"fr-FR"},{"@type":"Organization","@id":"https:\/\/puertasroper.com\/fr\/#organization","name":"Puertas Roper","url":"https:\/\/puertasroper.com\/fr\/","logo":{"@type":"ImageObject","inLanguage":"fr-FR","@id":"https:\/\/puertasroper.com\/fr\/#\/schema\/logo\/image\/","url":"https:\/\/puertasroper.com\/wp-content\/uploads\/logo_roper_60-aniversario_WH-1.png","contentUrl":"https:\/\/puertasroper.com\/wp-content\/uploads\/logo_roper_60-aniversario_WH-1.png","width":752,"height":394,"caption":"Puertas Roper"},"image":{"@id":"https:\/\/puertasroper.com\/fr\/#\/schema\/logo\/image\/"},"sameAs":["http:\/\/www.facebook.com\/pages\/Puertas-Roper\/","https:\/\/x.com\/puertasroper"]}]}},"_links":{"self":[{"href":"https:\/\/puertasroper.com\/fr\/wp-json\/wp\/v2\/pages\/12268","targetHints":{"allow":["GET"]}}],"collection":[{"href":"https:\/\/puertasroper.com\/fr\/wp-json\/wp\/v2\/pages"}],"about":[{"href":"https:\/\/puertasroper.com\/fr\/wp-json\/wp\/v2\/types\/page"}],"author":[{"embeddable":true,"href":"https:\/\/puertasroper.com\/fr\/wp-json\/wp\/v2\/users\/11"}],"replies":[{"embeddable":true,"href":"https:\/\/puertasroper.com\/fr\/wp-json\/wp\/v2\/comments?post=12268"}],"version-history":[{"count":0,"href":"https:\/\/puertasroper.com\/fr\/wp-json\/wp\/v2\/pages\/12268\/revisions"}],"wp:attachment":[{"href":"https:\/\/puertasroper.com\/fr\/wp-json\/wp\/v2\/media?parent=12268"}],"curies":[{"name":"wp","href":"https:\/\/api.w.org\/{rel}","templated":true}]}}