{"id":12278,"date":"2023-11-27T05:14:44","date_gmt":"2023-11-27T04:14:44","guid":{"rendered":"https:\/\/puertasroper.com\/productos\/panel-sandwich-para-puertas\/"},"modified":"2024-02-29T18:41:19","modified_gmt":"2024-02-29T17:41:19","slug":"panneau-sandwich-pour-portes","status":"publish","type":"product","link":"https:\/\/puertasroper.com\/fr\/produits\/panneau-sandwich-pour-portes\/","title":{"rendered":"Panneau sandwich pour portes"},"content":{"rendered":"<div class=\"elementor-element elementor-element-b0a3d60 elementor-widget elementor-widget-heading\" data-id=\"b0a3d60\" data-element_type=\"widget\" data-widget_type=\"heading.default\">\n<div class=\"elementor-widget-container\">\n<h2 class=\"elementor-heading-title elementor-size-default\">Fiche technique<\/h2>\n<\/div>\n<\/div>\n<div class=\"elementor-element elementor-element-5cf9a0c elementor-widget elementor-widget-product-description elementor-widget-text-editor\" data-id=\"5cf9a0c\" data-element_type=\"widget\" data-widget_type=\"product-description.default\">\n<div class=\"elementor-widget-container\">\n<div class=\"ce-product-description\">\n<table>\n<tbody>\n<tr>\n<td>Panneau Sandwich Industriel ROPER<\/p>\n<p>Fabriqu\u00e9 en t\u00f4le pr\u00e9laqu\u00e9e sur acier galvanis\u00e9, selon la norme UNE EN 10142.<\/p>\n<p>L&#8217;int\u00e9rieur du panneau est en polyur\u00e9thane expans\u00e9 avec une densit\u00e9 moyenne de 40 kg par m\u00e8tre cube, exempt de CFC et de HCFC.<\/p>\n<p><img fetchpriority=\"high\" decoding=\"async\" class=\"aligncenter wp-image-8467 size-full\" src=\"https:\/\/puertasroper.com\/wp-content\/uploads\/panel-sandwich.png\" alt=\"\" width=\"821\" height=\"215\" srcset=\"https:\/\/puertasroper.com\/wp-content\/uploads\/panel-sandwich.png 821w, https:\/\/puertasroper.com\/wp-content\/uploads\/panel-sandwich-300x79.png 300w, https:\/\/puertasroper.com\/wp-content\/uploads\/panel-sandwich-768x201.png 768w, https:\/\/puertasroper.com\/wp-content\/uploads\/panel-sandwich-600x157.png 600w\" sizes=\"(max-width: 821px) 100vw, 821px\" \/><\/p>\n<p><img decoding=\"async\" class=\"aligncenter wp-image-8468 size-full\" src=\"https:\/\/puertasroper.com\/wp-content\/uploads\/panel-sandwich-2.png\" alt=\"\" width=\"649\" height=\"620\" srcset=\"https:\/\/puertasroper.com\/wp-content\/uploads\/panel-sandwich-2.png 649w, https:\/\/puertasroper.com\/wp-content\/uploads\/panel-sandwich-2-300x287.png 300w, https:\/\/puertasroper.com\/wp-content\/uploads\/panel-sandwich-2-600x573.png 600w\" sizes=\"(max-width: 649px) 100vw, 649px\" \/><\/p>\n<p>Panneau Sandwich Garage ROPER Gararop<\/p>\n<p>Fabriqu\u00e9 en t\u00f4le pr\u00e9laqu\u00e9e sur acier galvanis\u00e9, selon la norme UNE EN 10142.<\/p>\n<p>L&#8217;int\u00e9rieur du panneau est en polyur\u00e9thane expans\u00e9 avec une densit\u00e9 moyenne de 40 kg par m\u00e8tre cube, exempt de CFC et de HCFC.<\/p>\n<p><img decoding=\"async\" class=\"aligncenter wp-image-8469 size-full\" src=\"https:\/\/puertasroper.com\/wp-content\/uploads\/panel-sandwich-3.png\" alt=\"\" width=\"832\" height=\"210\" srcset=\"https:\/\/puertasroper.com\/wp-content\/uploads\/panel-sandwich-3.png 832w, https:\/\/puertasroper.com\/wp-content\/uploads\/panel-sandwich-3-300x76.png 300w, https:\/\/puertasroper.com\/wp-content\/uploads\/panel-sandwich-3-768x194.png 768w, https:\/\/puertasroper.com\/wp-content\/uploads\/panel-sandwich-3-600x151.png 600w\" sizes=\"(max-width: 832px) 100vw, 832px\" \/><\/p>\n<p><img loading=\"lazy\" decoding=\"async\" class=\"aligncenter wp-image-8470 size-full\" src=\"https:\/\/puertasroper.com\/wp-content\/uploads\/panel-sandwich4.png\" alt=\"\" width=\"650\" height=\"600\" srcset=\"https:\/\/puertasroper.com\/wp-content\/uploads\/panel-sandwich4.png 650w, https:\/\/puertasroper.com\/wp-content\/uploads\/panel-sandwich4-300x277.png 300w, https:\/\/puertasroper.com\/wp-content\/uploads\/panel-sandwich4-600x554.png 600w\" sizes=\"(max-width: 650px) 100vw, 650px\" \/><\/p>\n<h3>Les types de finitions<\/h3>\n<p><img loading=\"lazy\" decoding=\"async\" class=\"aligncenter wp-image-8471 size-full\" src=\"https:\/\/puertasroper.com\/wp-content\/uploads\/panel-acabado.png\" alt=\"\" width=\"308\" height=\"155\" srcset=\"https:\/\/puertasroper.com\/wp-content\/uploads\/panel-acabado.png 308w, https:\/\/puertasroper.com\/wp-content\/uploads\/panel-acabado-300x151.png 300w\" sizes=\"(max-width: 308px) 100vw, 308px\" \/><\/p>\n<pre id=\"tw-target-text\" class=\"tw-data-text tw-text-large tw-ta\" dir=\"ltr\" data-placeholder=\"Traducci\u00f3n\" data-ved=\"2ahUKEwjmkqqXx8uEAxXtr5UCHcYJAYYQ3ewLegQIBRAU\"><span class=\"Y2IQFc\" lang=\"fr\">Couleurs<\/span><\/pre>\n<p><img loading=\"lazy\" decoding=\"async\" class=\"aligncenter wp-image-8472 size-full\" src=\"https:\/\/puertasroper.com\/wp-content\/uploads\/panel-colores.png\" alt=\"\" width=\"462\" height=\"599\" srcset=\"https:\/\/puertasroper.com\/wp-content\/uploads\/panel-colores.png 462w, https:\/\/puertasroper.com\/wp-content\/uploads\/panel-colores-231x300.png 231w\" sizes=\"(max-width: 462px) 100vw, 462px\" \/><\/td>\n<\/tr>\n<\/tbody>\n<\/table>\n<\/div>\n<\/div>\n<\/div>\n","protected":false},"excerpt":{"rendered":"<p>Le panneau sandwich pour portes est sp\u00e9cialement con\u00e7u pour la fabrication de portes industrielles et r\u00e9sidentielles. Il est fabriqu\u00e9 en t\u00f4le pr\u00e9laqu\u00e9e sur acier galvanis\u00e9 et son int\u00e9rieur est rempli de polyur\u00e9thane expans\u00e9, exempt de CFC et de HCFC.<\/p>\n<p>Caract\u00e9ristiques:<\/p>\n<ul>\n<li>Large gamme de types de panneaux ; \u00c9quateur, Euroline, Maya, etc.<\/li>\n<li>Syst\u00e8me de s\u00e9curit\u00e9 anti-pincement<\/li>\n<li>Diff\u00e9rentes textures : gaufr\u00e9e, bois, stuc ou lisse<\/li>\n<li>Finitions dans diff\u00e9rentes couleurs<\/li>\n<\/ul>\n<p>&nbsp;<\/p>\n","protected":false},"featured_media":11660,"template":"","meta":{"site-sidebar-layout":"default","site-content-layout":"","ast-site-content-layout":"default","site-content-style":"default","site-sidebar-style":"default","ast-global-header-display":"","ast-banner-title-visibility":"","ast-main-header-display":"","ast-hfb-above-header-display":"","ast-hfb-below-header-display":"","ast-hfb-mobile-header-display":"","site-post-title":"","ast-breadcrumbs-content":"","ast-featured-img":"","footer-sml-layout":"","ast-disable-related-posts":"","theme-transparent-header-meta":"default","adv-header-id-meta":"","stick-header-meta":"","header-above-stick-meta":"","header-main-stick-meta":"","header-below-stick-meta":"","astra-migrate-meta-layouts":"set","ast-page-background-enabled":"default","ast-page-background-meta":{"desktop":{"background-color":"var(--ast-global-color-4)","background-image":"","background-repeat":"repeat","background-position":"center center","background-size":"auto","background-attachment":"scroll","background-type":"","background-media":"","overlay-type":"","overlay-color":"","overlay-opacity":"","overlay-gradient":""},"tablet":{"background-color":"","background-image":"","background-repeat":"repeat","background-position":"center center","background-size":"auto","background-attachment":"scroll","background-type":"","background-media":"","overlay-type":"","overlay-color":"","overlay-opacity":"","overlay-gradient":""},"mobile":{"background-color":"","background-image":"","background-repeat":"repeat","background-position":"center center","background-size":"auto","background-attachment":"scroll","background-type":"","background-media":"","overlay-type":"","overlay-color":"","overlay-opacity":"","overlay-gradient":""}},"ast-content-background-meta":{"desktop":{"background-color":"var(--ast-global-color-5)","background-image":"","background-repeat":"repeat","background-position":"center center","background-size":"auto","background-attachment":"scroll","background-type":"","background-media":"","overlay-type":"","overlay-color":"","overlay-opacity":"","overlay-gradient":""},"tablet":{"background-color":"var(--ast-global-color-5)","background-image":"","background-repeat":"repeat","background-position":"center center","background-size":"auto","background-attachment":"scroll","background-type":"","background-media":"","overlay-type":"","overlay-color":"","overlay-opacity":"","overlay-gradient":""},"mobile":{"background-color":"var(--ast-global-color-5)","background-image":"","background-repeat":"repeat","background-position":"center center","background-size":"auto","background-attachment":"scroll","background-type":"","background-media":"","overlay-type":"","overlay-color":"","overlay-opacity":"","overlay-gradient":""}}},"product_brand":[],"product_cat":[502],"product_tag":[],"entorno":[],"num-hojas":[],"tipo-de-puerta":[],"class_list":{"0":"post-12278","1":"product","2":"type-product","3":"status-publish","4":"has-post-thumbnail","6":"product_cat-panels-sandwich","7":"desktop-align-left","8":"tablet-align-left","9":"mobile-align-left","11":"first","12":"instock","13":"shipping-taxable","14":"product-type-simple"},"yoast_head":"<!-- This site is optimized with the Yoast SEO plugin v27.4 - https:\/\/yoast.com\/product\/yoast-seo-wordpress\/ -->\n<title>Panneau sandwich pour portes - ROPER<\/title>\n<meta name=\"description\" content=\"Le panneau sandwich pour portes pr\u00e9sente un design moderne qui s&#039;adapte \u00e0 tous les styles et est disponible dans diff\u00e9rentes couleurs au choix.\" \/>\n<meta name=\"robots\" content=\"index, follow, max-snippet:-1, max-image-preview:large, max-video-preview:-1\" \/>\n<link rel=\"canonical\" href=\"https:\/\/puertasroper.com\/fr\/produits\/panneau-sandwich-pour-portes\/\" \/>\n<meta property=\"og:locale\" content=\"fr_FR\" \/>\n<meta property=\"og:type\" content=\"article\" \/>\n<meta property=\"og:title\" content=\"Panneau sandwich pour portes - ROPER\" \/>\n<meta property=\"og:description\" content=\"Le panneau sandwich pour portes pr\u00e9sente un design moderne qui s&#039;adapte \u00e0 tous les styles et est disponible dans diff\u00e9rentes couleurs au choix.\" \/>\n<meta property=\"og:url\" content=\"https:\/\/puertasroper.com\/fr\/produits\/panneau-sandwich-pour-portes\/\" \/>\n<meta property=\"og:site_name\" content=\"ROPER\" \/>\n<meta property=\"article:publisher\" content=\"http:\/\/www.facebook.com\/pages\/Puertas-Roper\/\" \/>\n<meta property=\"article:modified_time\" content=\"2024-02-29T17:41:19+00:00\" \/>\n<meta property=\"og:image\" content=\"https:\/\/puertasroper.com\/wp-content\/uploads\/342.jpg\" \/>\n\t<meta property=\"og:image:width\" content=\"680\" \/>\n\t<meta property=\"og:image:height\" content=\"418\" \/>\n\t<meta property=\"og:image:type\" content=\"image\/jpeg\" \/>\n<meta name=\"twitter:label1\" content=\"Est. reading time\" \/>\n\t<meta name=\"twitter:data1\" content=\"2 minutes\" \/>\n<script type=\"application\/ld+json\" class=\"yoast-schema-graph\">{\"@context\":\"https:\\\/\\\/schema.org\",\"@graph\":[{\"@type\":\"WebPage\",\"@id\":\"https:\\\/\\\/puertasroper.com\\\/fr\\\/produits\\\/panneau-sandwich-pour-portes\\\/\",\"url\":\"https:\\\/\\\/puertasroper.com\\\/fr\\\/produits\\\/panneau-sandwich-pour-portes\\\/\",\"name\":\"Panneau sandwich pour portes - ROPER\",\"isPartOf\":{\"@id\":\"https:\\\/\\\/puertasroper.com\\\/fr\\\/#website\"},\"primaryImageOfPage\":{\"@id\":\"https:\\\/\\\/puertasroper.com\\\/fr\\\/produits\\\/panneau-sandwich-pour-portes\\\/#primaryimage\"},\"image\":{\"@id\":\"https:\\\/\\\/puertasroper.com\\\/fr\\\/produits\\\/panneau-sandwich-pour-portes\\\/#primaryimage\"},\"thumbnailUrl\":\"https:\\\/\\\/puertasroper.com\\\/wp-content\\\/uploads\\\/342.jpg\",\"datePublished\":\"2023-11-27T04:14:44+00:00\",\"dateModified\":\"2024-02-29T17:41:19+00:00\",\"description\":\"Le panneau sandwich pour portes pr\u00e9sente un design moderne qui s'adapte \u00e0 tous les styles et est disponible dans diff\u00e9rentes couleurs au choix.\",\"breadcrumb\":{\"@id\":\"https:\\\/\\\/puertasroper.com\\\/fr\\\/produits\\\/panneau-sandwich-pour-portes\\\/#breadcrumb\"},\"inLanguage\":\"fr-FR\",\"potentialAction\":[{\"@type\":\"ReadAction\",\"target\":[\"https:\\\/\\\/puertasroper.com\\\/fr\\\/produits\\\/panneau-sandwich-pour-portes\\\/\"]}]},{\"@type\":\"ImageObject\",\"inLanguage\":\"fr-FR\",\"@id\":\"https:\\\/\\\/puertasroper.com\\\/fr\\\/produits\\\/panneau-sandwich-pour-portes\\\/#primaryimage\",\"url\":\"https:\\\/\\\/puertasroper.com\\\/wp-content\\\/uploads\\\/342.jpg\",\"contentUrl\":\"https:\\\/\\\/puertasroper.com\\\/wp-content\\\/uploads\\\/342.jpg\",\"width\":680,\"height\":418,\"caption\":\"Muestra de panel s\u00e1ndwich para puerta de garaje Roper en acabado madera texturizada y blanco liso. Ideal para uso residencial.\"},{\"@type\":\"BreadcrumbList\",\"@id\":\"https:\\\/\\\/puertasroper.com\\\/fr\\\/produits\\\/panneau-sandwich-pour-portes\\\/#breadcrumb\",\"itemListElement\":[{\"@type\":\"ListItem\",\"position\":1,\"name\":\"Portada\",\"item\":\"https:\\\/\\\/puertasroper.com\\\/fr\\\/\"},{\"@type\":\"ListItem\",\"position\":2,\"name\":\"Boutique\",\"item\":\"https:\\\/\\\/puertasroper.com\\\/fr\\\/boutique\\\/\"},{\"@type\":\"ListItem\",\"position\":3,\"name\":\"Panneau sandwich pour portes\"}]},{\"@type\":\"WebSite\",\"@id\":\"https:\\\/\\\/puertasroper.com\\\/fr\\\/#website\",\"url\":\"https:\\\/\\\/puertasroper.com\\\/fr\\\/\",\"name\":\"ROPER\",\"description\":\"Puertas Met\u00e1licas | Automatismos | Puertas de Garaje | Paneles Sandwich\",\"publisher\":{\"@id\":\"https:\\\/\\\/puertasroper.com\\\/fr\\\/#organization\"},\"potentialAction\":[{\"@type\":\"SearchAction\",\"target\":{\"@type\":\"EntryPoint\",\"urlTemplate\":\"https:\\\/\\\/puertasroper.com\\\/fr\\\/?s={search_term_string}\"},\"query-input\":{\"@type\":\"PropertyValueSpecification\",\"valueRequired\":true,\"valueName\":\"search_term_string\"}}],\"inLanguage\":\"fr-FR\"},{\"@type\":\"Organization\",\"@id\":\"https:\\\/\\\/puertasroper.com\\\/fr\\\/#organization\",\"name\":\"Puertas Roper\",\"url\":\"https:\\\/\\\/puertasroper.com\\\/fr\\\/\",\"logo\":{\"@type\":\"ImageObject\",\"inLanguage\":\"fr-FR\",\"@id\":\"https:\\\/\\\/puertasroper.com\\\/fr\\\/#\\\/schema\\\/logo\\\/image\\\/\",\"url\":\"https:\\\/\\\/puertasroper.com\\\/wp-content\\\/uploads\\\/logo_roper_60-aniversario_WH-1.png\",\"contentUrl\":\"https:\\\/\\\/puertasroper.com\\\/wp-content\\\/uploads\\\/logo_roper_60-aniversario_WH-1.png\",\"width\":752,\"height\":394,\"caption\":\"Puertas Roper\"},\"image\":{\"@id\":\"https:\\\/\\\/puertasroper.com\\\/fr\\\/#\\\/schema\\\/logo\\\/image\\\/\"},\"sameAs\":[\"http:\\\/\\\/www.facebook.com\\\/pages\\\/Puertas-Roper\\\/\",\"https:\\\/\\\/x.com\\\/puertasroper\"]}]}<\/script>\n<!-- \/ Yoast SEO plugin. -->","yoast_head_json":{"title":"Panneau sandwich pour portes - ROPER","description":"Le panneau sandwich pour portes pr\u00e9sente un design moderne qui s'adapte \u00e0 tous les styles et est disponible dans diff\u00e9rentes couleurs au choix.","robots":{"index":"index","follow":"follow","max-snippet":"max-snippet:-1","max-image-preview":"max-image-preview:large","max-video-preview":"max-video-preview:-1"},"canonical":"https:\/\/puertasroper.com\/fr\/produits\/panneau-sandwich-pour-portes\/","og_locale":"fr_FR","og_type":"article","og_title":"Panneau sandwich pour portes - ROPER","og_description":"Le panneau sandwich pour portes pr\u00e9sente un design moderne qui s'adapte \u00e0 tous les styles et est disponible dans diff\u00e9rentes couleurs au choix.","og_url":"https:\/\/puertasroper.com\/fr\/produits\/panneau-sandwich-pour-portes\/","og_site_name":"ROPER","article_publisher":"http:\/\/www.facebook.com\/pages\/Puertas-Roper\/","article_modified_time":"2024-02-29T17:41:19+00:00","og_image":[{"width":680,"height":418,"url":"https:\/\/puertasroper.com\/wp-content\/uploads\/342.jpg","type":"image\/jpeg"}],"twitter_misc":{"Est. reading time":"2 minutes"},"schema":{"@context":"https:\/\/schema.org","@graph":[{"@type":"WebPage","@id":"https:\/\/puertasroper.com\/fr\/produits\/panneau-sandwich-pour-portes\/","url":"https:\/\/puertasroper.com\/fr\/produits\/panneau-sandwich-pour-portes\/","name":"Panneau sandwich pour portes - ROPER","isPartOf":{"@id":"https:\/\/puertasroper.com\/fr\/#website"},"primaryImageOfPage":{"@id":"https:\/\/puertasroper.com\/fr\/produits\/panneau-sandwich-pour-portes\/#primaryimage"},"image":{"@id":"https:\/\/puertasroper.com\/fr\/produits\/panneau-sandwich-pour-portes\/#primaryimage"},"thumbnailUrl":"https:\/\/puertasroper.com\/wp-content\/uploads\/342.jpg","datePublished":"2023-11-27T04:14:44+00:00","dateModified":"2024-02-29T17:41:19+00:00","description":"Le panneau sandwich pour portes pr\u00e9sente un design moderne qui s'adapte \u00e0 tous les styles et est disponible dans diff\u00e9rentes couleurs au choix.","breadcrumb":{"@id":"https:\/\/puertasroper.com\/fr\/produits\/panneau-sandwich-pour-portes\/#breadcrumb"},"inLanguage":"fr-FR","potentialAction":[{"@type":"ReadAction","target":["https:\/\/puertasroper.com\/fr\/produits\/panneau-sandwich-pour-portes\/"]}]},{"@type":"ImageObject","inLanguage":"fr-FR","@id":"https:\/\/puertasroper.com\/fr\/produits\/panneau-sandwich-pour-portes\/#primaryimage","url":"https:\/\/puertasroper.com\/wp-content\/uploads\/342.jpg","contentUrl":"https:\/\/puertasroper.com\/wp-content\/uploads\/342.jpg","width":680,"height":418,"caption":"Muestra de panel s\u00e1ndwich para puerta de garaje Roper en acabado madera texturizada y blanco liso. Ideal para uso residencial."},{"@type":"BreadcrumbList","@id":"https:\/\/puertasroper.com\/fr\/produits\/panneau-sandwich-pour-portes\/#breadcrumb","itemListElement":[{"@type":"ListItem","position":1,"name":"Portada","item":"https:\/\/puertasroper.com\/fr\/"},{"@type":"ListItem","position":2,"name":"Boutique","item":"https:\/\/puertasroper.com\/fr\/boutique\/"},{"@type":"ListItem","position":3,"name":"Panneau sandwich pour portes"}]},{"@type":"WebSite","@id":"https:\/\/puertasroper.com\/fr\/#website","url":"https:\/\/puertasroper.com\/fr\/","name":"ROPER","description":"Puertas Met\u00e1licas | Automatismos | Puertas de Garaje | Paneles Sandwich","publisher":{"@id":"https:\/\/puertasroper.com\/fr\/#organization"},"potentialAction":[{"@type":"SearchAction","target":{"@type":"EntryPoint","urlTemplate":"https:\/\/puertasroper.com\/fr\/?s={search_term_string}"},"query-input":{"@type":"PropertyValueSpecification","valueRequired":true,"valueName":"search_term_string"}}],"inLanguage":"fr-FR"},{"@type":"Organization","@id":"https:\/\/puertasroper.com\/fr\/#organization","name":"Puertas Roper","url":"https:\/\/puertasroper.com\/fr\/","logo":{"@type":"ImageObject","inLanguage":"fr-FR","@id":"https:\/\/puertasroper.com\/fr\/#\/schema\/logo\/image\/","url":"https:\/\/puertasroper.com\/wp-content\/uploads\/logo_roper_60-aniversario_WH-1.png","contentUrl":"https:\/\/puertasroper.com\/wp-content\/uploads\/logo_roper_60-aniversario_WH-1.png","width":752,"height":394,"caption":"Puertas Roper"},"image":{"@id":"https:\/\/puertasroper.com\/fr\/#\/schema\/logo\/image\/"},"sameAs":["http:\/\/www.facebook.com\/pages\/Puertas-Roper\/","https:\/\/x.com\/puertasroper"]}]}},"_links":{"self":[{"href":"https:\/\/puertasroper.com\/fr\/wp-json\/wp\/v2\/product\/12278","targetHints":{"allow":["GET"]}}],"collection":[{"href":"https:\/\/puertasroper.com\/fr\/wp-json\/wp\/v2\/product"}],"about":[{"href":"https:\/\/puertasroper.com\/fr\/wp-json\/wp\/v2\/types\/product"}],"wp:featuredmedia":[{"embeddable":true,"href":"https:\/\/puertasroper.com\/fr\/wp-json\/wp\/v2\/media\/11660"}],"wp:attachment":[{"href":"https:\/\/puertasroper.com\/fr\/wp-json\/wp\/v2\/media?parent=12278"}],"wp:term":[{"taxonomy":"product_brand","embeddable":true,"href":"https:\/\/puertasroper.com\/fr\/wp-json\/wp\/v2\/product_brand?post=12278"},{"taxonomy":"product_cat","embeddable":true,"href":"https:\/\/puertasroper.com\/fr\/wp-json\/wp\/v2\/product_cat?post=12278"},{"taxonomy":"product_tag","embeddable":true,"href":"https:\/\/puertasroper.com\/fr\/wp-json\/wp\/v2\/product_tag?post=12278"},{"taxonomy":"entorno","embeddable":true,"href":"https:\/\/puertasroper.com\/fr\/wp-json\/wp\/v2\/entorno?post=12278"},{"taxonomy":"num-hojas","embeddable":true,"href":"https:\/\/puertasroper.com\/fr\/wp-json\/wp\/v2\/num-hojas?post=12278"},{"taxonomy":"tipo-de-puerta","embeddable":true,"href":"https:\/\/puertasroper.com\/fr\/wp-json\/wp\/v2\/tipo-de-puerta?post=12278"}],"curies":[{"name":"wp","href":"https:\/\/api.w.org\/{rel}","templated":true}]}}