{"id":12279,"date":"2023-11-27T05:05:37","date_gmt":"2023-11-27T04:05:37","guid":{"rendered":"https:\/\/puertasroper.com\/productos\/rampa-niveladora\/"},"modified":"2024-02-27T19:58:47","modified_gmt":"2024-02-27T18:58:47","slug":"rampe-de-nivellement","status":"publish","type":"product","link":"https:\/\/puertasroper.com\/fr\/produits\/rampe-de-nivellement\/","title":{"rendered":"Rampe de nivellement"},"content":{"rendered":"<div class=\"elementor-element elementor-element-b0a3d60 elementor-widget elementor-widget-heading\" data-id=\"b0a3d60\" data-element_type=\"widget\" data-widget_type=\"heading.default\">\n<div class=\"elementor-widget-container\">\n<p>Fiche Technique<\/p>\n<p>La rampe de nivellement hydraulique ROPER permet d&#8217;effectuer des op\u00e9rations de chargement et de d\u00e9chargement en franchissant les d\u00e9nivel\u00e9s entre l&#8217;entrep\u00f4t et le v\u00e9hicule, combinant solidit\u00e9, s\u00e9curit\u00e9 et facilit\u00e9 de man\u0153uvre. La fabrication de cette rampe est conforme \u00e0 la norme UNE EN 1398 Rampes Nivelables et est conforme \u00e0 la Directive CE relative aux machines 2006\/42. Les principaux \u00e9l\u00e9ments constitutifs de la rampe sont la plateforme (1), la l\u00e8vre basculante (2) et le ch\u00e2ssis structurel (3).<\/p>\n<\/div>\n<\/div>\n<div class=\"elementor-element elementor-element-5cf9a0c elementor-widget elementor-widget-product-description elementor-widget-text-editor\" data-id=\"5cf9a0c\" data-element_type=\"widget\" data-widget_type=\"product-description.default\">\n<div class=\"elementor-widget-container\">\n<div class=\"ce-product-description\">\n<p><img fetchpriority=\"high\" decoding=\"async\" class=\"aligncenter wp-image-8444 size-full\" src=\"https:\/\/puertasroper.com\/wp-content\/uploads\/Rampa-Niveladora.png\" alt=\"\" width=\"476\" height=\"323\" srcset=\"https:\/\/puertasroper.com\/wp-content\/uploads\/Rampa-Niveladora.png 476w, https:\/\/puertasroper.com\/wp-content\/uploads\/Rampa-Niveladora-300x204.png 300w\" sizes=\"(max-width: 476px) 100vw, 476px\" \/><\/p>\n<p>Tant la plateforme que la l\u00e8vre sont fabriqu\u00e9es en t\u00f4le antid\u00e9rapante. La l\u00e8vre basculante, dot\u00e9e d&#8217;un chanfrein avant et d&#8217;un pli \u00e0 5\u00b0, permet une transition douce avec le v\u00e9hicule. L&#8217;\u00e9lasticit\u00e9 naturelle de la structure permet d&#8217;absorber une inclinaison lat\u00e9rale de 100 mm.<\/p>\n<p>La plaque est renforc\u00e9e par le bas \u00e0 l&#8217;aide de profil\u00e9s lamin\u00e9s \u00e0 froid. Le cadre inf\u00e9rieur est fabriqu\u00e9 \u00e0 partir de profil\u00e9s lamin\u00e9s \u00e0 chaud et con\u00e7u de mani\u00e8re \u00e0 faciliter l&#8217;installation sur le pr\u00e9-ch\u00e2ssis re\u00e7u sur le chantier. La rampe est \u00e9quip\u00e9e d&#8217;une barre de verrouillage pour les op\u00e9rations de maintenance et de tabliers de protection lat\u00e9rale anti-basculement.<\/p>\n<p>Le fonctionnement de la rampe de nivellement consiste en un dispositif \u00e9lectro-hydraulique articul\u00e9 compos\u00e9 de deux v\u00e9rins \u00e0 piston et d&#8217;une centrale hydraulique. Chaque v\u00e9rin est \u00e9quip\u00e9 d&#8217;une valve de s\u00e9curit\u00e9.<\/p>\n<p><img decoding=\"async\" class=\"aligncenter wp-image-8445 size-full\" src=\"https:\/\/puertasroper.com\/wp-content\/uploads\/Rampa-Niveladora-1.png\" alt=\"\" width=\"767\" height=\"277\" srcset=\"https:\/\/puertasroper.com\/wp-content\/uploads\/Rampa-Niveladora-1.png 767w, https:\/\/puertasroper.com\/wp-content\/uploads\/Rampa-Niveladora-1-300x108.png 300w, https:\/\/puertasroper.com\/wp-content\/uploads\/Rampa-Niveladora-1-600x217.png 600w\" sizes=\"(max-width: 767px) 100vw, 767px\" \/><\/p>\n<p><img decoding=\"async\" class=\"aligncenter wp-image-8446 size-full\" src=\"https:\/\/puertasroper.com\/wp-content\/uploads\/Rampa-Niveladora-2.png\" alt=\"\" width=\"742\" height=\"631\" srcset=\"https:\/\/puertasroper.com\/wp-content\/uploads\/Rampa-Niveladora-2.png 742w, https:\/\/puertasroper.com\/wp-content\/uploads\/Rampa-Niveladora-2-300x255.png 300w, https:\/\/puertasroper.com\/wp-content\/uploads\/Rampa-Niveladora-2-600x510.png 600w\" sizes=\"(max-width: 742px) 100vw, 742px\" \/><\/p>\n<\/div>\n<\/div>\n<\/div>\n","protected":false},"excerpt":{"rendered":"<p>La rampe de nivellement ROPER permet d&#8217;effectuer des op\u00e9rations de chargement et de d\u00e9chargement en surmontant les d\u00e9nivel\u00e9s entre l&#8217;entrep\u00f4t et le v\u00e9hicule, combinant robustesse, s\u00e9curit\u00e9 et facilit\u00e9 de man\u0153uvre.<\/p>\n","protected":false},"featured_media":11618,"template":"","meta":{"site-sidebar-layout":"default","site-content-layout":"","ast-site-content-layout":"default","site-content-style":"default","site-sidebar-style":"default","ast-global-header-display":"","ast-banner-title-visibility":"","ast-main-header-display":"","ast-hfb-above-header-display":"","ast-hfb-below-header-display":"","ast-hfb-mobile-header-display":"","site-post-title":"","ast-breadcrumbs-content":"","ast-featured-img":"","footer-sml-layout":"","ast-disable-related-posts":"","theme-transparent-header-meta":"default","adv-header-id-meta":"","stick-header-meta":"","header-above-stick-meta":"","header-main-stick-meta":"","header-below-stick-meta":"","astra-migrate-meta-layouts":"set","ast-page-background-enabled":"default","ast-page-background-meta":{"desktop":{"background-color":"var(--ast-global-color-4)","background-image":"","background-repeat":"repeat","background-position":"center center","background-size":"auto","background-attachment":"scroll","background-type":"","background-media":"","overlay-type":"","overlay-color":"","overlay-opacity":"","overlay-gradient":""},"tablet":{"background-color":"","background-image":"","background-repeat":"repeat","background-position":"center center","background-size":"auto","background-attachment":"scroll","background-type":"","background-media":"","overlay-type":"","overlay-color":"","overlay-opacity":"","overlay-gradient":""},"mobile":{"background-color":"","background-image":"","background-repeat":"repeat","background-position":"center center","background-size":"auto","background-attachment":"scroll","background-type":"","background-media":"","overlay-type":"","overlay-color":"","overlay-opacity":"","overlay-gradient":""}},"ast-content-background-meta":{"desktop":{"background-color":"var(--ast-global-color-5)","background-image":"","background-repeat":"repeat","background-position":"center center","background-size":"auto","background-attachment":"scroll","background-type":"","background-media":"","overlay-type":"","overlay-color":"","overlay-opacity":"","overlay-gradient":""},"tablet":{"background-color":"var(--ast-global-color-5)","background-image":"","background-repeat":"repeat","background-position":"center center","background-size":"auto","background-attachment":"scroll","background-type":"","background-media":"","overlay-type":"","overlay-color":"","overlay-opacity":"","overlay-gradient":""},"mobile":{"background-color":"var(--ast-global-color-5)","background-image":"","background-repeat":"repeat","background-position":"center center","background-size":"auto","background-attachment":"scroll","background-type":"","background-media":"","overlay-type":"","overlay-color":"","overlay-opacity":"","overlay-gradient":""}}},"product_brand":[],"product_cat":[500],"product_tag":[],"entorno":[],"num-hojas":[],"tipo-de-puerta":[],"class_list":{"0":"post-12279","1":"product","2":"type-product","3":"status-publish","4":"has-post-thumbnail","6":"product_cat-chargement-et-dechargement","7":"desktop-align-left","8":"tablet-align-left","9":"mobile-align-left","11":"first","12":"instock","13":"shipping-taxable","14":"product-type-simple"},"yoast_head":"<!-- This site is optimized with the Yoast SEO plugin v27.4 - https:\/\/yoast.com\/product\/yoast-seo-wordpress\/ -->\n<title>Rampe de nivellement- ROPER<\/title>\n<meta name=\"description\" content=\"La rampe de chargement hydraulique ROPER facilite le chargement et le d\u00e9chargement entre l&#039;entrep\u00f4t et le v\u00e9hicule avec solidit\u00e9, s\u00e9curit\u00e9 et conformit\u00e9 aux normes de fabrication.\" \/>\n<meta name=\"robots\" content=\"index, follow, max-snippet:-1, max-image-preview:large, max-video-preview:-1\" \/>\n<link rel=\"canonical\" href=\"https:\/\/puertasroper.com\/fr\/produits\/rampe-de-nivellement\/\" \/>\n<meta property=\"og:locale\" content=\"fr_FR\" \/>\n<meta property=\"og:type\" content=\"article\" \/>\n<meta property=\"og:title\" content=\"Rampe de nivellement- ROPER\" \/>\n<meta property=\"og:description\" content=\"La rampe de chargement hydraulique ROPER facilite le chargement et le d\u00e9chargement entre l&#039;entrep\u00f4t et le v\u00e9hicule avec solidit\u00e9, s\u00e9curit\u00e9 et conformit\u00e9 aux normes de fabrication.\" \/>\n<meta property=\"og:url\" content=\"https:\/\/puertasroper.com\/fr\/produits\/rampe-de-nivellement\/\" \/>\n<meta property=\"og:site_name\" content=\"ROPER\" \/>\n<meta property=\"article:publisher\" content=\"http:\/\/www.facebook.com\/pages\/Puertas-Roper\/\" \/>\n<meta property=\"article:modified_time\" content=\"2024-02-27T18:58:47+00:00\" \/>\n<meta property=\"og:image\" content=\"https:\/\/puertasroper.com\/wp-content\/uploads\/354.jpg\" \/>\n\t<meta property=\"og:image:width\" content=\"680\" \/>\n\t<meta property=\"og:image:height\" content=\"418\" \/>\n\t<meta property=\"og:image:type\" content=\"image\/jpeg\" \/>\n<meta name=\"twitter:label1\" content=\"Est. reading time\" \/>\n\t<meta name=\"twitter:data1\" content=\"2 minutes\" \/>\n<script type=\"application\/ld+json\" class=\"yoast-schema-graph\">{\"@context\":\"https:\\\/\\\/schema.org\",\"@graph\":[{\"@type\":\"WebPage\",\"@id\":\"https:\\\/\\\/puertasroper.com\\\/fr\\\/produits\\\/rampe-de-nivellement\\\/\",\"url\":\"https:\\\/\\\/puertasroper.com\\\/fr\\\/produits\\\/rampe-de-nivellement\\\/\",\"name\":\"Rampe de nivellement- ROPER\",\"isPartOf\":{\"@id\":\"https:\\\/\\\/puertasroper.com\\\/fr\\\/#website\"},\"primaryImageOfPage\":{\"@id\":\"https:\\\/\\\/puertasroper.com\\\/fr\\\/produits\\\/rampe-de-nivellement\\\/#primaryimage\"},\"image\":{\"@id\":\"https:\\\/\\\/puertasroper.com\\\/fr\\\/produits\\\/rampe-de-nivellement\\\/#primaryimage\"},\"thumbnailUrl\":\"https:\\\/\\\/puertasroper.com\\\/wp-content\\\/uploads\\\/354.jpg\",\"datePublished\":\"2023-11-27T04:05:37+00:00\",\"dateModified\":\"2024-02-27T18:58:47+00:00\",\"description\":\"La rampe de chargement hydraulique ROPER facilite le chargement et le d\u00e9chargement entre l'entrep\u00f4t et le v\u00e9hicule avec solidit\u00e9, s\u00e9curit\u00e9 et conformit\u00e9 aux normes de fabrication.\",\"breadcrumb\":{\"@id\":\"https:\\\/\\\/puertasroper.com\\\/fr\\\/produits\\\/rampe-de-nivellement\\\/#breadcrumb\"},\"inLanguage\":\"fr-FR\",\"potentialAction\":[{\"@type\":\"ReadAction\",\"target\":[\"https:\\\/\\\/puertasroper.com\\\/fr\\\/produits\\\/rampe-de-nivellement\\\/\"]}]},{\"@type\":\"ImageObject\",\"inLanguage\":\"fr-FR\",\"@id\":\"https:\\\/\\\/puertasroper.com\\\/fr\\\/produits\\\/rampe-de-nivellement\\\/#primaryimage\",\"url\":\"https:\\\/\\\/puertasroper.com\\\/wp-content\\\/uploads\\\/354.jpg\",\"contentUrl\":\"https:\\\/\\\/puertasroper.com\\\/wp-content\\\/uploads\\\/354.jpg\",\"width\":680,\"height\":418},{\"@type\":\"BreadcrumbList\",\"@id\":\"https:\\\/\\\/puertasroper.com\\\/fr\\\/produits\\\/rampe-de-nivellement\\\/#breadcrumb\",\"itemListElement\":[{\"@type\":\"ListItem\",\"position\":1,\"name\":\"Portada\",\"item\":\"https:\\\/\\\/puertasroper.com\\\/fr\\\/\"},{\"@type\":\"ListItem\",\"position\":2,\"name\":\"Boutique\",\"item\":\"https:\\\/\\\/puertasroper.com\\\/fr\\\/boutique\\\/\"},{\"@type\":\"ListItem\",\"position\":3,\"name\":\"Rampe de nivellement\"}]},{\"@type\":\"WebSite\",\"@id\":\"https:\\\/\\\/puertasroper.com\\\/fr\\\/#website\",\"url\":\"https:\\\/\\\/puertasroper.com\\\/fr\\\/\",\"name\":\"ROPER\",\"description\":\"Puertas Met\u00e1licas | Automatismos | Puertas de Garaje | Paneles Sandwich\",\"publisher\":{\"@id\":\"https:\\\/\\\/puertasroper.com\\\/fr\\\/#organization\"},\"potentialAction\":[{\"@type\":\"SearchAction\",\"target\":{\"@type\":\"EntryPoint\",\"urlTemplate\":\"https:\\\/\\\/puertasroper.com\\\/fr\\\/?s={search_term_string}\"},\"query-input\":{\"@type\":\"PropertyValueSpecification\",\"valueRequired\":true,\"valueName\":\"search_term_string\"}}],\"inLanguage\":\"fr-FR\"},{\"@type\":\"Organization\",\"@id\":\"https:\\\/\\\/puertasroper.com\\\/fr\\\/#organization\",\"name\":\"Puertas Roper\",\"url\":\"https:\\\/\\\/puertasroper.com\\\/fr\\\/\",\"logo\":{\"@type\":\"ImageObject\",\"inLanguage\":\"fr-FR\",\"@id\":\"https:\\\/\\\/puertasroper.com\\\/fr\\\/#\\\/schema\\\/logo\\\/image\\\/\",\"url\":\"https:\\\/\\\/puertasroper.com\\\/wp-content\\\/uploads\\\/logo_roper_60-aniversario_WH-1.png\",\"contentUrl\":\"https:\\\/\\\/puertasroper.com\\\/wp-content\\\/uploads\\\/logo_roper_60-aniversario_WH-1.png\",\"width\":752,\"height\":394,\"caption\":\"Puertas Roper\"},\"image\":{\"@id\":\"https:\\\/\\\/puertasroper.com\\\/fr\\\/#\\\/schema\\\/logo\\\/image\\\/\"},\"sameAs\":[\"http:\\\/\\\/www.facebook.com\\\/pages\\\/Puertas-Roper\\\/\",\"https:\\\/\\\/x.com\\\/puertasroper\"]}]}<\/script>\n<!-- \/ Yoast SEO plugin. -->","yoast_head_json":{"title":"Rampe de nivellement- ROPER","description":"La rampe de chargement hydraulique ROPER facilite le chargement et le d\u00e9chargement entre l'entrep\u00f4t et le v\u00e9hicule avec solidit\u00e9, s\u00e9curit\u00e9 et conformit\u00e9 aux normes de fabrication.","robots":{"index":"index","follow":"follow","max-snippet":"max-snippet:-1","max-image-preview":"max-image-preview:large","max-video-preview":"max-video-preview:-1"},"canonical":"https:\/\/puertasroper.com\/fr\/produits\/rampe-de-nivellement\/","og_locale":"fr_FR","og_type":"article","og_title":"Rampe de nivellement- ROPER","og_description":"La rampe de chargement hydraulique ROPER facilite le chargement et le d\u00e9chargement entre l'entrep\u00f4t et le v\u00e9hicule avec solidit\u00e9, s\u00e9curit\u00e9 et conformit\u00e9 aux normes de fabrication.","og_url":"https:\/\/puertasroper.com\/fr\/produits\/rampe-de-nivellement\/","og_site_name":"ROPER","article_publisher":"http:\/\/www.facebook.com\/pages\/Puertas-Roper\/","article_modified_time":"2024-02-27T18:58:47+00:00","og_image":[{"width":680,"height":418,"url":"https:\/\/puertasroper.com\/wp-content\/uploads\/354.jpg","type":"image\/jpeg"}],"twitter_misc":{"Est. reading time":"2 minutes"},"schema":{"@context":"https:\/\/schema.org","@graph":[{"@type":"WebPage","@id":"https:\/\/puertasroper.com\/fr\/produits\/rampe-de-nivellement\/","url":"https:\/\/puertasroper.com\/fr\/produits\/rampe-de-nivellement\/","name":"Rampe de nivellement- ROPER","isPartOf":{"@id":"https:\/\/puertasroper.com\/fr\/#website"},"primaryImageOfPage":{"@id":"https:\/\/puertasroper.com\/fr\/produits\/rampe-de-nivellement\/#primaryimage"},"image":{"@id":"https:\/\/puertasroper.com\/fr\/produits\/rampe-de-nivellement\/#primaryimage"},"thumbnailUrl":"https:\/\/puertasroper.com\/wp-content\/uploads\/354.jpg","datePublished":"2023-11-27T04:05:37+00:00","dateModified":"2024-02-27T18:58:47+00:00","description":"La rampe de chargement hydraulique ROPER facilite le chargement et le d\u00e9chargement entre l'entrep\u00f4t et le v\u00e9hicule avec solidit\u00e9, s\u00e9curit\u00e9 et conformit\u00e9 aux normes de fabrication.","breadcrumb":{"@id":"https:\/\/puertasroper.com\/fr\/produits\/rampe-de-nivellement\/#breadcrumb"},"inLanguage":"fr-FR","potentialAction":[{"@type":"ReadAction","target":["https:\/\/puertasroper.com\/fr\/produits\/rampe-de-nivellement\/"]}]},{"@type":"ImageObject","inLanguage":"fr-FR","@id":"https:\/\/puertasroper.com\/fr\/produits\/rampe-de-nivellement\/#primaryimage","url":"https:\/\/puertasroper.com\/wp-content\/uploads\/354.jpg","contentUrl":"https:\/\/puertasroper.com\/wp-content\/uploads\/354.jpg","width":680,"height":418},{"@type":"BreadcrumbList","@id":"https:\/\/puertasroper.com\/fr\/produits\/rampe-de-nivellement\/#breadcrumb","itemListElement":[{"@type":"ListItem","position":1,"name":"Portada","item":"https:\/\/puertasroper.com\/fr\/"},{"@type":"ListItem","position":2,"name":"Boutique","item":"https:\/\/puertasroper.com\/fr\/boutique\/"},{"@type":"ListItem","position":3,"name":"Rampe de nivellement"}]},{"@type":"WebSite","@id":"https:\/\/puertasroper.com\/fr\/#website","url":"https:\/\/puertasroper.com\/fr\/","name":"ROPER","description":"Puertas Met\u00e1licas | Automatismos | Puertas de Garaje | Paneles Sandwich","publisher":{"@id":"https:\/\/puertasroper.com\/fr\/#organization"},"potentialAction":[{"@type":"SearchAction","target":{"@type":"EntryPoint","urlTemplate":"https:\/\/puertasroper.com\/fr\/?s={search_term_string}"},"query-input":{"@type":"PropertyValueSpecification","valueRequired":true,"valueName":"search_term_string"}}],"inLanguage":"fr-FR"},{"@type":"Organization","@id":"https:\/\/puertasroper.com\/fr\/#organization","name":"Puertas Roper","url":"https:\/\/puertasroper.com\/fr\/","logo":{"@type":"ImageObject","inLanguage":"fr-FR","@id":"https:\/\/puertasroper.com\/fr\/#\/schema\/logo\/image\/","url":"https:\/\/puertasroper.com\/wp-content\/uploads\/logo_roper_60-aniversario_WH-1.png","contentUrl":"https:\/\/puertasroper.com\/wp-content\/uploads\/logo_roper_60-aniversario_WH-1.png","width":752,"height":394,"caption":"Puertas Roper"},"image":{"@id":"https:\/\/puertasroper.com\/fr\/#\/schema\/logo\/image\/"},"sameAs":["http:\/\/www.facebook.com\/pages\/Puertas-Roper\/","https:\/\/x.com\/puertasroper"]}]}},"_links":{"self":[{"href":"https:\/\/puertasroper.com\/fr\/wp-json\/wp\/v2\/product\/12279","targetHints":{"allow":["GET"]}}],"collection":[{"href":"https:\/\/puertasroper.com\/fr\/wp-json\/wp\/v2\/product"}],"about":[{"href":"https:\/\/puertasroper.com\/fr\/wp-json\/wp\/v2\/types\/product"}],"wp:featuredmedia":[{"embeddable":true,"href":"https:\/\/puertasroper.com\/fr\/wp-json\/wp\/v2\/media\/11618"}],"wp:attachment":[{"href":"https:\/\/puertasroper.com\/fr\/wp-json\/wp\/v2\/media?parent=12279"}],"wp:term":[{"taxonomy":"product_brand","embeddable":true,"href":"https:\/\/puertasroper.com\/fr\/wp-json\/wp\/v2\/product_brand?post=12279"},{"taxonomy":"product_cat","embeddable":true,"href":"https:\/\/puertasroper.com\/fr\/wp-json\/wp\/v2\/product_cat?post=12279"},{"taxonomy":"product_tag","embeddable":true,"href":"https:\/\/puertasroper.com\/fr\/wp-json\/wp\/v2\/product_tag?post=12279"},{"taxonomy":"entorno","embeddable":true,"href":"https:\/\/puertasroper.com\/fr\/wp-json\/wp\/v2\/entorno?post=12279"},{"taxonomy":"num-hojas","embeddable":true,"href":"https:\/\/puertasroper.com\/fr\/wp-json\/wp\/v2\/num-hojas?post=12279"},{"taxonomy":"tipo-de-puerta","embeddable":true,"href":"https:\/\/puertasroper.com\/fr\/wp-json\/wp\/v2\/tipo-de-puerta?post=12279"}],"curies":[{"name":"wp","href":"https:\/\/api.w.org\/{rel}","templated":true}]}}