{"id":12280,"date":"2023-11-27T04:55:33","date_gmt":"2023-11-27T03:55:33","guid":{"rendered":"https:\/\/puertasroper.com\/productos\/minirampa-roper\/"},"modified":"2024-02-27T20:03:06","modified_gmt":"2024-02-27T19:03:06","slug":"minirampe-roper","status":"publish","type":"product","link":"https:\/\/puertasroper.com\/fr\/produits\/minirampe-roper\/","title":{"rendered":"MINIRAMPE ROPER"},"content":{"rendered":"<div class=\"elementor-element elementor-element-b0a3d60 elementor-widget elementor-widget-heading\" data-id=\"b0a3d60\" data-element_type=\"widget\" data-widget_type=\"heading.default\">\n<div class=\"elementor-widget-container\">\n<div class=\"elementor-element elementor-element-b0a3d60 elementor-widget elementor-widget-heading\" data-id=\"b0a3d60\" data-element_type=\"widget\" data-widget_type=\"heading.default\">\n<div class=\"elementor-widget-container\">\n<h2 class=\"elementor-heading-title elementor-size-default\">Fiche technique<\/h2>\n<\/div>\n<\/div>\n<div class=\"elementor-element elementor-element-5cf9a0c elementor-widget elementor-widget-product-description elementor-widget-text-editor\" data-id=\"5cf9a0c\" data-element_type=\"widget\" data-widget_type=\"product-description.default\">\n<div class=\"elementor-widget-container\">\n<div class=\"ce-product-description\">\n<table>\n<tbody>\n<tr>\n<td>Le Minidock est une alternative \u00e9conomique \u00e0 l&#8217;installation du quai de chargement. Sans n\u00e9cessit\u00e9 de creuser une fosse, il dispose d&#8217;un syst\u00e8me d&#8217;installation simple et rapide, \u00e9tant fix\u00e9 sur la surface du mur du quai lui-m\u00eame.<\/p>\n<p>Il est facilement actionn\u00e9 \u00e0 l&#8217;aide d&#8217;un m\u00e9canisme manuel facile \u00e0 utiliser par une seule personne.<\/p>\n<p><img decoding=\"async\" class=\"aligncenter wp-image-8436 size-full\" src=\"https:\/\/puertasroper.com\/wp-content\/uploads\/minirampa3.png\" alt=\"\" width=\"285\" height=\"161\" \/><\/p>\n<p>Sa fabrication en t\u00f4le antid\u00e9rapante et sa conformit\u00e9 \u00e0 la norme UNE EN 1398 garantissent la s\u00e9curit\u00e9 du Minidock lors des op\u00e9rations de chargement et de d\u00e9chargement.<\/p>\n<p><img fetchpriority=\"high\" decoding=\"async\" class=\"aligncenter wp-image-8437 size-full\" src=\"https:\/\/puertasroper.com\/wp-content\/uploads\/minirampa.png\" alt=\"\" width=\"590\" height=\"483\" srcset=\"https:\/\/puertasroper.com\/wp-content\/uploads\/minirampa.png 590w, https:\/\/puertasroper.com\/wp-content\/uploads\/minirampa-300x246.png 300w\" sizes=\"(max-width: 590px) 100vw, 590px\" \/><\/td>\n<\/tr>\n<\/tbody>\n<\/table>\n<\/div>\n<\/div>\n<\/div>\n<\/div>\n<\/div>\n<div class=\"elementor-element elementor-element-5cf9a0c elementor-widget elementor-widget-product-description elementor-widget-text-editor\" data-id=\"5cf9a0c\" data-element_type=\"widget\" data-widget_type=\"product-description.default\">\n<div class=\"elementor-widget-container\">\n<div class=\"ce-product-description\"><\/div>\n<\/div>\n<\/div>\n","protected":false},"excerpt":{"rendered":"<div class=\"elementor-element elementor-element-fe5eb99 elementor-widget elementor-widget-product-description-short elementor-widget-text-editor\" data-id=\"fe5eb99\" data-element_type=\"widget\" data-widget_type=\"product-description-short.default\">\n<div class=\"elementor-widget-container\">\n<div class=\"ce-product-description-short\">\n<p>La MiniRampa ROPER permet son installation dans n&#8217;importe quel entrep\u00f4t logistique sans n\u00e9cessiter de co\u00fbteux travaux. Sa facilit\u00e9 d&#8217;installation et d&#8217;utilisation permet de charger et d\u00e9charger de mani\u00e8re douce, confortable et s\u00e9curis\u00e9e. Son design avanc\u00e9 et sa structure renforc\u00e9e permettent une transition en douceur entre l&#8217;entrep\u00f4t et le v\u00e9hicule dans toutes les circonstances et avec une s\u00e9curit\u00e9 maximale.<\/p>\n<\/div>\n<\/div>\n<\/div>\n<section class=\"elementor-element elementor-element-a117f28 elementor-section-boxed elementor-section-height-default elementor-section-height-default elementor-section elementor-inner-section\" data-id=\"a117f28\" data-element_type=\"section\">\n<div class=\"elementor-container elementor-column-gap-narrow\">\n<div class=\"elementor-row\">\n<div class=\"elementor-element elementor-element-e4c58a3 elementor-column elementor-col-50 elementor-inner-column\" data-id=\"e4c58a3\" data-element_type=\"column\">\n<div class=\"elementor-column-wrap elementor-element-populated\">\n<div class=\"elementor-widget-wrap\">\n<div class=\"elementor-element elementor-element-c115a29 ce-product-quantity--view-stacked elementor-widget elementor-widget-product-quantity\" data-id=\"c115a29\" data-element_type=\"widget\" data-widget_type=\"product-quantity.default\">\n<div class=\"elementor-widget-container\">\n<div class=\"ce-product-quantity elementor-field-group\"><\/div>\n<\/div>\n<\/div>\n<\/div>\n<\/div>\n<\/div>\n<\/div>\n<\/div>\n<\/section>\n","protected":false},"featured_media":11602,"template":"","meta":{"site-sidebar-layout":"default","site-content-layout":"","ast-site-content-layout":"default","site-content-style":"default","site-sidebar-style":"default","ast-global-header-display":"","ast-banner-title-visibility":"","ast-main-header-display":"","ast-hfb-above-header-display":"","ast-hfb-below-header-display":"","ast-hfb-mobile-header-display":"","site-post-title":"","ast-breadcrumbs-content":"","ast-featured-img":"","footer-sml-layout":"","ast-disable-related-posts":"","theme-transparent-header-meta":"default","adv-header-id-meta":"","stick-header-meta":"","header-above-stick-meta":"","header-main-stick-meta":"","header-below-stick-meta":"","astra-migrate-meta-layouts":"set","ast-page-background-enabled":"default","ast-page-background-meta":{"desktop":{"background-color":"var(--ast-global-color-4)","background-image":"","background-repeat":"repeat","background-position":"center center","background-size":"auto","background-attachment":"scroll","background-type":"","background-media":"","overlay-type":"","overlay-color":"","overlay-opacity":"","overlay-gradient":""},"tablet":{"background-color":"","background-image":"","background-repeat":"repeat","background-position":"center center","background-size":"auto","background-attachment":"scroll","background-type":"","background-media":"","overlay-type":"","overlay-color":"","overlay-opacity":"","overlay-gradient":""},"mobile":{"background-color":"","background-image":"","background-repeat":"repeat","background-position":"center center","background-size":"auto","background-attachment":"scroll","background-type":"","background-media":"","overlay-type":"","overlay-color":"","overlay-opacity":"","overlay-gradient":""}},"ast-content-background-meta":{"desktop":{"background-color":"var(--ast-global-color-5)","background-image":"","background-repeat":"repeat","background-position":"center center","background-size":"auto","background-attachment":"scroll","background-type":"","background-media":"","overlay-type":"","overlay-color":"","overlay-opacity":"","overlay-gradient":""},"tablet":{"background-color":"var(--ast-global-color-5)","background-image":"","background-repeat":"repeat","background-position":"center center","background-size":"auto","background-attachment":"scroll","background-type":"","background-media":"","overlay-type":"","overlay-color":"","overlay-opacity":"","overlay-gradient":""},"mobile":{"background-color":"var(--ast-global-color-5)","background-image":"","background-repeat":"repeat","background-position":"center center","background-size":"auto","background-attachment":"scroll","background-type":"","background-media":"","overlay-type":"","overlay-color":"","overlay-opacity":"","overlay-gradient":""}}},"product_brand":[],"product_cat":[500],"product_tag":[],"entorno":[],"num-hojas":[],"tipo-de-puerta":[],"class_list":{"0":"post-12280","1":"product","2":"type-product","3":"status-publish","4":"has-post-thumbnail","6":"product_cat-chargement-et-dechargement","7":"desktop-align-left","8":"tablet-align-left","9":"mobile-align-left","11":"first","12":"instock","13":"shipping-taxable","14":"product-type-simple"},"yoast_head":"<!-- This site is optimized with the Yoast SEO plugin v27.5 - https:\/\/yoast.com\/product\/yoast-seo-wordpress\/ -->\n<title>Venta de Minirampe ROPER - ROPER<\/title>\n<meta name=\"description\" content=\"Le Minidock est une option \u00e9conomique par rapport au quai de chargement, sans n\u00e9cessit\u00e9 de fosse de chantier, avec une installation simple et rapide sur le mur du quai.\" \/>\n<meta name=\"robots\" content=\"index, follow, max-snippet:-1, max-image-preview:large, max-video-preview:-1\" \/>\n<link rel=\"canonical\" href=\"https:\/\/puertasroper.com\/fr\/produits\/minirampe-roper\/\" \/>\n<meta property=\"og:locale\" content=\"fr_FR\" \/>\n<meta property=\"og:type\" content=\"article\" \/>\n<meta property=\"og:title\" content=\"Venta de Minirampe ROPER - ROPER\" \/>\n<meta property=\"og:description\" content=\"Le Minidock est une option \u00e9conomique par rapport au quai de chargement, sans n\u00e9cessit\u00e9 de fosse de chantier, avec une installation simple et rapide sur le mur du quai.\" \/>\n<meta property=\"og:url\" content=\"https:\/\/puertasroper.com\/fr\/produits\/minirampe-roper\/\" \/>\n<meta property=\"og:site_name\" content=\"ROPER\" \/>\n<meta property=\"article:publisher\" content=\"http:\/\/www.facebook.com\/pages\/Puertas-Roper\/\" \/>\n<meta property=\"article:modified_time\" content=\"2024-02-27T19:03:06+00:00\" \/>\n<meta property=\"og:image\" content=\"https:\/\/puertasroper.com\/wp-content\/uploads\/348.jpg\" \/>\n\t<meta property=\"og:image:width\" content=\"1920\" \/>\n\t<meta property=\"og:image:height\" content=\"1536\" \/>\n\t<meta property=\"og:image:type\" content=\"image\/jpeg\" \/>\n<meta name=\"twitter:label1\" content=\"Est. reading time\" \/>\n\t<meta name=\"twitter:data1\" content=\"1 minute\" \/>\n<script type=\"application\/ld+json\" class=\"yoast-schema-graph\">{\"@context\":\"https:\\\/\\\/schema.org\",\"@graph\":[{\"@type\":\"WebPage\",\"@id\":\"https:\\\/\\\/puertasroper.com\\\/fr\\\/produits\\\/minirampe-roper\\\/\",\"url\":\"https:\\\/\\\/puertasroper.com\\\/fr\\\/produits\\\/minirampe-roper\\\/\",\"name\":\"Venta de Minirampe ROPER - ROPER\",\"isPartOf\":{\"@id\":\"https:\\\/\\\/puertasroper.com\\\/fr\\\/#website\"},\"primaryImageOfPage\":{\"@id\":\"https:\\\/\\\/puertasroper.com\\\/fr\\\/produits\\\/minirampe-roper\\\/#primaryimage\"},\"image\":{\"@id\":\"https:\\\/\\\/puertasroper.com\\\/fr\\\/produits\\\/minirampe-roper\\\/#primaryimage\"},\"thumbnailUrl\":\"https:\\\/\\\/puertasroper.com\\\/wp-content\\\/uploads\\\/348.jpg\",\"datePublished\":\"2023-11-27T03:55:33+00:00\",\"dateModified\":\"2024-02-27T19:03:06+00:00\",\"description\":\"Le Minidock est une option \u00e9conomique par rapport au quai de chargement, sans n\u00e9cessit\u00e9 de fosse de chantier, avec une installation simple et rapide sur le mur du quai.\",\"breadcrumb\":{\"@id\":\"https:\\\/\\\/puertasroper.com\\\/fr\\\/produits\\\/minirampe-roper\\\/#breadcrumb\"},\"inLanguage\":\"fr-FR\",\"potentialAction\":[{\"@type\":\"ReadAction\",\"target\":[\"https:\\\/\\\/puertasroper.com\\\/fr\\\/produits\\\/minirampe-roper\\\/\"]}]},{\"@type\":\"ImageObject\",\"inLanguage\":\"fr-FR\",\"@id\":\"https:\\\/\\\/puertasroper.com\\\/fr\\\/produits\\\/minirampe-roper\\\/#primaryimage\",\"url\":\"https:\\\/\\\/puertasroper.com\\\/wp-content\\\/uploads\\\/348.jpg\",\"contentUrl\":\"https:\\\/\\\/puertasroper.com\\\/wp-content\\\/uploads\\\/348.jpg\",\"width\":1920,\"height\":1536},{\"@type\":\"BreadcrumbList\",\"@id\":\"https:\\\/\\\/puertasroper.com\\\/fr\\\/produits\\\/minirampe-roper\\\/#breadcrumb\",\"itemListElement\":[{\"@type\":\"ListItem\",\"position\":1,\"name\":\"Portada\",\"item\":\"https:\\\/\\\/puertasroper.com\\\/fr\\\/\"},{\"@type\":\"ListItem\",\"position\":2,\"name\":\"Boutique\",\"item\":\"https:\\\/\\\/puertasroper.com\\\/fr\\\/boutique\\\/\"},{\"@type\":\"ListItem\",\"position\":3,\"name\":\"MINIRAMPE ROPER\"}]},{\"@type\":\"WebSite\",\"@id\":\"https:\\\/\\\/puertasroper.com\\\/fr\\\/#website\",\"url\":\"https:\\\/\\\/puertasroper.com\\\/fr\\\/\",\"name\":\"ROPER\",\"description\":\"Puertas Met\u00e1licas | Automatismos | Puertas de Garaje | Paneles Sandwich\",\"publisher\":{\"@id\":\"https:\\\/\\\/puertasroper.com\\\/fr\\\/#organization\"},\"potentialAction\":[{\"@type\":\"SearchAction\",\"target\":{\"@type\":\"EntryPoint\",\"urlTemplate\":\"https:\\\/\\\/puertasroper.com\\\/fr\\\/?s={search_term_string}\"},\"query-input\":{\"@type\":\"PropertyValueSpecification\",\"valueRequired\":true,\"valueName\":\"search_term_string\"}}],\"inLanguage\":\"fr-FR\"},{\"@type\":\"Organization\",\"@id\":\"https:\\\/\\\/puertasroper.com\\\/fr\\\/#organization\",\"name\":\"Puertas Roper\",\"url\":\"https:\\\/\\\/puertasroper.com\\\/fr\\\/\",\"logo\":{\"@type\":\"ImageObject\",\"inLanguage\":\"fr-FR\",\"@id\":\"https:\\\/\\\/puertasroper.com\\\/fr\\\/#\\\/schema\\\/logo\\\/image\\\/\",\"url\":\"https:\\\/\\\/puertasroper.com\\\/wp-content\\\/uploads\\\/logo_roper_60-aniversario_WH-1.png\",\"contentUrl\":\"https:\\\/\\\/puertasroper.com\\\/wp-content\\\/uploads\\\/logo_roper_60-aniversario_WH-1.png\",\"width\":752,\"height\":394,\"caption\":\"Puertas Roper\"},\"image\":{\"@id\":\"https:\\\/\\\/puertasroper.com\\\/fr\\\/#\\\/schema\\\/logo\\\/image\\\/\"},\"sameAs\":[\"http:\\\/\\\/www.facebook.com\\\/pages\\\/Puertas-Roper\\\/\",\"https:\\\/\\\/x.com\\\/puertasroper\"]}]}<\/script>\n<!-- \/ Yoast SEO plugin. -->","yoast_head_json":{"title":"Venta de Minirampe ROPER - ROPER","description":"Le Minidock est une option \u00e9conomique par rapport au quai de chargement, sans n\u00e9cessit\u00e9 de fosse de chantier, avec une installation simple et rapide sur le mur du quai.","robots":{"index":"index","follow":"follow","max-snippet":"max-snippet:-1","max-image-preview":"max-image-preview:large","max-video-preview":"max-video-preview:-1"},"canonical":"https:\/\/puertasroper.com\/fr\/produits\/minirampe-roper\/","og_locale":"fr_FR","og_type":"article","og_title":"Venta de Minirampe ROPER - ROPER","og_description":"Le Minidock est une option \u00e9conomique par rapport au quai de chargement, sans n\u00e9cessit\u00e9 de fosse de chantier, avec une installation simple et rapide sur le mur du quai.","og_url":"https:\/\/puertasroper.com\/fr\/produits\/minirampe-roper\/","og_site_name":"ROPER","article_publisher":"http:\/\/www.facebook.com\/pages\/Puertas-Roper\/","article_modified_time":"2024-02-27T19:03:06+00:00","og_image":[{"width":1920,"height":1536,"url":"https:\/\/puertasroper.com\/wp-content\/uploads\/348.jpg","type":"image\/jpeg"}],"twitter_misc":{"Est. reading time":"1 minute"},"schema":{"@context":"https:\/\/schema.org","@graph":[{"@type":"WebPage","@id":"https:\/\/puertasroper.com\/fr\/produits\/minirampe-roper\/","url":"https:\/\/puertasroper.com\/fr\/produits\/minirampe-roper\/","name":"Venta de Minirampe ROPER - ROPER","isPartOf":{"@id":"https:\/\/puertasroper.com\/fr\/#website"},"primaryImageOfPage":{"@id":"https:\/\/puertasroper.com\/fr\/produits\/minirampe-roper\/#primaryimage"},"image":{"@id":"https:\/\/puertasroper.com\/fr\/produits\/minirampe-roper\/#primaryimage"},"thumbnailUrl":"https:\/\/puertasroper.com\/wp-content\/uploads\/348.jpg","datePublished":"2023-11-27T03:55:33+00:00","dateModified":"2024-02-27T19:03:06+00:00","description":"Le Minidock est une option \u00e9conomique par rapport au quai de chargement, sans n\u00e9cessit\u00e9 de fosse de chantier, avec une installation simple et rapide sur le mur du quai.","breadcrumb":{"@id":"https:\/\/puertasroper.com\/fr\/produits\/minirampe-roper\/#breadcrumb"},"inLanguage":"fr-FR","potentialAction":[{"@type":"ReadAction","target":["https:\/\/puertasroper.com\/fr\/produits\/minirampe-roper\/"]}]},{"@type":"ImageObject","inLanguage":"fr-FR","@id":"https:\/\/puertasroper.com\/fr\/produits\/minirampe-roper\/#primaryimage","url":"https:\/\/puertasroper.com\/wp-content\/uploads\/348.jpg","contentUrl":"https:\/\/puertasroper.com\/wp-content\/uploads\/348.jpg","width":1920,"height":1536},{"@type":"BreadcrumbList","@id":"https:\/\/puertasroper.com\/fr\/produits\/minirampe-roper\/#breadcrumb","itemListElement":[{"@type":"ListItem","position":1,"name":"Portada","item":"https:\/\/puertasroper.com\/fr\/"},{"@type":"ListItem","position":2,"name":"Boutique","item":"https:\/\/puertasroper.com\/fr\/boutique\/"},{"@type":"ListItem","position":3,"name":"MINIRAMPE ROPER"}]},{"@type":"WebSite","@id":"https:\/\/puertasroper.com\/fr\/#website","url":"https:\/\/puertasroper.com\/fr\/","name":"ROPER","description":"Puertas Met\u00e1licas | Automatismos | Puertas de Garaje | Paneles Sandwich","publisher":{"@id":"https:\/\/puertasroper.com\/fr\/#organization"},"potentialAction":[{"@type":"SearchAction","target":{"@type":"EntryPoint","urlTemplate":"https:\/\/puertasroper.com\/fr\/?s={search_term_string}"},"query-input":{"@type":"PropertyValueSpecification","valueRequired":true,"valueName":"search_term_string"}}],"inLanguage":"fr-FR"},{"@type":"Organization","@id":"https:\/\/puertasroper.com\/fr\/#organization","name":"Puertas Roper","url":"https:\/\/puertasroper.com\/fr\/","logo":{"@type":"ImageObject","inLanguage":"fr-FR","@id":"https:\/\/puertasroper.com\/fr\/#\/schema\/logo\/image\/","url":"https:\/\/puertasroper.com\/wp-content\/uploads\/logo_roper_60-aniversario_WH-1.png","contentUrl":"https:\/\/puertasroper.com\/wp-content\/uploads\/logo_roper_60-aniversario_WH-1.png","width":752,"height":394,"caption":"Puertas Roper"},"image":{"@id":"https:\/\/puertasroper.com\/fr\/#\/schema\/logo\/image\/"},"sameAs":["http:\/\/www.facebook.com\/pages\/Puertas-Roper\/","https:\/\/x.com\/puertasroper"]}]}},"_links":{"self":[{"href":"https:\/\/puertasroper.com\/fr\/wp-json\/wp\/v2\/product\/12280","targetHints":{"allow":["GET"]}}],"collection":[{"href":"https:\/\/puertasroper.com\/fr\/wp-json\/wp\/v2\/product"}],"about":[{"href":"https:\/\/puertasroper.com\/fr\/wp-json\/wp\/v2\/types\/product"}],"wp:featuredmedia":[{"embeddable":true,"href":"https:\/\/puertasroper.com\/fr\/wp-json\/wp\/v2\/media\/11602"}],"wp:attachment":[{"href":"https:\/\/puertasroper.com\/fr\/wp-json\/wp\/v2\/media?parent=12280"}],"wp:term":[{"taxonomy":"product_brand","embeddable":true,"href":"https:\/\/puertasroper.com\/fr\/wp-json\/wp\/v2\/product_brand?post=12280"},{"taxonomy":"product_cat","embeddable":true,"href":"https:\/\/puertasroper.com\/fr\/wp-json\/wp\/v2\/product_cat?post=12280"},{"taxonomy":"product_tag","embeddable":true,"href":"https:\/\/puertasroper.com\/fr\/wp-json\/wp\/v2\/product_tag?post=12280"},{"taxonomy":"entorno","embeddable":true,"href":"https:\/\/puertasroper.com\/fr\/wp-json\/wp\/v2\/entorno?post=12280"},{"taxonomy":"num-hojas","embeddable":true,"href":"https:\/\/puertasroper.com\/fr\/wp-json\/wp\/v2\/num-hojas?post=12280"},{"taxonomy":"tipo-de-puerta","embeddable":true,"href":"https:\/\/puertasroper.com\/fr\/wp-json\/wp\/v2\/tipo-de-puerta?post=12280"}],"curies":[{"name":"wp","href":"https:\/\/api.w.org\/{rel}","templated":true}]}}