{"id":12281,"date":"2023-11-27T04:47:50","date_gmt":"2023-11-27T03:47:50","guid":{"rendered":"https:\/\/puertasroper.com\/productos\/registro-multiuso\/"},"modified":"2024-02-27T20:07:50","modified_gmt":"2024-02-27T19:07:50","slug":"registre-multi-usages","status":"publish","type":"product","link":"https:\/\/puertasroper.com\/fr\/produits\/registre-multi-usages\/","title":{"rendered":"REGISTRE MULTI-USAGES"},"content":{"rendered":"<p><strong>Ficha T\u00e9cnica<\/strong><\/p>\n<p>REGISTRE MULTI-USAGES<\/p>\n<p>Registre avec couvercle en acier galvanis\u00e9 id\u00e9al pour \u00eatre install\u00e9 dans des espaces o\u00f9 un acc\u00e8s aux services cach\u00e9s est n\u00e9cessaire, tels que l&#8217;eau, le t\u00e9l\u00e9phone, etc. Sa grande polyvalence, ainsi que sa vari\u00e9t\u00e9 de dimensions et de finitions, lui conf\u00e8rent une int\u00e9gration parfaite dans les projets.<\/p>\n<p>Cadre<\/p>\n<p>Fabriqu\u00e9 en t\u00f4le d&#8217;acier galvanis\u00e9. Compos\u00e9 de 4 profils formant une structure p\u00e9rim\u00e9trique. \u00c9quip\u00e9 de pattes de fixation pour fixer dans l&#8217;espace, lorsqu&#8217;il est directement encastr\u00e9 dans la structure du b\u00e2timent.<\/p>\n<p>Feuille<\/p>\n<p>Fabriqu\u00e9e en t\u00f4le d&#8217;acier galvanis\u00e9.<\/p>\n<p>Charni\u00e8res<\/p>\n<p>Deux charni\u00e8res dissimul\u00e9es compos\u00e9es de deux pi\u00e8ces et un axe, fabriqu\u00e9es en acier galvanis\u00e9 d&#8217;une \u00e9paisseur de 2 mm et fix\u00e9es au cadre et \u00e0 la feuille par des vis.<\/p>\n<p>Serrure<\/p>\n<p>Fermeture avec un quart de tour pour une cl\u00e9 triangulaire.<\/p>\n<p>Finitions<\/p>\n<p>Cadre et feuille en t\u00f4le d&#8217;acier galvanis\u00e9. Peint en couleur RAL 9010 (finition sp\u00e9ciale). En option, il peut \u00eatre peint selon le nuancier RAL (finition facultative).<\/p>\n<p>Variantes accept\u00e9es<\/p>\n<p>Feuille ventil\u00e9e Serrure \u00e0 quart de tour et cylindre. Serrure \u00e0 quart de tour pour cl\u00e9 carr\u00e9e. (Pour un autre type de serrure, veuillez consulter notre service commercial).<\/p>\n<p>&nbsp;<\/p>\n<div class=\"elementor-element elementor-element-b0a3d60 elementor-widget elementor-widget-heading\" data-id=\"b0a3d60\" data-element_type=\"widget\" data-widget_type=\"heading.default\">\n<div class=\"elementor-widget-container\">\n<h2 class=\"elementor-heading-title elementor-size-default\"><\/h2>\n<\/div>\n<\/div>\n<div class=\"elementor-element elementor-element-5cf9a0c elementor-widget elementor-widget-product-description elementor-widget-text-editor\" data-id=\"5cf9a0c\" data-element_type=\"widget\" data-widget_type=\"product-description.default\">\n<div class=\"elementor-widget-container\"><\/div>\n<\/div>\n","protected":false},"excerpt":{"rendered":"<p>Le Registre Multi-Usage avec couvercle en acier galvanis\u00e9 est id\u00e9al pour \u00eatre install\u00e9 dans des espaces o\u00f9 un acc\u00e8s \u00e0 des services cach\u00e9s est n\u00e9cessaire, tels que l&#8217;eau, le t\u00e9l\u00e9phone, etc. La grande polyvalence et la vari\u00e9t\u00e9 de dimensions et de finitions du Registre Multi-Usage lui conf\u00e8rent une int\u00e9gration parfaite dans les projets.<\/p>\n","protected":false},"featured_media":11672,"template":"","meta":{"site-sidebar-layout":"default","site-content-layout":"","ast-site-content-layout":"default","site-content-style":"default","site-sidebar-style":"default","ast-global-header-display":"","ast-banner-title-visibility":"","ast-main-header-display":"","ast-hfb-above-header-display":"","ast-hfb-below-header-display":"","ast-hfb-mobile-header-display":"","site-post-title":"","ast-breadcrumbs-content":"","ast-featured-img":"","footer-sml-layout":"","ast-disable-related-posts":"","theme-transparent-header-meta":"default","adv-header-id-meta":"","stick-header-meta":"","header-above-stick-meta":"","header-main-stick-meta":"","header-below-stick-meta":"","astra-migrate-meta-layouts":"set","ast-page-background-enabled":"default","ast-page-background-meta":{"desktop":{"background-color":"var(--ast-global-color-4)","background-image":"","background-repeat":"repeat","background-position":"center center","background-size":"auto","background-attachment":"scroll","background-type":"","background-media":"","overlay-type":"","overlay-color":"","overlay-opacity":"","overlay-gradient":""},"tablet":{"background-color":"","background-image":"","background-repeat":"repeat","background-position":"center center","background-size":"auto","background-attachment":"scroll","background-type":"","background-media":"","overlay-type":"","overlay-color":"","overlay-opacity":"","overlay-gradient":""},"mobile":{"background-color":"","background-image":"","background-repeat":"repeat","background-position":"center center","background-size":"auto","background-attachment":"scroll","background-type":"","background-media":"","overlay-type":"","overlay-color":"","overlay-opacity":"","overlay-gradient":""}},"ast-content-background-meta":{"desktop":{"background-color":"var(--ast-global-color-5)","background-image":"","background-repeat":"repeat","background-position":"center center","background-size":"auto","background-attachment":"scroll","background-type":"","background-media":"","overlay-type":"","overlay-color":"","overlay-opacity":"","overlay-gradient":""},"tablet":{"background-color":"var(--ast-global-color-5)","background-image":"","background-repeat":"repeat","background-position":"center center","background-size":"auto","background-attachment":"scroll","background-type":"","background-media":"","overlay-type":"","overlay-color":"","overlay-opacity":"","overlay-gradient":""},"mobile":{"background-color":"var(--ast-global-color-5)","background-image":"","background-repeat":"repeat","background-position":"center center","background-size":"auto","background-attachment":"scroll","background-type":"","background-media":"","overlay-type":"","overlay-color":"","overlay-opacity":"","overlay-gradient":""}}},"product_brand":[],"product_cat":[499],"product_tag":[],"entorno":[],"num-hojas":[411],"tipo-de-puerta":[],"class_list":{"0":"post-12281","1":"product","2":"type-product","3":"status-publish","4":"has-post-thumbnail","6":"product_cat-coffrets-de-registre","7":"num-hojas-una","8":"desktop-align-left","9":"tablet-align-left","10":"mobile-align-left","12":"first","13":"instock","14":"shipping-taxable","15":"product-type-simple"},"yoast_head":"<!-- This site is optimized with the Yoast SEO plugin v27.5 - https:\/\/yoast.com\/product\/yoast-seo-wordpress\/ -->\n<title>Le meilleur Registre Multiusage - ROPER<\/title>\n<meta name=\"description\" content=\"Registre avec couvercle en acier galvanis\u00e9 : une solution id\u00e9ale pour acc\u00e9der aux services cach\u00e9s tels que l&#039;eau ou le t\u00e9l\u00e9phone. Polyvalent, disponible en diff\u00e9rentes tailles.\" \/>\n<meta name=\"robots\" content=\"index, follow, max-snippet:-1, max-image-preview:large, max-video-preview:-1\" \/>\n<link rel=\"canonical\" href=\"https:\/\/puertasroper.com\/fr\/produits\/registre-multi-usages\/\" \/>\n<meta property=\"og:locale\" content=\"fr_FR\" \/>\n<meta property=\"og:type\" content=\"article\" \/>\n<meta property=\"og:title\" content=\"Le meilleur Registre Multiusage - ROPER\" \/>\n<meta property=\"og:description\" content=\"Registre avec couvercle en acier galvanis\u00e9 : une solution id\u00e9ale pour acc\u00e9der aux services cach\u00e9s tels que l&#039;eau ou le t\u00e9l\u00e9phone. Polyvalent, disponible en diff\u00e9rentes tailles.\" \/>\n<meta property=\"og:url\" content=\"https:\/\/puertasroper.com\/fr\/produits\/registre-multi-usages\/\" \/>\n<meta property=\"og:site_name\" content=\"ROPER\" \/>\n<meta property=\"article:publisher\" content=\"http:\/\/www.facebook.com\/pages\/Puertas-Roper\/\" \/>\n<meta property=\"article:modified_time\" content=\"2024-02-27T19:07:50+00:00\" \/>\n<meta property=\"og:image\" content=\"https:\/\/puertasroper.com\/wp-content\/uploads\/registro_multiusos_roper.png\" \/>\n\t<meta property=\"og:image:width\" content=\"2160\" \/>\n\t<meta property=\"og:image:height\" content=\"1080\" \/>\n\t<meta property=\"og:image:type\" content=\"image\/png\" \/>\n<meta name=\"twitter:label1\" content=\"Est. reading time\" \/>\n\t<meta name=\"twitter:data1\" content=\"2 minutes\" \/>\n<script type=\"application\/ld+json\" class=\"yoast-schema-graph\">{\"@context\":\"https:\\\/\\\/schema.org\",\"@graph\":[{\"@type\":\"WebPage\",\"@id\":\"https:\\\/\\\/puertasroper.com\\\/fr\\\/produits\\\/registre-multi-usages\\\/\",\"url\":\"https:\\\/\\\/puertasroper.com\\\/fr\\\/produits\\\/registre-multi-usages\\\/\",\"name\":\"Le meilleur Registre Multiusage - ROPER\",\"isPartOf\":{\"@id\":\"https:\\\/\\\/puertasroper.com\\\/fr\\\/#website\"},\"primaryImageOfPage\":{\"@id\":\"https:\\\/\\\/puertasroper.com\\\/fr\\\/produits\\\/registre-multi-usages\\\/#primaryimage\"},\"image\":{\"@id\":\"https:\\\/\\\/puertasroper.com\\\/fr\\\/produits\\\/registre-multi-usages\\\/#primaryimage\"},\"thumbnailUrl\":\"https:\\\/\\\/puertasroper.com\\\/wp-content\\\/uploads\\\/registro_multiusos_roper.png\",\"datePublished\":\"2023-11-27T03:47:50+00:00\",\"dateModified\":\"2024-02-27T19:07:50+00:00\",\"description\":\"Registre avec couvercle en acier galvanis\u00e9 : une solution id\u00e9ale pour acc\u00e9der aux services cach\u00e9s tels que l'eau ou le t\u00e9l\u00e9phone. Polyvalent, disponible en diff\u00e9rentes tailles.\",\"breadcrumb\":{\"@id\":\"https:\\\/\\\/puertasroper.com\\\/fr\\\/produits\\\/registre-multi-usages\\\/#breadcrumb\"},\"inLanguage\":\"fr-FR\",\"potentialAction\":[{\"@type\":\"ReadAction\",\"target\":[\"https:\\\/\\\/puertasroper.com\\\/fr\\\/produits\\\/registre-multi-usages\\\/\"]}]},{\"@type\":\"ImageObject\",\"inLanguage\":\"fr-FR\",\"@id\":\"https:\\\/\\\/puertasroper.com\\\/fr\\\/produits\\\/registre-multi-usages\\\/#primaryimage\",\"url\":\"https:\\\/\\\/puertasroper.com\\\/wp-content\\\/uploads\\\/registro_multiusos_roper.png\",\"contentUrl\":\"https:\\\/\\\/puertasroper.com\\\/wp-content\\\/uploads\\\/registro_multiusos_roper.png\",\"width\":2160,\"height\":1080},{\"@type\":\"BreadcrumbList\",\"@id\":\"https:\\\/\\\/puertasroper.com\\\/fr\\\/produits\\\/registre-multi-usages\\\/#breadcrumb\",\"itemListElement\":[{\"@type\":\"ListItem\",\"position\":1,\"name\":\"Portada\",\"item\":\"https:\\\/\\\/puertasroper.com\\\/fr\\\/\"},{\"@type\":\"ListItem\",\"position\":2,\"name\":\"Boutique\",\"item\":\"https:\\\/\\\/puertasroper.com\\\/fr\\\/boutique\\\/\"},{\"@type\":\"ListItem\",\"position\":3,\"name\":\"REGISTRE MULTI-USAGES\"}]},{\"@type\":\"WebSite\",\"@id\":\"https:\\\/\\\/puertasroper.com\\\/fr\\\/#website\",\"url\":\"https:\\\/\\\/puertasroper.com\\\/fr\\\/\",\"name\":\"ROPER\",\"description\":\"Puertas Met\u00e1licas | Automatismos | Puertas de Garaje | Paneles Sandwich\",\"publisher\":{\"@id\":\"https:\\\/\\\/puertasroper.com\\\/fr\\\/#organization\"},\"potentialAction\":[{\"@type\":\"SearchAction\",\"target\":{\"@type\":\"EntryPoint\",\"urlTemplate\":\"https:\\\/\\\/puertasroper.com\\\/fr\\\/?s={search_term_string}\"},\"query-input\":{\"@type\":\"PropertyValueSpecification\",\"valueRequired\":true,\"valueName\":\"search_term_string\"}}],\"inLanguage\":\"fr-FR\"},{\"@type\":\"Organization\",\"@id\":\"https:\\\/\\\/puertasroper.com\\\/fr\\\/#organization\",\"name\":\"Puertas Roper\",\"url\":\"https:\\\/\\\/puertasroper.com\\\/fr\\\/\",\"logo\":{\"@type\":\"ImageObject\",\"inLanguage\":\"fr-FR\",\"@id\":\"https:\\\/\\\/puertasroper.com\\\/fr\\\/#\\\/schema\\\/logo\\\/image\\\/\",\"url\":\"https:\\\/\\\/puertasroper.com\\\/wp-content\\\/uploads\\\/logo_roper_60-aniversario_WH-1.png\",\"contentUrl\":\"https:\\\/\\\/puertasroper.com\\\/wp-content\\\/uploads\\\/logo_roper_60-aniversario_WH-1.png\",\"width\":752,\"height\":394,\"caption\":\"Puertas Roper\"},\"image\":{\"@id\":\"https:\\\/\\\/puertasroper.com\\\/fr\\\/#\\\/schema\\\/logo\\\/image\\\/\"},\"sameAs\":[\"http:\\\/\\\/www.facebook.com\\\/pages\\\/Puertas-Roper\\\/\",\"https:\\\/\\\/x.com\\\/puertasroper\"]}]}<\/script>\n<!-- \/ Yoast SEO plugin. -->","yoast_head_json":{"title":"Le meilleur Registre Multiusage - ROPER","description":"Registre avec couvercle en acier galvanis\u00e9 : une solution id\u00e9ale pour acc\u00e9der aux services cach\u00e9s tels que l'eau ou le t\u00e9l\u00e9phone. Polyvalent, disponible en diff\u00e9rentes tailles.","robots":{"index":"index","follow":"follow","max-snippet":"max-snippet:-1","max-image-preview":"max-image-preview:large","max-video-preview":"max-video-preview:-1"},"canonical":"https:\/\/puertasroper.com\/fr\/produits\/registre-multi-usages\/","og_locale":"fr_FR","og_type":"article","og_title":"Le meilleur Registre Multiusage - ROPER","og_description":"Registre avec couvercle en acier galvanis\u00e9 : une solution id\u00e9ale pour acc\u00e9der aux services cach\u00e9s tels que l'eau ou le t\u00e9l\u00e9phone. Polyvalent, disponible en diff\u00e9rentes tailles.","og_url":"https:\/\/puertasroper.com\/fr\/produits\/registre-multi-usages\/","og_site_name":"ROPER","article_publisher":"http:\/\/www.facebook.com\/pages\/Puertas-Roper\/","article_modified_time":"2024-02-27T19:07:50+00:00","og_image":[{"width":2160,"height":1080,"url":"https:\/\/puertasroper.com\/wp-content\/uploads\/registro_multiusos_roper.png","type":"image\/png"}],"twitter_misc":{"Est. reading time":"2 minutes"},"schema":{"@context":"https:\/\/schema.org","@graph":[{"@type":"WebPage","@id":"https:\/\/puertasroper.com\/fr\/produits\/registre-multi-usages\/","url":"https:\/\/puertasroper.com\/fr\/produits\/registre-multi-usages\/","name":"Le meilleur Registre Multiusage - ROPER","isPartOf":{"@id":"https:\/\/puertasroper.com\/fr\/#website"},"primaryImageOfPage":{"@id":"https:\/\/puertasroper.com\/fr\/produits\/registre-multi-usages\/#primaryimage"},"image":{"@id":"https:\/\/puertasroper.com\/fr\/produits\/registre-multi-usages\/#primaryimage"},"thumbnailUrl":"https:\/\/puertasroper.com\/wp-content\/uploads\/registro_multiusos_roper.png","datePublished":"2023-11-27T03:47:50+00:00","dateModified":"2024-02-27T19:07:50+00:00","description":"Registre avec couvercle en acier galvanis\u00e9 : une solution id\u00e9ale pour acc\u00e9der aux services cach\u00e9s tels que l'eau ou le t\u00e9l\u00e9phone. Polyvalent, disponible en diff\u00e9rentes tailles.","breadcrumb":{"@id":"https:\/\/puertasroper.com\/fr\/produits\/registre-multi-usages\/#breadcrumb"},"inLanguage":"fr-FR","potentialAction":[{"@type":"ReadAction","target":["https:\/\/puertasroper.com\/fr\/produits\/registre-multi-usages\/"]}]},{"@type":"ImageObject","inLanguage":"fr-FR","@id":"https:\/\/puertasroper.com\/fr\/produits\/registre-multi-usages\/#primaryimage","url":"https:\/\/puertasroper.com\/wp-content\/uploads\/registro_multiusos_roper.png","contentUrl":"https:\/\/puertasroper.com\/wp-content\/uploads\/registro_multiusos_roper.png","width":2160,"height":1080},{"@type":"BreadcrumbList","@id":"https:\/\/puertasroper.com\/fr\/produits\/registre-multi-usages\/#breadcrumb","itemListElement":[{"@type":"ListItem","position":1,"name":"Portada","item":"https:\/\/puertasroper.com\/fr\/"},{"@type":"ListItem","position":2,"name":"Boutique","item":"https:\/\/puertasroper.com\/fr\/boutique\/"},{"@type":"ListItem","position":3,"name":"REGISTRE MULTI-USAGES"}]},{"@type":"WebSite","@id":"https:\/\/puertasroper.com\/fr\/#website","url":"https:\/\/puertasroper.com\/fr\/","name":"ROPER","description":"Puertas Met\u00e1licas | Automatismos | Puertas de Garaje | Paneles Sandwich","publisher":{"@id":"https:\/\/puertasroper.com\/fr\/#organization"},"potentialAction":[{"@type":"SearchAction","target":{"@type":"EntryPoint","urlTemplate":"https:\/\/puertasroper.com\/fr\/?s={search_term_string}"},"query-input":{"@type":"PropertyValueSpecification","valueRequired":true,"valueName":"search_term_string"}}],"inLanguage":"fr-FR"},{"@type":"Organization","@id":"https:\/\/puertasroper.com\/fr\/#organization","name":"Puertas Roper","url":"https:\/\/puertasroper.com\/fr\/","logo":{"@type":"ImageObject","inLanguage":"fr-FR","@id":"https:\/\/puertasroper.com\/fr\/#\/schema\/logo\/image\/","url":"https:\/\/puertasroper.com\/wp-content\/uploads\/logo_roper_60-aniversario_WH-1.png","contentUrl":"https:\/\/puertasroper.com\/wp-content\/uploads\/logo_roper_60-aniversario_WH-1.png","width":752,"height":394,"caption":"Puertas Roper"},"image":{"@id":"https:\/\/puertasroper.com\/fr\/#\/schema\/logo\/image\/"},"sameAs":["http:\/\/www.facebook.com\/pages\/Puertas-Roper\/","https:\/\/x.com\/puertasroper"]}]}},"_links":{"self":[{"href":"https:\/\/puertasroper.com\/fr\/wp-json\/wp\/v2\/product\/12281","targetHints":{"allow":["GET"]}}],"collection":[{"href":"https:\/\/puertasroper.com\/fr\/wp-json\/wp\/v2\/product"}],"about":[{"href":"https:\/\/puertasroper.com\/fr\/wp-json\/wp\/v2\/types\/product"}],"wp:featuredmedia":[{"embeddable":true,"href":"https:\/\/puertasroper.com\/fr\/wp-json\/wp\/v2\/media\/11672"}],"wp:attachment":[{"href":"https:\/\/puertasroper.com\/fr\/wp-json\/wp\/v2\/media?parent=12281"}],"wp:term":[{"taxonomy":"product_brand","embeddable":true,"href":"https:\/\/puertasroper.com\/fr\/wp-json\/wp\/v2\/product_brand?post=12281"},{"taxonomy":"product_cat","embeddable":true,"href":"https:\/\/puertasroper.com\/fr\/wp-json\/wp\/v2\/product_cat?post=12281"},{"taxonomy":"product_tag","embeddable":true,"href":"https:\/\/puertasroper.com\/fr\/wp-json\/wp\/v2\/product_tag?post=12281"},{"taxonomy":"entorno","embeddable":true,"href":"https:\/\/puertasroper.com\/fr\/wp-json\/wp\/v2\/entorno?post=12281"},{"taxonomy":"num-hojas","embeddable":true,"href":"https:\/\/puertasroper.com\/fr\/wp-json\/wp\/v2\/num-hojas?post=12281"},{"taxonomy":"tipo-de-puerta","embeddable":true,"href":"https:\/\/puertasroper.com\/fr\/wp-json\/wp\/v2\/tipo-de-puerta?post=12281"}],"curies":[{"name":"wp","href":"https:\/\/api.w.org\/{rel}","templated":true}]}}