{"id":12285,"date":"2023-11-21T14:09:37","date_gmt":"2023-11-21T13:09:37","guid":{"rendered":"https:\/\/puertasroper.com\/productos\/puerta-batiente-cancela\/"},"modified":"2024-02-28T13:07:17","modified_gmt":"2024-02-28T12:07:17","slug":"porte-battante-grillage","status":"publish","type":"product","link":"https:\/\/puertasroper.com\/fr\/produits\/porte-battante-grillage\/","title":{"rendered":"PORTE BATTANTE GRILLAGE"},"content":{"rendered":"<div class=\"elementor-element elementor-element-b0a3d60 elementor-widget elementor-widget-heading\" data-id=\"b0a3d60\" data-element_type=\"widget\" data-widget_type=\"heading.default\">\n<div class=\"elementor-widget-container\">\n<h2 class=\"elementor-heading-title elementor-size-default\">Fiche technique<\/h2>\n<\/div>\n<\/div>\n<div class=\"elementor-element elementor-element-5cf9a0c elementor-widget elementor-widget-product-description elementor-widget-text-editor\" data-id=\"5cf9a0c\" data-element_type=\"widget\" data-widget_type=\"product-description.default\">\n<div class=\"elementor-widget-container\">\n<div class=\"ce-product-description\">\n<table>\n<tbody>\n<tr>\n<td>Portail battant \u00e0 un ou deux vantaux avec structure tubulaire en acier compos\u00e9e des \u00e9l\u00e9ments suivants.<\/p>\n<p><img fetchpriority=\"high\" decoding=\"async\" class=\"aligncenter wp-image-8261 size-full\" src=\"https:\/\/puertasroper.com\/wp-content\/uploads\/puerta-batiente-cancela.png\" alt=\"\" width=\"584\" height=\"494\" srcset=\"https:\/\/puertasroper.com\/wp-content\/uploads\/puerta-batiente-cancela.png 584w, https:\/\/puertasroper.com\/wp-content\/uploads\/puerta-batiente-cancela-300x254.png 300w\" sizes=\"(max-width: 584px) 100vw, 584px\" \/><\/p>\n<p>Son fonctionnement est bas\u00e9 sur un ou deux vantaux, fix\u00e9s \u00e0 un cadre lat\u00e9ral par des roulements \u00e0 rouleaux et pivotant perpendiculairement au sol.<\/p>\n<p>Vantail<\/p>\n<p>Le cadre est fabriqu\u00e9 en tube lamin\u00e9 \u00e0 froid et renforc\u00e9 \u00e0 l&#8217;int\u00e9rieur avec des renforts tubulaires pour \u00e9viter la d\u00e9formation et augmenter la r\u00e9sistance au vent.<\/p>\n<p>Les tubes utilis\u00e9s pour la fabrication de ce type de portes sont les suivants :<\/p>\n<p>D\u00e9cap\u00e9s : Tubes de 80&#215;40 ou 60&#215;30 de qualit\u00e9 E-220 selon la norme UNE EN 10305-5.<\/p>\n<p>Galvanis\u00e9s : Tubes de 80&#215;40 ou 60&#215;30 de qualit\u00e9 E-220 + Z-275-NAC selon la norme UNE EN 10305-5.<\/p>\n<h3>Fermeture du vantail<\/h3>\n<p>La Porte Industrielle Battante \u00e0 un ou deux vantaux est fabriqu\u00e9e avec trois types de fermetures de vantail diff\u00e9rentes :<\/p>\n<p>T\u00f4le : Les t\u00f4les sont form\u00e9es par des bandes pr\u00e9laqu\u00e9es en acier, DX51 selon la norme EN-10142, d&#8217;une \u00e9paisseur moyenne de 0,6 mm sans film pelable, nervur\u00e9es en modules de 200 mm, mont\u00e9es verticalement ou horizontalement, soud\u00e9es en compression sur le cadre du vantail. Panneau Sandwich : Panneau de 40 mm d&#8217;\u00e9paisseur. Il est fabriqu\u00e9 avec une t\u00f4le pr\u00e9laqu\u00e9e sur acier galvanis\u00e9, selon la norme EN-10142. L&#8217;int\u00e9rieur du panneau est compos\u00e9 de polyur\u00e9thane expans\u00e9 avec une densit\u00e9 moyenne de 40 kg\/m\u00b3, exempt de CFC et HCFC. Deux formats de panneau sont utilis\u00e9s, l&#8217;un de 500 mm de hauteur et l&#8217;autre de 610 mm. Barreaux : Ils sont form\u00e9s par des tubes de 20&#215;20, 40&#215;20, 40&#215;30 ou 60&#215;30 galvanis\u00e9s de qualit\u00e9 E-220 + Z-275-NAC selon la norme UNE EN 10305-5.<\/p>\n<p><img decoding=\"async\" class=\"aligncenter wp-image-8262 size-full\" src=\"https:\/\/puertasroper.com\/wp-content\/uploads\/puerta-batiente-cancela-2.png\" alt=\"\" width=\"611\" height=\"187\" srcset=\"https:\/\/puertasroper.com\/wp-content\/uploads\/puerta-batiente-cancela-2.png 611w, https:\/\/puertasroper.com\/wp-content\/uploads\/puerta-batiente-cancela-2-300x92.png 300w, https:\/\/puertasroper.com\/wp-content\/uploads\/puerta-batiente-cancela-2-600x184.png 600w\" sizes=\"(max-width: 611px) 100vw, 611px\" \/><\/p>\n<h3>Cadres<\/h3>\n<p>Ils sont fabriqu\u00e9s en tube de 60x60x3 noir, 80x80x4 noir ou avec un double UPN de 80&#215;45 recouvert de t\u00f4le, en fonction des besoins pour une automatisation ult\u00e9rieure.<\/p>\n<h3>Charni\u00e8res<\/h3>\n<p>Elles sont compos\u00e9es de pivots en acier moul\u00e9 avec des roulements \u00e0 rouleaux internes, \u00e0 la fois en partie sup\u00e9rieure et inf\u00e9rieure.<\/p>\n<h3>Syst\u00e8me de fermeture<\/h3>\n<p>Pour la porte battante \u00e0 un seul vantail, il est compos\u00e9 d&#8217;un verrou d&#8217;enclenchement au sol s&#8217;il n&#8217;y a pas de demande de serrure. Pour la porte \u00e0 deux vantaux, il est compos\u00e9 de verrous d&#8217;enclenchement au sol qui seront enterr\u00e9s et au cadre sup\u00e9rieur s&#8217;il en est dot\u00e9, ainsi que d&#8217;une serrure avec cylindre et poign\u00e9e, qui s&#8217;enclenche dans le vantail non muni de serrure, si demand\u00e9.<\/td>\n<\/tr>\n<\/tbody>\n<\/table>\n<\/div>\n<\/div>\n<\/div>\n","protected":false},"excerpt":{"rendered":"<p>La Porte Battante Cancela est une autre solution pour les cl\u00f4tures de propri\u00e9t\u00e9s, qu&#8217;elles soient collectives ou priv\u00e9es, lorsque l&#8217;espace pour le d\u00e9placement lat\u00e9ral du vantail coulissant n&#8217;est pas disponible. Tout comme toutes les portes industrielles ROPER, elle peut fonctionner \u00e0 la fois manuellement et automatiquement, bien que son utilisation la plus courante soit automatique.<\/p>\n<p>Caract\u00e9ristiques :<\/p>\n<ul>\n<li>S\u00e9curit\u00e9<\/li>\n<li>Finitions adapt\u00e9es aux pr\u00e9f\u00e9rences du client<\/li>\n<li>Facile \u00e0 ouvrir manuellement ou automatiquement<\/li>\n<\/ul>\n","protected":false},"featured_media":11292,"template":"","meta":{"site-sidebar-layout":"default","site-content-layout":"","ast-site-content-layout":"default","site-content-style":"default","site-sidebar-style":"default","ast-global-header-display":"","ast-banner-title-visibility":"","ast-main-header-display":"","ast-hfb-above-header-display":"","ast-hfb-below-header-display":"","ast-hfb-mobile-header-display":"","site-post-title":"","ast-breadcrumbs-content":"","ast-featured-img":"","footer-sml-layout":"","ast-disable-related-posts":"","theme-transparent-header-meta":"default","adv-header-id-meta":"","stick-header-meta":"","header-above-stick-meta":"","header-main-stick-meta":"","header-below-stick-meta":"","astra-migrate-meta-layouts":"set","ast-page-background-enabled":"default","ast-page-background-meta":{"desktop":{"background-color":"var(--ast-global-color-4)","background-image":"","background-repeat":"repeat","background-position":"center center","background-size":"auto","background-attachment":"scroll","background-type":"","background-media":"","overlay-type":"","overlay-color":"","overlay-opacity":"","overlay-gradient":""},"tablet":{"background-color":"","background-image":"","background-repeat":"repeat","background-position":"center center","background-size":"auto","background-attachment":"scroll","background-type":"","background-media":"","overlay-type":"","overlay-color":"","overlay-opacity":"","overlay-gradient":""},"mobile":{"background-color":"","background-image":"","background-repeat":"repeat","background-position":"center center","background-size":"auto","background-attachment":"scroll","background-type":"","background-media":"","overlay-type":"","overlay-color":"","overlay-opacity":"","overlay-gradient":""}},"ast-content-background-meta":{"desktop":{"background-color":"var(--ast-global-color-5)","background-image":"","background-repeat":"repeat","background-position":"center center","background-size":"auto","background-attachment":"scroll","background-type":"","background-media":"","overlay-type":"","overlay-color":"","overlay-opacity":"","overlay-gradient":""},"tablet":{"background-color":"var(--ast-global-color-5)","background-image":"","background-repeat":"repeat","background-position":"center center","background-size":"auto","background-attachment":"scroll","background-type":"","background-media":"","overlay-type":"","overlay-color":"","overlay-opacity":"","overlay-gradient":""},"mobile":{"background-color":"var(--ast-global-color-5)","background-image":"","background-repeat":"repeat","background-position":"center center","background-size":"auto","background-attachment":"scroll","background-type":"","background-media":"","overlay-type":"","overlay-color":"","overlay-opacity":"","overlay-gradient":""}}},"product_brand":[],"product_cat":[501],"product_tag":[],"entorno":[],"num-hojas":[489],"tipo-de-puerta":[508],"class_list":{"0":"post-12285","1":"product","2":"type-product","3":"status-publish","4":"has-post-thumbnail","6":"product_cat-fermetures-de-proprietes","7":"num-hojas-dos-2","8":"tipo-de-puerta-battante","9":"desktop-align-left","10":"tablet-align-left","11":"mobile-align-left","13":"first","14":"instock","15":"shipping-taxable","16":"product-type-simple"},"yoast_head":"<!-- This site is optimized with the Yoast SEO plugin v27.4 - https:\/\/yoast.com\/product\/yoast-seo-wordpress\/ -->\n<title>Porte Battante Cancela : Polyvalente et Automatique<\/title>\n<meta name=\"description\" content=\"Solution pour les cl\u00f4tures sans espace lat\u00e9ral. La Porte Battante Cancela ROPER, manuelle ou automatique, id\u00e9ale pour les propri\u00e9t\u00e9s collectives ou priv\u00e9es.\" \/>\n<meta name=\"robots\" content=\"index, follow, max-snippet:-1, max-image-preview:large, max-video-preview:-1\" \/>\n<link rel=\"canonical\" href=\"https:\/\/puertasroper.com\/fr\/produits\/porte-battante-grillage\/\" \/>\n<meta property=\"og:locale\" content=\"fr_FR\" \/>\n<meta property=\"og:type\" content=\"article\" \/>\n<meta property=\"og:title\" content=\"Porte Battante Cancela : Polyvalente et Automatique\" \/>\n<meta property=\"og:description\" content=\"Solution pour les cl\u00f4tures sans espace lat\u00e9ral. La Porte Battante Cancela ROPER, manuelle ou automatique, id\u00e9ale pour les propri\u00e9t\u00e9s collectives ou priv\u00e9es.\" \/>\n<meta property=\"og:url\" content=\"https:\/\/puertasroper.com\/fr\/produits\/porte-battante-grillage\/\" \/>\n<meta property=\"og:site_name\" content=\"ROPER\" \/>\n<meta property=\"article:publisher\" content=\"http:\/\/www.facebook.com\/pages\/Puertas-Roper\/\" \/>\n<meta property=\"article:modified_time\" content=\"2024-02-28T12:07:17+00:00\" \/>\n<meta property=\"og:image\" content=\"https:\/\/puertasroper.com\/wp-content\/uploads\/215.jpg\" \/>\n\t<meta property=\"og:image:width\" content=\"680\" \/>\n\t<meta property=\"og:image:height\" content=\"418\" \/>\n\t<meta property=\"og:image:type\" content=\"image\/jpeg\" \/>\n<meta name=\"twitter:label1\" content=\"Est. reading time\" \/>\n\t<meta name=\"twitter:data1\" content=\"3 minutes\" \/>\n<script type=\"application\/ld+json\" class=\"yoast-schema-graph\">{\"@context\":\"https:\\\/\\\/schema.org\",\"@graph\":[{\"@type\":\"WebPage\",\"@id\":\"https:\\\/\\\/puertasroper.com\\\/fr\\\/produits\\\/porte-battante-grillage\\\/\",\"url\":\"https:\\\/\\\/puertasroper.com\\\/fr\\\/produits\\\/porte-battante-grillage\\\/\",\"name\":\"Porte Battante Cancela : Polyvalente et Automatique\",\"isPartOf\":{\"@id\":\"https:\\\/\\\/puertasroper.com\\\/fr\\\/#website\"},\"primaryImageOfPage\":{\"@id\":\"https:\\\/\\\/puertasroper.com\\\/fr\\\/produits\\\/porte-battante-grillage\\\/#primaryimage\"},\"image\":{\"@id\":\"https:\\\/\\\/puertasroper.com\\\/fr\\\/produits\\\/porte-battante-grillage\\\/#primaryimage\"},\"thumbnailUrl\":\"https:\\\/\\\/puertasroper.com\\\/wp-content\\\/uploads\\\/215.jpg\",\"datePublished\":\"2023-11-21T13:09:37+00:00\",\"dateModified\":\"2024-02-28T12:07:17+00:00\",\"description\":\"Solution pour les cl\u00f4tures sans espace lat\u00e9ral. La Porte Battante Cancela ROPER, manuelle ou automatique, id\u00e9ale pour les propri\u00e9t\u00e9s collectives ou priv\u00e9es.\",\"breadcrumb\":{\"@id\":\"https:\\\/\\\/puertasroper.com\\\/fr\\\/produits\\\/porte-battante-grillage\\\/#breadcrumb\"},\"inLanguage\":\"fr-FR\",\"potentialAction\":[{\"@type\":\"ReadAction\",\"target\":[\"https:\\\/\\\/puertasroper.com\\\/fr\\\/produits\\\/porte-battante-grillage\\\/\"]}]},{\"@type\":\"ImageObject\",\"inLanguage\":\"fr-FR\",\"@id\":\"https:\\\/\\\/puertasroper.com\\\/fr\\\/produits\\\/porte-battante-grillage\\\/#primaryimage\",\"url\":\"https:\\\/\\\/puertasroper.com\\\/wp-content\\\/uploads\\\/215.jpg\",\"contentUrl\":\"https:\\\/\\\/puertasroper.com\\\/wp-content\\\/uploads\\\/215.jpg\",\"width\":680,\"height\":418},{\"@type\":\"BreadcrumbList\",\"@id\":\"https:\\\/\\\/puertasroper.com\\\/fr\\\/produits\\\/porte-battante-grillage\\\/#breadcrumb\",\"itemListElement\":[{\"@type\":\"ListItem\",\"position\":1,\"name\":\"Portada\",\"item\":\"https:\\\/\\\/puertasroper.com\\\/fr\\\/\"},{\"@type\":\"ListItem\",\"position\":2,\"name\":\"Boutique\",\"item\":\"https:\\\/\\\/puertasroper.com\\\/fr\\\/boutique\\\/\"},{\"@type\":\"ListItem\",\"position\":3,\"name\":\"PORTE BATTANTE GRILLAGE\"}]},{\"@type\":\"WebSite\",\"@id\":\"https:\\\/\\\/puertasroper.com\\\/fr\\\/#website\",\"url\":\"https:\\\/\\\/puertasroper.com\\\/fr\\\/\",\"name\":\"ROPER\",\"description\":\"Puertas Met\u00e1licas | Automatismos | Puertas de Garaje | Paneles Sandwich\",\"publisher\":{\"@id\":\"https:\\\/\\\/puertasroper.com\\\/fr\\\/#organization\"},\"potentialAction\":[{\"@type\":\"SearchAction\",\"target\":{\"@type\":\"EntryPoint\",\"urlTemplate\":\"https:\\\/\\\/puertasroper.com\\\/fr\\\/?s={search_term_string}\"},\"query-input\":{\"@type\":\"PropertyValueSpecification\",\"valueRequired\":true,\"valueName\":\"search_term_string\"}}],\"inLanguage\":\"fr-FR\"},{\"@type\":\"Organization\",\"@id\":\"https:\\\/\\\/puertasroper.com\\\/fr\\\/#organization\",\"name\":\"Puertas Roper\",\"url\":\"https:\\\/\\\/puertasroper.com\\\/fr\\\/\",\"logo\":{\"@type\":\"ImageObject\",\"inLanguage\":\"fr-FR\",\"@id\":\"https:\\\/\\\/puertasroper.com\\\/fr\\\/#\\\/schema\\\/logo\\\/image\\\/\",\"url\":\"https:\\\/\\\/puertasroper.com\\\/wp-content\\\/uploads\\\/logo_roper_60-aniversario_WH-1.png\",\"contentUrl\":\"https:\\\/\\\/puertasroper.com\\\/wp-content\\\/uploads\\\/logo_roper_60-aniversario_WH-1.png\",\"width\":752,\"height\":394,\"caption\":\"Puertas Roper\"},\"image\":{\"@id\":\"https:\\\/\\\/puertasroper.com\\\/fr\\\/#\\\/schema\\\/logo\\\/image\\\/\"},\"sameAs\":[\"http:\\\/\\\/www.facebook.com\\\/pages\\\/Puertas-Roper\\\/\",\"https:\\\/\\\/x.com\\\/puertasroper\"]}]}<\/script>\n<!-- \/ Yoast SEO plugin. -->","yoast_head_json":{"title":"Porte Battante Cancela : Polyvalente et Automatique","description":"Solution pour les cl\u00f4tures sans espace lat\u00e9ral. La Porte Battante Cancela ROPER, manuelle ou automatique, id\u00e9ale pour les propri\u00e9t\u00e9s collectives ou priv\u00e9es.","robots":{"index":"index","follow":"follow","max-snippet":"max-snippet:-1","max-image-preview":"max-image-preview:large","max-video-preview":"max-video-preview:-1"},"canonical":"https:\/\/puertasroper.com\/fr\/produits\/porte-battante-grillage\/","og_locale":"fr_FR","og_type":"article","og_title":"Porte Battante Cancela : Polyvalente et Automatique","og_description":"Solution pour les cl\u00f4tures sans espace lat\u00e9ral. La Porte Battante Cancela ROPER, manuelle ou automatique, id\u00e9ale pour les propri\u00e9t\u00e9s collectives ou priv\u00e9es.","og_url":"https:\/\/puertasroper.com\/fr\/produits\/porte-battante-grillage\/","og_site_name":"ROPER","article_publisher":"http:\/\/www.facebook.com\/pages\/Puertas-Roper\/","article_modified_time":"2024-02-28T12:07:17+00:00","og_image":[{"width":680,"height":418,"url":"https:\/\/puertasroper.com\/wp-content\/uploads\/215.jpg","type":"image\/jpeg"}],"twitter_misc":{"Est. reading time":"3 minutes"},"schema":{"@context":"https:\/\/schema.org","@graph":[{"@type":"WebPage","@id":"https:\/\/puertasroper.com\/fr\/produits\/porte-battante-grillage\/","url":"https:\/\/puertasroper.com\/fr\/produits\/porte-battante-grillage\/","name":"Porte Battante Cancela : Polyvalente et Automatique","isPartOf":{"@id":"https:\/\/puertasroper.com\/fr\/#website"},"primaryImageOfPage":{"@id":"https:\/\/puertasroper.com\/fr\/produits\/porte-battante-grillage\/#primaryimage"},"image":{"@id":"https:\/\/puertasroper.com\/fr\/produits\/porte-battante-grillage\/#primaryimage"},"thumbnailUrl":"https:\/\/puertasroper.com\/wp-content\/uploads\/215.jpg","datePublished":"2023-11-21T13:09:37+00:00","dateModified":"2024-02-28T12:07:17+00:00","description":"Solution pour les cl\u00f4tures sans espace lat\u00e9ral. La Porte Battante Cancela ROPER, manuelle ou automatique, id\u00e9ale pour les propri\u00e9t\u00e9s collectives ou priv\u00e9es.","breadcrumb":{"@id":"https:\/\/puertasroper.com\/fr\/produits\/porte-battante-grillage\/#breadcrumb"},"inLanguage":"fr-FR","potentialAction":[{"@type":"ReadAction","target":["https:\/\/puertasroper.com\/fr\/produits\/porte-battante-grillage\/"]}]},{"@type":"ImageObject","inLanguage":"fr-FR","@id":"https:\/\/puertasroper.com\/fr\/produits\/porte-battante-grillage\/#primaryimage","url":"https:\/\/puertasroper.com\/wp-content\/uploads\/215.jpg","contentUrl":"https:\/\/puertasroper.com\/wp-content\/uploads\/215.jpg","width":680,"height":418},{"@type":"BreadcrumbList","@id":"https:\/\/puertasroper.com\/fr\/produits\/porte-battante-grillage\/#breadcrumb","itemListElement":[{"@type":"ListItem","position":1,"name":"Portada","item":"https:\/\/puertasroper.com\/fr\/"},{"@type":"ListItem","position":2,"name":"Boutique","item":"https:\/\/puertasroper.com\/fr\/boutique\/"},{"@type":"ListItem","position":3,"name":"PORTE BATTANTE GRILLAGE"}]},{"@type":"WebSite","@id":"https:\/\/puertasroper.com\/fr\/#website","url":"https:\/\/puertasroper.com\/fr\/","name":"ROPER","description":"Puertas Met\u00e1licas | Automatismos | Puertas de Garaje | Paneles Sandwich","publisher":{"@id":"https:\/\/puertasroper.com\/fr\/#organization"},"potentialAction":[{"@type":"SearchAction","target":{"@type":"EntryPoint","urlTemplate":"https:\/\/puertasroper.com\/fr\/?s={search_term_string}"},"query-input":{"@type":"PropertyValueSpecification","valueRequired":true,"valueName":"search_term_string"}}],"inLanguage":"fr-FR"},{"@type":"Organization","@id":"https:\/\/puertasroper.com\/fr\/#organization","name":"Puertas Roper","url":"https:\/\/puertasroper.com\/fr\/","logo":{"@type":"ImageObject","inLanguage":"fr-FR","@id":"https:\/\/puertasroper.com\/fr\/#\/schema\/logo\/image\/","url":"https:\/\/puertasroper.com\/wp-content\/uploads\/logo_roper_60-aniversario_WH-1.png","contentUrl":"https:\/\/puertasroper.com\/wp-content\/uploads\/logo_roper_60-aniversario_WH-1.png","width":752,"height":394,"caption":"Puertas Roper"},"image":{"@id":"https:\/\/puertasroper.com\/fr\/#\/schema\/logo\/image\/"},"sameAs":["http:\/\/www.facebook.com\/pages\/Puertas-Roper\/","https:\/\/x.com\/puertasroper"]}]}},"_links":{"self":[{"href":"https:\/\/puertasroper.com\/fr\/wp-json\/wp\/v2\/product\/12285","targetHints":{"allow":["GET"]}}],"collection":[{"href":"https:\/\/puertasroper.com\/fr\/wp-json\/wp\/v2\/product"}],"about":[{"href":"https:\/\/puertasroper.com\/fr\/wp-json\/wp\/v2\/types\/product"}],"wp:featuredmedia":[{"embeddable":true,"href":"https:\/\/puertasroper.com\/fr\/wp-json\/wp\/v2\/media\/11292"}],"wp:attachment":[{"href":"https:\/\/puertasroper.com\/fr\/wp-json\/wp\/v2\/media?parent=12285"}],"wp:term":[{"taxonomy":"product_brand","embeddable":true,"href":"https:\/\/puertasroper.com\/fr\/wp-json\/wp\/v2\/product_brand?post=12285"},{"taxonomy":"product_cat","embeddable":true,"href":"https:\/\/puertasroper.com\/fr\/wp-json\/wp\/v2\/product_cat?post=12285"},{"taxonomy":"product_tag","embeddable":true,"href":"https:\/\/puertasroper.com\/fr\/wp-json\/wp\/v2\/product_tag?post=12285"},{"taxonomy":"entorno","embeddable":true,"href":"https:\/\/puertasroper.com\/fr\/wp-json\/wp\/v2\/entorno?post=12285"},{"taxonomy":"num-hojas","embeddable":true,"href":"https:\/\/puertasroper.com\/fr\/wp-json\/wp\/v2\/num-hojas?post=12285"},{"taxonomy":"tipo-de-puerta","embeddable":true,"href":"https:\/\/puertasroper.com\/fr\/wp-json\/wp\/v2\/tipo-de-puerta?post=12285"}],"curies":[{"name":"wp","href":"https:\/\/api.w.org\/{rel}","templated":true}]}}