{"id":12286,"date":"2023-11-21T14:09:37","date_gmt":"2023-11-21T13:09:37","guid":{"rendered":"https:\/\/puertasroper.com\/productos\/puerta-peatonal\/"},"modified":"2024-02-28T15:08:15","modified_gmt":"2024-02-28T14:08:15","slug":"porte-pietonne","status":"publish","type":"product","link":"https:\/\/puertasroper.com\/fr\/produits\/porte-pietonne\/","title":{"rendered":"PORTE PI\u00c9TONNE"},"content":{"rendered":"<div class=\"elementor-element elementor-element-b0a3d60 elementor-widget elementor-widget-heading\" data-id=\"b0a3d60\" data-element_type=\"widget\" data-widget_type=\"heading.default\">\n<div class=\"elementor-widget-container\">\n<h2 class=\"elementor-heading-title elementor-size-default\">Fiche technique<\/h2>\n<\/div>\n<\/div>\n<div class=\"elementor-element elementor-element-5cf9a0c elementor-widget elementor-widget-product-description elementor-widget-text-editor\" data-id=\"5cf9a0c\" data-element_type=\"widget\" data-widget_type=\"product-description.default\">\n<div class=\"elementor-widget-container\">\n<div class=\"ce-product-description\">\n<table>\n<tbody>\n<tr>\n<td>Le fonctionnement de la Porte Battante Pi\u00e9tonne ROPER \u00e0 1 vantail avec une structure tubulaire en acier repose sur un vantail, fix\u00e9 \u00e0 un cadre lat\u00e9ral par des charni\u00e8res, qui pivotent perpendiculairement au sol.<\/p>\n<h3>Vantail<\/h3>\n<p>Le cadre est fabriqu\u00e9 en tube lamin\u00e9 \u00e0 froid et renforc\u00e9 \u00e0 l&#8217;int\u00e9rieur avec des renforts tubulaires pour \u00e9viter la d\u00e9formation et augmenter la r\u00e9sistance au vent. Les tubes utilis\u00e9s pour la fabrication de ce type de portes sont les suivants :<\/p>\n<p>Galvanis\u00e9s : Tubes de 40&#215;30, 40&#215;40, 60&#215;30 ou 60&#215;40 de qualit\u00e9 E-220 + Z-275-NAC selon la norme UNE EN 10305-5.<\/p>\n<h3>Fermeture du vantail<\/h3>\n<p>La Porte Battante Pi\u00e9tonne \u00e0 un vantail est fabriqu\u00e9e avec une fermeture de vantail \u00e0 l&#8217;aide de t\u00f4les nervur\u00e9es :<\/p>\n<p>T\u00f4le : Les t\u00f4les sont form\u00e9es par des bandes galvanis\u00e9es ou pr\u00e9laqu\u00e9es en acier, DX51 selon la norme EN-10142, d&#8217;une \u00e9paisseur maximale de 0,7 mm sans film pelable, nervur\u00e9es en modules de 200 mm, mont\u00e9es verticalement ou horizontalement, soud\u00e9es en compression sur le cadre du vantail.<\/p>\n<p>Cadres<\/p>\n<p>Ils sont fabriqu\u00e9s en tube lamin\u00e9 \u00e0 froid avec les m\u00eames mod\u00e8les de tube utilis\u00e9s pour la fabrication du vantail.<\/p>\n<p>Charni\u00e8res<\/p>\n<p>Selon le mod\u00e8le et les dimensions de la porte, il existe deux types de charni\u00e8res :<\/p>\n<p>Charni\u00e8res : Form\u00e9es par trois modules de t\u00f4le d\u00e9cap\u00e9e d&#8217;une \u00e9paisseur de 2,5 mm. qualit\u00e9 Ap13, matric\u00e9e en forme de boucle. L&#8217;axe est en tige calibr\u00e9e de 8 mm. Qualit\u00e9 f1. Galvanis\u00e9 par la suite \u00e0 chaud. Pivot : Pivot de 16&#215;100 ou 18&#215;120. Syst\u00e8me de fermeture<\/p>\n<p>Pour la porte \u00e0 un vantail, il est compos\u00e9 d&#8217;une serrure avec cylindre et poign\u00e9e, qui verrouille le cadre lat\u00e9ral de la porte battante.<\/p>\n<p>La qualit\u00e9 de cette porte est garantie par des tests effectu\u00e9s dans des laboratoires accr\u00e9dit\u00e9s, conform\u00e9ment \u00e0 la norme de produit EN 13241-1, et elle est marqu\u00e9e tant pour sa version manuelle que automatique. Les pi\u00e8ces utilis\u00e9es dans la porte ainsi que sa finition d\u00e9pendront des dimensions de la porte, de sa variante et de l&#8217;espace disponible sur le chantier. Ils d\u00e9pendront \u00e9galement des \u00e9ventuels changements dus \u00e0 l&#8217;am\u00e9lioration des processus de production.<\/p>\n<p><img fetchpriority=\"high\" decoding=\"async\" class=\"aligncenter wp-image-8279 size-full\" src=\"https:\/\/puertasroper.com\/wp-content\/uploads\/Chapa-Grecada-y-Barrotes.png\" alt=\"\" width=\"336\" height=\"514\" srcset=\"https:\/\/puertasroper.com\/wp-content\/uploads\/Chapa-Grecada-y-Barrotes.png 336w, https:\/\/puertasroper.com\/wp-content\/uploads\/Chapa-Grecada-y-Barrotes-196x300.png 196w\" sizes=\"(max-width: 336px) 100vw, 336px\" \/><\/p>\n<h3>Panneau Sandwich ROPER<\/h3>\n<p>Le panneau sandwich est form\u00e9 par les \u00e9l\u00e9ments suivants.<\/p>\n<p><img decoding=\"async\" class=\"aligncenter wp-image-8280 size-full\" src=\"https:\/\/puertasroper.com\/wp-content\/uploads\/puerta-sandwich.png\" alt=\"\" width=\"317\" height=\"503\" srcset=\"https:\/\/puertasroper.com\/wp-content\/uploads\/puerta-sandwich.png 317w, https:\/\/puertasroper.com\/wp-content\/uploads\/puerta-sandwich-189x300.png 189w\" sizes=\"(max-width: 317px) 100vw, 317px\" \/><\/p>\n<h3>Feuille lisse ROPER<\/h3>\n<p>La porte T\u00f4le Lisse est compos\u00e9e des \u00e9l\u00e9ments suivants<\/p>\n<p><img decoding=\"async\" class=\"aligncenter wp-image-8281 size-full\" src=\"https:\/\/puertasroper.com\/wp-content\/uploads\/chapa-lisa.png\" alt=\"\" width=\"376\" height=\"507\" srcset=\"https:\/\/puertasroper.com\/wp-content\/uploads\/chapa-lisa.png 376w, https:\/\/puertasroper.com\/wp-content\/uploads\/chapa-lisa-222x300.png 222w\" sizes=\"(max-width: 376px) 100vw, 376px\" \/><\/p>\n<p>&nbsp;<\/p>\n<h3>Feuille lisse perfor\u00e9e ROPER<\/h3>\n<p>La Porte T\u00f4le Perfor\u00e9e Lisse est compos\u00e9e des \u00e9l\u00e9ments suivants.<\/p>\n<p><img loading=\"lazy\" decoding=\"async\" class=\"aligncenter wp-image-8282 size-full\" src=\"https:\/\/puertasroper.com\/wp-content\/uploads\/chapa-lisa-perforada.png\" alt=\"\" width=\"347\" height=\"494\" srcset=\"https:\/\/puertasroper.com\/wp-content\/uploads\/chapa-lisa-perforada.png 347w, https:\/\/puertasroper.com\/wp-content\/uploads\/chapa-lisa-perforada-211x300.png 211w\" sizes=\"(max-width: 347px) 100vw, 347px\" \/><\/p>\n<h3>T\u00f4le perfor\u00e9e lisse et plateaux ROPER<\/h3>\n<p>La porte et les plateaux en T\u00f4le Lisse Perfor\u00e9e sont constitu\u00e9s des \u00e9l\u00e9ments suivants.<\/p>\n<p><img loading=\"lazy\" decoding=\"async\" class=\"aligncenter wp-image-8283 size-full\" src=\"https:\/\/puertasroper.com\/wp-content\/uploads\/chapa-perforada-y-bandeja.png\" alt=\"\" width=\"347\" height=\"494\" srcset=\"https:\/\/puertasroper.com\/wp-content\/uploads\/chapa-perforada-y-bandeja.png 347w, https:\/\/puertasroper.com\/wp-content\/uploads\/chapa-perforada-y-bandeja-211x300.png 211w\" sizes=\"(max-width: 347px) 100vw, 347px\" \/><\/p>\n<h3>Porte en bois pr\u00e9par\u00e9 ROPER<\/h3>\n<p>La porte battante pr\u00e9par\u00e9e pour le bois est compos\u00e9e des \u00e9l\u00e9ments suivants.<\/p>\n<p><img loading=\"lazy\" decoding=\"async\" class=\"aligncenter wp-image-8284 size-full\" src=\"https:\/\/puertasroper.com\/wp-content\/uploads\/preparada-para-madera.png\" alt=\"\" width=\"353\" height=\"503\" srcset=\"https:\/\/puertasroper.com\/wp-content\/uploads\/preparada-para-madera.png 353w, https:\/\/puertasroper.com\/wp-content\/uploads\/preparada-para-madera-211x300.png 211w\" sizes=\"(max-width: 353px) 100vw, 353px\" \/><\/p>\n<h3>ROPER T\u00f4le Perfor\u00e9e Lisse avec 2 feuilles<\/h3>\n<p>La porte \u00e0 deux vantaux en T\u00f4le Lisse Perfor\u00e9e est compos\u00e9e des \u00e9l\u00e9ments suivants.<\/p>\n<p><img loading=\"lazy\" decoding=\"async\" class=\"aligncenter wp-image-8285 size-full\" src=\"https:\/\/puertasroper.com\/wp-content\/uploads\/lisa-perforada-2-hojas.png\" alt=\"\" width=\"335\" height=\"489\" srcset=\"https:\/\/puertasroper.com\/wp-content\/uploads\/lisa-perforada-2-hojas.png 335w, https:\/\/puertasroper.com\/wp-content\/uploads\/lisa-perforada-2-hojas-206x300.png 206w\" sizes=\"(max-width: 335px) 100vw, 335px\" \/><\/p>\n<h3>T\u00f4le perfor\u00e9e lisse avec bac 2 feuilles ROPER<\/h3>\n<p>La Porte T\u00f4le Lisse Perfor\u00e9e avec bac \u00e0 deux vantaux est compos\u00e9e des \u00e9l\u00e9ments suivants.<\/p>\n<p><img loading=\"lazy\" decoding=\"async\" class=\"aligncenter wp-image-8286 size-full\" src=\"https:\/\/puertasroper.com\/wp-content\/uploads\/lisa-perforada-bandeja-2-hojas.png\" alt=\"\" width=\"345\" height=\"511\" srcset=\"https:\/\/puertasroper.com\/wp-content\/uploads\/lisa-perforada-bandeja-2-hojas.png 345w, https:\/\/puertasroper.com\/wp-content\/uploads\/lisa-perforada-bandeja-2-hojas-203x300.png 203w\" sizes=\"(max-width: 345px) 100vw, 345px\" \/><\/p>\n<h3>Pr\u00e9par\u00e9 pour le bois avec 2 feuilles ROPER<\/h3>\n<p>La porte pr\u00e9par\u00e9e pour le bois \u00e0 deux vantaux est compos\u00e9e des \u00e9l\u00e9ments suivants.<\/p>\n<p><img loading=\"lazy\" decoding=\"async\" class=\"aligncenter wp-image-8287 size-full\" src=\"https:\/\/puertasroper.com\/wp-content\/uploads\/preparada-para-madera-2-hojas.png\" alt=\"\" width=\"339\" height=\"500\" srcset=\"https:\/\/puertasroper.com\/wp-content\/uploads\/preparada-para-madera-2-hojas.png 339w, https:\/\/puertasroper.com\/wp-content\/uploads\/preparada-para-madera-2-hojas-203x300.png 203w\" sizes=\"(max-width: 339px) 100vw, 339px\" \/><\/td>\n<\/tr>\n<\/tbody>\n<\/table>\n<\/div>\n<\/div>\n<\/div>\n","protected":false},"excerpt":{"rendered":"<p>La Porte Pi\u00e9tonne ROPER est la solution id\u00e9ale pour les portes pi\u00e9tonnes dans les propri\u00e9t\u00e9s et les cl\u00f4tures r\u00e9sidentielles. Elles sont le compl\u00e9ment parfait pour les portails coulissants et les battants.<\/p>\n<p>Caract\u00e9ristiques :<\/p>\n<ul>\n<li>Fabrication interne<\/li>\n<li>Possibilit\u00e9 d&#8217;ouverture vers l&#8217;int\u00e9rieur ou l&#8217;ext\u00e9rieur<\/li>\n<\/ul>\n","protected":false},"featured_media":11336,"template":"","meta":{"site-sidebar-layout":"default","site-content-layout":"","ast-site-content-layout":"default","site-content-style":"default","site-sidebar-style":"default","ast-global-header-display":"","ast-banner-title-visibility":"","ast-main-header-display":"","ast-hfb-above-header-display":"","ast-hfb-below-header-display":"","ast-hfb-mobile-header-display":"","site-post-title":"","ast-breadcrumbs-content":"","ast-featured-img":"","footer-sml-layout":"","ast-disable-related-posts":"","theme-transparent-header-meta":"default","adv-header-id-meta":"","stick-header-meta":"","header-above-stick-meta":"","header-main-stick-meta":"","header-below-stick-meta":"","astra-migrate-meta-layouts":"set","ast-page-background-enabled":"default","ast-page-background-meta":{"desktop":{"background-color":"var(--ast-global-color-4)","background-image":"","background-repeat":"repeat","background-position":"center center","background-size":"auto","background-attachment":"scroll","background-type":"","background-media":"","overlay-type":"","overlay-color":"","overlay-opacity":"","overlay-gradient":""},"tablet":{"background-color":"","background-image":"","background-repeat":"repeat","background-position":"center center","background-size":"auto","background-attachment":"scroll","background-type":"","background-media":"","overlay-type":"","overlay-color":"","overlay-opacity":"","overlay-gradient":""},"mobile":{"background-color":"","background-image":"","background-repeat":"repeat","background-position":"center center","background-size":"auto","background-attachment":"scroll","background-type":"","background-media":"","overlay-type":"","overlay-color":"","overlay-opacity":"","overlay-gradient":""}},"ast-content-background-meta":{"desktop":{"background-color":"var(--ast-global-color-5)","background-image":"","background-repeat":"repeat","background-position":"center center","background-size":"auto","background-attachment":"scroll","background-type":"","background-media":"","overlay-type":"","overlay-color":"","overlay-opacity":"","overlay-gradient":""},"tablet":{"background-color":"var(--ast-global-color-5)","background-image":"","background-repeat":"repeat","background-position":"center center","background-size":"auto","background-attachment":"scroll","background-type":"","background-media":"","overlay-type":"","overlay-color":"","overlay-opacity":"","overlay-gradient":""},"mobile":{"background-color":"var(--ast-global-color-5)","background-image":"","background-repeat":"repeat","background-position":"center center","background-size":"auto","background-attachment":"scroll","background-type":"","background-media":"","overlay-type":"","overlay-color":"","overlay-opacity":"","overlay-gradient":""}}},"product_brand":[],"product_cat":[501],"product_tag":[],"entorno":[],"num-hojas":[411],"tipo-de-puerta":[509],"class_list":{"0":"post-12286","1":"product","2":"type-product","3":"status-publish","4":"has-post-thumbnail","6":"product_cat-fermetures-de-proprietes","7":"num-hojas-una","8":"tipo-de-puerta-pietonne","9":"desktop-align-left","10":"tablet-align-left","11":"mobile-align-left","13":"first","14":"instock","15":"shipping-taxable","16":"product-type-simple"},"yoast_head":"<!-- This site is optimized with the Yoast SEO plugin v27.4 - https:\/\/yoast.com\/product\/yoast-seo-wordpress\/ -->\n<title>Portillon ROPER : Acc\u00e8s s\u00e9curis\u00e9 et pratique<\/title>\n<meta name=\"description\" content=\"Solution id\u00e9ale pour les acc\u00e8s pi\u00e9tonniers dans les propri\u00e9t\u00e9s et les cl\u00f4tures. Les portillons ROPER, compl\u00e9ment parfait pour les portails coulissants et les battants.\" \/>\n<meta name=\"robots\" content=\"index, follow, max-snippet:-1, max-image-preview:large, max-video-preview:-1\" \/>\n<link rel=\"canonical\" href=\"https:\/\/puertasroper.com\/fr\/produits\/porte-pietonne\/\" \/>\n<meta property=\"og:locale\" content=\"fr_FR\" \/>\n<meta property=\"og:type\" content=\"article\" \/>\n<meta property=\"og:title\" content=\"Portillon ROPER : Acc\u00e8s s\u00e9curis\u00e9 et pratique\" \/>\n<meta property=\"og:description\" content=\"Solution id\u00e9ale pour les acc\u00e8s pi\u00e9tonniers dans les propri\u00e9t\u00e9s et les cl\u00f4tures. Les portillons ROPER, compl\u00e9ment parfait pour les portails coulissants et les battants.\" \/>\n<meta property=\"og:url\" content=\"https:\/\/puertasroper.com\/fr\/produits\/porte-pietonne\/\" \/>\n<meta property=\"og:site_name\" content=\"ROPER\" \/>\n<meta property=\"article:publisher\" content=\"http:\/\/www.facebook.com\/pages\/Puertas-Roper\/\" \/>\n<meta property=\"article:modified_time\" content=\"2024-02-28T14:08:15+00:00\" \/>\n<meta property=\"og:image\" content=\"https:\/\/puertasroper.com\/wp-content\/uploads\/196.jpg\" \/>\n\t<meta property=\"og:image:width\" content=\"680\" \/>\n\t<meta property=\"og:image:height\" content=\"418\" \/>\n\t<meta property=\"og:image:type\" content=\"image\/jpeg\" \/>\n<meta name=\"twitter:label1\" content=\"Est. reading time\" \/>\n\t<meta name=\"twitter:data1\" content=\"5 minutes\" \/>\n<script type=\"application\/ld+json\" class=\"yoast-schema-graph\">{\"@context\":\"https:\\\/\\\/schema.org\",\"@graph\":[{\"@type\":\"WebPage\",\"@id\":\"https:\\\/\\\/puertasroper.com\\\/fr\\\/produits\\\/porte-pietonne\\\/\",\"url\":\"https:\\\/\\\/puertasroper.com\\\/fr\\\/produits\\\/porte-pietonne\\\/\",\"name\":\"Portillon ROPER : Acc\u00e8s s\u00e9curis\u00e9 et pratique\",\"isPartOf\":{\"@id\":\"https:\\\/\\\/puertasroper.com\\\/fr\\\/#website\"},\"primaryImageOfPage\":{\"@id\":\"https:\\\/\\\/puertasroper.com\\\/fr\\\/produits\\\/porte-pietonne\\\/#primaryimage\"},\"image\":{\"@id\":\"https:\\\/\\\/puertasroper.com\\\/fr\\\/produits\\\/porte-pietonne\\\/#primaryimage\"},\"thumbnailUrl\":\"https:\\\/\\\/puertasroper.com\\\/wp-content\\\/uploads\\\/196.jpg\",\"datePublished\":\"2023-11-21T13:09:37+00:00\",\"dateModified\":\"2024-02-28T14:08:15+00:00\",\"description\":\"Solution id\u00e9ale pour les acc\u00e8s pi\u00e9tonniers dans les propri\u00e9t\u00e9s et les cl\u00f4tures. Les portillons ROPER, compl\u00e9ment parfait pour les portails coulissants et les battants.\",\"breadcrumb\":{\"@id\":\"https:\\\/\\\/puertasroper.com\\\/fr\\\/produits\\\/porte-pietonne\\\/#breadcrumb\"},\"inLanguage\":\"fr-FR\",\"potentialAction\":[{\"@type\":\"ReadAction\",\"target\":[\"https:\\\/\\\/puertasroper.com\\\/fr\\\/produits\\\/porte-pietonne\\\/\"]}]},{\"@type\":\"ImageObject\",\"inLanguage\":\"fr-FR\",\"@id\":\"https:\\\/\\\/puertasroper.com\\\/fr\\\/produits\\\/porte-pietonne\\\/#primaryimage\",\"url\":\"https:\\\/\\\/puertasroper.com\\\/wp-content\\\/uploads\\\/196.jpg\",\"contentUrl\":\"https:\\\/\\\/puertasroper.com\\\/wp-content\\\/uploads\\\/196.jpg\",\"width\":680,\"height\":418},{\"@type\":\"BreadcrumbList\",\"@id\":\"https:\\\/\\\/puertasroper.com\\\/fr\\\/produits\\\/porte-pietonne\\\/#breadcrumb\",\"itemListElement\":[{\"@type\":\"ListItem\",\"position\":1,\"name\":\"Portada\",\"item\":\"https:\\\/\\\/puertasroper.com\\\/fr\\\/\"},{\"@type\":\"ListItem\",\"position\":2,\"name\":\"Boutique\",\"item\":\"https:\\\/\\\/puertasroper.com\\\/fr\\\/boutique\\\/\"},{\"@type\":\"ListItem\",\"position\":3,\"name\":\"PORTE PI\u00c9TONNE\"}]},{\"@type\":\"WebSite\",\"@id\":\"https:\\\/\\\/puertasroper.com\\\/fr\\\/#website\",\"url\":\"https:\\\/\\\/puertasroper.com\\\/fr\\\/\",\"name\":\"ROPER\",\"description\":\"Puertas Met\u00e1licas | Automatismos | Puertas de Garaje | Paneles Sandwich\",\"publisher\":{\"@id\":\"https:\\\/\\\/puertasroper.com\\\/fr\\\/#organization\"},\"potentialAction\":[{\"@type\":\"SearchAction\",\"target\":{\"@type\":\"EntryPoint\",\"urlTemplate\":\"https:\\\/\\\/puertasroper.com\\\/fr\\\/?s={search_term_string}\"},\"query-input\":{\"@type\":\"PropertyValueSpecification\",\"valueRequired\":true,\"valueName\":\"search_term_string\"}}],\"inLanguage\":\"fr-FR\"},{\"@type\":\"Organization\",\"@id\":\"https:\\\/\\\/puertasroper.com\\\/fr\\\/#organization\",\"name\":\"Puertas Roper\",\"url\":\"https:\\\/\\\/puertasroper.com\\\/fr\\\/\",\"logo\":{\"@type\":\"ImageObject\",\"inLanguage\":\"fr-FR\",\"@id\":\"https:\\\/\\\/puertasroper.com\\\/fr\\\/#\\\/schema\\\/logo\\\/image\\\/\",\"url\":\"https:\\\/\\\/puertasroper.com\\\/wp-content\\\/uploads\\\/logo_roper_60-aniversario_WH-1.png\",\"contentUrl\":\"https:\\\/\\\/puertasroper.com\\\/wp-content\\\/uploads\\\/logo_roper_60-aniversario_WH-1.png\",\"width\":752,\"height\":394,\"caption\":\"Puertas Roper\"},\"image\":{\"@id\":\"https:\\\/\\\/puertasroper.com\\\/fr\\\/#\\\/schema\\\/logo\\\/image\\\/\"},\"sameAs\":[\"http:\\\/\\\/www.facebook.com\\\/pages\\\/Puertas-Roper\\\/\",\"https:\\\/\\\/x.com\\\/puertasroper\"]}]}<\/script>\n<!-- \/ Yoast SEO plugin. -->","yoast_head_json":{"title":"Portillon ROPER : Acc\u00e8s s\u00e9curis\u00e9 et pratique","description":"Solution id\u00e9ale pour les acc\u00e8s pi\u00e9tonniers dans les propri\u00e9t\u00e9s et les cl\u00f4tures. Les portillons ROPER, compl\u00e9ment parfait pour les portails coulissants et les battants.","robots":{"index":"index","follow":"follow","max-snippet":"max-snippet:-1","max-image-preview":"max-image-preview:large","max-video-preview":"max-video-preview:-1"},"canonical":"https:\/\/puertasroper.com\/fr\/produits\/porte-pietonne\/","og_locale":"fr_FR","og_type":"article","og_title":"Portillon ROPER : Acc\u00e8s s\u00e9curis\u00e9 et pratique","og_description":"Solution id\u00e9ale pour les acc\u00e8s pi\u00e9tonniers dans les propri\u00e9t\u00e9s et les cl\u00f4tures. Les portillons ROPER, compl\u00e9ment parfait pour les portails coulissants et les battants.","og_url":"https:\/\/puertasroper.com\/fr\/produits\/porte-pietonne\/","og_site_name":"ROPER","article_publisher":"http:\/\/www.facebook.com\/pages\/Puertas-Roper\/","article_modified_time":"2024-02-28T14:08:15+00:00","og_image":[{"width":680,"height":418,"url":"https:\/\/puertasroper.com\/wp-content\/uploads\/196.jpg","type":"image\/jpeg"}],"twitter_misc":{"Est. reading time":"5 minutes"},"schema":{"@context":"https:\/\/schema.org","@graph":[{"@type":"WebPage","@id":"https:\/\/puertasroper.com\/fr\/produits\/porte-pietonne\/","url":"https:\/\/puertasroper.com\/fr\/produits\/porte-pietonne\/","name":"Portillon ROPER : Acc\u00e8s s\u00e9curis\u00e9 et pratique","isPartOf":{"@id":"https:\/\/puertasroper.com\/fr\/#website"},"primaryImageOfPage":{"@id":"https:\/\/puertasroper.com\/fr\/produits\/porte-pietonne\/#primaryimage"},"image":{"@id":"https:\/\/puertasroper.com\/fr\/produits\/porte-pietonne\/#primaryimage"},"thumbnailUrl":"https:\/\/puertasroper.com\/wp-content\/uploads\/196.jpg","datePublished":"2023-11-21T13:09:37+00:00","dateModified":"2024-02-28T14:08:15+00:00","description":"Solution id\u00e9ale pour les acc\u00e8s pi\u00e9tonniers dans les propri\u00e9t\u00e9s et les cl\u00f4tures. Les portillons ROPER, compl\u00e9ment parfait pour les portails coulissants et les battants.","breadcrumb":{"@id":"https:\/\/puertasroper.com\/fr\/produits\/porte-pietonne\/#breadcrumb"},"inLanguage":"fr-FR","potentialAction":[{"@type":"ReadAction","target":["https:\/\/puertasroper.com\/fr\/produits\/porte-pietonne\/"]}]},{"@type":"ImageObject","inLanguage":"fr-FR","@id":"https:\/\/puertasroper.com\/fr\/produits\/porte-pietonne\/#primaryimage","url":"https:\/\/puertasroper.com\/wp-content\/uploads\/196.jpg","contentUrl":"https:\/\/puertasroper.com\/wp-content\/uploads\/196.jpg","width":680,"height":418},{"@type":"BreadcrumbList","@id":"https:\/\/puertasroper.com\/fr\/produits\/porte-pietonne\/#breadcrumb","itemListElement":[{"@type":"ListItem","position":1,"name":"Portada","item":"https:\/\/puertasroper.com\/fr\/"},{"@type":"ListItem","position":2,"name":"Boutique","item":"https:\/\/puertasroper.com\/fr\/boutique\/"},{"@type":"ListItem","position":3,"name":"PORTE PI\u00c9TONNE"}]},{"@type":"WebSite","@id":"https:\/\/puertasroper.com\/fr\/#website","url":"https:\/\/puertasroper.com\/fr\/","name":"ROPER","description":"Puertas Met\u00e1licas | Automatismos | Puertas de Garaje | Paneles Sandwich","publisher":{"@id":"https:\/\/puertasroper.com\/fr\/#organization"},"potentialAction":[{"@type":"SearchAction","target":{"@type":"EntryPoint","urlTemplate":"https:\/\/puertasroper.com\/fr\/?s={search_term_string}"},"query-input":{"@type":"PropertyValueSpecification","valueRequired":true,"valueName":"search_term_string"}}],"inLanguage":"fr-FR"},{"@type":"Organization","@id":"https:\/\/puertasroper.com\/fr\/#organization","name":"Puertas Roper","url":"https:\/\/puertasroper.com\/fr\/","logo":{"@type":"ImageObject","inLanguage":"fr-FR","@id":"https:\/\/puertasroper.com\/fr\/#\/schema\/logo\/image\/","url":"https:\/\/puertasroper.com\/wp-content\/uploads\/logo_roper_60-aniversario_WH-1.png","contentUrl":"https:\/\/puertasroper.com\/wp-content\/uploads\/logo_roper_60-aniversario_WH-1.png","width":752,"height":394,"caption":"Puertas Roper"},"image":{"@id":"https:\/\/puertasroper.com\/fr\/#\/schema\/logo\/image\/"},"sameAs":["http:\/\/www.facebook.com\/pages\/Puertas-Roper\/","https:\/\/x.com\/puertasroper"]}]}},"_links":{"self":[{"href":"https:\/\/puertasroper.com\/fr\/wp-json\/wp\/v2\/product\/12286","targetHints":{"allow":["GET"]}}],"collection":[{"href":"https:\/\/puertasroper.com\/fr\/wp-json\/wp\/v2\/product"}],"about":[{"href":"https:\/\/puertasroper.com\/fr\/wp-json\/wp\/v2\/types\/product"}],"wp:featuredmedia":[{"embeddable":true,"href":"https:\/\/puertasroper.com\/fr\/wp-json\/wp\/v2\/media\/11336"}],"wp:attachment":[{"href":"https:\/\/puertasroper.com\/fr\/wp-json\/wp\/v2\/media?parent=12286"}],"wp:term":[{"taxonomy":"product_brand","embeddable":true,"href":"https:\/\/puertasroper.com\/fr\/wp-json\/wp\/v2\/product_brand?post=12286"},{"taxonomy":"product_cat","embeddable":true,"href":"https:\/\/puertasroper.com\/fr\/wp-json\/wp\/v2\/product_cat?post=12286"},{"taxonomy":"product_tag","embeddable":true,"href":"https:\/\/puertasroper.com\/fr\/wp-json\/wp\/v2\/product_tag?post=12286"},{"taxonomy":"entorno","embeddable":true,"href":"https:\/\/puertasroper.com\/fr\/wp-json\/wp\/v2\/entorno?post=12286"},{"taxonomy":"num-hojas","embeddable":true,"href":"https:\/\/puertasroper.com\/fr\/wp-json\/wp\/v2\/num-hojas?post=12286"},{"taxonomy":"tipo-de-puerta","embeddable":true,"href":"https:\/\/puertasroper.com\/fr\/wp-json\/wp\/v2\/tipo-de-puerta?post=12286"}],"curies":[{"name":"wp","href":"https:\/\/api.w.org\/{rel}","templated":true}]}}