{"id":12290,"date":"2023-11-21T14:09:37","date_gmt":"2023-11-21T13:09:37","guid":{"rendered":"https:\/\/puertasroper.com\/productos\/puerta-basculante-2-hojas-industrial\/"},"modified":"2026-02-20T12:10:50","modified_gmt":"2026-02-20T11:10:50","slug":"porte-basculante-industrielle-a-deux-vantaux","status":"publish","type":"product","link":"https:\/\/puertasroper.com\/fr\/produits\/porte-basculante-industrielle-a-deux-vantaux\/","title":{"rendered":"PUERTA BASCULANTE 2 HOJAS INDUSTRIAL"},"content":{"rendered":"<p><strong>Fiche technique<\/strong><br \/>\nROPER porte basculante industrielle verticale avec guides lat\u00e9raux et structure en acier tubulaire, contr\u00f4l\u00e9e par des contrepoids.<\/p>\n<p>Son fonctionnement repose sur deux vantaux articul\u00e9s qui se replient verticalement lorsqu&#8217;ils sont ouverts, fix\u00e9s au guide par une t\u00eate et guid\u00e9s par des rouleaux qui glissent le long des guides lat\u00e9raux, contr\u00f4l\u00e9s \u00e0 tout moment par des contrepoids gr\u00e2ce \u00e0 un syst\u00e8me de poulies et de c\u00e2bles. Ces contrepoids peuvent \u00eatre log\u00e9s dans des caissons dans la zone d&#8217;encastrement ou dissimul\u00e9s derri\u00e8re les noyaux recouverts de rev\u00eatements.<\/p>\n<p><img fetchpriority=\"high\" decoding=\"async\" class=\"aligncenter wp-image-7975 size-full\" src=\"https:\/\/puertasroper.com\/wp-content\/uploads\/Puerta-de-Garaje-Basculante-2-Hojas-Residencial-3.png\" alt=\"\" width=\"664\" height=\"522\" srcset=\"https:\/\/puertasroper.com\/wp-content\/uploads\/Puerta-de-Garaje-Basculante-2-Hojas-Residencial-3.png 664w, https:\/\/puertasroper.com\/wp-content\/uploads\/Puerta-de-Garaje-Basculante-2-Hojas-Residencial-3-300x236.png 300w, https:\/\/puertasroper.com\/wp-content\/uploads\/Puerta-de-Garaje-Basculante-2-Hojas-Residencial-3-600x472.png 600w\" sizes=\"(max-width: 664px) 100vw, 664px\" \/><\/p>\n<p><strong>D\u00e9pliant<\/strong><\/p>\n<p>Le cadre est constitu\u00e9 d&#8217;un cadre tubulaire lamin\u00e9 \u00e0 froid et renforc\u00e9 \u00e0 l&#8217;int\u00e9rieur par des renforts tubulaires afin d&#8217;\u00e9viter le flambage et d&#8217;augmenter la r\u00e9sistance au vent.<\/p>\n<p>Les tubes utilis\u00e9s pour la fabrication de ce type de porte sont les suivants :<\/p>\n<ul>\n<li>DECAPADOS 60&#215;30, 80&#215;40 ou 100&#215;40 tubes de qualit\u00e9 E-220 selon la norme UNE EN 10305-5.<\/li>\n<li>Tubes GALVANIS\u00c9S 60&#215;30, 80&#215;40 ou 100&#215;40 de qualit\u00e9 E-220 + Z-275-NAC selon la norme UNE EN 10305-5.<\/li>\n<\/ul>\n<p><strong>Enveloppe de la feuille<\/strong><\/p>\n<p>La porte basculante industrielle ROPER est fabriqu\u00e9e avec trois types diff\u00e9rents d&#8217;enveloppes de vantail :<\/p>\n<ol>\n<li>T\u00f4le : Les t\u00f4les sont fabriqu\u00e9es en feuillard d&#8217;acier pr\u00e9laqu\u00e9, DX51 selon la norme EN-10142, d&#8217;une \u00e9paisseur moyenne de 0,6 mm sans film pelable, ondul\u00e9es en modules de 200 mm, positionn\u00e9es verticalement ou horizontalement, mont\u00e9es en compression soud\u00e9es au cadre de la t\u00f4le.<\/li>\n<li>Panneau sandwich : Panneau Roper de 40 mm d&#8217;\u00e9paisseur. La t\u00f4le pr\u00e9laqu\u00e9e sur acier galvanis\u00e9 est utilis\u00e9e pour sa fabrication, conform\u00e9ment \u00e0 la norme EN-10142. L&#8217;int\u00e9rieur du panneau est en polyur\u00e9thane expans\u00e9 d&#8217;une densit\u00e9 moyenne de 40 kg\/m\u00b3, sans CFC ni HCFC. Deux formats de panneaux sont utilis\u00e9s, l&#8217;un de 500 mm de haut et l&#8217;autre de 610 mm de haut.<\/li>\n<li> Barres : Elles sont fabriqu\u00e9es en tubes galvanis\u00e9s 20&#215;20, 40&#215;20, 40&#215;30 ou 60&#215;30 de qualit\u00e9 E-220 + Z-275-NAC selon la norme UNE EN 10305-5.<\/li>\n<\/ol>\n<p><img decoding=\"async\" class=\"aligncenter wp-image-7976 size-full\" src=\"https:\/\/puertasroper.com\/wp-content\/uploads\/Puerta-Basculante-2-Hojas-Industrial.png\" alt=\"\" width=\"617\" height=\"183\" srcset=\"https:\/\/puertasroper.com\/wp-content\/uploads\/Puerta-Basculante-2-Hojas-Industrial.png 617w, https:\/\/puertasroper.com\/wp-content\/uploads\/Puerta-Basculante-2-Hojas-Industrial-300x89.png 300w, https:\/\/puertasroper.com\/wp-content\/uploads\/Puerta-Basculante-2-Hojas-Industrial-600x178.png 600w\" sizes=\"(max-width: 617px) 100vw, 617px\" \/><\/p>\n<p><strong>Guides<\/strong><\/p>\n<p>Les guides sont fabriqu\u00e9s en acier UPN lamin\u00e9 \u00e0 chaud 60 x 30, 80 x 45 ou 100 x 50 en qualit\u00e9 S 275 JR + M conform\u00e9ment \u00e0 la norme EN 10025-2\/2004.<\/p>\n<p><strong>Charni\u00e8res<\/strong><\/p>\n<p>En fonction des dimensions de la porte, deux types de charni\u00e8res sont utilis\u00e9s :<\/p>\n<ol>\n<li>  Petites portes Les charni\u00e8res sont constitu\u00e9es de trois modules de t\u00f4le d\u00e9cap\u00e9e de 2,5 mm d&#8217;\u00e9paisseur, sertis en forme de boucle avec une tige calibr\u00e9e de \u00d8 8 mm.<\/li>\n<li>Grandes portes Les charni\u00e8res sont constitu\u00e9es de quatre modules de t\u00f4le d\u00e9cap\u00e9e de 5 mm d&#8217;\u00e9paisseur, sertis en forme de boucle avec un axe de tige calibr\u00e9e de \u00d8 12 mm.<\/li>\n<\/ol>\n<p><strong>Syst\u00e8me de verrouillage<\/strong><\/p>\n<p>Le verrouillage s&#8217;effectue au moyen de boulons lat\u00e9raux ou d&#8217;un verrou externe agissant sur les boulons lat\u00e9raux. Les boulons peuvent \u00eatre constitu\u00e9s de tiges de \u00d8 12 ou \u00d8 18.<\/p>\n<p><strong>T\u00eates<\/strong><\/p>\n<p>En fonction des dimensions de la porte, deux types de linteaux sont utilis\u00e9s :<\/p>\n<ol>\n<li>Petites portes Elles sont constitu\u00e9es d&#8217;un bord en acier de 6 mm d&#8217;\u00e9paisseur et d&#8217;un boulon de \u00d8 16.<\/li>\n<li>Grandes portes Elles sont constitu\u00e9es d&#8217;un bord en acier de 8 mm d&#8217;\u00e9paisseur et d&#8217;un boulon de \u00d825.<\/li>\n<\/ol>\n<p><strong>Contrepoids<\/strong><\/p>\n<p>Les contrepoids sont en barytine. Leurs dimensions d\u00e9pendent de la taille de la porte et de l&#8217;espace disponible pour les accueillir.<\/p>\n<p><strong>Poulies<\/strong><\/p>\n<p>R\u00e9as en t\u00f4le d&#8217;acier de 1,2, 2 ou 4 mm d&#8217;\u00e9paisseur, rivet\u00e9s et munis d&#8217;un roulement autolubrifiant encastr\u00e9 \u00e0 l&#8217;int\u00e9rieur. Pour les grandes portes, on utilise des poulies en fer tourn\u00e9.<\/p>\n<p><strong>Roulettes<\/strong><\/p>\n<p>Les galets sont en polyamide ou en acier selon les dimensions ou l&#8217;utilisation de la porte.<\/p>\n<p><strong>C\u00e2bles<\/strong><\/p>\n<p>Les c\u00e2bles peuvent avoir une \u00e9paisseur de 4, 5, 6 ou 7 mm, en fonction du poids de la porte. Leur composition est de 6x19s1 et ils sont conformes \u00e0 la norme DIN 3060.<\/p>\n<p>La qualit\u00e9 de cette porte est garantie par des tests effectu\u00e9s dans des laboratoires accr\u00e9dit\u00e9s, conform\u00e9ment \u00e0 la norme de produit EN 13241-1 et est marqu\u00e9e pour les versions manuelles et automatiques.<\/p>\n<p>Tant les pi\u00e8ces utilis\u00e9es dans la porte que la finition de la porte d\u00e9pendent des dimensions de la porte, de sa variante et de l&#8217;ouverture sur le chantier. Elles d\u00e9pendront \u00e9galement des changements \u00e9ventuels dus \u00e0 l&#8217;am\u00e9lioration des processus de production.<\/p>\n<p>&nbsp;<\/p>\n","protected":false},"excerpt":{"rendered":"<p>La <strong>porte basculante industrielle \u00e0 2 vantaux<\/strong> est la plus utilis\u00e9e dans les b\u00e2timents industriels (entrep\u00f4ts, usines, etc.). Son fonctionnement repose sur deux vantaux qui se replient \u00e0 l&#8217;ouverture, contr\u00f4l\u00e9s \u00e0 tout moment par des contrepoids. Ils peuvent \u00eatre fabriqu\u00e9s avec un contrepoids d&#8217;un seul c\u00f4t\u00e9 ou des deux c\u00f4t\u00e9s. Ce type de porte, comme toutes les portes industrielles, peut \u00eatre fabriqu\u00e9 manuellement ou automatiquement.<\/p>\n<p>Caract\u00e9ristiques :<\/p>\n<ul>\n<li>Fonctionnalit\u00e9 gr\u00e2ce \u00e0 la facilit\u00e9 d&#8217;utilisation et \u00e0 la souplesse<\/li>\n<li>Robustesse gr\u00e2ce \u00e0 sa structure compacte<\/li>\n<li>Large gamme de syst\u00e8mes d&#8217;automatisation<\/li>\n<li>Durabilit\u00e9<\/li>\n<li>Pratique de pouvoir automatiser les portes pour r\u00e9pondre \u00e0 tous les types d&#8217;utilisation<\/li>\n<\/ul>\n","protected":false},"featured_media":11088,"template":"","meta":{"site-sidebar-layout":"default","site-content-layout":"","ast-site-content-layout":"default","site-content-style":"default","site-sidebar-style":"default","ast-global-header-display":"","ast-banner-title-visibility":"","ast-main-header-display":"","ast-hfb-above-header-display":"","ast-hfb-below-header-display":"","ast-hfb-mobile-header-display":"","site-post-title":"","ast-breadcrumbs-content":"","ast-featured-img":"","footer-sml-layout":"","ast-disable-related-posts":"","theme-transparent-header-meta":"default","adv-header-id-meta":"","stick-header-meta":"","header-above-stick-meta":"","header-main-stick-meta":"","header-below-stick-meta":"","astra-migrate-meta-layouts":"set","ast-page-background-enabled":"default","ast-page-background-meta":{"desktop":{"background-color":"var(--ast-global-color-4)","background-image":"","background-repeat":"repeat","background-position":"center center","background-size":"auto","background-attachment":"scroll","background-type":"","background-media":"","overlay-type":"","overlay-color":"","overlay-opacity":"","overlay-gradient":""},"tablet":{"background-color":"","background-image":"","background-repeat":"repeat","background-position":"center center","background-size":"auto","background-attachment":"scroll","background-type":"","background-media":"","overlay-type":"","overlay-color":"","overlay-opacity":"","overlay-gradient":""},"mobile":{"background-color":"","background-image":"","background-repeat":"repeat","background-position":"center center","background-size":"auto","background-attachment":"scroll","background-type":"","background-media":"","overlay-type":"","overlay-color":"","overlay-opacity":"","overlay-gradient":""}},"ast-content-background-meta":{"desktop":{"background-color":"var(--ast-global-color-5)","background-image":"","background-repeat":"repeat","background-position":"center center","background-size":"auto","background-attachment":"scroll","background-type":"","background-media":"","overlay-type":"","overlay-color":"","overlay-opacity":"","overlay-gradient":""},"tablet":{"background-color":"var(--ast-global-color-5)","background-image":"","background-repeat":"repeat","background-position":"center center","background-size":"auto","background-attachment":"scroll","background-type":"","background-media":"","overlay-type":"","overlay-color":"","overlay-opacity":"","overlay-gradient":""},"mobile":{"background-color":"var(--ast-global-color-5)","background-image":"","background-repeat":"repeat","background-position":"center center","background-size":"auto","background-attachment":"scroll","background-type":"","background-media":"","overlay-type":"","overlay-color":"","overlay-opacity":"","overlay-gradient":""}}},"product_brand":[],"product_cat":[506],"product_tag":[],"entorno":[],"num-hojas":[489],"tipo-de-puerta":[511],"class_list":{"0":"post-12290","1":"product","2":"type-product","3":"status-publish","4":"has-post-thumbnail","6":"product_cat-portes-industrielles","7":"num-hojas-dos-2","8":"tipo-de-puerta-basculante-fr","9":"desktop-align-left","10":"tablet-align-left","11":"mobile-align-left","13":"first","14":"instock","15":"shipping-taxable","16":"product-type-simple"},"yoast_head":"<!-- This site is optimized with the Yoast SEO plugin v27.4 - https:\/\/yoast.com\/product\/yoast-seo-wordpress\/ -->\n<title>Porte basculante industrielle ROPER : efficacit\u00e9 et contr\u00f4le<\/title>\n<meta name=\"description\" content=\"La porte basculante industrielle ROPER, avec guides lat\u00e9raux et structure en acier, se d\u00e9plie verticalement gr\u00e2ce \u00e0 des contrepoids contr\u00f4l\u00e9s.\" \/>\n<meta name=\"robots\" content=\"index, follow, max-snippet:-1, max-image-preview:large, max-video-preview:-1\" \/>\n<link rel=\"canonical\" href=\"https:\/\/puertasroper.com\/fr\/produits\/porte-basculante-industrielle-a-deux-vantaux\/\" \/>\n<meta property=\"og:locale\" content=\"fr_FR\" \/>\n<meta property=\"og:type\" content=\"article\" \/>\n<meta property=\"og:title\" content=\"Porte basculante industrielle ROPER : efficacit\u00e9 et contr\u00f4le\" \/>\n<meta property=\"og:description\" content=\"La porte basculante industrielle ROPER, avec guides lat\u00e9raux et structure en acier, se d\u00e9plie verticalement gr\u00e2ce \u00e0 des contrepoids contr\u00f4l\u00e9s.\" \/>\n<meta property=\"og:url\" content=\"https:\/\/puertasroper.com\/fr\/produits\/porte-basculante-industrielle-a-deux-vantaux\/\" \/>\n<meta property=\"og:site_name\" content=\"ROPER\" \/>\n<meta property=\"article:publisher\" content=\"http:\/\/www.facebook.com\/pages\/Puertas-Roper\/\" \/>\n<meta property=\"article:modified_time\" content=\"2026-02-20T11:10:50+00:00\" \/>\n<meta property=\"og:image\" content=\"https:\/\/puertasroper.com\/wp-content\/uploads\/puerta-basculante-2-hojas-industrial-e1701454566845.jpg\" \/>\n\t<meta property=\"og:image:width\" content=\"675\" \/>\n\t<meta property=\"og:image:height\" content=\"419\" \/>\n\t<meta property=\"og:image:type\" content=\"image\/jpeg\" \/>\n<meta name=\"twitter:label1\" content=\"Est. reading time\" \/>\n\t<meta name=\"twitter:data1\" content=\"4 minutes\" \/>\n<script type=\"application\/ld+json\" class=\"yoast-schema-graph\">{\"@context\":\"https:\\\/\\\/schema.org\",\"@graph\":[{\"@type\":\"WebPage\",\"@id\":\"https:\\\/\\\/puertasroper.com\\\/fr\\\/produits\\\/porte-basculante-industrielle-a-deux-vantaux\\\/\",\"url\":\"https:\\\/\\\/puertasroper.com\\\/fr\\\/produits\\\/porte-basculante-industrielle-a-deux-vantaux\\\/\",\"name\":\"Porte basculante industrielle ROPER : efficacit\u00e9 et contr\u00f4le\",\"isPartOf\":{\"@id\":\"https:\\\/\\\/puertasroper.com\\\/fr\\\/#website\"},\"primaryImageOfPage\":{\"@id\":\"https:\\\/\\\/puertasroper.com\\\/fr\\\/produits\\\/porte-basculante-industrielle-a-deux-vantaux\\\/#primaryimage\"},\"image\":{\"@id\":\"https:\\\/\\\/puertasroper.com\\\/fr\\\/produits\\\/porte-basculante-industrielle-a-deux-vantaux\\\/#primaryimage\"},\"thumbnailUrl\":\"https:\\\/\\\/puertasroper.com\\\/wp-content\\\/uploads\\\/puerta-basculante-2-hojas-industrial-e1701454566845.jpg\",\"datePublished\":\"2023-11-21T13:09:37+00:00\",\"dateModified\":\"2026-02-20T11:10:50+00:00\",\"description\":\"La porte basculante industrielle ROPER, avec guides lat\u00e9raux et structure en acier, se d\u00e9plie verticalement gr\u00e2ce \u00e0 des contrepoids contr\u00f4l\u00e9s.\",\"breadcrumb\":{\"@id\":\"https:\\\/\\\/puertasroper.com\\\/fr\\\/produits\\\/porte-basculante-industrielle-a-deux-vantaux\\\/#breadcrumb\"},\"inLanguage\":\"fr-FR\",\"potentialAction\":[{\"@type\":\"ReadAction\",\"target\":[\"https:\\\/\\\/puertasroper.com\\\/fr\\\/produits\\\/porte-basculante-industrielle-a-deux-vantaux\\\/\"]}]},{\"@type\":\"ImageObject\",\"inLanguage\":\"fr-FR\",\"@id\":\"https:\\\/\\\/puertasroper.com\\\/fr\\\/produits\\\/porte-basculante-industrielle-a-deux-vantaux\\\/#primaryimage\",\"url\":\"https:\\\/\\\/puertasroper.com\\\/wp-content\\\/uploads\\\/puerta-basculante-2-hojas-industrial-e1701454566845.jpg\",\"contentUrl\":\"https:\\\/\\\/puertasroper.com\\\/wp-content\\\/uploads\\\/puerta-basculante-2-hojas-industrial-e1701454566845.jpg\",\"width\":675,\"height\":419},{\"@type\":\"BreadcrumbList\",\"@id\":\"https:\\\/\\\/puertasroper.com\\\/fr\\\/produits\\\/porte-basculante-industrielle-a-deux-vantaux\\\/#breadcrumb\",\"itemListElement\":[{\"@type\":\"ListItem\",\"position\":1,\"name\":\"Portada\",\"item\":\"https:\\\/\\\/puertasroper.com\\\/fr\\\/\"},{\"@type\":\"ListItem\",\"position\":2,\"name\":\"Boutique\",\"item\":\"https:\\\/\\\/puertasroper.com\\\/fr\\\/boutique\\\/\"},{\"@type\":\"ListItem\",\"position\":3,\"name\":\"PUERTA BASCULANTE 2 HOJAS INDUSTRIAL\"}]},{\"@type\":\"WebSite\",\"@id\":\"https:\\\/\\\/puertasroper.com\\\/fr\\\/#website\",\"url\":\"https:\\\/\\\/puertasroper.com\\\/fr\\\/\",\"name\":\"ROPER\",\"description\":\"Puertas Met\u00e1licas | Automatismos | Puertas de Garaje | Paneles Sandwich\",\"publisher\":{\"@id\":\"https:\\\/\\\/puertasroper.com\\\/fr\\\/#organization\"},\"potentialAction\":[{\"@type\":\"SearchAction\",\"target\":{\"@type\":\"EntryPoint\",\"urlTemplate\":\"https:\\\/\\\/puertasroper.com\\\/fr\\\/?s={search_term_string}\"},\"query-input\":{\"@type\":\"PropertyValueSpecification\",\"valueRequired\":true,\"valueName\":\"search_term_string\"}}],\"inLanguage\":\"fr-FR\"},{\"@type\":\"Organization\",\"@id\":\"https:\\\/\\\/puertasroper.com\\\/fr\\\/#organization\",\"name\":\"Puertas Roper\",\"url\":\"https:\\\/\\\/puertasroper.com\\\/fr\\\/\",\"logo\":{\"@type\":\"ImageObject\",\"inLanguage\":\"fr-FR\",\"@id\":\"https:\\\/\\\/puertasroper.com\\\/fr\\\/#\\\/schema\\\/logo\\\/image\\\/\",\"url\":\"https:\\\/\\\/puertasroper.com\\\/wp-content\\\/uploads\\\/logo_roper_60-aniversario_WH-1.png\",\"contentUrl\":\"https:\\\/\\\/puertasroper.com\\\/wp-content\\\/uploads\\\/logo_roper_60-aniversario_WH-1.png\",\"width\":752,\"height\":394,\"caption\":\"Puertas Roper\"},\"image\":{\"@id\":\"https:\\\/\\\/puertasroper.com\\\/fr\\\/#\\\/schema\\\/logo\\\/image\\\/\"},\"sameAs\":[\"http:\\\/\\\/www.facebook.com\\\/pages\\\/Puertas-Roper\\\/\",\"https:\\\/\\\/x.com\\\/puertasroper\"]}]}<\/script>\n<!-- \/ Yoast SEO plugin. -->","yoast_head_json":{"title":"Porte basculante industrielle ROPER : efficacit\u00e9 et contr\u00f4le","description":"La porte basculante industrielle ROPER, avec guides lat\u00e9raux et structure en acier, se d\u00e9plie verticalement gr\u00e2ce \u00e0 des contrepoids contr\u00f4l\u00e9s.","robots":{"index":"index","follow":"follow","max-snippet":"max-snippet:-1","max-image-preview":"max-image-preview:large","max-video-preview":"max-video-preview:-1"},"canonical":"https:\/\/puertasroper.com\/fr\/produits\/porte-basculante-industrielle-a-deux-vantaux\/","og_locale":"fr_FR","og_type":"article","og_title":"Porte basculante industrielle ROPER : efficacit\u00e9 et contr\u00f4le","og_description":"La porte basculante industrielle ROPER, avec guides lat\u00e9raux et structure en acier, se d\u00e9plie verticalement gr\u00e2ce \u00e0 des contrepoids contr\u00f4l\u00e9s.","og_url":"https:\/\/puertasroper.com\/fr\/produits\/porte-basculante-industrielle-a-deux-vantaux\/","og_site_name":"ROPER","article_publisher":"http:\/\/www.facebook.com\/pages\/Puertas-Roper\/","article_modified_time":"2026-02-20T11:10:50+00:00","og_image":[{"width":675,"height":419,"url":"https:\/\/puertasroper.com\/wp-content\/uploads\/puerta-basculante-2-hojas-industrial-e1701454566845.jpg","type":"image\/jpeg"}],"twitter_misc":{"Est. reading time":"4 minutes"},"schema":{"@context":"https:\/\/schema.org","@graph":[{"@type":"WebPage","@id":"https:\/\/puertasroper.com\/fr\/produits\/porte-basculante-industrielle-a-deux-vantaux\/","url":"https:\/\/puertasroper.com\/fr\/produits\/porte-basculante-industrielle-a-deux-vantaux\/","name":"Porte basculante industrielle ROPER : efficacit\u00e9 et contr\u00f4le","isPartOf":{"@id":"https:\/\/puertasroper.com\/fr\/#website"},"primaryImageOfPage":{"@id":"https:\/\/puertasroper.com\/fr\/produits\/porte-basculante-industrielle-a-deux-vantaux\/#primaryimage"},"image":{"@id":"https:\/\/puertasroper.com\/fr\/produits\/porte-basculante-industrielle-a-deux-vantaux\/#primaryimage"},"thumbnailUrl":"https:\/\/puertasroper.com\/wp-content\/uploads\/puerta-basculante-2-hojas-industrial-e1701454566845.jpg","datePublished":"2023-11-21T13:09:37+00:00","dateModified":"2026-02-20T11:10:50+00:00","description":"La porte basculante industrielle ROPER, avec guides lat\u00e9raux et structure en acier, se d\u00e9plie verticalement gr\u00e2ce \u00e0 des contrepoids contr\u00f4l\u00e9s.","breadcrumb":{"@id":"https:\/\/puertasroper.com\/fr\/produits\/porte-basculante-industrielle-a-deux-vantaux\/#breadcrumb"},"inLanguage":"fr-FR","potentialAction":[{"@type":"ReadAction","target":["https:\/\/puertasroper.com\/fr\/produits\/porte-basculante-industrielle-a-deux-vantaux\/"]}]},{"@type":"ImageObject","inLanguage":"fr-FR","@id":"https:\/\/puertasroper.com\/fr\/produits\/porte-basculante-industrielle-a-deux-vantaux\/#primaryimage","url":"https:\/\/puertasroper.com\/wp-content\/uploads\/puerta-basculante-2-hojas-industrial-e1701454566845.jpg","contentUrl":"https:\/\/puertasroper.com\/wp-content\/uploads\/puerta-basculante-2-hojas-industrial-e1701454566845.jpg","width":675,"height":419},{"@type":"BreadcrumbList","@id":"https:\/\/puertasroper.com\/fr\/produits\/porte-basculante-industrielle-a-deux-vantaux\/#breadcrumb","itemListElement":[{"@type":"ListItem","position":1,"name":"Portada","item":"https:\/\/puertasroper.com\/fr\/"},{"@type":"ListItem","position":2,"name":"Boutique","item":"https:\/\/puertasroper.com\/fr\/boutique\/"},{"@type":"ListItem","position":3,"name":"PUERTA BASCULANTE 2 HOJAS INDUSTRIAL"}]},{"@type":"WebSite","@id":"https:\/\/puertasroper.com\/fr\/#website","url":"https:\/\/puertasroper.com\/fr\/","name":"ROPER","description":"Puertas Met\u00e1licas | Automatismos | Puertas de Garaje | Paneles Sandwich","publisher":{"@id":"https:\/\/puertasroper.com\/fr\/#organization"},"potentialAction":[{"@type":"SearchAction","target":{"@type":"EntryPoint","urlTemplate":"https:\/\/puertasroper.com\/fr\/?s={search_term_string}"},"query-input":{"@type":"PropertyValueSpecification","valueRequired":true,"valueName":"search_term_string"}}],"inLanguage":"fr-FR"},{"@type":"Organization","@id":"https:\/\/puertasroper.com\/fr\/#organization","name":"Puertas Roper","url":"https:\/\/puertasroper.com\/fr\/","logo":{"@type":"ImageObject","inLanguage":"fr-FR","@id":"https:\/\/puertasroper.com\/fr\/#\/schema\/logo\/image\/","url":"https:\/\/puertasroper.com\/wp-content\/uploads\/logo_roper_60-aniversario_WH-1.png","contentUrl":"https:\/\/puertasroper.com\/wp-content\/uploads\/logo_roper_60-aniversario_WH-1.png","width":752,"height":394,"caption":"Puertas Roper"},"image":{"@id":"https:\/\/puertasroper.com\/fr\/#\/schema\/logo\/image\/"},"sameAs":["http:\/\/www.facebook.com\/pages\/Puertas-Roper\/","https:\/\/x.com\/puertasroper"]}]}},"_links":{"self":[{"href":"https:\/\/puertasroper.com\/fr\/wp-json\/wp\/v2\/product\/12290","targetHints":{"allow":["GET"]}}],"collection":[{"href":"https:\/\/puertasroper.com\/fr\/wp-json\/wp\/v2\/product"}],"about":[{"href":"https:\/\/puertasroper.com\/fr\/wp-json\/wp\/v2\/types\/product"}],"wp:featuredmedia":[{"embeddable":true,"href":"https:\/\/puertasroper.com\/fr\/wp-json\/wp\/v2\/media\/11088"}],"wp:attachment":[{"href":"https:\/\/puertasroper.com\/fr\/wp-json\/wp\/v2\/media?parent=12290"}],"wp:term":[{"taxonomy":"product_brand","embeddable":true,"href":"https:\/\/puertasroper.com\/fr\/wp-json\/wp\/v2\/product_brand?post=12290"},{"taxonomy":"product_cat","embeddable":true,"href":"https:\/\/puertasroper.com\/fr\/wp-json\/wp\/v2\/product_cat?post=12290"},{"taxonomy":"product_tag","embeddable":true,"href":"https:\/\/puertasroper.com\/fr\/wp-json\/wp\/v2\/product_tag?post=12290"},{"taxonomy":"entorno","embeddable":true,"href":"https:\/\/puertasroper.com\/fr\/wp-json\/wp\/v2\/entorno?post=12290"},{"taxonomy":"num-hojas","embeddable":true,"href":"https:\/\/puertasroper.com\/fr\/wp-json\/wp\/v2\/num-hojas?post=12290"},{"taxonomy":"tipo-de-puerta","embeddable":true,"href":"https:\/\/puertasroper.com\/fr\/wp-json\/wp\/v2\/tipo-de-puerta?post=12290"}],"curies":[{"name":"wp","href":"https:\/\/api.w.org\/{rel}","templated":true}]}}