{"id":12291,"date":"2023-11-21T14:09:36","date_gmt":"2023-11-21T13:09:36","guid":{"rendered":"https:\/\/puertasroper.com\/productos\/puerta-seccional-industrial\/"},"modified":"2024-02-28T22:39:08","modified_gmt":"2024-02-28T21:39:08","slug":"porte-sectionnelle-industrielle","status":"publish","type":"product","link":"https:\/\/puertasroper.com\/fr\/produits\/porte-sectionnelle-industrielle\/","title":{"rendered":"PORTE SECTIONNELLE INDUSTRIELLE"},"content":{"rendered":"<p><strong>Fiche Technique<\/strong><br \/>\nPorte avec panneau sandwich, guides verticaux en t\u00f4le ou en tube et linteau en t\u00f4le ou en tubes avec plaques, actionn\u00e9e m\u00e9caniquement par des ressorts de torsion fix\u00e9s au linteau\/tube qui font tourner deux tambours o\u00f9 le c\u00e2ble est enroul\u00e9 et fix\u00e9 \u00e0 la partie inf\u00e9rieure de la feuille. Cette feuille glisse, \u00e0 l&#8217;aide de roulettes, le long de guides m\u00e9talliques jusqu&#8217;\u00e0 ce qu&#8217;elle soit horizontale. En option, les guides peuvent \u00eatre inclin\u00e9s pour s&#8217;adapter \u00e0 la pente du toit dans la mesure du possible. L&#8217;actionnement manuel de la porte peut \u00eatre remplac\u00e9 par l&#8217;installation d&#8217;un syst\u00e8me \u00e9lectrique.<\/p>\n<p>Le p\u00e9rim\u00e8tre de la feuille est ferm\u00e9 par la mise en place de joints en caoutchouc, rendant l&#8217;int\u00e9rieur semi-\u00e9tanche<\/p>\n<p><img fetchpriority=\"high\" decoding=\"async\" class=\"aligncenter wp-image-8021 size-full\" src=\"https:\/\/puertasroper.com\/wp-content\/uploads\/Puerta-de-Garaje-Seccional-Comunitaria-estandar-1.png\" alt=\"\" width=\"657\" height=\"477\" srcset=\"https:\/\/puertasroper.com\/wp-content\/uploads\/Puerta-de-Garaje-Seccional-Comunitaria-estandar-1.png 657w, https:\/\/puertasroper.com\/wp-content\/uploads\/Puerta-de-Garaje-Seccional-Comunitaria-estandar-1-300x218.png 300w, https:\/\/puertasroper.com\/wp-content\/uploads\/Puerta-de-Garaje-Seccional-Comunitaria-estandar-1-600x436.png 600w\" sizes=\"(max-width: 657px) 100vw, 657px\" \/><\/p>\n<p><strong>Feuille <\/strong><\/p>\n<p>La feuille est fabriqu\u00e9e avec un panneau sandwich r\u00e9sidentiel ou industriel (selon les variantes) de 40 mm d&#8217;\u00e9paisseur. Pour sa fabrication, une t\u00f4le pr\u00e9laqu\u00e9e est utilis\u00e9e sur de l&#8217;acier galvanis\u00e9, conform\u00e9ment \u00e0 la norme EN-10142. L&#8217;int\u00e9rieur du panneau est compos\u00e9 de polyur\u00e9thane expans\u00e9 avec une densit\u00e9 moyenne de 40 kg\/m\u00b3, exempt de CFC et de HCFC. Deux formats de panneau sont utilis\u00e9s, l&#8217;un mesurant 500 mm de hauteur et l&#8217;autre 610 mm.<\/p>\n<p><img decoding=\"async\" class=\"aligncenter wp-image-8025 size-full\" src=\"https:\/\/puertasroper.com\/wp-content\/uploads\/Puerta-Guillotina-Industrial-2-1.png\" alt=\"\" width=\"614\" height=\"186\" srcset=\"https:\/\/puertasroper.com\/wp-content\/uploads\/Puerta-Guillotina-Industrial-2-1.png 614w, https:\/\/puertasroper.com\/wp-content\/uploads\/Puerta-Guillotina-Industrial-2-1-300x91.png 300w, https:\/\/puertasroper.com\/wp-content\/uploads\/Puerta-Guillotina-Industrial-2-1-600x182.png 600w\" sizes=\"(max-width: 614px) 100vw, 614px\" \/><\/p>\n<p>La face ext\u00e9rieure des panneaux est disponible en t\u00f4le pr\u00e9laqu\u00e9e blanc RAL 9010, RAL 8014, RAL 9006, RAL 6005, RAL 7024, RAL 3000 et RAL 5010. Elle est \u00e9galement disponible en imitation bois ch\u00eane clair et ch\u00eane fonc\u00e9. Les autres couleurs seront livr\u00e9es peintes selon la charte des couleurs RAL classique avec une peinture \u00e0 deux composants (base \/ catalyseur).<\/p>\n<p>L&#8217;int\u00e9rieur du panneau sera de couleur blanche.<\/p>\n<p>\u00c0 partir de 16 m\u00b2 de panneau, des dispositifs de rupture de c\u00e2ble seront install\u00e9s pour \u00e9viter que la porte ne tombe en cas de rupture d&#8217;un des c\u00e2bles.<\/p>\n<p>Transmission L&#8217;axe, les ressorts et le linteau\/tube sont enti\u00e8rement mont\u00e9s pour faciliter le montage de la porte sur le chantier. Les ressorts sont fabriqu\u00e9s en acier EN 10270-1, classe SH phosphat\u00e9e. Les ressorts sont accompagn\u00e9s de syst\u00e8mes antirupture de ressorts qui emp\u00eachent la porte de tomber en cas de rupture du ressort.<\/p>\n<p>Linteau et guides Si les guides verticaux ou le linteau sont en t\u00f4le, ils sont fabriqu\u00e9s en t\u00f4le d&#8217;acier galvanis\u00e9 selon la norme EN-10142. Dans ce cas, la finition des guides et du linteau peut \u00eatre en t\u00f4le galvanis\u00e9e ou en t\u00f4le pr\u00e9laqu\u00e9e ou peinte (selon la couleur choisie pour la porte).<\/p>\n<p>Si les guides verticaux sont en tube, ils seront fabriqu\u00e9s en tube galvanis\u00e9. Dans ce cas, la finition peut \u00eatre galvanis\u00e9e ou peinte. Si le linteau est en tube, un tube de fermeture sera livr\u00e9 pour \u00eatre plac\u00e9 sur la partie sup\u00e9rieure de la feuille et un tube galvanis\u00e9 ou un UPN (selon les dimensions) sera fourni pour fixer les plaques avec la transmission.<\/p>\n<p>Le tube de fermeture aura une finition identique \u00e0 celle des guides verticaux. Les guides horizontaux et verticaux sont fabriqu\u00e9s en t\u00f4le d&#8217;acier galvanis\u00e9 selon la norme EN-10142. L&#8217;ensemble peut \u00eatre totalement visible sans n\u00e9cessit\u00e9 de mettre un pr\u00e9-cadre. Les bords des guides sont arrondis pour \u00e9viter les coupures.<\/p>\n<p>C\u00e2bles Selon les dimensions de la feuille, des c\u00e2bles de diam\u00e8tre 3 mm, 4 mm et 5 mm sont utilis\u00e9s. Tous les c\u00e2bles ont une composition 6&#215;19+1 et sont conformes \u00e0 la norme DIN 3060.<\/p>\n<p>Livraisons La porte est livr\u00e9e pr\u00e9-mont\u00e9e \u00e0 60 %, emball\u00e9e avec du plastique et deux panneaux en DM inf\u00e9rieur et frontal, en un ou trois paquets : Un paquet : guides, linteau avec transmission, panneaux et accessoires. Trois paquets : guides et linteau avec transmission, panneaux, accessoires.<\/p>\n<p>La qualit\u00e9 de cette porte est garantie par les tests effectu\u00e9s dans des laboratoires agr\u00e9\u00e9s, conform\u00e9ment \u00e0 la norme produit EN 13241-1, et elle est marqu\u00e9e pour sa version manuelle et automatique. Les pi\u00e8ces utilis\u00e9es dans la porte et sa finition d\u00e9pendront des dimensions de la porte, de sa variante et du vide disponible sur le chantier. Elles d\u00e9pendront \u00e9galement des \u00e9ventuels changements li\u00e9s \u00e0 l&#8217;am\u00e9lioration des processus de production.<\/p>\n","protected":false},"excerpt":{"rendered":"<p>Avec les diff\u00e9rentes solutions propos\u00e9es par la Porte Sectionnelle Industrielle dans ses versions standard, semi-guillotine et guillotine, ainsi que la possibilit\u00e9 d&#8217;adaptation au toit, nous obtenons un haut niveau d&#8217;esth\u00e9tique et de fonctionnalit\u00e9.<\/p>\n<p>Caract\u00e9ristiques:<\/p>\n<ul>\n<li>Optimisation de l&#8217;espace en largeur et en hauteur<\/li>\n<li>Adaptation du guide au plafond<\/li>\n<li>Isolation thermique et acoustique<\/li>\n<li>Confortable gr\u00e2ce \u00e0 la possibilit\u00e9 d&#8217;automatiser les portes pour s&#8217;adapter \u00e0 tout type d&#8217;utilisation..<\/li>\n<\/ul>\n","protected":false},"featured_media":11120,"template":"","meta":{"site-sidebar-layout":"default","site-content-layout":"","ast-site-content-layout":"default","site-content-style":"default","site-sidebar-style":"default","ast-global-header-display":"","ast-banner-title-visibility":"","ast-main-header-display":"","ast-hfb-above-header-display":"","ast-hfb-below-header-display":"","ast-hfb-mobile-header-display":"","site-post-title":"","ast-breadcrumbs-content":"","ast-featured-img":"","footer-sml-layout":"","ast-disable-related-posts":"","theme-transparent-header-meta":"default","adv-header-id-meta":"","stick-header-meta":"","header-above-stick-meta":"","header-main-stick-meta":"","header-below-stick-meta":"","astra-migrate-meta-layouts":"set","ast-page-background-enabled":"default","ast-page-background-meta":{"desktop":{"background-color":"var(--ast-global-color-4)","background-image":"","background-repeat":"repeat","background-position":"center center","background-size":"auto","background-attachment":"scroll","background-type":"","background-media":"","overlay-type":"","overlay-color":"","overlay-opacity":"","overlay-gradient":""},"tablet":{"background-color":"","background-image":"","background-repeat":"repeat","background-position":"center center","background-size":"auto","background-attachment":"scroll","background-type":"","background-media":"","overlay-type":"","overlay-color":"","overlay-opacity":"","overlay-gradient":""},"mobile":{"background-color":"","background-image":"","background-repeat":"repeat","background-position":"center center","background-size":"auto","background-attachment":"scroll","background-type":"","background-media":"","overlay-type":"","overlay-color":"","overlay-opacity":"","overlay-gradient":""}},"ast-content-background-meta":{"desktop":{"background-color":"var(--ast-global-color-5)","background-image":"","background-repeat":"repeat","background-position":"center center","background-size":"auto","background-attachment":"scroll","background-type":"","background-media":"","overlay-type":"","overlay-color":"","overlay-opacity":"","overlay-gradient":""},"tablet":{"background-color":"var(--ast-global-color-5)","background-image":"","background-repeat":"repeat","background-position":"center center","background-size":"auto","background-attachment":"scroll","background-type":"","background-media":"","overlay-type":"","overlay-color":"","overlay-opacity":"","overlay-gradient":""},"mobile":{"background-color":"var(--ast-global-color-5)","background-image":"","background-repeat":"repeat","background-position":"center center","background-size":"auto","background-attachment":"scroll","background-type":"","background-media":"","overlay-type":"","overlay-color":"","overlay-opacity":"","overlay-gradient":""}}},"product_brand":[],"product_cat":[506],"product_tag":[],"entorno":[],"num-hojas":[411],"tipo-de-puerta":[512],"class_list":{"0":"post-12291","1":"product","2":"type-product","3":"status-publish","4":"has-post-thumbnail","6":"product_cat-portes-industrielles","7":"num-hojas-una","8":"tipo-de-puerta-sectionnelle","9":"desktop-align-left","10":"tablet-align-left","11":"mobile-align-left","13":"first","14":"instock","15":"shipping-taxable","16":"product-type-simple"},"yoast_head":"<!-- This site is optimized with the Yoast SEO plugin v27.3 - https:\/\/yoast.com\/product\/yoast-seo-wordpress\/ -->\n<title>Porte Sectionnelle Industrielle : Esth\u00e9tique et Polyvalence<\/title>\n<meta name=\"description\" content=\"Solutions diverses avec des portes sectionnelles industrielles standard, semi-guillotine et guillotine, adaptables aux toitures pour une meilleure esth\u00e9tique et fonctionnalit\u00e9.\" \/>\n<meta name=\"robots\" content=\"index, follow, max-snippet:-1, max-image-preview:large, max-video-preview:-1\" \/>\n<link rel=\"canonical\" href=\"https:\/\/puertasroper.com\/fr\/produits\/porte-sectionnelle-industrielle\/\" \/>\n<meta property=\"og:locale\" content=\"fr_FR\" \/>\n<meta property=\"og:type\" content=\"article\" \/>\n<meta property=\"og:title\" content=\"Porte Sectionnelle Industrielle : Esth\u00e9tique et Polyvalence\" \/>\n<meta property=\"og:description\" content=\"Solutions diverses avec des portes sectionnelles industrielles standard, semi-guillotine et guillotine, adaptables aux toitures pour une meilleure esth\u00e9tique et fonctionnalit\u00e9.\" \/>\n<meta property=\"og:url\" content=\"https:\/\/puertasroper.com\/fr\/produits\/porte-sectionnelle-industrielle\/\" \/>\n<meta property=\"og:site_name\" content=\"ROPER\" \/>\n<meta property=\"article:publisher\" content=\"http:\/\/www.facebook.com\/pages\/Puertas-Roper\/\" \/>\n<meta property=\"article:modified_time\" content=\"2024-02-28T21:39:08+00:00\" \/>\n<meta property=\"og:image\" content=\"https:\/\/puertasroper.com\/wp-content\/uploads\/puerta-seccional-industrial-e1701454116365.jpg\" \/>\n\t<meta property=\"og:image:width\" content=\"684\" \/>\n\t<meta property=\"og:image:height\" content=\"424\" \/>\n\t<meta property=\"og:image:type\" content=\"image\/jpeg\" \/>\n<meta name=\"twitter:label1\" content=\"Est. reading time\" \/>\n\t<meta name=\"twitter:data1\" content=\"4 minutes\" \/>\n<script type=\"application\/ld+json\" class=\"yoast-schema-graph\">{\"@context\":\"https:\\\/\\\/schema.org\",\"@graph\":[{\"@type\":\"WebPage\",\"@id\":\"https:\\\/\\\/puertasroper.com\\\/fr\\\/produits\\\/porte-sectionnelle-industrielle\\\/\",\"url\":\"https:\\\/\\\/puertasroper.com\\\/fr\\\/produits\\\/porte-sectionnelle-industrielle\\\/\",\"name\":\"Porte Sectionnelle Industrielle : Esth\u00e9tique et Polyvalence\",\"isPartOf\":{\"@id\":\"https:\\\/\\\/puertasroper.com\\\/fr\\\/#website\"},\"primaryImageOfPage\":{\"@id\":\"https:\\\/\\\/puertasroper.com\\\/fr\\\/produits\\\/porte-sectionnelle-industrielle\\\/#primaryimage\"},\"image\":{\"@id\":\"https:\\\/\\\/puertasroper.com\\\/fr\\\/produits\\\/porte-sectionnelle-industrielle\\\/#primaryimage\"},\"thumbnailUrl\":\"https:\\\/\\\/puertasroper.com\\\/wp-content\\\/uploads\\\/puerta-seccional-industrial-e1701454116365.jpg\",\"datePublished\":\"2023-11-21T13:09:36+00:00\",\"dateModified\":\"2024-02-28T21:39:08+00:00\",\"description\":\"Solutions diverses avec des portes sectionnelles industrielles standard, semi-guillotine et guillotine, adaptables aux toitures pour une meilleure esth\u00e9tique et fonctionnalit\u00e9.\",\"breadcrumb\":{\"@id\":\"https:\\\/\\\/puertasroper.com\\\/fr\\\/produits\\\/porte-sectionnelle-industrielle\\\/#breadcrumb\"},\"inLanguage\":\"fr-FR\",\"potentialAction\":[{\"@type\":\"ReadAction\",\"target\":[\"https:\\\/\\\/puertasroper.com\\\/fr\\\/produits\\\/porte-sectionnelle-industrielle\\\/\"]}]},{\"@type\":\"ImageObject\",\"inLanguage\":\"fr-FR\",\"@id\":\"https:\\\/\\\/puertasroper.com\\\/fr\\\/produits\\\/porte-sectionnelle-industrielle\\\/#primaryimage\",\"url\":\"https:\\\/\\\/puertasroper.com\\\/wp-content\\\/uploads\\\/puerta-seccional-industrial-e1701454116365.jpg\",\"contentUrl\":\"https:\\\/\\\/puertasroper.com\\\/wp-content\\\/uploads\\\/puerta-seccional-industrial-e1701454116365.jpg\",\"width\":684,\"height\":424},{\"@type\":\"BreadcrumbList\",\"@id\":\"https:\\\/\\\/puertasroper.com\\\/fr\\\/produits\\\/porte-sectionnelle-industrielle\\\/#breadcrumb\",\"itemListElement\":[{\"@type\":\"ListItem\",\"position\":1,\"name\":\"Portada\",\"item\":\"https:\\\/\\\/puertasroper.com\\\/fr\\\/\"},{\"@type\":\"ListItem\",\"position\":2,\"name\":\"Boutique\",\"item\":\"https:\\\/\\\/puertasroper.com\\\/fr\\\/boutique\\\/\"},{\"@type\":\"ListItem\",\"position\":3,\"name\":\"PORTE SECTIONNELLE INDUSTRIELLE\"}]},{\"@type\":\"WebSite\",\"@id\":\"https:\\\/\\\/puertasroper.com\\\/fr\\\/#website\",\"url\":\"https:\\\/\\\/puertasroper.com\\\/fr\\\/\",\"name\":\"ROPER\",\"description\":\"Puertas Met\u00e1licas | Automatismos | Puertas de Garaje | Paneles Sandwich\",\"publisher\":{\"@id\":\"https:\\\/\\\/puertasroper.com\\\/fr\\\/#organization\"},\"potentialAction\":[{\"@type\":\"SearchAction\",\"target\":{\"@type\":\"EntryPoint\",\"urlTemplate\":\"https:\\\/\\\/puertasroper.com\\\/fr\\\/?s={search_term_string}\"},\"query-input\":{\"@type\":\"PropertyValueSpecification\",\"valueRequired\":true,\"valueName\":\"search_term_string\"}}],\"inLanguage\":\"fr-FR\"},{\"@type\":\"Organization\",\"@id\":\"https:\\\/\\\/puertasroper.com\\\/fr\\\/#organization\",\"name\":\"Puertas Roper\",\"url\":\"https:\\\/\\\/puertasroper.com\\\/fr\\\/\",\"logo\":{\"@type\":\"ImageObject\",\"inLanguage\":\"fr-FR\",\"@id\":\"https:\\\/\\\/puertasroper.com\\\/fr\\\/#\\\/schema\\\/logo\\\/image\\\/\",\"url\":\"https:\\\/\\\/puertasroper.com\\\/wp-content\\\/uploads\\\/logo-1667847653.png\",\"contentUrl\":\"https:\\\/\\\/puertasroper.com\\\/wp-content\\\/uploads\\\/logo-1667847653.png\",\"width\":115,\"height\":106,\"caption\":\"Puertas Roper\"},\"image\":{\"@id\":\"https:\\\/\\\/puertasroper.com\\\/fr\\\/#\\\/schema\\\/logo\\\/image\\\/\"},\"sameAs\":[\"http:\\\/\\\/www.facebook.com\\\/pages\\\/Puertas-Roper\\\/\",\"https:\\\/\\\/x.com\\\/puertasroper\"]}]}<\/script>\n<!-- \/ Yoast SEO plugin. -->","yoast_head_json":{"title":"Porte Sectionnelle Industrielle : Esth\u00e9tique et Polyvalence","description":"Solutions diverses avec des portes sectionnelles industrielles standard, semi-guillotine et guillotine, adaptables aux toitures pour une meilleure esth\u00e9tique et fonctionnalit\u00e9.","robots":{"index":"index","follow":"follow","max-snippet":"max-snippet:-1","max-image-preview":"max-image-preview:large","max-video-preview":"max-video-preview:-1"},"canonical":"https:\/\/puertasroper.com\/fr\/produits\/porte-sectionnelle-industrielle\/","og_locale":"fr_FR","og_type":"article","og_title":"Porte Sectionnelle Industrielle : Esth\u00e9tique et Polyvalence","og_description":"Solutions diverses avec des portes sectionnelles industrielles standard, semi-guillotine et guillotine, adaptables aux toitures pour une meilleure esth\u00e9tique et fonctionnalit\u00e9.","og_url":"https:\/\/puertasroper.com\/fr\/produits\/porte-sectionnelle-industrielle\/","og_site_name":"ROPER","article_publisher":"http:\/\/www.facebook.com\/pages\/Puertas-Roper\/","article_modified_time":"2024-02-28T21:39:08+00:00","og_image":[{"width":684,"height":424,"url":"https:\/\/puertasroper.com\/wp-content\/uploads\/puerta-seccional-industrial-e1701454116365.jpg","type":"image\/jpeg"}],"twitter_misc":{"Est. reading time":"4 minutes"},"schema":{"@context":"https:\/\/schema.org","@graph":[{"@type":"WebPage","@id":"https:\/\/puertasroper.com\/fr\/produits\/porte-sectionnelle-industrielle\/","url":"https:\/\/puertasroper.com\/fr\/produits\/porte-sectionnelle-industrielle\/","name":"Porte Sectionnelle Industrielle : Esth\u00e9tique et Polyvalence","isPartOf":{"@id":"https:\/\/puertasroper.com\/fr\/#website"},"primaryImageOfPage":{"@id":"https:\/\/puertasroper.com\/fr\/produits\/porte-sectionnelle-industrielle\/#primaryimage"},"image":{"@id":"https:\/\/puertasroper.com\/fr\/produits\/porte-sectionnelle-industrielle\/#primaryimage"},"thumbnailUrl":"https:\/\/puertasroper.com\/wp-content\/uploads\/puerta-seccional-industrial-e1701454116365.jpg","datePublished":"2023-11-21T13:09:36+00:00","dateModified":"2024-02-28T21:39:08+00:00","description":"Solutions diverses avec des portes sectionnelles industrielles standard, semi-guillotine et guillotine, adaptables aux toitures pour une meilleure esth\u00e9tique et fonctionnalit\u00e9.","breadcrumb":{"@id":"https:\/\/puertasroper.com\/fr\/produits\/porte-sectionnelle-industrielle\/#breadcrumb"},"inLanguage":"fr-FR","potentialAction":[{"@type":"ReadAction","target":["https:\/\/puertasroper.com\/fr\/produits\/porte-sectionnelle-industrielle\/"]}]},{"@type":"ImageObject","inLanguage":"fr-FR","@id":"https:\/\/puertasroper.com\/fr\/produits\/porte-sectionnelle-industrielle\/#primaryimage","url":"https:\/\/puertasroper.com\/wp-content\/uploads\/puerta-seccional-industrial-e1701454116365.jpg","contentUrl":"https:\/\/puertasroper.com\/wp-content\/uploads\/puerta-seccional-industrial-e1701454116365.jpg","width":684,"height":424},{"@type":"BreadcrumbList","@id":"https:\/\/puertasroper.com\/fr\/produits\/porte-sectionnelle-industrielle\/#breadcrumb","itemListElement":[{"@type":"ListItem","position":1,"name":"Portada","item":"https:\/\/puertasroper.com\/fr\/"},{"@type":"ListItem","position":2,"name":"Boutique","item":"https:\/\/puertasroper.com\/fr\/boutique\/"},{"@type":"ListItem","position":3,"name":"PORTE SECTIONNELLE INDUSTRIELLE"}]},{"@type":"WebSite","@id":"https:\/\/puertasroper.com\/fr\/#website","url":"https:\/\/puertasroper.com\/fr\/","name":"ROPER","description":"Puertas Met\u00e1licas | Automatismos | Puertas de Garaje | Paneles Sandwich","publisher":{"@id":"https:\/\/puertasroper.com\/fr\/#organization"},"potentialAction":[{"@type":"SearchAction","target":{"@type":"EntryPoint","urlTemplate":"https:\/\/puertasroper.com\/fr\/?s={search_term_string}"},"query-input":{"@type":"PropertyValueSpecification","valueRequired":true,"valueName":"search_term_string"}}],"inLanguage":"fr-FR"},{"@type":"Organization","@id":"https:\/\/puertasroper.com\/fr\/#organization","name":"Puertas Roper","url":"https:\/\/puertasroper.com\/fr\/","logo":{"@type":"ImageObject","inLanguage":"fr-FR","@id":"https:\/\/puertasroper.com\/fr\/#\/schema\/logo\/image\/","url":"https:\/\/puertasroper.com\/wp-content\/uploads\/logo-1667847653.png","contentUrl":"https:\/\/puertasroper.com\/wp-content\/uploads\/logo-1667847653.png","width":115,"height":106,"caption":"Puertas Roper"},"image":{"@id":"https:\/\/puertasroper.com\/fr\/#\/schema\/logo\/image\/"},"sameAs":["http:\/\/www.facebook.com\/pages\/Puertas-Roper\/","https:\/\/x.com\/puertasroper"]}]}},"_links":{"self":[{"href":"https:\/\/puertasroper.com\/fr\/wp-json\/wp\/v2\/product\/12291","targetHints":{"allow":["GET"]}}],"collection":[{"href":"https:\/\/puertasroper.com\/fr\/wp-json\/wp\/v2\/product"}],"about":[{"href":"https:\/\/puertasroper.com\/fr\/wp-json\/wp\/v2\/types\/product"}],"wp:featuredmedia":[{"embeddable":true,"href":"https:\/\/puertasroper.com\/fr\/wp-json\/wp\/v2\/media\/11120"}],"wp:attachment":[{"href":"https:\/\/puertasroper.com\/fr\/wp-json\/wp\/v2\/media?parent=12291"}],"wp:term":[{"taxonomy":"product_brand","embeddable":true,"href":"https:\/\/puertasroper.com\/fr\/wp-json\/wp\/v2\/product_brand?post=12291"},{"taxonomy":"product_cat","embeddable":true,"href":"https:\/\/puertasroper.com\/fr\/wp-json\/wp\/v2\/product_cat?post=12291"},{"taxonomy":"product_tag","embeddable":true,"href":"https:\/\/puertasroper.com\/fr\/wp-json\/wp\/v2\/product_tag?post=12291"},{"taxonomy":"entorno","embeddable":true,"href":"https:\/\/puertasroper.com\/fr\/wp-json\/wp\/v2\/entorno?post=12291"},{"taxonomy":"num-hojas","embeddable":true,"href":"https:\/\/puertasroper.com\/fr\/wp-json\/wp\/v2\/num-hojas?post=12291"},{"taxonomy":"tipo-de-puerta","embeddable":true,"href":"https:\/\/puertasroper.com\/fr\/wp-json\/wp\/v2\/tipo-de-puerta?post=12291"}],"curies":[{"name":"wp","href":"https:\/\/api.w.org\/{rel}","templated":true}]}}