{"id":12294,"date":"2023-11-21T14:09:36","date_gmt":"2023-11-21T13:09:36","guid":{"rendered":"https:\/\/puertasroper.com\/productos\/registros-cortafuegos\/"},"modified":"2024-02-28T21:53:17","modified_gmt":"2024-02-28T20:53:17","slug":"registres-coupe-feu","status":"publish","type":"product","link":"https:\/\/puertasroper.com\/fr\/produits\/registres-coupe-feu\/","title":{"rendered":"REGISTRES COUPE-FEU"},"content":{"rendered":"<p>Fiche Technique ROPER est un fabricant fort de plus de 25 ans d&#8217;exp\u00e9rience dans le domaine des registres coupe-feu. Nous fabriquons actuellement une large gamme de registres coupe-feu \u00e0 1 vantail et \u00e0 2 vantaux avec marquage et certification couvrant presque 100 % des besoins du march\u00e9. Ce type de registres est sp\u00e9cialement indiqu\u00e9 pour les zones o\u00f9, en raison de leurs dimensions, l&#8217;installation d&#8217;une porte coupe-feu n&#8217;est pas possible. Ils sont principalement con\u00e7us pour \u00eatre install\u00e9s dans les compteurs, les syst\u00e8mes de communication, les tableaux de machines, etc&#8230;<\/p>\n<p>Sp\u00e9cifications techniques du registre coupe-feu RBO 1 Vantail \/ E12 60 Registre coupe-feu \u00e0 charni\u00e8res dissimul\u00e9es Les registres coupe-feu sont utilis\u00e9s comme protection contre les incendies dans les zones o\u00f9, en raison de leurs dimensions, l&#8217;installation d&#8217;une porte coupe-feu n&#8217;est pas possible. Ils sont principalement con\u00e7us pour \u00eatre install\u00e9s dans les compteurs, les syst\u00e8mes de communication, les tableaux de machines, etc&#8230;<\/p>\n<p>Cadre<\/p>\n<ul>\n<li>Fabriqu\u00e9 en t\u00f4le d&#8217;acier galvanis\u00e9 d&#8217;\u00e9paisseur 1,2 mm.<\/li>\n<li>Comporte 4 griffes, une \u00e0 chaque coin du cadre pour le fixer au support de l&#8217;ouvrage.<\/li>\n<li>Joints intumescents ignifuges \u00e0 dilatation \u00e9lev\u00e9e.<\/li>\n<li>En option, le cadre peut \u00eatre pr\u00e9laqu\u00e9.<\/li>\n<\/ul>\n<p>Vantail<\/p>\n<ul>\n<li>Fabriqu\u00e9 en t\u00f4le d&#8217;acier galvanis\u00e9 d&#8217;\u00e9paisseur de 0,5 \u00e0 0,6 mm.<\/li>\n<li>Renfort p\u00e9rim\u00e9trique interne en acier d&#8217;\u00e9paisseur 2,5 mm.<\/li>\n<li>Isolant int\u00e9rieur : Laine de roche, \u00e9paisseur 55 mm, 165 kg\/m3.<\/li>\n<\/ul>\n<p>Caract\u00e9ristiques techniques :<\/p>\n<p>Classement Euroclasse E1<\/p>\n<p>Liant synth\u00e9tique<\/p>\n<p>Comportement face \u00e0 l&#8217;eau : non hydrophile ni hygroscopique<\/p>\n<p>Coefficient de dilatation lin\u00e9aire 2 x 10 1\/m<\/p>\n<p>Conductivit\u00e9 thermique : voir tableau<\/p>\n<ul>\n<li>Le syst\u00e8me de liaison des feuilles &#8211; laine de roche se fait par une colle intumescente de toxicit\u00e9 et d&#8217;inflammabilit\u00e9 nulles.<\/li>\n<\/ul>\n<p><img fetchpriority=\"high\" decoding=\"async\" class=\"aligncenter wp-image-7484 size-full\" src=\"https:\/\/puertasroper.com\/wp-content\/uploads\/tabla-Registro-Cortafuego.png\" alt=\"\" width=\"522\" height=\"100\" srcset=\"https:\/\/puertasroper.com\/wp-content\/uploads\/tabla-Registro-Cortafuego.png 522w, https:\/\/puertasroper.com\/wp-content\/uploads\/tabla-Registro-Cortafuego-300x57.png 300w\" sizes=\"(max-width: 522px) 100vw, 522px\" \/><\/p>\n<p>Bisagras Ocultas Chaque registre est \u00e9quip\u00e9 de deux bisagras en acier galvanis\u00e9 d&#8217;une \u00e9paisseur de 2 mm.<\/p>\n<p>Junta Intumescente<\/p>\n<ul>\n<li>Dilatation \u00e9lev\u00e9e \u00e0 des temp\u00e9ratures \u00e9lev\u00e9es.<\/li>\n<li>Coll\u00e9e sur tout le p\u00e9rim\u00e8tre du cadre.<\/li>\n<li>Fabriqu\u00e9e \u00e0 base de graphite, de couleur noire.<\/li>\n<li>Dimensions : 20&#215;2,5 (largeur x \u00e9paisseur).<\/li>\n<li>Flexible, insoluble et inodore.<\/li>\n<li>Facteur de dilatation : 25 pour 1 si T &gt; 180 \u00baC.<\/li>\n<\/ul>\n<p>Cerraduras Encastr\u00e9e dans la laine de roche \u00e0 l&#8217;int\u00e9rieur du vantail.<\/p>\n<ul>\n<li>Serrure coupe-feu r\u00e9versible avec double verrouillage et loquet de fermeture.<\/li>\n<li>Activation de la serrure avec une cl\u00e9 triangulaire ou carr\u00e9e (finition standard) ou avec un cylindre (finition optionnelle).<\/li>\n<li>Marquage CE selon la norme UNE-EN 12209 conforme au CTE.<\/li>\n<\/ul>\n<p>Acabados Finition STANDARD : Galvanis\u00e9. Les autres couleurs RAL illustr\u00e9es sont OPTIONNELLES. Pour d&#8217;autres finitions RAL, veuillez consulter notre D\u00e9partement Commercial.<\/p>\n<p>Lorsque la couleur est Ch\u00eane Clair ou Ch\u00eane Fonc\u00e9, le cadre du registre est fourni peint en RAL 8014.<\/p>\n<p>Pour toutes les autres couleurs, le cadre est fourni en t\u00f4le d&#8217;acier galvanis\u00e9. Dans tous les cas, seul le capot du vantail est fourni peint dans la couleur choisie.<\/p>\n<p><img decoding=\"async\" class=\"aligncenter wp-image-7485 size-full\" src=\"https:\/\/puertasroper.com\/wp-content\/uploads\/Registro-Cortafuego-color.png\" alt=\"\" width=\"675\" height=\"364\" srcset=\"https:\/\/puertasroper.com\/wp-content\/uploads\/Registro-Cortafuego-color.png 675w, https:\/\/puertasroper.com\/wp-content\/uploads\/Registro-Cortafuego-color-300x162.png 300w, https:\/\/puertasroper.com\/wp-content\/uploads\/Registro-Cortafuego-color-600x324.png 600w\" sizes=\"(max-width: 675px) 100vw, 675px\" \/><\/p>\n<p><strong>Quincaillerie standard et optionnelle<\/strong><\/p>\n<p><img decoding=\"async\" class=\"aligncenter wp-image-7486 size-full\" src=\"https:\/\/puertasroper.com\/wp-content\/uploads\/Registro-Cortafuego-herrajes.png\" alt=\"\" width=\"729\" height=\"229\" srcset=\"https:\/\/puertasroper.com\/wp-content\/uploads\/Registro-Cortafuego-herrajes.png 729w, https:\/\/puertasroper.com\/wp-content\/uploads\/Registro-Cortafuego-herrajes-300x94.png 300w, https:\/\/puertasroper.com\/wp-content\/uploads\/Registro-Cortafuego-herrajes-600x188.png 600w\" sizes=\"(max-width: 729px) 100vw, 729px\" \/><\/p>\n<p><strong>Direction d&#8217;ouverture de la porte<\/strong><\/p>\n<p>Les registres RBO sont r\u00e9versibles, ce qui permet leur installation de mani\u00e8re \u00e0 ce que la direction d&#8217;ouverture soit vers la droite ou vers la gauche indiff\u00e9remment.<\/p>\n<p><img loading=\"lazy\" decoding=\"async\" class=\"aligncenter wp-image-7487 size-full\" src=\"https:\/\/puertasroper.com\/wp-content\/uploads\/Registro-Cortafuego.png\" alt=\"\" width=\"421\" height=\"180\" srcset=\"https:\/\/puertasroper.com\/wp-content\/uploads\/Registro-Cortafuego.png 421w, https:\/\/puertasroper.com\/wp-content\/uploads\/Registro-Cortafuego-300x128.png 300w\" sizes=\"(max-width: 421px) 100vw, 421px\" \/><\/p>\n<p><strong>Certification<\/strong><\/p>\n<p>Classification Ei2 60 Compliant with the Technical Building Code CTE Tested in accredited laboratories, in accordance with UNE EN 1634-1 for fire doors and registers.<\/p>\n<p>Dimensions and sections Register RBO 1 Leaf \/ E12 60<\/p>\n<p><img loading=\"lazy\" decoding=\"async\" class=\"aligncenter wp-image-7489 size-full\" src=\"https:\/\/puertasroper.com\/wp-content\/uploads\/Registro-Cortafuego-1.png\" alt=\"\" width=\"636\" height=\"285\" srcset=\"https:\/\/puertasroper.com\/wp-content\/uploads\/Registro-Cortafuego-1.png 636w, https:\/\/puertasroper.com\/wp-content\/uploads\/Registro-Cortafuego-1-300x134.png 300w, https:\/\/puertasroper.com\/wp-content\/uploads\/Registro-Cortafuego-1-600x269.png 600w\" sizes=\"(max-width: 636px) 100vw, 636px\" \/><img loading=\"lazy\" decoding=\"async\" class=\"aligncenter wp-image-7488 size-full\" src=\"https:\/\/puertasroper.com\/wp-content\/uploads\/Registro-Cortafuego-2.png\" alt=\"\" width=\"591\" height=\"522\" srcset=\"https:\/\/puertasroper.com\/wp-content\/uploads\/Registro-Cortafuego-2.png 591w, https:\/\/puertasroper.com\/wp-content\/uploads\/Registro-Cortafuego-2-300x265.png 300w\" sizes=\"(max-width: 591px) 100vw, 591px\" \/><\/p>\n<p>Technical specifications of RBO 2-Leaf Fire Rated Register \/ E12 60 Fire-rated register with concealed hinges Fire-rated registers are used as protection against fires in areas where, due to their dimensions, it is not possible to install a fire door. They are mainly intended for installation in meter boxes, communication systems, machine panels, etc&#8230;<\/p>\n<p>Frame<\/p>\n<ul>\n<li>Manufactured in galvanized steel sheet with a thickness of 1.2 mm.<\/li>\n<li>It has 4 claws, one at each corner of the frame for attachment to the support structure.<\/li>\n<li>Fire-resistant intumescent seals with high expansion.<\/li>\n<li>Optionally, the frame can be supplied pre-coated.<\/li>\n<\/ul>\n<p>Leaf<\/p>\n<ul>\n<li>Manufactured in galvanized steel sheet with a thickness of 0.5 to 0.6 mm.<\/li>\n<li>Internal perimeter reinforcement made of steel with a thickness of 2.5 mm.<\/li>\n<li>Interior insulation material: Rockwool, thickness 55 mm. Density: 165 Kg\/m3.<\/li>\n<\/ul>\n<p>Passive Leaf<\/p>\n<ul>\n<li>Two small bolts with retractable lever to fix the passive leaf.<\/li>\n<li>Made of galvanized steel, free of welds.<\/li>\n<\/ul>\n<p>Technical Characteristics: Euroclass E1 Synthetic binder Water behavior: non-hydrophilic or hygroscopic Linear expansion coefficient: 2 x 10 1\/m Thermal conductivity: see table<\/p>\n<ul>\n<li>The bonding system of sheets &#8211; rock wool is done using intumescent glue with no toxicity or flammability. Rockwool sheet, thickness 55 mm. Density: 165 Kg\/m3.<\/li>\n<\/ul>\n<p><img loading=\"lazy\" decoding=\"async\" class=\"aligncenter wp-image-7490 size-full\" src=\"https:\/\/puertasroper.com\/wp-content\/uploads\/tabla-Registro-Cortafuego-1.png\" alt=\"\" width=\"522\" height=\"100\" srcset=\"https:\/\/puertasroper.com\/wp-content\/uploads\/tabla-Registro-Cortafuego-1.png 522w, https:\/\/puertasroper.com\/wp-content\/uploads\/tabla-Registro-Cortafuego-1-300x57.png 300w\" sizes=\"(max-width: 522px) 100vw, 522px\" \/><\/p>\n<p>Charni\u00e8res cach\u00e9es Chaque registre est \u00e9quip\u00e9 de deux charni\u00e8res en acier galvanis\u00e9 d&#8217;une \u00e9paisseur de 2 mm.<\/p>\n<p>Joint intumescent Dilatation importante en cas de temp\u00e9ratures \u00e9lev\u00e9es<\/p>\n<p>Coll\u00e9 sur tout le pourtour du cadre<br \/>\nFabriqu\u00e9 \u00e0 base de graphite, de couleur noire<br \/>\nDimensions 20&#215;2.5 (largeur x \u00e9paisseur)<br \/>\nSouple, insoluble et inodore<br \/>\nCoefficient de dilatation : 25 pour 1 si T &gt; 180 \u00baC<br \/>\nSerrures Int\u00e9gr\u00e9es dans la laine de roche \u00e0 l&#8217;int\u00e9rieur de la feuille.<\/p>\n<p>Serrure coupe-feu r\u00e9versible avec double verrouillage et loqueteau de fermeture.<br \/>\nActivation de la serrure par une cl\u00e9 triangulaire ou carr\u00e9e (finition standard) ou par cylindre (finition optionnelle).<br \/>\nMarquage CE selon la norme UNE-EN 12209 conforme au CTE<br \/>\nFinitions Finition STANDARD, Galvanis\u00e9<br \/>\nLes autres couleurs RAL illustr\u00e9es sont OPTIONNELLES<br \/>\nPour d&#8217;autres finitions RAL, veuillez consulter notre service commercial.<\/p>\n<p>Lorsque la couleur est Ch\u00eane Clair ou Ch\u00eane Fonc\u00e9, le cadre du registre est fourni peint en RAL 8014.<\/p>\n<p>Pour toutes les autres couleurs, le cadre est fourni en t\u00f4le galvanis\u00e9e. Dans tous les cas, seule la partie sup\u00e9rieure de la feuille est fournie peinte dans la couleur choisie.<\/p>\n<p><img loading=\"lazy\" decoding=\"async\" class=\"aligncenter wp-image-7491 size-full\" src=\"https:\/\/puertasroper.com\/wp-content\/uploads\/Registro-Cortafuego-color-1.png\" alt=\"\" width=\"675\" height=\"364\" srcset=\"https:\/\/puertasroper.com\/wp-content\/uploads\/Registro-Cortafuego-color-1.png 675w, https:\/\/puertasroper.com\/wp-content\/uploads\/Registro-Cortafuego-color-1-300x162.png 300w, https:\/\/puertasroper.com\/wp-content\/uploads\/Registro-Cortafuego-color-1-600x324.png 600w\" sizes=\"(max-width: 675px) 100vw, 675px\" \/><\/p>\n","protected":false},"excerpt":{"rendered":"<p>Les Registres Coupe-feu ROPER sont utilis\u00e9s comme protection contre les incendies dans des zones o\u00f9, en raison de leurs dimensions, il n&#8217;est pas possible d&#8217;installer une porte coupe-feu. Ils sont id\u00e9aux pour \u00eatre install\u00e9s dans des compteurs, des syst\u00e8mes de communication, des tableaux de machines, etc.<\/p>\n<p>Caract\u00e9ristiques :<\/p>\n<ul>\n<li>Contr\u00f4le qualit\u00e9, essais et certifications conformes \u00e0 la r\u00e9glementation<\/li>\n<li>Livr\u00e9 enti\u00e8rement mont\u00e9, pr\u00eat \u00e0 installer<\/li>\n<li>Durabilit\u00e9<\/li>\n<li>Dimensions standard et sp\u00e9ciales disponibles<\/li>\n<li>Diff\u00e9rents types de finitions et de couleurs<\/li>\n<li>Large gamme d&#8217;accessoires disponible<\/li>\n<\/ul>\n","protected":false},"featured_media":11566,"template":"","meta":{"site-sidebar-layout":"default","site-content-layout":"","ast-site-content-layout":"default","site-content-style":"default","site-sidebar-style":"default","ast-global-header-display":"","ast-banner-title-visibility":"","ast-main-header-display":"","ast-hfb-above-header-display":"","ast-hfb-below-header-display":"","ast-hfb-mobile-header-display":"","site-post-title":"","ast-breadcrumbs-content":"","ast-featured-img":"","footer-sml-layout":"","ast-disable-related-posts":"","theme-transparent-header-meta":"default","adv-header-id-meta":"","stick-header-meta":"","header-above-stick-meta":"","header-main-stick-meta":"","header-below-stick-meta":"","astra-migrate-meta-layouts":"set","ast-page-background-enabled":"default","ast-page-background-meta":{"desktop":{"background-color":"var(--ast-global-color-4)","background-image":"","background-repeat":"repeat","background-position":"center center","background-size":"auto","background-attachment":"scroll","background-type":"","background-media":"","overlay-type":"","overlay-color":"","overlay-opacity":"","overlay-gradient":""},"tablet":{"background-color":"","background-image":"","background-repeat":"repeat","background-position":"center center","background-size":"auto","background-attachment":"scroll","background-type":"","background-media":"","overlay-type":"","overlay-color":"","overlay-opacity":"","overlay-gradient":""},"mobile":{"background-color":"","background-image":"","background-repeat":"repeat","background-position":"center center","background-size":"auto","background-attachment":"scroll","background-type":"","background-media":"","overlay-type":"","overlay-color":"","overlay-opacity":"","overlay-gradient":""}},"ast-content-background-meta":{"desktop":{"background-color":"var(--ast-global-color-5)","background-image":"","background-repeat":"repeat","background-position":"center center","background-size":"auto","background-attachment":"scroll","background-type":"","background-media":"","overlay-type":"","overlay-color":"","overlay-opacity":"","overlay-gradient":""},"tablet":{"background-color":"var(--ast-global-color-5)","background-image":"","background-repeat":"repeat","background-position":"center center","background-size":"auto","background-attachment":"scroll","background-type":"","background-media":"","overlay-type":"","overlay-color":"","overlay-opacity":"","overlay-gradient":""},"mobile":{"background-color":"var(--ast-global-color-5)","background-image":"","background-repeat":"repeat","background-position":"center center","background-size":"auto","background-attachment":"scroll","background-type":"","background-media":"","overlay-type":"","overlay-color":"","overlay-opacity":"","overlay-gradient":""}}},"product_brand":[],"product_cat":[504],"product_tag":[],"entorno":[],"num-hojas":[],"tipo-de-puerta":[],"class_list":{"0":"post-12294","1":"product","2":"type-product","3":"status-publish","4":"has-post-thumbnail","6":"product_cat-portes-coupe-feu","7":"desktop-align-left","8":"tablet-align-left","9":"mobile-align-left","11":"first","12":"instock","13":"shipping-taxable","14":"product-type-simple"},"yoast_head":"<!-- This site is optimized with the Yoast SEO plugin v27.5 - https:\/\/yoast.com\/product\/yoast-seo-wordpress\/ -->\n<title>Registres Coupe-Feu : S\u00e9curit\u00e9 dans la Pr\u00e9vention des Incendies- ROPER<\/title>\n<meta name=\"description\" content=\"Prot\u00e9gez vos espaces sensibles contre les incendies avec nos registres coupe-feu. Assurez la s\u00e9curit\u00e9 de votre environnement gr\u00e2ce \u00e0 des solutions fiables et certifi\u00e9es.\" \/>\n<meta name=\"robots\" content=\"index, follow, max-snippet:-1, max-image-preview:large, max-video-preview:-1\" \/>\n<link rel=\"canonical\" href=\"https:\/\/puertasroper.com\/fr\/produits\/registres-coupe-feu\/\" \/>\n<meta property=\"og:locale\" content=\"fr_FR\" \/>\n<meta property=\"og:type\" content=\"article\" \/>\n<meta property=\"og:title\" content=\"Registres Coupe-Feu : S\u00e9curit\u00e9 dans la Pr\u00e9vention des Incendies- ROPER\" \/>\n<meta property=\"og:description\" content=\"Prot\u00e9gez vos espaces sensibles contre les incendies avec nos registres coupe-feu. Assurez la s\u00e9curit\u00e9 de votre environnement gr\u00e2ce \u00e0 des solutions fiables et certifi\u00e9es.\" \/>\n<meta property=\"og:url\" content=\"https:\/\/puertasroper.com\/fr\/produits\/registres-coupe-feu\/\" \/>\n<meta property=\"og:site_name\" content=\"ROPER\" \/>\n<meta property=\"article:publisher\" content=\"http:\/\/www.facebook.com\/pages\/Puertas-Roper\/\" \/>\n<meta property=\"article:modified_time\" content=\"2024-02-28T20:53:17+00:00\" \/>\n<meta property=\"og:image\" content=\"https:\/\/puertasroper.com\/wp-content\/uploads\/registros-cortafuegos-e1701455075579.jpg\" \/>\n\t<meta property=\"og:image:width\" content=\"682\" \/>\n\t<meta property=\"og:image:height\" content=\"421\" \/>\n\t<meta property=\"og:image:type\" content=\"image\/jpeg\" \/>\n<meta name=\"twitter:label1\" content=\"Est. reading time\" \/>\n\t<meta name=\"twitter:data1\" content=\"6 minutes\" \/>\n<script type=\"application\/ld+json\" class=\"yoast-schema-graph\">{\"@context\":\"https:\\\/\\\/schema.org\",\"@graph\":[{\"@type\":\"WebPage\",\"@id\":\"https:\\\/\\\/puertasroper.com\\\/fr\\\/produits\\\/registres-coupe-feu\\\/\",\"url\":\"https:\\\/\\\/puertasroper.com\\\/fr\\\/produits\\\/registres-coupe-feu\\\/\",\"name\":\"Registres Coupe-Feu : S\u00e9curit\u00e9 dans la Pr\u00e9vention des Incendies- ROPER\",\"isPartOf\":{\"@id\":\"https:\\\/\\\/puertasroper.com\\\/fr\\\/#website\"},\"primaryImageOfPage\":{\"@id\":\"https:\\\/\\\/puertasroper.com\\\/fr\\\/produits\\\/registres-coupe-feu\\\/#primaryimage\"},\"image\":{\"@id\":\"https:\\\/\\\/puertasroper.com\\\/fr\\\/produits\\\/registres-coupe-feu\\\/#primaryimage\"},\"thumbnailUrl\":\"https:\\\/\\\/puertasroper.com\\\/wp-content\\\/uploads\\\/252.jpg\",\"datePublished\":\"2023-11-21T13:09:36+00:00\",\"dateModified\":\"2024-02-28T20:53:17+00:00\",\"description\":\"Prot\u00e9gez vos espaces sensibles contre les incendies avec nos registres coupe-feu. Assurez la s\u00e9curit\u00e9 de votre environnement gr\u00e2ce \u00e0 des solutions fiables et certifi\u00e9es.\",\"breadcrumb\":{\"@id\":\"https:\\\/\\\/puertasroper.com\\\/fr\\\/produits\\\/registres-coupe-feu\\\/#breadcrumb\"},\"inLanguage\":\"fr-FR\",\"potentialAction\":[{\"@type\":\"ReadAction\",\"target\":[\"https:\\\/\\\/puertasroper.com\\\/fr\\\/produits\\\/registres-coupe-feu\\\/\"]}]},{\"@type\":\"ImageObject\",\"inLanguage\":\"fr-FR\",\"@id\":\"https:\\\/\\\/puertasroper.com\\\/fr\\\/produits\\\/registres-coupe-feu\\\/#primaryimage\",\"url\":\"https:\\\/\\\/puertasroper.com\\\/wp-content\\\/uploads\\\/252.jpg\",\"contentUrl\":\"https:\\\/\\\/puertasroper.com\\\/wp-content\\\/uploads\\\/252.jpg\",\"width\":680,\"height\":418},{\"@type\":\"BreadcrumbList\",\"@id\":\"https:\\\/\\\/puertasroper.com\\\/fr\\\/produits\\\/registres-coupe-feu\\\/#breadcrumb\",\"itemListElement\":[{\"@type\":\"ListItem\",\"position\":1,\"name\":\"Portada\",\"item\":\"https:\\\/\\\/puertasroper.com\\\/fr\\\/\"},{\"@type\":\"ListItem\",\"position\":2,\"name\":\"Boutique\",\"item\":\"https:\\\/\\\/puertasroper.com\\\/fr\\\/boutique\\\/\"},{\"@type\":\"ListItem\",\"position\":3,\"name\":\"REGISTRES COUPE-FEU\"}]},{\"@type\":\"WebSite\",\"@id\":\"https:\\\/\\\/puertasroper.com\\\/fr\\\/#website\",\"url\":\"https:\\\/\\\/puertasroper.com\\\/fr\\\/\",\"name\":\"ROPER\",\"description\":\"Puertas Met\u00e1licas | Automatismos | Puertas de Garaje | Paneles Sandwich\",\"publisher\":{\"@id\":\"https:\\\/\\\/puertasroper.com\\\/fr\\\/#organization\"},\"potentialAction\":[{\"@type\":\"SearchAction\",\"target\":{\"@type\":\"EntryPoint\",\"urlTemplate\":\"https:\\\/\\\/puertasroper.com\\\/fr\\\/?s={search_term_string}\"},\"query-input\":{\"@type\":\"PropertyValueSpecification\",\"valueRequired\":true,\"valueName\":\"search_term_string\"}}],\"inLanguage\":\"fr-FR\"},{\"@type\":\"Organization\",\"@id\":\"https:\\\/\\\/puertasroper.com\\\/fr\\\/#organization\",\"name\":\"Puertas Roper\",\"url\":\"https:\\\/\\\/puertasroper.com\\\/fr\\\/\",\"logo\":{\"@type\":\"ImageObject\",\"inLanguage\":\"fr-FR\",\"@id\":\"https:\\\/\\\/puertasroper.com\\\/fr\\\/#\\\/schema\\\/logo\\\/image\\\/\",\"url\":\"https:\\\/\\\/puertasroper.com\\\/wp-content\\\/uploads\\\/logo_roper_60-aniversario_WH-1.png\",\"contentUrl\":\"https:\\\/\\\/puertasroper.com\\\/wp-content\\\/uploads\\\/logo_roper_60-aniversario_WH-1.png\",\"width\":752,\"height\":394,\"caption\":\"Puertas Roper\"},\"image\":{\"@id\":\"https:\\\/\\\/puertasroper.com\\\/fr\\\/#\\\/schema\\\/logo\\\/image\\\/\"},\"sameAs\":[\"http:\\\/\\\/www.facebook.com\\\/pages\\\/Puertas-Roper\\\/\",\"https:\\\/\\\/x.com\\\/puertasroper\"]}]}<\/script>\n<!-- \/ Yoast SEO plugin. -->","yoast_head_json":{"title":"Registres Coupe-Feu : S\u00e9curit\u00e9 dans la Pr\u00e9vention des Incendies- ROPER","description":"Prot\u00e9gez vos espaces sensibles contre les incendies avec nos registres coupe-feu. Assurez la s\u00e9curit\u00e9 de votre environnement gr\u00e2ce \u00e0 des solutions fiables et certifi\u00e9es.","robots":{"index":"index","follow":"follow","max-snippet":"max-snippet:-1","max-image-preview":"max-image-preview:large","max-video-preview":"max-video-preview:-1"},"canonical":"https:\/\/puertasroper.com\/fr\/produits\/registres-coupe-feu\/","og_locale":"fr_FR","og_type":"article","og_title":"Registres Coupe-Feu : S\u00e9curit\u00e9 dans la Pr\u00e9vention des Incendies- ROPER","og_description":"Prot\u00e9gez vos espaces sensibles contre les incendies avec nos registres coupe-feu. Assurez la s\u00e9curit\u00e9 de votre environnement gr\u00e2ce \u00e0 des solutions fiables et certifi\u00e9es.","og_url":"https:\/\/puertasroper.com\/fr\/produits\/registres-coupe-feu\/","og_site_name":"ROPER","article_publisher":"http:\/\/www.facebook.com\/pages\/Puertas-Roper\/","article_modified_time":"2024-02-28T20:53:17+00:00","og_image":[{"width":682,"height":421,"url":"https:\/\/puertasroper.com\/wp-content\/uploads\/registros-cortafuegos-e1701455075579.jpg","type":"image\/jpeg"}],"twitter_misc":{"Est. reading time":"6 minutes"},"schema":{"@context":"https:\/\/schema.org","@graph":[{"@type":"WebPage","@id":"https:\/\/puertasroper.com\/fr\/produits\/registres-coupe-feu\/","url":"https:\/\/puertasroper.com\/fr\/produits\/registres-coupe-feu\/","name":"Registres Coupe-Feu : S\u00e9curit\u00e9 dans la Pr\u00e9vention des Incendies- ROPER","isPartOf":{"@id":"https:\/\/puertasroper.com\/fr\/#website"},"primaryImageOfPage":{"@id":"https:\/\/puertasroper.com\/fr\/produits\/registres-coupe-feu\/#primaryimage"},"image":{"@id":"https:\/\/puertasroper.com\/fr\/produits\/registres-coupe-feu\/#primaryimage"},"thumbnailUrl":"https:\/\/puertasroper.com\/wp-content\/uploads\/252.jpg","datePublished":"2023-11-21T13:09:36+00:00","dateModified":"2024-02-28T20:53:17+00:00","description":"Prot\u00e9gez vos espaces sensibles contre les incendies avec nos registres coupe-feu. Assurez la s\u00e9curit\u00e9 de votre environnement gr\u00e2ce \u00e0 des solutions fiables et certifi\u00e9es.","breadcrumb":{"@id":"https:\/\/puertasroper.com\/fr\/produits\/registres-coupe-feu\/#breadcrumb"},"inLanguage":"fr-FR","potentialAction":[{"@type":"ReadAction","target":["https:\/\/puertasroper.com\/fr\/produits\/registres-coupe-feu\/"]}]},{"@type":"ImageObject","inLanguage":"fr-FR","@id":"https:\/\/puertasroper.com\/fr\/produits\/registres-coupe-feu\/#primaryimage","url":"https:\/\/puertasroper.com\/wp-content\/uploads\/252.jpg","contentUrl":"https:\/\/puertasroper.com\/wp-content\/uploads\/252.jpg","width":680,"height":418},{"@type":"BreadcrumbList","@id":"https:\/\/puertasroper.com\/fr\/produits\/registres-coupe-feu\/#breadcrumb","itemListElement":[{"@type":"ListItem","position":1,"name":"Portada","item":"https:\/\/puertasroper.com\/fr\/"},{"@type":"ListItem","position":2,"name":"Boutique","item":"https:\/\/puertasroper.com\/fr\/boutique\/"},{"@type":"ListItem","position":3,"name":"REGISTRES COUPE-FEU"}]},{"@type":"WebSite","@id":"https:\/\/puertasroper.com\/fr\/#website","url":"https:\/\/puertasroper.com\/fr\/","name":"ROPER","description":"Puertas Met\u00e1licas | Automatismos | Puertas de Garaje | Paneles Sandwich","publisher":{"@id":"https:\/\/puertasroper.com\/fr\/#organization"},"potentialAction":[{"@type":"SearchAction","target":{"@type":"EntryPoint","urlTemplate":"https:\/\/puertasroper.com\/fr\/?s={search_term_string}"},"query-input":{"@type":"PropertyValueSpecification","valueRequired":true,"valueName":"search_term_string"}}],"inLanguage":"fr-FR"},{"@type":"Organization","@id":"https:\/\/puertasroper.com\/fr\/#organization","name":"Puertas Roper","url":"https:\/\/puertasroper.com\/fr\/","logo":{"@type":"ImageObject","inLanguage":"fr-FR","@id":"https:\/\/puertasroper.com\/fr\/#\/schema\/logo\/image\/","url":"https:\/\/puertasroper.com\/wp-content\/uploads\/logo_roper_60-aniversario_WH-1.png","contentUrl":"https:\/\/puertasroper.com\/wp-content\/uploads\/logo_roper_60-aniversario_WH-1.png","width":752,"height":394,"caption":"Puertas Roper"},"image":{"@id":"https:\/\/puertasroper.com\/fr\/#\/schema\/logo\/image\/"},"sameAs":["http:\/\/www.facebook.com\/pages\/Puertas-Roper\/","https:\/\/x.com\/puertasroper"]}]}},"_links":{"self":[{"href":"https:\/\/puertasroper.com\/fr\/wp-json\/wp\/v2\/product\/12294","targetHints":{"allow":["GET"]}}],"collection":[{"href":"https:\/\/puertasroper.com\/fr\/wp-json\/wp\/v2\/product"}],"about":[{"href":"https:\/\/puertasroper.com\/fr\/wp-json\/wp\/v2\/types\/product"}],"wp:featuredmedia":[{"embeddable":true,"href":"https:\/\/puertasroper.com\/fr\/wp-json\/wp\/v2\/media\/11566"}],"wp:attachment":[{"href":"https:\/\/puertasroper.com\/fr\/wp-json\/wp\/v2\/media?parent=12294"}],"wp:term":[{"taxonomy":"product_brand","embeddable":true,"href":"https:\/\/puertasroper.com\/fr\/wp-json\/wp\/v2\/product_brand?post=12294"},{"taxonomy":"product_cat","embeddable":true,"href":"https:\/\/puertasroper.com\/fr\/wp-json\/wp\/v2\/product_cat?post=12294"},{"taxonomy":"product_tag","embeddable":true,"href":"https:\/\/puertasroper.com\/fr\/wp-json\/wp\/v2\/product_tag?post=12294"},{"taxonomy":"entorno","embeddable":true,"href":"https:\/\/puertasroper.com\/fr\/wp-json\/wp\/v2\/entorno?post=12294"},{"taxonomy":"num-hojas","embeddable":true,"href":"https:\/\/puertasroper.com\/fr\/wp-json\/wp\/v2\/num-hojas?post=12294"},{"taxonomy":"tipo-de-puerta","embeddable":true,"href":"https:\/\/puertasroper.com\/fr\/wp-json\/wp\/v2\/tipo-de-puerta?post=12294"}],"curies":[{"name":"wp","href":"https:\/\/api.w.org\/{rel}","templated":true}]}}