{"id":12295,"date":"2023-11-21T14:09:36","date_gmt":"2023-11-21T13:09:36","guid":{"rendered":"https:\/\/puertasroper.com\/productos\/puerta-batiente-cortafuegos\/"},"modified":"2024-02-28T21:48:23","modified_gmt":"2024-02-28T20:48:23","slug":"porte-battante-anti-feu","status":"publish","type":"product","link":"https:\/\/puertasroper.com\/fr\/produits\/porte-battante-anti-feu\/","title":{"rendered":"PORTE BATTANTE ANTI-FEU"},"content":{"rendered":"<p>Voici la fiche technique :<\/p>\n<p>La porte est compos\u00e9e d&#8217;une feuille fabriqu\u00e9e avec deux plateaux reli\u00e9s entre eux et remplis d&#8217;un panneau rigide de laine de roche. Un cadre adapt\u00e9 \u00e0 la feuille et pr\u00e9par\u00e9 pour \u00eatre re\u00e7u dans la ma\u00e7onnerie. Un joint intumescent \u00e0 dilatation \u00e9lev\u00e9e au contact de la chaleur, une serrure avec marquage CE conform\u00e9ment \u00e0 la norme UNE EN 12209, des charni\u00e8res fabriqu\u00e9es en acier haute r\u00e9sistance selon la norme UNE EN 1935, une poign\u00e9e en \u00e2me m\u00e9tallique recouverte de polyamide de couleur noire et fix\u00e9e dans le cadre pour installation dans l&#8217;\u0153uvre.<\/p>\n<p>Caract\u00e9ristiques Toute notre gamme de produits battants coupe-feu se distingue par :<\/p>\n<ul>\n<li>Mat\u00e9riaux de premi\u00e8re qualit\u00e9.<\/li>\n<li>Fabriqu\u00e9es en t\u00f4le galvanis\u00e9e \u00e0 chaud selon le processus &#8220;Sendzimir&#8221;.<\/li>\n<li>Processus de peinture poudre \u00e9poxy gaufr\u00e9e avec traitement de lavage, d\u00e9graissage, phosphatage et s\u00e9chage au four \u00e0 180 \u00b0C.<\/li>\n<li>Couleur standard en RAL 9010, possibilit\u00e9 optionnelle d&#8217;autres couleurs selon la carte RAL.<\/li>\n<li>Haut niveau de finition et d&#8217;esth\u00e9tique.<\/li>\n<\/ul>\n<p>Fabrication Toute la gamme de ce produit est fabriqu\u00e9e sur une ligne de production bas\u00e9e sur des technologies modernes qui permettent des niveaux de finition \u00e9lev\u00e9s et une qualit\u00e9 constante. Tous les processus de fabrication ont \u00e9t\u00e9 \u00e9tudi\u00e9s et d\u00e9velopp\u00e9s par notre d\u00e9partement technique.<\/p>\n<p>Certifications Portes coupe-feu homologu\u00e9es avec la garantie d&#8217;essais r\u00e9alis\u00e9s dans des laboratoires autoris\u00e9s.<\/p>\n<p>Une feuille Les portes coupe-feu ROPER \u00e0 une feuille sont fabriqu\u00e9es pour plusieurs largeurs de cadre : 800 \/ 900 \/ 1000 \/ 1100 \/ 1200 et 1300 mm. Hauteur du cadre : 2070 \/ 2150 \/ 2200 \/ 2300 \/ 2400 et 2500 mm. En option, elles peuvent \u00eatre fabriqu\u00e9es sur commande dans n&#8217;importe quelle mesure, en largeur de 600 mm \u00e0 1300 mm et en hauteur de 1600 mm \u00e0 2500 mm par incr\u00e9ments de 50 mm.<\/p>\n<p><img fetchpriority=\"high\" decoding=\"async\" class=\"aligncenter wp-image-7445 size-full\" src=\"https:\/\/puertasroper.com\/wp-content\/uploads\/Puerta-Batiente-Cortafuegos.png\" alt=\"\" width=\"691\" height=\"409\" srcset=\"https:\/\/puertasroper.com\/wp-content\/uploads\/Puerta-Batiente-Cortafuegos.png 691w, https:\/\/puertasroper.com\/wp-content\/uploads\/Puerta-Batiente-Cortafuegos-300x178.png 300w, https:\/\/puertasroper.com\/wp-content\/uploads\/Puerta-Batiente-Cortafuegos-600x355.png 600w\" sizes=\"(max-width: 691px) 100vw, 691px\" \/><\/p>\n<p><strong>Certifications<\/strong><\/p>\n<p>Classifications: EI2 60 C5 \/ EI2 90 C5 \/ EI2 120 C5 \/ FM approvals. Conformit\u00e9 avec le Code Technique de Construction et test\u00e9es dans des laboratoires accr\u00e9dit\u00e9s conform\u00e9ment \u00e0 la norme UNE EN 1634-1 pour les portes coupe-feu \u00e0 charni\u00e8res sans ressort.<\/p>\n<p>Classifications: EI2 60 \/ EI2 90. Conformit\u00e9 avec le NBE \/ CPl \/ 96 et test\u00e9es dans des laboratoires accr\u00e9dit\u00e9s conform\u00e9ment \u00e0 la norme UNE EN 1634-1 pour les portes coupe-feu \u00e0 charni\u00e8res avec ressort.<\/p>\n<p>Battant \u00e0 une feuille \/ mesures et sections EI2 60 \/ EI2 90 \/ cadre standard<\/p>\n<p><img decoding=\"async\" class=\"aligncenter wp-image-7446 size-full\" src=\"https:\/\/puertasroper.com\/wp-content\/uploads\/Puerta-Batiente-Cortafuegos-2.png\" alt=\"\" width=\"599\" height=\"567\" srcset=\"https:\/\/puertasroper.com\/wp-content\/uploads\/Puerta-Batiente-Cortafuegos-2.png 599w, https:\/\/puertasroper.com\/wp-content\/uploads\/Puerta-Batiente-Cortafuegos-2-300x284.png 300w\" sizes=\"(max-width: 599px) 100vw, 599px\" \/><\/p>\n<p><img decoding=\"async\" class=\"aligncenter wp-image-7447 size-full\" src=\"https:\/\/puertasroper.com\/wp-content\/uploads\/Puerta-Batiente-Cortafuegos-3.png\" alt=\"\" width=\"624\" height=\"222\" srcset=\"https:\/\/puertasroper.com\/wp-content\/uploads\/Puerta-Batiente-Cortafuegos-3.png 624w, https:\/\/puertasroper.com\/wp-content\/uploads\/Puerta-Batiente-Cortafuegos-3-300x107.png 300w, https:\/\/puertasroper.com\/wp-content\/uploads\/Puerta-Batiente-Cortafuegos-3-600x213.png 600w\" sizes=\"(max-width: 624px) 100vw, 624px\" \/><\/p>\n<p>Battant \u00e0 une feuille, mesures et sections EI2 120<\/p>\n<p>Caract\u00e9ristiques :<\/p>\n<ul>\n<li>Feuille galvanis\u00e9e d&#8217;une \u00e9paisseur de 70 mm<\/li>\n<li>\u00c9paisseur de la t\u00f4le de la feuille = 1 mm<\/li>\n<li>Quatre charni\u00e8res marqu\u00e9es CE pour la liaison entre le cadre et la feuille<\/li>\n<li>Cadre galvanis\u00e9 en t\u00f4le d&#8217;une \u00e9paisseur de 2 mm<\/li>\n<li>Serrure r\u00e9versible marqu\u00e9e CE<\/li>\n<li>Cinq griffes de fixation de chaque c\u00f4t\u00e9 du cadre vertical<\/li>\n<\/ul>\n<p><img loading=\"lazy\" decoding=\"async\" class=\"aligncenter wp-image-7448 size-full\" src=\"https:\/\/puertasroper.com\/wp-content\/uploads\/Puerta-Batiente-Cortafuegos-4.png\" alt=\"\" width=\"584\" height=\"575\" srcset=\"https:\/\/puertasroper.com\/wp-content\/uploads\/Puerta-Batiente-Cortafuegos-4.png 584w, https:\/\/puertasroper.com\/wp-content\/uploads\/Puerta-Batiente-Cortafuegos-4-300x295.png 300w\" sizes=\"(max-width: 584px) 100vw, 584px\" \/><\/p>\n<p><img loading=\"lazy\" decoding=\"async\" class=\"aligncenter wp-image-7449 size-full\" src=\"https:\/\/puertasroper.com\/wp-content\/uploads\/Puerta-Batiente-Cortafuegos-5.png\" alt=\"\" width=\"391\" height=\"200\" srcset=\"https:\/\/puertasroper.com\/wp-content\/uploads\/Puerta-Batiente-Cortafuegos-5.png 391w, https:\/\/puertasroper.com\/wp-content\/uploads\/Puerta-Batiente-Cortafuegos-5-300x153.png 300w\" sizes=\"(max-width: 391px) 100vw, 391px\" \/><\/p>\n<p>&nbsp;<\/p>\n<p><strong>Deux vantaux EI2 60 \/ EI2 90 <\/strong><\/p>\n<p>Les portes battantes coupe-feu ROPER \u00e0 deux vantaux sont fabriqu\u00e9es pour diff\u00e9rentes dimensions de passage. En largeur, de 1000 \u00e0 2500 mm, et en hauteur, de 1600 \u00e0 2500 mm. Elles sont livr\u00e9es peintes en couleur RAL 9010 ou galvanis\u00e9es.<\/p>\n<p><img loading=\"lazy\" decoding=\"async\" class=\"aligncenter wp-image-7450 size-full\" src=\"https:\/\/puertasroper.com\/wp-content\/uploads\/Puerta-Batiente-Cortafuegos-6.png\" alt=\"\" width=\"598\" height=\"520\" srcset=\"https:\/\/puertasroper.com\/wp-content\/uploads\/Puerta-Batiente-Cortafuegos-6.png 598w, https:\/\/puertasroper.com\/wp-content\/uploads\/Puerta-Batiente-Cortafuegos-6-300x261.png 300w\" sizes=\"(max-width: 598px) 100vw, 598px\" \/><\/p>\n<p><img loading=\"lazy\" decoding=\"async\" class=\"aligncenter wp-image-7451 size-full\" src=\"https:\/\/puertasroper.com\/wp-content\/uploads\/Puerta-Batiente-Cortafuegos-7.png\" alt=\"\" width=\"640\" height=\"362\" srcset=\"https:\/\/puertasroper.com\/wp-content\/uploads\/Puerta-Batiente-Cortafuegos-7.png 640w, https:\/\/puertasroper.com\/wp-content\/uploads\/Puerta-Batiente-Cortafuegos-7-300x170.png 300w, https:\/\/puertasroper.com\/wp-content\/uploads\/Puerta-Batiente-Cortafuegos-7-600x339.png 600w\" sizes=\"(max-width: 640px) 100vw, 640px\" \/><\/p>\n<p>EMBALLAGE CF UNE FEUILLE Les palettes de portes coupe-feu \u00e0 une feuille sont compos\u00e9es de 15 portes, positionn\u00e9es verticalement, sur un chevalet avec une structure en tube m\u00e9tallique et des cales en bois qui facilitent leur d\u00e9placement ult\u00e9rieur. Les portes sont attach\u00e9es les unes aux autres par un ruban \u00e9lastique de mani\u00e8re s\u00e9quentielle au fur et \u00e0 mesure qu&#8217;elles sont ajout\u00e9es au palett et, une fois les 15 portes sur le palett, elles sont toutes envelopp\u00e9es dans un film plastique r\u00e9sistant. Tous les paquets comprennent une feuille d&#8217;instructions pour effectuer le d\u00e9ballage des portes de mani\u00e8re efficace, s\u00fbre et simple.<\/p>\n<p><img loading=\"lazy\" decoding=\"async\" class=\"aligncenter wp-image-7452 size-full\" src=\"https:\/\/puertasroper.com\/wp-content\/uploads\/Puerta-Batiente-Cortafuegos-8.png\" alt=\"\" width=\"627\" height=\"576\" srcset=\"https:\/\/puertasroper.com\/wp-content\/uploads\/Puerta-Batiente-Cortafuegos-8.png 627w, https:\/\/puertasroper.com\/wp-content\/uploads\/Puerta-Batiente-Cortafuegos-8-300x276.png 300w, https:\/\/puertasroper.com\/wp-content\/uploads\/Puerta-Batiente-Cortafuegos-8-600x551.png 600w\" sizes=\"(max-width: 627px) 100vw, 627px\" \/><\/p>\n<p>EMBALLAGE CF DEUX FEUILLES<\/p>\n<p>Les palettes de portes coupe-feu \u00e0 deux feuilles sont compos\u00e9es de 12 portes, positionn\u00e9es verticalement, sur un chevalet avec une structure en tube m\u00e9tallique et des cales en bois qui facilitent leur d\u00e9placement ult\u00e9rieur. Les portes sont attach\u00e9es les unes aux autres par un ruban \u00e9lastique de mani\u00e8re s\u00e9quentielle au fur et \u00e0 mesure qu&#8217;elles sont ajout\u00e9es au palett et, une fois les 12 portes sur le palett, elles sont toutes envelopp\u00e9es dans un film plastique r\u00e9sistant. Tous les paquets comprennent une feuille d&#8217;instructions pour effectuer le d\u00e9ballage des portes de mani\u00e8re efficace, s\u00fbre et simple.<\/p>\n<p><img loading=\"lazy\" decoding=\"async\" class=\"aligncenter wp-image-7453 size-full\" src=\"https:\/\/puertasroper.com\/wp-content\/uploads\/Puerta-Batiente-Cortafuegos-9.png\" alt=\"\" width=\"625\" height=\"455\" srcset=\"https:\/\/puertasroper.com\/wp-content\/uploads\/Puerta-Batiente-Cortafuegos-9.png 625w, https:\/\/puertasroper.com\/wp-content\/uploads\/Puerta-Batiente-Cortafuegos-9-300x218.png 300w, https:\/\/puertasroper.com\/wp-content\/uploads\/Puerta-Batiente-Cortafuegos-9-600x437.png 600w\" sizes=\"(max-width: 625px) 100vw, 625px\" \/><\/p>\n<p><strong>Cadre<\/strong><\/p>\n<p>Fabriqu\u00e9 en t\u00f4le d&#8217;acier galvanis\u00e9 de 1,5 mm selon la norme UNE EN 10142.<\/p>\n<p><strong>Feuille<\/strong><\/p>\n<p>Fabriqu\u00e9e en t\u00f4le d&#8217;acier galvanis\u00e9 de 0,6 mm avec des renforts p\u00e9riph\u00e9riques internes de 2,5 mm. \u00c0 l&#8217;int\u00e9rieur, toute la surface est isol\u00e9e avec de la laine de roche de 165 kg\/m3 coll\u00e9e avec une colle intumescente de toxicit\u00e9 et d&#8217;inflammabilit\u00e9 nulle. Entre les deux charni\u00e8res inf\u00e9rieures se trouve un pivot de s\u00e9curit\u00e9 qui emp\u00eache la feuille de se s\u00e9parer du cadre en cas d&#8217;incendie.<\/p>\n<p><strong>Charni\u00e8res<\/strong><\/p>\n<p>Deux charni\u00e8res coupe-feu sans ressort galvanis\u00e9es par porte selon la norme UNE EN 1935 et conformes au CTE pour EI2 60 C5, et trois charni\u00e8res pour EI2 90 C5.<\/p>\n<p><strong>Joint intumescent <\/strong><\/p>\n<p>Pr\u00e9sent sur tout le p\u00e9rim\u00e8tre du cadre sauf en partie inf\u00e9rieure ; avec des dimensions de 20 x 2,5 mm. Fabriqu\u00e9 \u00e0 base de graphite, de couleur noire, \u00e0 forte dilatation, flexible, insoluble et inodore.<\/p>\n<p><strong>Serrure coupe-feu<\/strong><\/p>\n<p>Encastr\u00e9e dans la feuille. R\u00e9versible avec double verrouillage et p\u00eane dormant. Conforme \u00e0 la norme UNE EN 12209 avec marquage CE et conforme au CTE.<\/p>\n<p><strong>Essais <\/strong><\/p>\n<p>Roper dispose de son propre laboratoire d&#8217;essais au feu et d&#8217;essais m\u00e9caniques qui permettent \u00e0 son d\u00e9partement qualit\u00e9 d&#8217;assurer la garantie maximale de qualit\u00e9, de fiabilit\u00e9 et d&#8217;innovation au service de nos clients.<\/p>\n","protected":false},"excerpt":{"rendered":"<p>La Porte Battante Coupe-feu ROPER est fabriqu\u00e9e avec des mat\u00e9riaux de premi\u00e8re qualit\u00e9, en utilisant les derni\u00e8res technologies en mati\u00e8re de conception et de fabrication.<\/p>\n<p>Caract\u00e9ristiques:<\/p>\n<ul>\n<li>Contr\u00f4le qualit\u00e9, essais et accr\u00e9ditations conformes \u00e0 la r\u00e9glementation<\/li>\n<li>Enti\u00e8rement assembl\u00e9e et pr\u00eate \u00e0 installer<\/li>\n<li>Livraison imm\u00e9diate<\/li>\n<li>Durabilit\u00e9<\/li>\n<li>Dimensions standard et sp\u00e9ciales<\/li>\n<li>Diff\u00e9rents types de finitions et de couleurs<\/li>\n<li>Disponible dans une grande vari\u00e9t\u00e9 d&#8217;accessoires<\/li>\n<\/ul>\n","protected":false},"featured_media":10960,"template":"","meta":{"site-sidebar-layout":"default","site-content-layout":"","ast-site-content-layout":"default","site-content-style":"default","site-sidebar-style":"default","ast-global-header-display":"","ast-banner-title-visibility":"","ast-main-header-display":"","ast-hfb-above-header-display":"","ast-hfb-below-header-display":"","ast-hfb-mobile-header-display":"","site-post-title":"","ast-breadcrumbs-content":"","ast-featured-img":"","footer-sml-layout":"","ast-disable-related-posts":"","theme-transparent-header-meta":"default","adv-header-id-meta":"","stick-header-meta":"","header-above-stick-meta":"","header-main-stick-meta":"","header-below-stick-meta":"","astra-migrate-meta-layouts":"set","ast-page-background-enabled":"default","ast-page-background-meta":{"desktop":{"background-color":"var(--ast-global-color-4)","background-image":"","background-repeat":"repeat","background-position":"center center","background-size":"auto","background-attachment":"scroll","background-type":"","background-media":"","overlay-type":"","overlay-color":"","overlay-opacity":"","overlay-gradient":""},"tablet":{"background-color":"","background-image":"","background-repeat":"repeat","background-position":"center center","background-size":"auto","background-attachment":"scroll","background-type":"","background-media":"","overlay-type":"","overlay-color":"","overlay-opacity":"","overlay-gradient":""},"mobile":{"background-color":"","background-image":"","background-repeat":"repeat","background-position":"center center","background-size":"auto","background-attachment":"scroll","background-type":"","background-media":"","overlay-type":"","overlay-color":"","overlay-opacity":"","overlay-gradient":""}},"ast-content-background-meta":{"desktop":{"background-color":"var(--ast-global-color-5)","background-image":"","background-repeat":"repeat","background-position":"center center","background-size":"auto","background-attachment":"scroll","background-type":"","background-media":"","overlay-type":"","overlay-color":"","overlay-opacity":"","overlay-gradient":""},"tablet":{"background-color":"var(--ast-global-color-5)","background-image":"","background-repeat":"repeat","background-position":"center center","background-size":"auto","background-attachment":"scroll","background-type":"","background-media":"","overlay-type":"","overlay-color":"","overlay-opacity":"","overlay-gradient":""},"mobile":{"background-color":"var(--ast-global-color-5)","background-image":"","background-repeat":"repeat","background-position":"center center","background-size":"auto","background-attachment":"scroll","background-type":"","background-media":"","overlay-type":"","overlay-color":"","overlay-opacity":"","overlay-gradient":""}}},"product_brand":[],"product_cat":[504],"product_tag":[],"entorno":[],"num-hojas":[489,411],"tipo-de-puerta":[508],"class_list":{"0":"post-12295","1":"product","2":"type-product","3":"status-publish","4":"has-post-thumbnail","6":"product_cat-portes-coupe-feu","7":"num-hojas-dos-2","8":"num-hojas-una","9":"tipo-de-puerta-battante","10":"desktop-align-left","11":"tablet-align-left","12":"mobile-align-left","14":"first","15":"instock","16":"shipping-taxable","17":"product-type-simple"},"yoast_head":"<!-- This site is optimized with the Yoast SEO plugin v27.4 - https:\/\/yoast.com\/product\/yoast-seo-wordpress\/ -->\n<title>Porte Battante Coupe-feu : Protection Efficace - ROPER<\/title>\n<meta name=\"description\" content=\"D\u00e9couvrez nos portes battantes coupe-feu, garantie de protection contre les incendies. Des solutions fiables pour les environnements n\u00e9cessitant une s\u00e9curit\u00e9 maximale.\" \/>\n<meta name=\"robots\" content=\"index, follow, max-snippet:-1, max-image-preview:large, max-video-preview:-1\" \/>\n<link rel=\"canonical\" href=\"https:\/\/puertasroper.com\/fr\/produits\/porte-battante-anti-feu\/\" \/>\n<meta property=\"og:locale\" content=\"fr_FR\" \/>\n<meta property=\"og:type\" content=\"article\" \/>\n<meta property=\"og:title\" content=\"Porte Battante Coupe-feu : Protection Efficace - ROPER\" \/>\n<meta property=\"og:description\" content=\"D\u00e9couvrez nos portes battantes coupe-feu, garantie de protection contre les incendies. Des solutions fiables pour les environnements n\u00e9cessitant une s\u00e9curit\u00e9 maximale.\" \/>\n<meta property=\"og:url\" content=\"https:\/\/puertasroper.com\/fr\/produits\/porte-battante-anti-feu\/\" \/>\n<meta property=\"og:site_name\" content=\"ROPER\" \/>\n<meta property=\"article:publisher\" content=\"http:\/\/www.facebook.com\/pages\/Puertas-Roper\/\" \/>\n<meta property=\"article:modified_time\" content=\"2024-02-28T20:48:23+00:00\" \/>\n<meta property=\"og:image\" content=\"https:\/\/puertasroper.com\/wp-content\/uploads\/puerta-batiente-cortafuegos-e1701465364827.jpg\" \/>\n\t<meta property=\"og:image:width\" content=\"684\" \/>\n\t<meta property=\"og:image:height\" content=\"424\" \/>\n\t<meta property=\"og:image:type\" content=\"image\/jpeg\" \/>\n<meta name=\"twitter:label1\" content=\"Est. reading time\" \/>\n\t<meta name=\"twitter:data1\" content=\"7 minutes\" \/>\n<script type=\"application\/ld+json\" class=\"yoast-schema-graph\">{\"@context\":\"https:\\\/\\\/schema.org\",\"@graph\":[{\"@type\":\"WebPage\",\"@id\":\"https:\\\/\\\/puertasroper.com\\\/fr\\\/produits\\\/porte-battante-anti-feu\\\/\",\"url\":\"https:\\\/\\\/puertasroper.com\\\/fr\\\/produits\\\/porte-battante-anti-feu\\\/\",\"name\":\"Porte Battante Coupe-feu : Protection Efficace - ROPER\",\"isPartOf\":{\"@id\":\"https:\\\/\\\/puertasroper.com\\\/fr\\\/#website\"},\"primaryImageOfPage\":{\"@id\":\"https:\\\/\\\/puertasroper.com\\\/fr\\\/produits\\\/porte-battante-anti-feu\\\/#primaryimage\"},\"image\":{\"@id\":\"https:\\\/\\\/puertasroper.com\\\/fr\\\/produits\\\/porte-battante-anti-feu\\\/#primaryimage\"},\"thumbnailUrl\":\"https:\\\/\\\/puertasroper.com\\\/wp-content\\\/uploads\\\/puerta-batiente-cortafuegos-e1701465364827.jpg\",\"datePublished\":\"2023-11-21T13:09:36+00:00\",\"dateModified\":\"2024-02-28T20:48:23+00:00\",\"description\":\"D\u00e9couvrez nos portes battantes coupe-feu, garantie de protection contre les incendies. Des solutions fiables pour les environnements n\u00e9cessitant une s\u00e9curit\u00e9 maximale.\",\"breadcrumb\":{\"@id\":\"https:\\\/\\\/puertasroper.com\\\/fr\\\/produits\\\/porte-battante-anti-feu\\\/#breadcrumb\"},\"inLanguage\":\"fr-FR\",\"potentialAction\":[{\"@type\":\"ReadAction\",\"target\":[\"https:\\\/\\\/puertasroper.com\\\/fr\\\/produits\\\/porte-battante-anti-feu\\\/\"]}]},{\"@type\":\"ImageObject\",\"inLanguage\":\"fr-FR\",\"@id\":\"https:\\\/\\\/puertasroper.com\\\/fr\\\/produits\\\/porte-battante-anti-feu\\\/#primaryimage\",\"url\":\"https:\\\/\\\/puertasroper.com\\\/wp-content\\\/uploads\\\/puerta-batiente-cortafuegos-e1701465364827.jpg\",\"contentUrl\":\"https:\\\/\\\/puertasroper.com\\\/wp-content\\\/uploads\\\/puerta-batiente-cortafuegos-e1701465364827.jpg\",\"width\":684,\"height\":424,\"caption\":\"Puertas correderas batientes de una o dos hojas.\"},{\"@type\":\"BreadcrumbList\",\"@id\":\"https:\\\/\\\/puertasroper.com\\\/fr\\\/produits\\\/porte-battante-anti-feu\\\/#breadcrumb\",\"itemListElement\":[{\"@type\":\"ListItem\",\"position\":1,\"name\":\"Portada\",\"item\":\"https:\\\/\\\/puertasroper.com\\\/fr\\\/\"},{\"@type\":\"ListItem\",\"position\":2,\"name\":\"Boutique\",\"item\":\"https:\\\/\\\/puertasroper.com\\\/fr\\\/boutique\\\/\"},{\"@type\":\"ListItem\",\"position\":3,\"name\":\"PORTE BATTANTE ANTI-FEU\"}]},{\"@type\":\"WebSite\",\"@id\":\"https:\\\/\\\/puertasroper.com\\\/fr\\\/#website\",\"url\":\"https:\\\/\\\/puertasroper.com\\\/fr\\\/\",\"name\":\"ROPER\",\"description\":\"Puertas Met\u00e1licas | Automatismos | Puertas de Garaje | Paneles Sandwich\",\"publisher\":{\"@id\":\"https:\\\/\\\/puertasroper.com\\\/fr\\\/#organization\"},\"potentialAction\":[{\"@type\":\"SearchAction\",\"target\":{\"@type\":\"EntryPoint\",\"urlTemplate\":\"https:\\\/\\\/puertasroper.com\\\/fr\\\/?s={search_term_string}\"},\"query-input\":{\"@type\":\"PropertyValueSpecification\",\"valueRequired\":true,\"valueName\":\"search_term_string\"}}],\"inLanguage\":\"fr-FR\"},{\"@type\":\"Organization\",\"@id\":\"https:\\\/\\\/puertasroper.com\\\/fr\\\/#organization\",\"name\":\"Puertas Roper\",\"url\":\"https:\\\/\\\/puertasroper.com\\\/fr\\\/\",\"logo\":{\"@type\":\"ImageObject\",\"inLanguage\":\"fr-FR\",\"@id\":\"https:\\\/\\\/puertasroper.com\\\/fr\\\/#\\\/schema\\\/logo\\\/image\\\/\",\"url\":\"https:\\\/\\\/puertasroper.com\\\/wp-content\\\/uploads\\\/logo_roper_60-aniversario_WH-1.png\",\"contentUrl\":\"https:\\\/\\\/puertasroper.com\\\/wp-content\\\/uploads\\\/logo_roper_60-aniversario_WH-1.png\",\"width\":752,\"height\":394,\"caption\":\"Puertas Roper\"},\"image\":{\"@id\":\"https:\\\/\\\/puertasroper.com\\\/fr\\\/#\\\/schema\\\/logo\\\/image\\\/\"},\"sameAs\":[\"http:\\\/\\\/www.facebook.com\\\/pages\\\/Puertas-Roper\\\/\",\"https:\\\/\\\/x.com\\\/puertasroper\"]}]}<\/script>\n<!-- \/ Yoast SEO plugin. -->","yoast_head_json":{"title":"Porte Battante Coupe-feu : Protection Efficace - ROPER","description":"D\u00e9couvrez nos portes battantes coupe-feu, garantie de protection contre les incendies. Des solutions fiables pour les environnements n\u00e9cessitant une s\u00e9curit\u00e9 maximale.","robots":{"index":"index","follow":"follow","max-snippet":"max-snippet:-1","max-image-preview":"max-image-preview:large","max-video-preview":"max-video-preview:-1"},"canonical":"https:\/\/puertasroper.com\/fr\/produits\/porte-battante-anti-feu\/","og_locale":"fr_FR","og_type":"article","og_title":"Porte Battante Coupe-feu : Protection Efficace - ROPER","og_description":"D\u00e9couvrez nos portes battantes coupe-feu, garantie de protection contre les incendies. Des solutions fiables pour les environnements n\u00e9cessitant une s\u00e9curit\u00e9 maximale.","og_url":"https:\/\/puertasroper.com\/fr\/produits\/porte-battante-anti-feu\/","og_site_name":"ROPER","article_publisher":"http:\/\/www.facebook.com\/pages\/Puertas-Roper\/","article_modified_time":"2024-02-28T20:48:23+00:00","og_image":[{"width":684,"height":424,"url":"https:\/\/puertasroper.com\/wp-content\/uploads\/puerta-batiente-cortafuegos-e1701465364827.jpg","type":"image\/jpeg"}],"twitter_misc":{"Est. reading time":"7 minutes"},"schema":{"@context":"https:\/\/schema.org","@graph":[{"@type":"WebPage","@id":"https:\/\/puertasroper.com\/fr\/produits\/porte-battante-anti-feu\/","url":"https:\/\/puertasroper.com\/fr\/produits\/porte-battante-anti-feu\/","name":"Porte Battante Coupe-feu : Protection Efficace - ROPER","isPartOf":{"@id":"https:\/\/puertasroper.com\/fr\/#website"},"primaryImageOfPage":{"@id":"https:\/\/puertasroper.com\/fr\/produits\/porte-battante-anti-feu\/#primaryimage"},"image":{"@id":"https:\/\/puertasroper.com\/fr\/produits\/porte-battante-anti-feu\/#primaryimage"},"thumbnailUrl":"https:\/\/puertasroper.com\/wp-content\/uploads\/puerta-batiente-cortafuegos-e1701465364827.jpg","datePublished":"2023-11-21T13:09:36+00:00","dateModified":"2024-02-28T20:48:23+00:00","description":"D\u00e9couvrez nos portes battantes coupe-feu, garantie de protection contre les incendies. Des solutions fiables pour les environnements n\u00e9cessitant une s\u00e9curit\u00e9 maximale.","breadcrumb":{"@id":"https:\/\/puertasroper.com\/fr\/produits\/porte-battante-anti-feu\/#breadcrumb"},"inLanguage":"fr-FR","potentialAction":[{"@type":"ReadAction","target":["https:\/\/puertasroper.com\/fr\/produits\/porte-battante-anti-feu\/"]}]},{"@type":"ImageObject","inLanguage":"fr-FR","@id":"https:\/\/puertasroper.com\/fr\/produits\/porte-battante-anti-feu\/#primaryimage","url":"https:\/\/puertasroper.com\/wp-content\/uploads\/puerta-batiente-cortafuegos-e1701465364827.jpg","contentUrl":"https:\/\/puertasroper.com\/wp-content\/uploads\/puerta-batiente-cortafuegos-e1701465364827.jpg","width":684,"height":424,"caption":"Puertas correderas batientes de una o dos hojas."},{"@type":"BreadcrumbList","@id":"https:\/\/puertasroper.com\/fr\/produits\/porte-battante-anti-feu\/#breadcrumb","itemListElement":[{"@type":"ListItem","position":1,"name":"Portada","item":"https:\/\/puertasroper.com\/fr\/"},{"@type":"ListItem","position":2,"name":"Boutique","item":"https:\/\/puertasroper.com\/fr\/boutique\/"},{"@type":"ListItem","position":3,"name":"PORTE BATTANTE ANTI-FEU"}]},{"@type":"WebSite","@id":"https:\/\/puertasroper.com\/fr\/#website","url":"https:\/\/puertasroper.com\/fr\/","name":"ROPER","description":"Puertas Met\u00e1licas | Automatismos | Puertas de Garaje | Paneles Sandwich","publisher":{"@id":"https:\/\/puertasroper.com\/fr\/#organization"},"potentialAction":[{"@type":"SearchAction","target":{"@type":"EntryPoint","urlTemplate":"https:\/\/puertasroper.com\/fr\/?s={search_term_string}"},"query-input":{"@type":"PropertyValueSpecification","valueRequired":true,"valueName":"search_term_string"}}],"inLanguage":"fr-FR"},{"@type":"Organization","@id":"https:\/\/puertasroper.com\/fr\/#organization","name":"Puertas Roper","url":"https:\/\/puertasroper.com\/fr\/","logo":{"@type":"ImageObject","inLanguage":"fr-FR","@id":"https:\/\/puertasroper.com\/fr\/#\/schema\/logo\/image\/","url":"https:\/\/puertasroper.com\/wp-content\/uploads\/logo_roper_60-aniversario_WH-1.png","contentUrl":"https:\/\/puertasroper.com\/wp-content\/uploads\/logo_roper_60-aniversario_WH-1.png","width":752,"height":394,"caption":"Puertas Roper"},"image":{"@id":"https:\/\/puertasroper.com\/fr\/#\/schema\/logo\/image\/"},"sameAs":["http:\/\/www.facebook.com\/pages\/Puertas-Roper\/","https:\/\/x.com\/puertasroper"]}]}},"_links":{"self":[{"href":"https:\/\/puertasroper.com\/fr\/wp-json\/wp\/v2\/product\/12295","targetHints":{"allow":["GET"]}}],"collection":[{"href":"https:\/\/puertasroper.com\/fr\/wp-json\/wp\/v2\/product"}],"about":[{"href":"https:\/\/puertasroper.com\/fr\/wp-json\/wp\/v2\/types\/product"}],"wp:featuredmedia":[{"embeddable":true,"href":"https:\/\/puertasroper.com\/fr\/wp-json\/wp\/v2\/media\/10960"}],"wp:attachment":[{"href":"https:\/\/puertasroper.com\/fr\/wp-json\/wp\/v2\/media?parent=12295"}],"wp:term":[{"taxonomy":"product_brand","embeddable":true,"href":"https:\/\/puertasroper.com\/fr\/wp-json\/wp\/v2\/product_brand?post=12295"},{"taxonomy":"product_cat","embeddable":true,"href":"https:\/\/puertasroper.com\/fr\/wp-json\/wp\/v2\/product_cat?post=12295"},{"taxonomy":"product_tag","embeddable":true,"href":"https:\/\/puertasroper.com\/fr\/wp-json\/wp\/v2\/product_tag?post=12295"},{"taxonomy":"entorno","embeddable":true,"href":"https:\/\/puertasroper.com\/fr\/wp-json\/wp\/v2\/entorno?post=12295"},{"taxonomy":"num-hojas","embeddable":true,"href":"https:\/\/puertasroper.com\/fr\/wp-json\/wp\/v2\/num-hojas?post=12295"},{"taxonomy":"tipo-de-puerta","embeddable":true,"href":"https:\/\/puertasroper.com\/fr\/wp-json\/wp\/v2\/tipo-de-puerta?post=12295"}],"curies":[{"name":"wp","href":"https:\/\/api.w.org\/{rel}","templated":true}]}}