{"id":12296,"date":"2023-11-21T14:09:36","date_gmt":"2023-11-21T13:09:36","guid":{"rendered":"https:\/\/puertasroper.com\/productos\/puerta-batiente-cortafuego-de-grandes-dimensiones\/"},"modified":"2024-02-28T21:39:12","modified_gmt":"2024-02-28T20:39:12","slug":"porte-battante-coupe-feu-de-grandes-dimensions","status":"publish","type":"product","link":"https:\/\/puertasroper.com\/fr\/produits\/porte-battante-coupe-feu-de-grandes-dimensions\/","title":{"rendered":"PORTE BATTANTE COUPE-FEU DE GRANDES DIMENSIONS"},"content":{"rendered":"<div class=\"elementor-element elementor-element-b0a3d60 elementor-widget elementor-widget-heading\" data-id=\"b0a3d60\" data-element_type=\"widget\" data-widget_type=\"heading.default\">\n<div class=\"elementor-widget-container\">\n<p>Fiche technique<\/p>\n<p>Classification Ei2 60 C5 DES DEUX C\u00d4T\u00c9S 60 MINUTES<\/p>\n<p>Dimensions de l&#8217;ouverture<\/p>\n<p>Pour les largeurs : 1300\/1400\/1500\/1600\/1700\/1800\/1900\/2000\/2100\/2200\/ 2300\/2400\/2500 mm.<\/p>\n<p>Hauteur : 2600\/2700\/2800\/2900\/3000 mm. Pour les largeurs : 2600\/2700\/2800\/2900\/3000 mm.<\/p>\n<p>Hauteur : 2100\/2200\/2300\/2400\/2500\/2600\/2700\/2800\/2900\/3000 mm.<\/p>\n<p>Pour d&#8217;autres mesures, veuillez consulter notre service commercial.<\/p>\n<p>Cadre<\/p>\n<ul>\n<li>Fabriqu\u00e9 en t\u00f4le d&#8217;acier galvanis\u00e9 d&#8217;\u00e9paisseur 2 mm. conform\u00e9ment aux normes UNE \u2013 EN 10142 et UNE\u2013EN 10143.<\/li>\n<li>Le cadre est fix\u00e9 au support du b\u00e2timent par des griffes.<\/li>\n<\/ul>\n<p>Battant<\/p>\n<ul>\n<li>Fabriqu\u00e9 en t\u00f4le d&#8217;acier galvanis\u00e9 d&#8217;\u00e9paisseur 1 mm.<\/li>\n<li>P\u00e9rim\u00e8tre du battant renforc\u00e9 avec des profils en &#8220;U&#8221; en t\u00f4le d&#8217;acier galvanis\u00e9 d&#8217;\u00e9paisseur 2 mm.<\/li>\n<li>Isolation int\u00e9rieure : Laine de roche 165 Kg\/m et 70 mm d&#8217;\u00e9paisseur, Euroclasse E1, liant synth\u00e9tique, non hydrophile ni hygroscopique et coefficient de dilatation lin\u00e9aire -6 2 x 10 l\/m.<\/li>\n<\/ul>\n<p>Syst\u00e8me d&#8217;assemblage des t\u00f4les-laine de roche par une colle class\u00e9e A1, non toxique et ininflammable.<\/p>\n<p>\u00c9tanch\u00e9it\u00e9 au feu<\/p>\n<p>Joint intumescents \u00e0 forte dilatation<\/p>\n<ul>\n<li>Coll\u00e9 sur tout le p\u00e9rim\u00e8tre du cadre sauf en bas.<\/li>\n<li>Dimensions 20 x 2,5 (largeur par \u00e9paisseur).<\/li>\n<li>Fabriqu\u00e9 \u00e0 base de graphite et de couleur noire &#8211; Flexible, insoluble et inodore \u00e0<\/li>\n<li>Coefficient de dilatation : 25 \u00e0 1 si T &gt; 180 \u00baC C5<\/li>\n<\/ul>\n<p>Sens du feu<\/p>\n<ul>\n<li>Ouverture \u00e0 gauche.<\/li>\n<li>Ouverture \u00e0 droite.<\/li>\n<\/ul>\n<p>Quincaillerie<\/p>\n<ul>\n<li>Poign\u00e9es : double face avec cylindre noir\/inox.<\/li>\n<li>Pivot de s\u00e9curit\u00e9 entre charni\u00e8res anti-d\u00e9formation par chaleur et anti-d\u00e9sarmement.<\/li>\n<li>Serrure coupe-feu r\u00e9versible avec double verrouillage et p\u00eane dormant pour le battant actif. Marquage CE selon la norme UNE-EN 12209 et conforme \u00e0 la R\u00e9glementation Thermique Espagnole (CTE).<\/li>\n<li>Contre-serrure pour battant passif.<\/li>\n<li>Le battant \u00e0 double vantail est toujours livr\u00e9 avec le loquet encastr\u00e9, le mat\u00e9riel \u00e9tant ainsi cach\u00e9.<\/li>\n<\/ul>\n<p>Charni\u00e8res<\/p>\n<p>Fabriqu\u00e9es en acier inoxydable d&#8217;\u00e9paisseur 3 mm. AISI-304. Marquage CE. Compos\u00e9es de 2 corps et 1 axe, fix\u00e9es au cadre et \u00e0 la porte avec des vis en acier inoxydable \u00e0 t\u00eate frais\u00e9e. Elles int\u00e8grent 2 roulements qui permettent une fermeture douce et silencieuse. Pour chaque vantail, 4 charni\u00e8res sont fournies.<\/p>\n<p>Ferme-porte<\/p>\n<p>Ferme-porte en applique avec bras articul\u00e9 avec force EN 2-6 et angle d&#8217;ouverture jusqu&#8217;\u00e0 180\u00ba.<\/p>\n<p>Variantes autoris\u00e9es<\/p>\n<p>Quincaillerie optionnelle : Poign\u00e9e avec plaque de propret\u00e9 \/ Poign\u00e9e avec plaque de propret\u00e9.<\/p>\n<p>Poign\u00e9e sans trou de serrure \/ Poign\u00e9e sans trou de serrure.<\/p>\n<p>Poign\u00e9e avec plaque de propret\u00e9 \/ Bouclier de protection avec trou de serrure.<\/p>\n<p>Poign\u00e9e avec plaque de propret\u00e9 \/ Poign\u00e9e sans trou de serrure.<\/p>\n<p>Poign\u00e9e avec plaque de propret\u00e9 \/ Bouclier de protection sans trou de serrure.<\/p>\n<p>Poign\u00e9e avec plaque de propret\u00e9 \/ Bouton de porte avec plaque de propret\u00e9.<\/p>\n<p>Poign\u00e9e sans trou de serrure \/ Bouclier de protection avec trou de serrure.<\/p>\n<p>Poign\u00e9e sans trou de serrure \/ Bouclier de protection avec trou de serrure.<\/p>\n<p>Poign\u00e9e sans trou de serrure \/ Bouton de porte avec plaque de propret\u00e9.<\/p>\n<p>Bouclier de protection avec trou de serrure \/ Bouclier de protection sans trou de serrure.<\/p>\n<p>Bouclier de protection avec trou de serrure \/ Bouclier de protection sans trou de serrure.<\/p>\n<p>Bouclier de protection avec trou de serrure \/ Bouton de porte avec plaque de propret\u00e9.<\/p>\n<p>Bouton de porte avec plaque de propret\u00e9 \/ Bouclier de protection sans trou de serrure.<\/p>\n<p>Bouton de porte avec plaque de propret\u00e9 \/ Bouton de porte avec plaque de propret\u00e9.<\/p>\n<ul>\n<li>\u0152illeton rectangulaire 250&#215;250 mm 350&#215;350 mm.<\/li>\n<li>Ferme-porte en surface.<\/li>\n<li>S\u00e9lecteur de fermeture.<\/li>\n<li>Dispositif anti-panique : Barre\/Push Tabla\/Touch.<\/li>\n<li>Serrure pour battant passif avec dispositif anti-panique.<\/li>\n<li>Reten<\/li>\n<\/ul>\n<\/div>\n<\/div>\n<div class=\"elementor-element elementor-element-5cf9a0c elementor-widget elementor-widget-product-description elementor-widget-text-editor\" data-id=\"5cf9a0c\" data-element_type=\"widget\" data-widget_type=\"product-description.default\">\n<div class=\"elementor-widget-container\">\n<div class=\"ce-product-description\">\n<p><img fetchpriority=\"high\" decoding=\"async\" class=\"aligncenter wp-image-7439 size-full\" src=\"https:\/\/puertasroper.com\/wp-content\/uploads\/Puerta-Batiente-Cortafuego-de-Grandes-Dimensiones.png\" alt=\"\" width=\"1111\" height=\"616\" srcset=\"https:\/\/puertasroper.com\/wp-content\/uploads\/Puerta-Batiente-Cortafuego-de-Grandes-Dimensiones.png 1111w, https:\/\/puertasroper.com\/wp-content\/uploads\/Puerta-Batiente-Cortafuego-de-Grandes-Dimensiones-300x166.png 300w, https:\/\/puertasroper.com\/wp-content\/uploads\/Puerta-Batiente-Cortafuego-de-Grandes-Dimensiones-1024x568.png 1024w, https:\/\/puertasroper.com\/wp-content\/uploads\/Puerta-Batiente-Cortafuego-de-Grandes-Dimensiones-768x426.png 768w, https:\/\/puertasroper.com\/wp-content\/uploads\/Puerta-Batiente-Cortafuego-de-Grandes-Dimensiones-600x333.png 600w\" sizes=\"(max-width: 1111px) 100vw, 1111px\" \/><\/p>\n<\/div>\n<\/div>\n<\/div>\n","protected":false},"excerpt":{"rendered":"<p>La Porte Battante Coupe-feu de grandes dimensions ROPER a \u00e9t\u00e9 con\u00e7ue pour sectoriser des installations industrielles n\u00e9cessitant de grands espaces de passage, fabriqu\u00e9e avec des mat\u00e9riaux de premi\u00e8re qualit\u00e9 et utilisant les derni\u00e8res technologies en mati\u00e8re de conception et de fabrication.<\/p>\n<p>Caract\u00e9ristiques :<\/p>\n<ul>\n<li>2 vantaux, protection EI2 60 C5 des deux c\u00f4t\u00e9s<\/li>\n<li>Largeur de 1300 \u00e0 3000 mm<\/li>\n<li>Hauteur de 2100 \u00e0 3000 mm (selon la fiche technique)<\/li>\n<li>Contr\u00f4le qualit\u00e9, essais accr\u00e9dit\u00e9s conformes \u00e0 la r\u00e9glementation<\/li>\n<li>Enti\u00e8rement assembl\u00e9e, pr\u00eate \u00e0 \u00eatre install\u00e9e<\/li>\n<li>Durabilit\u00e9<\/li>\n<li>Diff\u00e9rents types de finitions et de couleurs<\/li>\n<li>Large gamme d&#8217;accessoires disponible<\/li>\n<\/ul>\n","protected":false},"featured_media":10934,"template":"","meta":{"site-sidebar-layout":"default","site-content-layout":"","ast-site-content-layout":"default","site-content-style":"default","site-sidebar-style":"default","ast-global-header-display":"","ast-banner-title-visibility":"","ast-main-header-display":"","ast-hfb-above-header-display":"","ast-hfb-below-header-display":"","ast-hfb-mobile-header-display":"","site-post-title":"","ast-breadcrumbs-content":"","ast-featured-img":"","footer-sml-layout":"","ast-disable-related-posts":"","theme-transparent-header-meta":"default","adv-header-id-meta":"","stick-header-meta":"","header-above-stick-meta":"","header-main-stick-meta":"","header-below-stick-meta":"","astra-migrate-meta-layouts":"set","ast-page-background-enabled":"default","ast-page-background-meta":{"desktop":{"background-color":"var(--ast-global-color-4)","background-image":"","background-repeat":"repeat","background-position":"center center","background-size":"auto","background-attachment":"scroll","background-type":"","background-media":"","overlay-type":"","overlay-color":"","overlay-opacity":"","overlay-gradient":""},"tablet":{"background-color":"","background-image":"","background-repeat":"repeat","background-position":"center center","background-size":"auto","background-attachment":"scroll","background-type":"","background-media":"","overlay-type":"","overlay-color":"","overlay-opacity":"","overlay-gradient":""},"mobile":{"background-color":"","background-image":"","background-repeat":"repeat","background-position":"center center","background-size":"auto","background-attachment":"scroll","background-type":"","background-media":"","overlay-type":"","overlay-color":"","overlay-opacity":"","overlay-gradient":""}},"ast-content-background-meta":{"desktop":{"background-color":"var(--ast-global-color-5)","background-image":"","background-repeat":"repeat","background-position":"center center","background-size":"auto","background-attachment":"scroll","background-type":"","background-media":"","overlay-type":"","overlay-color":"","overlay-opacity":"","overlay-gradient":""},"tablet":{"background-color":"var(--ast-global-color-5)","background-image":"","background-repeat":"repeat","background-position":"center center","background-size":"auto","background-attachment":"scroll","background-type":"","background-media":"","overlay-type":"","overlay-color":"","overlay-opacity":"","overlay-gradient":""},"mobile":{"background-color":"var(--ast-global-color-5)","background-image":"","background-repeat":"repeat","background-position":"center center","background-size":"auto","background-attachment":"scroll","background-type":"","background-media":"","overlay-type":"","overlay-color":"","overlay-opacity":"","overlay-gradient":""}}},"product_brand":[],"product_cat":[504],"product_tag":[],"entorno":[],"num-hojas":[489,411],"tipo-de-puerta":[508],"class_list":{"0":"post-12296","1":"product","2":"type-product","3":"status-publish","4":"has-post-thumbnail","6":"product_cat-portes-coupe-feu","7":"num-hojas-dos-2","8":"num-hojas-una","9":"tipo-de-puerta-battante","10":"desktop-align-left","11":"tablet-align-left","12":"mobile-align-left","14":"first","15":"instock","16":"shipping-taxable","17":"product-type-simple"},"yoast_head":"<!-- This site is optimized with the Yoast SEO plugin v27.4 - https:\/\/yoast.com\/product\/yoast-seo-wordpress\/ -->\n<title>Porte Battante Coupe-feu de Grandes Dimensions- ROPER<\/title>\n<meta name=\"description\" content=\"Chez Roper, nos portes battantes coupe-feu, id\u00e9ales pour les grandes dimensions, offrent une s\u00e9curit\u00e9 maximale contre les incendies.\" \/>\n<meta name=\"robots\" content=\"index, follow, max-snippet:-1, max-image-preview:large, max-video-preview:-1\" \/>\n<link rel=\"canonical\" href=\"https:\/\/puertasroper.com\/fr\/produits\/porte-battante-coupe-feu-de-grandes-dimensions\/\" \/>\n<meta property=\"og:locale\" content=\"fr_FR\" \/>\n<meta property=\"og:type\" content=\"article\" \/>\n<meta property=\"og:title\" content=\"Porte Battante Coupe-feu de Grandes Dimensions- ROPER\" \/>\n<meta property=\"og:description\" content=\"Chez Roper, nos portes battantes coupe-feu, id\u00e9ales pour les grandes dimensions, offrent une s\u00e9curit\u00e9 maximale contre les incendies.\" \/>\n<meta property=\"og:url\" content=\"https:\/\/puertasroper.com\/fr\/produits\/porte-battante-coupe-feu-de-grandes-dimensions\/\" \/>\n<meta property=\"og:site_name\" content=\"ROPER\" \/>\n<meta property=\"article:publisher\" content=\"http:\/\/www.facebook.com\/pages\/Puertas-Roper\/\" \/>\n<meta property=\"article:modified_time\" content=\"2024-02-28T20:39:12+00:00\" \/>\n<meta property=\"og:image\" content=\"https:\/\/puertasroper.com\/wp-content\/uploads\/puerta-batiente-cortafuego-de-grandes-dimensiones.jpg\" \/>\n\t<meta property=\"og:image:width\" content=\"1100\" \/>\n\t<meta property=\"og:image:height\" content=\"1422\" \/>\n\t<meta property=\"og:image:type\" content=\"image\/jpeg\" \/>\n<meta name=\"twitter:label1\" content=\"Est. reading time\" \/>\n\t<meta name=\"twitter:data1\" content=\"3 minutes\" \/>\n<script type=\"application\/ld+json\" class=\"yoast-schema-graph\">{\"@context\":\"https:\\\/\\\/schema.org\",\"@graph\":[{\"@type\":\"WebPage\",\"@id\":\"https:\\\/\\\/puertasroper.com\\\/fr\\\/produits\\\/porte-battante-coupe-feu-de-grandes-dimensions\\\/\",\"url\":\"https:\\\/\\\/puertasroper.com\\\/fr\\\/produits\\\/porte-battante-coupe-feu-de-grandes-dimensions\\\/\",\"name\":\"Porte Battante Coupe-feu de Grandes Dimensions- ROPER\",\"isPartOf\":{\"@id\":\"https:\\\/\\\/puertasroper.com\\\/fr\\\/#website\"},\"primaryImageOfPage\":{\"@id\":\"https:\\\/\\\/puertasroper.com\\\/fr\\\/produits\\\/porte-battante-coupe-feu-de-grandes-dimensions\\\/#primaryimage\"},\"image\":{\"@id\":\"https:\\\/\\\/puertasroper.com\\\/fr\\\/produits\\\/porte-battante-coupe-feu-de-grandes-dimensions\\\/#primaryimage\"},\"thumbnailUrl\":\"https:\\\/\\\/puertasroper.com\\\/wp-content\\\/uploads\\\/puerta-batiente-cortafuego-de-grandes-dimensiones.jpg\",\"datePublished\":\"2023-11-21T13:09:36+00:00\",\"dateModified\":\"2024-02-28T20:39:12+00:00\",\"description\":\"Chez Roper, nos portes battantes coupe-feu, id\u00e9ales pour les grandes dimensions, offrent une s\u00e9curit\u00e9 maximale contre les incendies.\",\"breadcrumb\":{\"@id\":\"https:\\\/\\\/puertasroper.com\\\/fr\\\/produits\\\/porte-battante-coupe-feu-de-grandes-dimensions\\\/#breadcrumb\"},\"inLanguage\":\"fr-FR\",\"potentialAction\":[{\"@type\":\"ReadAction\",\"target\":[\"https:\\\/\\\/puertasroper.com\\\/fr\\\/produits\\\/porte-battante-coupe-feu-de-grandes-dimensions\\\/\"]}]},{\"@type\":\"ImageObject\",\"inLanguage\":\"fr-FR\",\"@id\":\"https:\\\/\\\/puertasroper.com\\\/fr\\\/produits\\\/porte-battante-coupe-feu-de-grandes-dimensions\\\/#primaryimage\",\"url\":\"https:\\\/\\\/puertasroper.com\\\/wp-content\\\/uploads\\\/puerta-batiente-cortafuego-de-grandes-dimensiones.jpg\",\"contentUrl\":\"https:\\\/\\\/puertasroper.com\\\/wp-content\\\/uploads\\\/puerta-batiente-cortafuego-de-grandes-dimensiones.jpg\",\"width\":1100,\"height\":1422,\"caption\":\"Puerta cortafuegos a medida batiente, para grandes dimensiones\"},{\"@type\":\"BreadcrumbList\",\"@id\":\"https:\\\/\\\/puertasroper.com\\\/fr\\\/produits\\\/porte-battante-coupe-feu-de-grandes-dimensions\\\/#breadcrumb\",\"itemListElement\":[{\"@type\":\"ListItem\",\"position\":1,\"name\":\"Portada\",\"item\":\"https:\\\/\\\/puertasroper.com\\\/fr\\\/\"},{\"@type\":\"ListItem\",\"position\":2,\"name\":\"Boutique\",\"item\":\"https:\\\/\\\/puertasroper.com\\\/fr\\\/boutique\\\/\"},{\"@type\":\"ListItem\",\"position\":3,\"name\":\"PORTE BATTANTE COUPE-FEU DE GRANDES DIMENSIONS\"}]},{\"@type\":\"WebSite\",\"@id\":\"https:\\\/\\\/puertasroper.com\\\/fr\\\/#website\",\"url\":\"https:\\\/\\\/puertasroper.com\\\/fr\\\/\",\"name\":\"ROPER\",\"description\":\"Puertas Met\u00e1licas | Automatismos | Puertas de Garaje | Paneles Sandwich\",\"publisher\":{\"@id\":\"https:\\\/\\\/puertasroper.com\\\/fr\\\/#organization\"},\"potentialAction\":[{\"@type\":\"SearchAction\",\"target\":{\"@type\":\"EntryPoint\",\"urlTemplate\":\"https:\\\/\\\/puertasroper.com\\\/fr\\\/?s={search_term_string}\"},\"query-input\":{\"@type\":\"PropertyValueSpecification\",\"valueRequired\":true,\"valueName\":\"search_term_string\"}}],\"inLanguage\":\"fr-FR\"},{\"@type\":\"Organization\",\"@id\":\"https:\\\/\\\/puertasroper.com\\\/fr\\\/#organization\",\"name\":\"Puertas Roper\",\"url\":\"https:\\\/\\\/puertasroper.com\\\/fr\\\/\",\"logo\":{\"@type\":\"ImageObject\",\"inLanguage\":\"fr-FR\",\"@id\":\"https:\\\/\\\/puertasroper.com\\\/fr\\\/#\\\/schema\\\/logo\\\/image\\\/\",\"url\":\"https:\\\/\\\/puertasroper.com\\\/wp-content\\\/uploads\\\/logo_roper_60-aniversario_WH-1.png\",\"contentUrl\":\"https:\\\/\\\/puertasroper.com\\\/wp-content\\\/uploads\\\/logo_roper_60-aniversario_WH-1.png\",\"width\":752,\"height\":394,\"caption\":\"Puertas Roper\"},\"image\":{\"@id\":\"https:\\\/\\\/puertasroper.com\\\/fr\\\/#\\\/schema\\\/logo\\\/image\\\/\"},\"sameAs\":[\"http:\\\/\\\/www.facebook.com\\\/pages\\\/Puertas-Roper\\\/\",\"https:\\\/\\\/x.com\\\/puertasroper\"]}]}<\/script>\n<!-- \/ Yoast SEO plugin. -->","yoast_head_json":{"title":"Porte Battante Coupe-feu de Grandes Dimensions- ROPER","description":"Chez Roper, nos portes battantes coupe-feu, id\u00e9ales pour les grandes dimensions, offrent une s\u00e9curit\u00e9 maximale contre les incendies.","robots":{"index":"index","follow":"follow","max-snippet":"max-snippet:-1","max-image-preview":"max-image-preview:large","max-video-preview":"max-video-preview:-1"},"canonical":"https:\/\/puertasroper.com\/fr\/produits\/porte-battante-coupe-feu-de-grandes-dimensions\/","og_locale":"fr_FR","og_type":"article","og_title":"Porte Battante Coupe-feu de Grandes Dimensions- ROPER","og_description":"Chez Roper, nos portes battantes coupe-feu, id\u00e9ales pour les grandes dimensions, offrent une s\u00e9curit\u00e9 maximale contre les incendies.","og_url":"https:\/\/puertasroper.com\/fr\/produits\/porte-battante-coupe-feu-de-grandes-dimensions\/","og_site_name":"ROPER","article_publisher":"http:\/\/www.facebook.com\/pages\/Puertas-Roper\/","article_modified_time":"2024-02-28T20:39:12+00:00","og_image":[{"width":1100,"height":1422,"url":"https:\/\/puertasroper.com\/wp-content\/uploads\/puerta-batiente-cortafuego-de-grandes-dimensiones.jpg","type":"image\/jpeg"}],"twitter_misc":{"Est. reading time":"3 minutes"},"schema":{"@context":"https:\/\/schema.org","@graph":[{"@type":"WebPage","@id":"https:\/\/puertasroper.com\/fr\/produits\/porte-battante-coupe-feu-de-grandes-dimensions\/","url":"https:\/\/puertasroper.com\/fr\/produits\/porte-battante-coupe-feu-de-grandes-dimensions\/","name":"Porte Battante Coupe-feu de Grandes Dimensions- ROPER","isPartOf":{"@id":"https:\/\/puertasroper.com\/fr\/#website"},"primaryImageOfPage":{"@id":"https:\/\/puertasroper.com\/fr\/produits\/porte-battante-coupe-feu-de-grandes-dimensions\/#primaryimage"},"image":{"@id":"https:\/\/puertasroper.com\/fr\/produits\/porte-battante-coupe-feu-de-grandes-dimensions\/#primaryimage"},"thumbnailUrl":"https:\/\/puertasroper.com\/wp-content\/uploads\/puerta-batiente-cortafuego-de-grandes-dimensiones.jpg","datePublished":"2023-11-21T13:09:36+00:00","dateModified":"2024-02-28T20:39:12+00:00","description":"Chez Roper, nos portes battantes coupe-feu, id\u00e9ales pour les grandes dimensions, offrent une s\u00e9curit\u00e9 maximale contre les incendies.","breadcrumb":{"@id":"https:\/\/puertasroper.com\/fr\/produits\/porte-battante-coupe-feu-de-grandes-dimensions\/#breadcrumb"},"inLanguage":"fr-FR","potentialAction":[{"@type":"ReadAction","target":["https:\/\/puertasroper.com\/fr\/produits\/porte-battante-coupe-feu-de-grandes-dimensions\/"]}]},{"@type":"ImageObject","inLanguage":"fr-FR","@id":"https:\/\/puertasroper.com\/fr\/produits\/porte-battante-coupe-feu-de-grandes-dimensions\/#primaryimage","url":"https:\/\/puertasroper.com\/wp-content\/uploads\/puerta-batiente-cortafuego-de-grandes-dimensiones.jpg","contentUrl":"https:\/\/puertasroper.com\/wp-content\/uploads\/puerta-batiente-cortafuego-de-grandes-dimensiones.jpg","width":1100,"height":1422,"caption":"Puerta cortafuegos a medida batiente, para grandes dimensiones"},{"@type":"BreadcrumbList","@id":"https:\/\/puertasroper.com\/fr\/produits\/porte-battante-coupe-feu-de-grandes-dimensions\/#breadcrumb","itemListElement":[{"@type":"ListItem","position":1,"name":"Portada","item":"https:\/\/puertasroper.com\/fr\/"},{"@type":"ListItem","position":2,"name":"Boutique","item":"https:\/\/puertasroper.com\/fr\/boutique\/"},{"@type":"ListItem","position":3,"name":"PORTE BATTANTE COUPE-FEU DE GRANDES DIMENSIONS"}]},{"@type":"WebSite","@id":"https:\/\/puertasroper.com\/fr\/#website","url":"https:\/\/puertasroper.com\/fr\/","name":"ROPER","description":"Puertas Met\u00e1licas | Automatismos | Puertas de Garaje | Paneles Sandwich","publisher":{"@id":"https:\/\/puertasroper.com\/fr\/#organization"},"potentialAction":[{"@type":"SearchAction","target":{"@type":"EntryPoint","urlTemplate":"https:\/\/puertasroper.com\/fr\/?s={search_term_string}"},"query-input":{"@type":"PropertyValueSpecification","valueRequired":true,"valueName":"search_term_string"}}],"inLanguage":"fr-FR"},{"@type":"Organization","@id":"https:\/\/puertasroper.com\/fr\/#organization","name":"Puertas Roper","url":"https:\/\/puertasroper.com\/fr\/","logo":{"@type":"ImageObject","inLanguage":"fr-FR","@id":"https:\/\/puertasroper.com\/fr\/#\/schema\/logo\/image\/","url":"https:\/\/puertasroper.com\/wp-content\/uploads\/logo_roper_60-aniversario_WH-1.png","contentUrl":"https:\/\/puertasroper.com\/wp-content\/uploads\/logo_roper_60-aniversario_WH-1.png","width":752,"height":394,"caption":"Puertas Roper"},"image":{"@id":"https:\/\/puertasroper.com\/fr\/#\/schema\/logo\/image\/"},"sameAs":["http:\/\/www.facebook.com\/pages\/Puertas-Roper\/","https:\/\/x.com\/puertasroper"]}]}},"_links":{"self":[{"href":"https:\/\/puertasroper.com\/fr\/wp-json\/wp\/v2\/product\/12296","targetHints":{"allow":["GET"]}}],"collection":[{"href":"https:\/\/puertasroper.com\/fr\/wp-json\/wp\/v2\/product"}],"about":[{"href":"https:\/\/puertasroper.com\/fr\/wp-json\/wp\/v2\/types\/product"}],"wp:featuredmedia":[{"embeddable":true,"href":"https:\/\/puertasroper.com\/fr\/wp-json\/wp\/v2\/media\/10934"}],"wp:attachment":[{"href":"https:\/\/puertasroper.com\/fr\/wp-json\/wp\/v2\/media?parent=12296"}],"wp:term":[{"taxonomy":"product_brand","embeddable":true,"href":"https:\/\/puertasroper.com\/fr\/wp-json\/wp\/v2\/product_brand?post=12296"},{"taxonomy":"product_cat","embeddable":true,"href":"https:\/\/puertasroper.com\/fr\/wp-json\/wp\/v2\/product_cat?post=12296"},{"taxonomy":"product_tag","embeddable":true,"href":"https:\/\/puertasroper.com\/fr\/wp-json\/wp\/v2\/product_tag?post=12296"},{"taxonomy":"entorno","embeddable":true,"href":"https:\/\/puertasroper.com\/fr\/wp-json\/wp\/v2\/entorno?post=12296"},{"taxonomy":"num-hojas","embeddable":true,"href":"https:\/\/puertasroper.com\/fr\/wp-json\/wp\/v2\/num-hojas?post=12296"},{"taxonomy":"tipo-de-puerta","embeddable":true,"href":"https:\/\/puertasroper.com\/fr\/wp-json\/wp\/v2\/tipo-de-puerta?post=12296"}],"curies":[{"name":"wp","href":"https:\/\/api.w.org\/{rel}","templated":true}]}}