{"id":12297,"date":"2023-11-21T14:09:36","date_gmt":"2023-11-21T13:09:36","guid":{"rendered":"https:\/\/puertasroper.com\/productos\/barrera-automatica-para-fincas\/"},"modified":"2026-01-30T13:01:32","modified_gmt":"2026-01-30T12:01:32","slug":"barriere-automatique-pour-les-domaines","status":"publish","type":"product","link":"https:\/\/puertasroper.com\/fr\/produits\/barriere-automatique-pour-les-domaines\/","title":{"rendered":"BARRERA AUTOM\u00c1TICA PARA FINCAS"},"content":{"rendered":"<h2>Caract\u00e9ristiques techniques :<\/h2>\n<p>Chez Roper Doors, nous offrons une solution solide pour la gestion des v\u00e9hicules gr\u00e2ce \u00e0 notre gamme avanc\u00e9e de <b>barri\u00e8res de parking<\/b>, con\u00e7ues pour assurer un <b>contr\u00f4le d&#8217;acc\u00e8s<\/b> agile <b>au parking<\/b>, en limitant l&#8217;entr\u00e9e des v\u00e9hicules non autoris\u00e9s en quelques secondes seulement.<\/p>\n<p>C&#8217;est le choix id\u00e9al pour tout environnement, des communaut\u00e9s de voisinage aux installations industrielles, gr\u00e2ce \u00e0 sa capacit\u00e9 \u00e0 couvrir des passages allant de 3 \u00e0 12 m\u00e8tres.<\/p>\n<h2><b>Polyvalence en mati\u00e8re de <\/b><b>contr\u00f4le d&#8217;acc\u00e8s parking<\/b><\/h2>\n<p>Nous comprenons que chaque installation a des besoins uniques. C&#8217;est pourquoi nos <b>barri\u00e8res automatiques de parking<\/b> sont non seulement puissantes, mais aussi adaptables : <\/p>\n<ul>\n<li aria-level=\"1\"><b>Dimensions sur mesure :<\/b> nous disposons d&#8217;une grande vari\u00e9t\u00e9 de mod\u00e8les pour couvrir des distances allant de 3 \u00e0 12 m\u00e8tres de long.<\/li>\n<li aria-level=\"1\"><b>M\u00e2ts de haute qualit\u00e9 :<\/b> chaque unit\u00e9 est \u00e9quip\u00e9e d&#8217;un m\u00e2t en aluminium qui allie l\u00e9g\u00e8ret\u00e9 et r\u00e9sistance structurelle \u00e9lev\u00e9e.<\/li>\n<li aria-level=\"1\"><b>Adaptation aux espaces r\u00e9duits :<\/b> pour les installations int\u00e9rieures ou les zones \u00e0 plafond limit\u00e9, il est possible d&#8217;int\u00e9grer un joint \u00e0 90\u00b0.<\/li>\n<li aria-level=\"1\"><b>Personnalisation :<\/b> Gr\u00e2ce \u00e0 de nombreux accessoires, ces barri\u00e8res s&#8217;int\u00e8grent parfaitement dans n&#8217;importe quel contexte op\u00e9rationnel.<\/li>\n<\/ul>\n<h2><b>La durabilit\u00e9 et la solidit\u00e9 de nos <\/b><b>barri\u00e8re de parking<\/b><\/h2>\n<p>La durabilit\u00e9 d&#8217;une <b>barri\u00e8re de parking<\/b> d\u00e9pend de la qualit\u00e9 de ses mat\u00e9riaux. C&#8217;est pourquoi les portes Roper sont fabriqu\u00e9es selon des normes de durabilit\u00e9 strictes : <\/p>\n<ul>\n<li aria-level=\"1\"><b>Protection ext\u00e9rieure :<\/b> les bo\u00eetiers sont en acier et ont un traitement de surface protecteur.<\/li>\n<li aria-level=\"1\"><b>Option acier inoxydable :<\/b> Pour les environnements \u00e0 forte salinit\u00e9 ou les conditions climatiques extr\u00eames, nous proposons des variantes en acier inoxydable.<\/li>\n<li aria-level=\"1\"><b>M\u00e9canique fiable :<\/b> Con\u00e7ue pour une utilisation intensive, elle permet de maintenir un contr\u00f4le efficace du v\u00e9hicule \u00e0 tout moment.<\/li>\n<\/ul>\n<h2><b>S\u00e9curit\u00e9 et fonctionnement manuel<\/b><\/h2>\n<p>La continuit\u00e9 du service est vitale dans tout <b>parking \u00e0 contr\u00f4le d&#8217;acc\u00e8s<\/b>. Nos barri\u00e8res sont pr\u00eates \u00e0 r\u00e9pondre \u00e0 des \u00e9v\u00e9nements impr\u00e9vus : <\/p>\n<ul>\n<li aria-level=\"1\"><b>D\u00e9blocage facile :<\/b> en cas de panne de courant ou de coupure d&#8217;\u00e9lectricit\u00e9, le syst\u00e8me permet un d\u00e9blocage manuel facile pour r\u00e9tablir le fonctionnement normal.<\/li>\n<li aria-level=\"1\"><b>R\u00e9ponse rapide :<\/b> l&#8217;ouverture et la fermeture s&#8217;effectuent en quelques secondes, ce qui optimise le flux de circulation.<\/li>\n<\/ul>\n<h2><b>Questions fr\u00e9quemment pos\u00e9es sur la <\/b><b>barri\u00e8re de parking<\/b><\/h2>\n<h3><b>Qu&#8217;advient-il de la barri\u00e8re en cas de coupure de courant ?<\/b><\/h3>\n<p>Toutes nos <b>barri\u00e8res automatiques<\/b> sont \u00e9quip\u00e9es d&#8217;un syst\u00e8me de d\u00e9verrouillage simple. Cela signifie qu&#8217;en cas de panne de courant, la barri\u00e8re peut \u00eatre actionn\u00e9e manuellement afin de ne pas interrompre le passage des v\u00e9hicules. <\/p>\n<h3><b>Peuvent-ils \u00eatre install\u00e9s dans des parkings \u00e0 plafond bas ?<\/b><\/h3>\n<p>Oui, un joint \u00e0 90\u00b0 peut \u00eatre install\u00e9 en option sur le m\u00e2t. Cette solution est sp\u00e9cialement con\u00e7ue pour les <b>barri\u00e8res de parking<\/b> plac\u00e9es sous le pont ou dans des endroits o\u00f9 la hauteur de plafond est limit\u00e9e. <\/p>\n<h3><b>De quel mat\u00e9riau les barri\u00e8res sont-elles faites ?<\/b><\/h3>\n<p>Le corps principal est constitu\u00e9 de bo\u00eetiers en acier trait\u00e9 en surface, mais des options en acier inoxydable sont \u00e9galement disponibles pour une protection accrue. Le m\u00e2t, quant \u00e0 lui, est en aluminium l\u00e9ger et r\u00e9sistant. <\/p>\n<h3><b>Quelle peut \u00eatre l&#8217;ampleur de ces barri\u00e8res ?<\/b><\/h3>\n<p>Nous disposons d&#8217;une large gamme de produits qui nous permet de couvrir des ouvertures de 3 \u00e0 12 m\u00e8tres de large, en nous adaptant \u00e0 presque tous les types de routes ou d&#8217;entr\u00e9es.<\/p>\n","protected":false},"excerpt":{"rendered":"<p>La<strong> barri\u00e8re automatique pour les propri\u00e9t\u00e9s<\/strong> est id\u00e9ale pour la gestion des acc\u00e8s et le contr\u00f4le des entr\u00e9es et sorties des v\u00e9hicules. R\u00e9sistant \u00e0 un grand nombre de man\u0153uvres.<\/p>\n<p>Caract\u00e9ristiques :<\/p>\n<ul>\n<li>Durabilit\u00e9.<\/li>\n<li>Sp\u00e9cifique pour contr\u00f4ler le passage des v\u00e9hicules<\/li>\n<li>Gestion des acc\u00e8s, contr\u00f4le des entr\u00e9es et sorties des v\u00e9hicules, horaires et calendriers d&#8217;acc\u00e8s.<\/li>\n<\/ul>\n","protected":false},"featured_media":10926,"template":"","meta":{"site-sidebar-layout":"default","site-content-layout":"","ast-site-content-layout":"default","site-content-style":"default","site-sidebar-style":"default","ast-global-header-display":"","ast-banner-title-visibility":"","ast-main-header-display":"","ast-hfb-above-header-display":"","ast-hfb-below-header-display":"","ast-hfb-mobile-header-display":"","site-post-title":"","ast-breadcrumbs-content":"","ast-featured-img":"","footer-sml-layout":"","ast-disable-related-posts":"","theme-transparent-header-meta":"default","adv-header-id-meta":"","stick-header-meta":"","header-above-stick-meta":"","header-main-stick-meta":"","header-below-stick-meta":"","astra-migrate-meta-layouts":"set","ast-page-background-enabled":"default","ast-page-background-meta":{"desktop":{"background-color":"var(--ast-global-color-4)","background-image":"","background-repeat":"repeat","background-position":"center center","background-size":"auto","background-attachment":"scroll","background-type":"","background-media":"","overlay-type":"","overlay-color":"","overlay-opacity":"","overlay-gradient":""},"tablet":{"background-color":"","background-image":"","background-repeat":"repeat","background-position":"center center","background-size":"auto","background-attachment":"scroll","background-type":"","background-media":"","overlay-type":"","overlay-color":"","overlay-opacity":"","overlay-gradient":""},"mobile":{"background-color":"","background-image":"","background-repeat":"repeat","background-position":"center center","background-size":"auto","background-attachment":"scroll","background-type":"","background-media":"","overlay-type":"","overlay-color":"","overlay-opacity":"","overlay-gradient":""}},"ast-content-background-meta":{"desktop":{"background-color":"var(--ast-global-color-5)","background-image":"","background-repeat":"repeat","background-position":"center center","background-size":"auto","background-attachment":"scroll","background-type":"","background-media":"","overlay-type":"","overlay-color":"","overlay-opacity":"","overlay-gradient":""},"tablet":{"background-color":"var(--ast-global-color-5)","background-image":"","background-repeat":"repeat","background-position":"center center","background-size":"auto","background-attachment":"scroll","background-type":"","background-media":"","overlay-type":"","overlay-color":"","overlay-opacity":"","overlay-gradient":""},"mobile":{"background-color":"var(--ast-global-color-5)","background-image":"","background-repeat":"repeat","background-position":"center center","background-size":"auto","background-attachment":"scroll","background-type":"","background-media":"","overlay-type":"","overlay-color":"","overlay-opacity":"","overlay-gradient":""}}},"product_brand":[],"product_cat":[501,505],"product_tag":[],"entorno":[],"num-hojas":[],"tipo-de-puerta":[],"class_list":{"0":"post-12297","1":"product","2":"type-product","3":"status-publish","4":"has-post-thumbnail","6":"product_cat-fermetures-de-proprietes","7":"product_cat-portes-de-garage","8":"desktop-align-left","9":"tablet-align-left","10":"mobile-align-left","12":"first","13":"instock","14":"shipping-taxable","15":"product-type-simple"},"yoast_head":"<!-- This site is optimized with the Yoast SEO plugin v27.3 - https:\/\/yoast.com\/product\/yoast-seo-wordpress\/ -->\n<title>Barri\u00e8re automatique pour parking | %%.<\/title>\n<meta name=\"description\" content=\"Solutions de barri\u00e8res automatiques pour les parkings. Contr\u00f4lez l&#039;acc\u00e8s de mani\u00e8re efficace et s\u00e9curis\u00e9e. D\u00e9couvrez nos options pour une protection fiable.\" \/>\n<meta name=\"robots\" content=\"index, follow, max-snippet:-1, max-image-preview:large, max-video-preview:-1\" \/>\n<link rel=\"canonical\" href=\"https:\/\/puertasroper.com\/fr\/produits\/barriere-automatique-pour-les-domaines\/\" \/>\n<meta property=\"og:locale\" content=\"fr_FR\" \/>\n<meta property=\"og:type\" content=\"article\" \/>\n<meta property=\"og:title\" content=\"Barri\u00e8re automatique pour parking | %%.\" \/>\n<meta property=\"og:description\" content=\"Solutions de barri\u00e8res automatiques pour les parkings. Contr\u00f4lez l&#039;acc\u00e8s de mani\u00e8re efficace et s\u00e9curis\u00e9e. D\u00e9couvrez nos options pour une protection fiable.\" \/>\n<meta property=\"og:url\" content=\"https:\/\/puertasroper.com\/fr\/produits\/barriere-automatique-pour-les-domaines\/\" \/>\n<meta property=\"og:site_name\" content=\"ROPER\" \/>\n<meta property=\"article:publisher\" content=\"http:\/\/www.facebook.com\/pages\/Puertas-Roper\/\" \/>\n<meta property=\"article:modified_time\" content=\"2026-01-30T12:01:32+00:00\" \/>\n<meta property=\"og:image\" content=\"https:\/\/puertasroper.com\/wp-content\/uploads\/barrera-automatica-para-fincas-e1701095056499.jpg\" \/>\n\t<meta property=\"og:image:width\" content=\"689\" \/>\n\t<meta property=\"og:image:height\" content=\"431\" \/>\n\t<meta property=\"og:image:type\" content=\"image\/jpeg\" \/>\n<meta name=\"twitter:label1\" content=\"Est. reading time\" \/>\n\t<meta name=\"twitter:data1\" content=\"1 minute\" \/>\n<script type=\"application\/ld+json\" class=\"yoast-schema-graph\">{\"@context\":\"https:\\\/\\\/schema.org\",\"@graph\":[{\"@type\":\"WebPage\",\"@id\":\"https:\\\/\\\/puertasroper.com\\\/fr\\\/produits\\\/barriere-automatique-pour-les-domaines\\\/\",\"url\":\"https:\\\/\\\/puertasroper.com\\\/fr\\\/produits\\\/barriere-automatique-pour-les-domaines\\\/\",\"name\":\"Barri\u00e8re automatique pour parking | %%.\",\"isPartOf\":{\"@id\":\"https:\\\/\\\/puertasroper.com\\\/fr\\\/#website\"},\"primaryImageOfPage\":{\"@id\":\"https:\\\/\\\/puertasroper.com\\\/fr\\\/produits\\\/barriere-automatique-pour-les-domaines\\\/#primaryimage\"},\"image\":{\"@id\":\"https:\\\/\\\/puertasroper.com\\\/fr\\\/produits\\\/barriere-automatique-pour-les-domaines\\\/#primaryimage\"},\"thumbnailUrl\":\"https:\\\/\\\/puertasroper.com\\\/wp-content\\\/uploads\\\/barrera-automatica-para-fincas-e1701095056499.jpg\",\"datePublished\":\"2023-11-21T13:09:36+00:00\",\"dateModified\":\"2026-01-30T12:01:32+00:00\",\"description\":\"Solutions de barri\u00e8res automatiques pour les parkings. Contr\u00f4lez l'acc\u00e8s de mani\u00e8re efficace et s\u00e9curis\u00e9e. D\u00e9couvrez nos options pour une protection fiable.\",\"breadcrumb\":{\"@id\":\"https:\\\/\\\/puertasroper.com\\\/fr\\\/produits\\\/barriere-automatique-pour-les-domaines\\\/#breadcrumb\"},\"inLanguage\":\"fr-FR\",\"potentialAction\":[{\"@type\":\"ReadAction\",\"target\":[\"https:\\\/\\\/puertasroper.com\\\/fr\\\/produits\\\/barriere-automatique-pour-les-domaines\\\/\"]}]},{\"@type\":\"ImageObject\",\"inLanguage\":\"fr-FR\",\"@id\":\"https:\\\/\\\/puertasroper.com\\\/fr\\\/produits\\\/barriere-automatique-pour-les-domaines\\\/#primaryimage\",\"url\":\"https:\\\/\\\/puertasroper.com\\\/wp-content\\\/uploads\\\/barrera-automatica-para-fincas-e1701095056499.jpg\",\"contentUrl\":\"https:\\\/\\\/puertasroper.com\\\/wp-content\\\/uploads\\\/barrera-automatica-para-fincas-e1701095056499.jpg\",\"width\":689,\"height\":431,\"caption\":\"Barri\u00e8re automatique pour parkings et domaines priv\u00e9s\"},{\"@type\":\"BreadcrumbList\",\"@id\":\"https:\\\/\\\/puertasroper.com\\\/fr\\\/produits\\\/barriere-automatique-pour-les-domaines\\\/#breadcrumb\",\"itemListElement\":[{\"@type\":\"ListItem\",\"position\":1,\"name\":\"Portada\",\"item\":\"https:\\\/\\\/puertasroper.com\\\/fr\\\/\"},{\"@type\":\"ListItem\",\"position\":2,\"name\":\"Boutique\",\"item\":\"https:\\\/\\\/puertasroper.com\\\/fr\\\/boutique\\\/\"},{\"@type\":\"ListItem\",\"position\":3,\"name\":\"BARRERA AUTOM\u00c1TICA PARA FINCAS\"}]},{\"@type\":\"WebSite\",\"@id\":\"https:\\\/\\\/puertasroper.com\\\/fr\\\/#website\",\"url\":\"https:\\\/\\\/puertasroper.com\\\/fr\\\/\",\"name\":\"ROPER\",\"description\":\"Puertas Met\u00e1licas | Automatismos | Puertas de Garaje | Paneles Sandwich\",\"publisher\":{\"@id\":\"https:\\\/\\\/puertasroper.com\\\/fr\\\/#organization\"},\"potentialAction\":[{\"@type\":\"SearchAction\",\"target\":{\"@type\":\"EntryPoint\",\"urlTemplate\":\"https:\\\/\\\/puertasroper.com\\\/fr\\\/?s={search_term_string}\"},\"query-input\":{\"@type\":\"PropertyValueSpecification\",\"valueRequired\":true,\"valueName\":\"search_term_string\"}}],\"inLanguage\":\"fr-FR\"},{\"@type\":\"Organization\",\"@id\":\"https:\\\/\\\/puertasroper.com\\\/fr\\\/#organization\",\"name\":\"Puertas Roper\",\"url\":\"https:\\\/\\\/puertasroper.com\\\/fr\\\/\",\"logo\":{\"@type\":\"ImageObject\",\"inLanguage\":\"fr-FR\",\"@id\":\"https:\\\/\\\/puertasroper.com\\\/fr\\\/#\\\/schema\\\/logo\\\/image\\\/\",\"url\":\"https:\\\/\\\/puertasroper.com\\\/wp-content\\\/uploads\\\/logo-1667847653.png\",\"contentUrl\":\"https:\\\/\\\/puertasroper.com\\\/wp-content\\\/uploads\\\/logo-1667847653.png\",\"width\":115,\"height\":106,\"caption\":\"Puertas Roper\"},\"image\":{\"@id\":\"https:\\\/\\\/puertasroper.com\\\/fr\\\/#\\\/schema\\\/logo\\\/image\\\/\"},\"sameAs\":[\"http:\\\/\\\/www.facebook.com\\\/pages\\\/Puertas-Roper\\\/\",\"https:\\\/\\\/x.com\\\/puertasroper\"]}]}<\/script>\n<!-- \/ Yoast SEO plugin. -->","yoast_head_json":{"title":"Barri\u00e8re automatique pour parking | %%.","description":"Solutions de barri\u00e8res automatiques pour les parkings. Contr\u00f4lez l'acc\u00e8s de mani\u00e8re efficace et s\u00e9curis\u00e9e. D\u00e9couvrez nos options pour une protection fiable.","robots":{"index":"index","follow":"follow","max-snippet":"max-snippet:-1","max-image-preview":"max-image-preview:large","max-video-preview":"max-video-preview:-1"},"canonical":"https:\/\/puertasroper.com\/fr\/produits\/barriere-automatique-pour-les-domaines\/","og_locale":"fr_FR","og_type":"article","og_title":"Barri\u00e8re automatique pour parking | %%.","og_description":"Solutions de barri\u00e8res automatiques pour les parkings. Contr\u00f4lez l'acc\u00e8s de mani\u00e8re efficace et s\u00e9curis\u00e9e. D\u00e9couvrez nos options pour une protection fiable.","og_url":"https:\/\/puertasroper.com\/fr\/produits\/barriere-automatique-pour-les-domaines\/","og_site_name":"ROPER","article_publisher":"http:\/\/www.facebook.com\/pages\/Puertas-Roper\/","article_modified_time":"2026-01-30T12:01:32+00:00","og_image":[{"width":689,"height":431,"url":"https:\/\/puertasroper.com\/wp-content\/uploads\/barrera-automatica-para-fincas-e1701095056499.jpg","type":"image\/jpeg"}],"twitter_misc":{"Est. reading time":"1 minute"},"schema":{"@context":"https:\/\/schema.org","@graph":[{"@type":"WebPage","@id":"https:\/\/puertasroper.com\/fr\/produits\/barriere-automatique-pour-les-domaines\/","url":"https:\/\/puertasroper.com\/fr\/produits\/barriere-automatique-pour-les-domaines\/","name":"Barri\u00e8re automatique pour parking | %%.","isPartOf":{"@id":"https:\/\/puertasroper.com\/fr\/#website"},"primaryImageOfPage":{"@id":"https:\/\/puertasroper.com\/fr\/produits\/barriere-automatique-pour-les-domaines\/#primaryimage"},"image":{"@id":"https:\/\/puertasroper.com\/fr\/produits\/barriere-automatique-pour-les-domaines\/#primaryimage"},"thumbnailUrl":"https:\/\/puertasroper.com\/wp-content\/uploads\/barrera-automatica-para-fincas-e1701095056499.jpg","datePublished":"2023-11-21T13:09:36+00:00","dateModified":"2026-01-30T12:01:32+00:00","description":"Solutions de barri\u00e8res automatiques pour les parkings. Contr\u00f4lez l'acc\u00e8s de mani\u00e8re efficace et s\u00e9curis\u00e9e. D\u00e9couvrez nos options pour une protection fiable.","breadcrumb":{"@id":"https:\/\/puertasroper.com\/fr\/produits\/barriere-automatique-pour-les-domaines\/#breadcrumb"},"inLanguage":"fr-FR","potentialAction":[{"@type":"ReadAction","target":["https:\/\/puertasroper.com\/fr\/produits\/barriere-automatique-pour-les-domaines\/"]}]},{"@type":"ImageObject","inLanguage":"fr-FR","@id":"https:\/\/puertasroper.com\/fr\/produits\/barriere-automatique-pour-les-domaines\/#primaryimage","url":"https:\/\/puertasroper.com\/wp-content\/uploads\/barrera-automatica-para-fincas-e1701095056499.jpg","contentUrl":"https:\/\/puertasroper.com\/wp-content\/uploads\/barrera-automatica-para-fincas-e1701095056499.jpg","width":689,"height":431,"caption":"Barri\u00e8re automatique pour parkings et domaines priv\u00e9s"},{"@type":"BreadcrumbList","@id":"https:\/\/puertasroper.com\/fr\/produits\/barriere-automatique-pour-les-domaines\/#breadcrumb","itemListElement":[{"@type":"ListItem","position":1,"name":"Portada","item":"https:\/\/puertasroper.com\/fr\/"},{"@type":"ListItem","position":2,"name":"Boutique","item":"https:\/\/puertasroper.com\/fr\/boutique\/"},{"@type":"ListItem","position":3,"name":"BARRERA AUTOM\u00c1TICA PARA FINCAS"}]},{"@type":"WebSite","@id":"https:\/\/puertasroper.com\/fr\/#website","url":"https:\/\/puertasroper.com\/fr\/","name":"ROPER","description":"Puertas Met\u00e1licas | Automatismos | Puertas de Garaje | Paneles Sandwich","publisher":{"@id":"https:\/\/puertasroper.com\/fr\/#organization"},"potentialAction":[{"@type":"SearchAction","target":{"@type":"EntryPoint","urlTemplate":"https:\/\/puertasroper.com\/fr\/?s={search_term_string}"},"query-input":{"@type":"PropertyValueSpecification","valueRequired":true,"valueName":"search_term_string"}}],"inLanguage":"fr-FR"},{"@type":"Organization","@id":"https:\/\/puertasroper.com\/fr\/#organization","name":"Puertas Roper","url":"https:\/\/puertasroper.com\/fr\/","logo":{"@type":"ImageObject","inLanguage":"fr-FR","@id":"https:\/\/puertasroper.com\/fr\/#\/schema\/logo\/image\/","url":"https:\/\/puertasroper.com\/wp-content\/uploads\/logo-1667847653.png","contentUrl":"https:\/\/puertasroper.com\/wp-content\/uploads\/logo-1667847653.png","width":115,"height":106,"caption":"Puertas Roper"},"image":{"@id":"https:\/\/puertasroper.com\/fr\/#\/schema\/logo\/image\/"},"sameAs":["http:\/\/www.facebook.com\/pages\/Puertas-Roper\/","https:\/\/x.com\/puertasroper"]}]}},"_links":{"self":[{"href":"https:\/\/puertasroper.com\/fr\/wp-json\/wp\/v2\/product\/12297","targetHints":{"allow":["GET"]}}],"collection":[{"href":"https:\/\/puertasroper.com\/fr\/wp-json\/wp\/v2\/product"}],"about":[{"href":"https:\/\/puertasroper.com\/fr\/wp-json\/wp\/v2\/types\/product"}],"wp:featuredmedia":[{"embeddable":true,"href":"https:\/\/puertasroper.com\/fr\/wp-json\/wp\/v2\/media\/10926"}],"wp:attachment":[{"href":"https:\/\/puertasroper.com\/fr\/wp-json\/wp\/v2\/media?parent=12297"}],"wp:term":[{"taxonomy":"product_brand","embeddable":true,"href":"https:\/\/puertasroper.com\/fr\/wp-json\/wp\/v2\/product_brand?post=12297"},{"taxonomy":"product_cat","embeddable":true,"href":"https:\/\/puertasroper.com\/fr\/wp-json\/wp\/v2\/product_cat?post=12297"},{"taxonomy":"product_tag","embeddable":true,"href":"https:\/\/puertasroper.com\/fr\/wp-json\/wp\/v2\/product_tag?post=12297"},{"taxonomy":"entorno","embeddable":true,"href":"https:\/\/puertasroper.com\/fr\/wp-json\/wp\/v2\/entorno?post=12297"},{"taxonomy":"num-hojas","embeddable":true,"href":"https:\/\/puertasroper.com\/fr\/wp-json\/wp\/v2\/num-hojas?post=12297"},{"taxonomy":"tipo-de-puerta","embeddable":true,"href":"https:\/\/puertasroper.com\/fr\/wp-json\/wp\/v2\/tipo-de-puerta?post=12297"}],"curies":[{"name":"wp","href":"https:\/\/api.w.org\/{rel}","templated":true}]}}