{"id":12298,"date":"2023-11-21T14:09:36","date_gmt":"2023-11-21T13:09:36","guid":{"rendered":"https:\/\/puertasroper.com\/productos\/puerta-de-garaje-basculante-2-hojas-comunitaria\/"},"modified":"2024-02-28T15:50:57","modified_gmt":"2024-02-28T14:50:57","slug":"porte-de-garage-basculante-a-deux-vantaux-pour-copropriete","status":"publish","type":"product","link":"https:\/\/puertasroper.com\/fr\/produits\/porte-de-garage-basculante-a-deux-vantaux-pour-copropriete\/","title":{"rendered":"PORTE DE GARAGE BASCULANTE \u00c0 DEUX VANTAUX POUR COPROPRI\u00c9T\u00c9"},"content":{"rendered":"<p><strong>Fiche Technique<\/strong><\/p>\n<p>Porte Industrielle Basculante ROPER \u00e0 deux vantaux verticaux avec des guides lat\u00e9rales et une structure tubulaire en acier, contr\u00f4l\u00e9e par des contrepoids. Son fonctionnement est bas\u00e9 sur deux vantaux articul\u00e9s qui, lors de l&#8217;ouverture, se plient verticalement, maintenus sur le guide par une t\u00eate et guid\u00e9s par des roulettes qui glissent le long des guides lat\u00e9raux, contr\u00f4l\u00e9s en permanence par des contrepoids \u00e0 l&#8217;aide d&#8217;un syst\u00e8me de poulies et de c\u00e2bles. Ces contrepoids peuvent \u00eatre log\u00e9s dans des caissons dans la zone du vide ou cach\u00e9s derri\u00e8re les poteaux recouverts de doublures.<\/p>\n<p><img fetchpriority=\"high\" decoding=\"async\" class=\"aligncenter wp-image-7397 size-full\" src=\"https:\/\/puertasroper.com\/wp-content\/uploads\/Puerta-de-Garaje-Basculante-2-Hojas-Residencial-1.png\" alt=\"\" width=\"664\" height=\"522\" srcset=\"https:\/\/puertasroper.com\/wp-content\/uploads\/Puerta-de-Garaje-Basculante-2-Hojas-Residencial-1.png 664w, https:\/\/puertasroper.com\/wp-content\/uploads\/Puerta-de-Garaje-Basculante-2-Hojas-Residencial-1-300x236.png 300w, https:\/\/puertasroper.com\/wp-content\/uploads\/Puerta-de-Garaje-Basculante-2-Hojas-Residencial-1-600x472.png 600w\" sizes=\"(max-width: 664px) 100vw, 664px\" \/><\/p>\n<p>Panel:<\/p>\n<p>Le cadre est fabriqu\u00e9 en cadre tubulaire lamin\u00e9 \u00e0 froid et renforc\u00e9 \u00e0 l&#8217;int\u00e9rieur avec des renforts tubulaires pour \u00e9viter la d\u00e9formation et augmenter la r\u00e9sistance au vent.<\/p>\n<p>Les tubes utilis\u00e9s pour la fabrication de ce type de portes sont les suivants :<\/p>\n<p>D\u00c9CAP\u00c9S Tubes de 60&#215;30, 80&#215;40 ou 100&#215;40 de qualit\u00e9 E-220 selon la norme UNE EN 10305-5. GALVANIS\u00c9S Tubes de 60&#215;30, 80&#215;40 ou 100&#215;40 de qualit\u00e9 E-220 + Z-275-NAC selon la norme UNE EN 10305-5.<\/p>\n<p>Fermeture de la feuille :<\/p>\n<p>La Porte Industrielle Basculante est fabriqu\u00e9e avec trois types de fermetures de feuille diff\u00e9rentes :<\/p>\n<p>T\u00f4le Les t\u00f4les sont form\u00e9es par des feuillards pr\u00e9laqu\u00e9s en acier, DX51 selon la norme EN-10142, d&#8217;une \u00e9paisseur moyenne de 0,6 mm sans film pelable, nervur\u00e9es en modules de 200 mm, mont\u00e9es en position verticale ou horizontale, soud\u00e9es par compression au cadre de la feuille.<\/p>\n<p>Panneau Sandwich Panneau de 40 mm d&#8217;\u00e9paisseur. Pour sa fabrication, de la t\u00f4le pr\u00e9laqu\u00e9e est utilis\u00e9e sur de l&#8217;acier galvanis\u00e9, selon la norme EN-10142. L&#8217;int\u00e9rieur du panneau est compos\u00e9 de polyur\u00e9thane expans\u00e9 avec une densit\u00e9 moyenne de 40 kg\/m\u00b3, exempt de CFC et de HCFC. Deux formats de panneau sont utilis\u00e9s, l&#8217;un de 500 mm de hauteur et l&#8217;autre de 610 mm.<\/p>\n<p>Barreaux Ils sont form\u00e9s par des tubes de 20&#215;20, 40&#215;20, 40&#215;30 ou 60&#215;30 galvanis\u00e9s de qualit\u00e9 E-220 + Z-275-NAC selon la norme UNE EN 10305-5.<\/p>\n<p><img decoding=\"async\" class=\"aligncenter wp-image-7398 size-full\" src=\"https:\/\/puertasroper.com\/wp-content\/uploads\/Puerta-de-Garaje-Basculante-2-Hojas-Residencial-2-1.png\" alt=\"\" width=\"623\" height=\"182\" srcset=\"https:\/\/puertasroper.com\/wp-content\/uploads\/Puerta-de-Garaje-Basculante-2-Hojas-Residencial-2-1.png 623w, https:\/\/puertasroper.com\/wp-content\/uploads\/Puerta-de-Garaje-Basculante-2-Hojas-Residencial-2-1-300x88.png 300w, https:\/\/puertasroper.com\/wp-content\/uploads\/Puerta-de-Garaje-Basculante-2-Hojas-Residencial-2-1-600x175.png 600w\" sizes=\"(max-width: 623px) 100vw, 623px\" \/><\/p>\n<p><strong>Gu\u00edas<\/strong>:<\/p>\n<p>Les guides sont constitu\u00e9es de UPN en acier lamin\u00e9 \u00e0 chaud de dimensions 60 x 30, 80 x 45 ou 100 x 50 de qualit\u00e9 S 275 JR + M selon la norme EN 10025-2\/2004.<\/p>\n<p><strong>Bisagras:<\/strong><\/p>\n<p>En fonction des dimensions de la porte, deux types de charni\u00e8res diff\u00e9rents sont utilis\u00e9s :<\/p>\n<p>Petites portes : Les charni\u00e8res sont compos\u00e9es de trois modules de t\u00f4le d\u00e9cap\u00e9e d&#8217;une \u00e9paisseur de 2,5 mm, emboutie en forme de boucle avec un axe de tige \u00e9talonn\u00e9e de \u00d8 8.<br \/>\nGrandes portes : Les charni\u00e8res sont compos\u00e9es de quatre modules de t\u00f4le d\u00e9cap\u00e9e d&#8217;une \u00e9paisseur de 5 mm, emboutie en forme de boucle avec un axe de tige \u00e9talonn\u00e9e de \u00d8 12.<br \/>\nSyst\u00e8me de fermeture :<\/p>\n<p>La fermeture est assur\u00e9e par des verrous lat\u00e9raux ou par une serrure ext\u00e9rieure agissant sur les verrous lat\u00e9raux. Les verrous peuvent \u00eatre en tige de \u00d8 12 ou de \u00d8 18.<\/p>\n<p><strong>Cabezales<\/strong>:<\/p>\n<p>En fonction des dimensions de la porte, deux types de cul\u00e9es diff\u00e9rents sont utilis\u00e9s :<\/p>\n<p>Petites portes : Ils sont compos\u00e9s d&#8217;une jante en acier de 6 mm d&#8217;\u00e9paisseur et d&#8217;un axe de \u00d8 16.<br \/>\nGrandes portes : Ils sont compos\u00e9s d&#8217;une jante en acier de 8 mm d&#8217;\u00e9paisseur et d&#8217;un axe de \u00d8 25.<br \/>\nContrapesos :<\/p>\n<p>Les contrepoids sont fabriqu\u00e9s en barite. Leurs dimensions d\u00e9pendent de la taille de la porte et de l&#8217;espace disponible pour les loger.<\/p>\n<p><strong>Poulies<\/strong> :<\/p>\n<p>Les poulies sont constitu\u00e9es de t\u00f4le d&#8217;acier de 1,2, 2 ou 4 mm d&#8217;\u00e9paisseur, rivet\u00e9es et avec un roulement autolubrifi\u00e9 int\u00e9gr\u00e9 \u00e0 l&#8217;int\u00e9rieur. Pour les portes de grandes dimensions, des poulies en fer tourn\u00e9 sont utilis\u00e9es.<\/p>\n<p><strong>Roldanas<\/strong> :<\/p>\n<p>Les roulettes sont fabriqu\u00e9es en polyamide ou en acier en fonction des dimensions ou de l&#8217;utilisation de la porte.<\/p>\n<p><strong>C\u00e2bles<\/strong> :<\/p>\n<p>Les c\u00e2bles peuvent avoir une \u00e9paisseur de 4, 5, 6 ou 7 mm en fonction du poids de la porte. Leur composition est de 6x19s1 et ils respectent la norme DIN 3060.<\/p>\n<p>La qualit\u00e9 de cette porte est garantie par des tests r\u00e9alis\u00e9s dans des laboratoires accr\u00e9dit\u00e9s, conform\u00e9ment \u00e0 la norme de produit EN 13241-1, et elle est marqu\u00e9e tant pour sa version manuelle que pour sa version automatique. Les pi\u00e8ces utilis\u00e9es dans la porte et son fini d\u00e9pendront des dimensions de la porte, de sa variante et de l&#8217;espace disponible sur le chantier. Ils d\u00e9pendront \u00e9galement des \u00e9ventuels changements visant \u00e0 am\u00e9liorer les processus de production.<\/p>\n","protected":false},"excerpt":{"rendered":"<p>La Porte de Garage Basculante \u00e0 2 Battants Communautaire ROPER est la porte id\u00e9ale pour une utilisation dans les garages communautaires en raison de sa durabilit\u00e9 et de sa robustesse.<\/p>\n<p>Caract\u00e9ristiques :<\/p>\n<ul>\n<li>Fiabilit\u00e9 : La porte ayant le moins de pannes<\/li>\n<li>S\u00e9curit\u00e9 : \u00c9quip\u00e9e de tous les automatismes et accessoires pour une utilisation continue<\/li>\n<li>\u00c9conomie : Une porte \u00e9conomique \u00e0 long terme en raison du faible nombre de r\u00e9parations n\u00e9cessaires \u00e0 son entretien<\/li>\n<li>Robuste<\/li>\n<\/ul>\n","protected":false},"featured_media":10910,"template":"","meta":{"site-sidebar-layout":"default","site-content-layout":"","ast-site-content-layout":"default","site-content-style":"default","site-sidebar-style":"default","ast-global-header-display":"","ast-banner-title-visibility":"","ast-main-header-display":"","ast-hfb-above-header-display":"","ast-hfb-below-header-display":"","ast-hfb-mobile-header-display":"","site-post-title":"","ast-breadcrumbs-content":"","ast-featured-img":"","footer-sml-layout":"","ast-disable-related-posts":"","theme-transparent-header-meta":"default","adv-header-id-meta":"","stick-header-meta":"","header-above-stick-meta":"","header-main-stick-meta":"","header-below-stick-meta":"","astra-migrate-meta-layouts":"set","ast-page-background-enabled":"default","ast-page-background-meta":{"desktop":{"background-color":"var(--ast-global-color-4)","background-image":"","background-repeat":"repeat","background-position":"center center","background-size":"auto","background-attachment":"scroll","background-type":"","background-media":"","overlay-type":"","overlay-color":"","overlay-opacity":"","overlay-gradient":""},"tablet":{"background-color":"","background-image":"","background-repeat":"repeat","background-position":"center center","background-size":"auto","background-attachment":"scroll","background-type":"","background-media":"","overlay-type":"","overlay-color":"","overlay-opacity":"","overlay-gradient":""},"mobile":{"background-color":"","background-image":"","background-repeat":"repeat","background-position":"center center","background-size":"auto","background-attachment":"scroll","background-type":"","background-media":"","overlay-type":"","overlay-color":"","overlay-opacity":"","overlay-gradient":""}},"ast-content-background-meta":{"desktop":{"background-color":"var(--ast-global-color-5)","background-image":"","background-repeat":"repeat","background-position":"center center","background-size":"auto","background-attachment":"scroll","background-type":"","background-media":"","overlay-type":"","overlay-color":"","overlay-opacity":"","overlay-gradient":""},"tablet":{"background-color":"var(--ast-global-color-5)","background-image":"","background-repeat":"repeat","background-position":"center center","background-size":"auto","background-attachment":"scroll","background-type":"","background-media":"","overlay-type":"","overlay-color":"","overlay-opacity":"","overlay-gradient":""},"mobile":{"background-color":"var(--ast-global-color-5)","background-image":"","background-repeat":"repeat","background-position":"center center","background-size":"auto","background-attachment":"scroll","background-type":"","background-media":"","overlay-type":"","overlay-color":"","overlay-opacity":"","overlay-gradient":""}}},"product_brand":[],"product_cat":[505],"product_tag":[],"entorno":[],"num-hojas":[489],"tipo-de-puerta":[511],"class_list":{"0":"post-12298","1":"product","2":"type-product","3":"status-publish","4":"has-post-thumbnail","6":"product_cat-portes-de-garage","7":"num-hojas-dos-2","8":"tipo-de-puerta-basculante-fr","9":"desktop-align-left","10":"tablet-align-left","11":"mobile-align-left","13":"first","14":"instock","15":"shipping-taxable","16":"product-type-simple"},"yoast_head":"<!-- This site is optimized with the Yoast SEO plugin v27.5 - https:\/\/yoast.com\/product\/yoast-seo-wordpress\/ -->\n<title>Porte de Garage \u00e0 Deux Battants pour Communaut\u00e9s<\/title>\n<meta name=\"description\" content=\"Portes de garage basculantes \u00e0 deux battants pour les communaut\u00e9s. Des solutions s\u00e9curis\u00e9es et efficaces pour les acc\u00e8s communautaires\" \/>\n<meta name=\"robots\" content=\"index, follow, max-snippet:-1, max-image-preview:large, max-video-preview:-1\" \/>\n<link rel=\"canonical\" href=\"https:\/\/puertasroper.com\/fr\/produits\/porte-de-garage-basculante-a-deux-vantaux-pour-copropriete\/\" \/>\n<meta property=\"og:locale\" content=\"fr_FR\" \/>\n<meta property=\"og:type\" content=\"article\" \/>\n<meta property=\"og:title\" content=\"Porte de Garage \u00e0 Deux Battants pour Communaut\u00e9s\" \/>\n<meta property=\"og:description\" content=\"Portes de garage basculantes \u00e0 deux battants pour les communaut\u00e9s. Des solutions s\u00e9curis\u00e9es et efficaces pour les acc\u00e8s communautaires\" \/>\n<meta property=\"og:url\" content=\"https:\/\/puertasroper.com\/fr\/produits\/porte-de-garage-basculante-a-deux-vantaux-pour-copropriete\/\" \/>\n<meta property=\"og:site_name\" content=\"ROPER\" \/>\n<meta property=\"article:publisher\" content=\"http:\/\/www.facebook.com\/pages\/Puertas-Roper\/\" \/>\n<meta property=\"article:modified_time\" content=\"2024-02-28T14:50:57+00:00\" \/>\n<meta property=\"og:image\" content=\"https:\/\/puertasroper.com\/wp-content\/uploads\/puerta-de-garaje-basculante-2-hojas-comunitaria-9-e1701113622530.jpg\" \/>\n\t<meta property=\"og:image:width\" content=\"682\" \/>\n\t<meta property=\"og:image:height\" content=\"474\" \/>\n\t<meta property=\"og:image:type\" content=\"image\/jpeg\" \/>\n<meta name=\"twitter:label1\" content=\"Est. reading time\" \/>\n\t<meta name=\"twitter:data1\" content=\"4 minutes\" \/>\n<script type=\"application\/ld+json\" class=\"yoast-schema-graph\">{\"@context\":\"https:\\\/\\\/schema.org\",\"@graph\":[{\"@type\":\"WebPage\",\"@id\":\"https:\\\/\\\/puertasroper.com\\\/fr\\\/produits\\\/porte-de-garage-basculante-a-deux-vantaux-pour-copropriete\\\/\",\"url\":\"https:\\\/\\\/puertasroper.com\\\/fr\\\/produits\\\/porte-de-garage-basculante-a-deux-vantaux-pour-copropriete\\\/\",\"name\":\"Porte de Garage \u00e0 Deux Battants pour Communaut\u00e9s\",\"isPartOf\":{\"@id\":\"https:\\\/\\\/puertasroper.com\\\/fr\\\/#website\"},\"primaryImageOfPage\":{\"@id\":\"https:\\\/\\\/puertasroper.com\\\/fr\\\/produits\\\/porte-de-garage-basculante-a-deux-vantaux-pour-copropriete\\\/#primaryimage\"},\"image\":{\"@id\":\"https:\\\/\\\/puertasroper.com\\\/fr\\\/produits\\\/porte-de-garage-basculante-a-deux-vantaux-pour-copropriete\\\/#primaryimage\"},\"thumbnailUrl\":\"https:\\\/\\\/puertasroper.com\\\/wp-content\\\/uploads\\\/puerta-de-garaje-basculante-2-hojas-comunitaria-9-e1701113622530.jpg\",\"datePublished\":\"2023-11-21T13:09:36+00:00\",\"dateModified\":\"2024-02-28T14:50:57+00:00\",\"description\":\"Portes de garage basculantes \u00e0 deux battants pour les communaut\u00e9s. Des solutions s\u00e9curis\u00e9es et efficaces pour les acc\u00e8s communautaires\",\"breadcrumb\":{\"@id\":\"https:\\\/\\\/puertasroper.com\\\/fr\\\/produits\\\/porte-de-garage-basculante-a-deux-vantaux-pour-copropriete\\\/#breadcrumb\"},\"inLanguage\":\"fr-FR\",\"potentialAction\":[{\"@type\":\"ReadAction\",\"target\":[\"https:\\\/\\\/puertasroper.com\\\/fr\\\/produits\\\/porte-de-garage-basculante-a-deux-vantaux-pour-copropriete\\\/\"]}]},{\"@type\":\"ImageObject\",\"inLanguage\":\"fr-FR\",\"@id\":\"https:\\\/\\\/puertasroper.com\\\/fr\\\/produits\\\/porte-de-garage-basculante-a-deux-vantaux-pour-copropriete\\\/#primaryimage\",\"url\":\"https:\\\/\\\/puertasroper.com\\\/wp-content\\\/uploads\\\/puerta-de-garaje-basculante-2-hojas-comunitaria-9-e1701113622530.jpg\",\"contentUrl\":\"https:\\\/\\\/puertasroper.com\\\/wp-content\\\/uploads\\\/puerta-de-garaje-basculante-2-hojas-comunitaria-9-e1701113622530.jpg\",\"width\":682,\"height\":474},{\"@type\":\"BreadcrumbList\",\"@id\":\"https:\\\/\\\/puertasroper.com\\\/fr\\\/produits\\\/porte-de-garage-basculante-a-deux-vantaux-pour-copropriete\\\/#breadcrumb\",\"itemListElement\":[{\"@type\":\"ListItem\",\"position\":1,\"name\":\"Portada\",\"item\":\"https:\\\/\\\/puertasroper.com\\\/fr\\\/\"},{\"@type\":\"ListItem\",\"position\":2,\"name\":\"Boutique\",\"item\":\"https:\\\/\\\/puertasroper.com\\\/fr\\\/boutique\\\/\"},{\"@type\":\"ListItem\",\"position\":3,\"name\":\"PORTE DE GARAGE BASCULANTE \u00c0 DEUX VANTAUX POUR COPROPRI\u00c9T\u00c9\"}]},{\"@type\":\"WebSite\",\"@id\":\"https:\\\/\\\/puertasroper.com\\\/fr\\\/#website\",\"url\":\"https:\\\/\\\/puertasroper.com\\\/fr\\\/\",\"name\":\"ROPER\",\"description\":\"Puertas Met\u00e1licas | Automatismos | Puertas de Garaje | Paneles Sandwich\",\"publisher\":{\"@id\":\"https:\\\/\\\/puertasroper.com\\\/fr\\\/#organization\"},\"potentialAction\":[{\"@type\":\"SearchAction\",\"target\":{\"@type\":\"EntryPoint\",\"urlTemplate\":\"https:\\\/\\\/puertasroper.com\\\/fr\\\/?s={search_term_string}\"},\"query-input\":{\"@type\":\"PropertyValueSpecification\",\"valueRequired\":true,\"valueName\":\"search_term_string\"}}],\"inLanguage\":\"fr-FR\"},{\"@type\":\"Organization\",\"@id\":\"https:\\\/\\\/puertasroper.com\\\/fr\\\/#organization\",\"name\":\"Puertas Roper\",\"url\":\"https:\\\/\\\/puertasroper.com\\\/fr\\\/\",\"logo\":{\"@type\":\"ImageObject\",\"inLanguage\":\"fr-FR\",\"@id\":\"https:\\\/\\\/puertasroper.com\\\/fr\\\/#\\\/schema\\\/logo\\\/image\\\/\",\"url\":\"https:\\\/\\\/puertasroper.com\\\/wp-content\\\/uploads\\\/logo_roper_60-aniversario_WH-1.png\",\"contentUrl\":\"https:\\\/\\\/puertasroper.com\\\/wp-content\\\/uploads\\\/logo_roper_60-aniversario_WH-1.png\",\"width\":752,\"height\":394,\"caption\":\"Puertas Roper\"},\"image\":{\"@id\":\"https:\\\/\\\/puertasroper.com\\\/fr\\\/#\\\/schema\\\/logo\\\/image\\\/\"},\"sameAs\":[\"http:\\\/\\\/www.facebook.com\\\/pages\\\/Puertas-Roper\\\/\",\"https:\\\/\\\/x.com\\\/puertasroper\"]}]}<\/script>\n<!-- \/ Yoast SEO plugin. -->","yoast_head_json":{"title":"Porte de Garage \u00e0 Deux Battants pour Communaut\u00e9s","description":"Portes de garage basculantes \u00e0 deux battants pour les communaut\u00e9s. Des solutions s\u00e9curis\u00e9es et efficaces pour les acc\u00e8s communautaires","robots":{"index":"index","follow":"follow","max-snippet":"max-snippet:-1","max-image-preview":"max-image-preview:large","max-video-preview":"max-video-preview:-1"},"canonical":"https:\/\/puertasroper.com\/fr\/produits\/porte-de-garage-basculante-a-deux-vantaux-pour-copropriete\/","og_locale":"fr_FR","og_type":"article","og_title":"Porte de Garage \u00e0 Deux Battants pour Communaut\u00e9s","og_description":"Portes de garage basculantes \u00e0 deux battants pour les communaut\u00e9s. Des solutions s\u00e9curis\u00e9es et efficaces pour les acc\u00e8s communautaires","og_url":"https:\/\/puertasroper.com\/fr\/produits\/porte-de-garage-basculante-a-deux-vantaux-pour-copropriete\/","og_site_name":"ROPER","article_publisher":"http:\/\/www.facebook.com\/pages\/Puertas-Roper\/","article_modified_time":"2024-02-28T14:50:57+00:00","og_image":[{"width":682,"height":474,"url":"https:\/\/puertasroper.com\/wp-content\/uploads\/puerta-de-garaje-basculante-2-hojas-comunitaria-9-e1701113622530.jpg","type":"image\/jpeg"}],"twitter_misc":{"Est. reading time":"4 minutes"},"schema":{"@context":"https:\/\/schema.org","@graph":[{"@type":"WebPage","@id":"https:\/\/puertasroper.com\/fr\/produits\/porte-de-garage-basculante-a-deux-vantaux-pour-copropriete\/","url":"https:\/\/puertasroper.com\/fr\/produits\/porte-de-garage-basculante-a-deux-vantaux-pour-copropriete\/","name":"Porte de Garage \u00e0 Deux Battants pour Communaut\u00e9s","isPartOf":{"@id":"https:\/\/puertasroper.com\/fr\/#website"},"primaryImageOfPage":{"@id":"https:\/\/puertasroper.com\/fr\/produits\/porte-de-garage-basculante-a-deux-vantaux-pour-copropriete\/#primaryimage"},"image":{"@id":"https:\/\/puertasroper.com\/fr\/produits\/porte-de-garage-basculante-a-deux-vantaux-pour-copropriete\/#primaryimage"},"thumbnailUrl":"https:\/\/puertasroper.com\/wp-content\/uploads\/puerta-de-garaje-basculante-2-hojas-comunitaria-9-e1701113622530.jpg","datePublished":"2023-11-21T13:09:36+00:00","dateModified":"2024-02-28T14:50:57+00:00","description":"Portes de garage basculantes \u00e0 deux battants pour les communaut\u00e9s. Des solutions s\u00e9curis\u00e9es et efficaces pour les acc\u00e8s communautaires","breadcrumb":{"@id":"https:\/\/puertasroper.com\/fr\/produits\/porte-de-garage-basculante-a-deux-vantaux-pour-copropriete\/#breadcrumb"},"inLanguage":"fr-FR","potentialAction":[{"@type":"ReadAction","target":["https:\/\/puertasroper.com\/fr\/produits\/porte-de-garage-basculante-a-deux-vantaux-pour-copropriete\/"]}]},{"@type":"ImageObject","inLanguage":"fr-FR","@id":"https:\/\/puertasroper.com\/fr\/produits\/porte-de-garage-basculante-a-deux-vantaux-pour-copropriete\/#primaryimage","url":"https:\/\/puertasroper.com\/wp-content\/uploads\/puerta-de-garaje-basculante-2-hojas-comunitaria-9-e1701113622530.jpg","contentUrl":"https:\/\/puertasroper.com\/wp-content\/uploads\/puerta-de-garaje-basculante-2-hojas-comunitaria-9-e1701113622530.jpg","width":682,"height":474},{"@type":"BreadcrumbList","@id":"https:\/\/puertasroper.com\/fr\/produits\/porte-de-garage-basculante-a-deux-vantaux-pour-copropriete\/#breadcrumb","itemListElement":[{"@type":"ListItem","position":1,"name":"Portada","item":"https:\/\/puertasroper.com\/fr\/"},{"@type":"ListItem","position":2,"name":"Boutique","item":"https:\/\/puertasroper.com\/fr\/boutique\/"},{"@type":"ListItem","position":3,"name":"PORTE DE GARAGE BASCULANTE \u00c0 DEUX VANTAUX POUR COPROPRI\u00c9T\u00c9"}]},{"@type":"WebSite","@id":"https:\/\/puertasroper.com\/fr\/#website","url":"https:\/\/puertasroper.com\/fr\/","name":"ROPER","description":"Puertas Met\u00e1licas | Automatismos | Puertas de Garaje | Paneles Sandwich","publisher":{"@id":"https:\/\/puertasroper.com\/fr\/#organization"},"potentialAction":[{"@type":"SearchAction","target":{"@type":"EntryPoint","urlTemplate":"https:\/\/puertasroper.com\/fr\/?s={search_term_string}"},"query-input":{"@type":"PropertyValueSpecification","valueRequired":true,"valueName":"search_term_string"}}],"inLanguage":"fr-FR"},{"@type":"Organization","@id":"https:\/\/puertasroper.com\/fr\/#organization","name":"Puertas Roper","url":"https:\/\/puertasroper.com\/fr\/","logo":{"@type":"ImageObject","inLanguage":"fr-FR","@id":"https:\/\/puertasroper.com\/fr\/#\/schema\/logo\/image\/","url":"https:\/\/puertasroper.com\/wp-content\/uploads\/logo_roper_60-aniversario_WH-1.png","contentUrl":"https:\/\/puertasroper.com\/wp-content\/uploads\/logo_roper_60-aniversario_WH-1.png","width":752,"height":394,"caption":"Puertas Roper"},"image":{"@id":"https:\/\/puertasroper.com\/fr\/#\/schema\/logo\/image\/"},"sameAs":["http:\/\/www.facebook.com\/pages\/Puertas-Roper\/","https:\/\/x.com\/puertasroper"]}]}},"_links":{"self":[{"href":"https:\/\/puertasroper.com\/fr\/wp-json\/wp\/v2\/product\/12298","targetHints":{"allow":["GET"]}}],"collection":[{"href":"https:\/\/puertasroper.com\/fr\/wp-json\/wp\/v2\/product"}],"about":[{"href":"https:\/\/puertasroper.com\/fr\/wp-json\/wp\/v2\/types\/product"}],"wp:featuredmedia":[{"embeddable":true,"href":"https:\/\/puertasroper.com\/fr\/wp-json\/wp\/v2\/media\/10910"}],"wp:attachment":[{"href":"https:\/\/puertasroper.com\/fr\/wp-json\/wp\/v2\/media?parent=12298"}],"wp:term":[{"taxonomy":"product_brand","embeddable":true,"href":"https:\/\/puertasroper.com\/fr\/wp-json\/wp\/v2\/product_brand?post=12298"},{"taxonomy":"product_cat","embeddable":true,"href":"https:\/\/puertasroper.com\/fr\/wp-json\/wp\/v2\/product_cat?post=12298"},{"taxonomy":"product_tag","embeddable":true,"href":"https:\/\/puertasroper.com\/fr\/wp-json\/wp\/v2\/product_tag?post=12298"},{"taxonomy":"entorno","embeddable":true,"href":"https:\/\/puertasroper.com\/fr\/wp-json\/wp\/v2\/entorno?post=12298"},{"taxonomy":"num-hojas","embeddable":true,"href":"https:\/\/puertasroper.com\/fr\/wp-json\/wp\/v2\/num-hojas?post=12298"},{"taxonomy":"tipo-de-puerta","embeddable":true,"href":"https:\/\/puertasroper.com\/fr\/wp-json\/wp\/v2\/tipo-de-puerta?post=12298"}],"curies":[{"name":"wp","href":"https:\/\/api.w.org\/{rel}","templated":true}]}}