{"id":12299,"date":"2023-11-21T14:09:36","date_gmt":"2023-11-21T13:09:36","guid":{"rendered":"https:\/\/puertasroper.com\/productos\/puerta-de-garaje-seccional-comunitaria\/"},"modified":"2024-02-28T15:47:35","modified_gmt":"2024-02-28T14:47:35","slug":"porte-de-garage-sectionnelle-collective","status":"publish","type":"product","link":"https:\/\/puertasroper.com\/fr\/produits\/porte-de-garage-sectionnelle-collective\/","title":{"rendered":"PORTE DE GARAGE SECTIONNELLE COLLECTIVE"},"content":{"rendered":"<p><strong>Fiche Technique<\/strong><\/p>\n<p>Porte de Garage Sectionnelle \u00e0 Dintel R\u00e9duit Porte avec panneau sandwich, guides verticaux en t\u00f4le ou en tube et linteau en t\u00f4le, actionn\u00e9e m\u00e9caniquement par des ressorts de torsion fix\u00e9s au linteau qui font tourner deux tambours o\u00f9 est enroul\u00e9 le c\u00e2ble fix\u00e9 au bas de la porte. Cette porte coulisse, \u00e0 l&#8217;aide de galets, le long de guides m\u00e9talliques jusqu&#8217;\u00e0 se mettre en position horizontale. En option, les guides peuvent \u00eatre inclin\u00e9s pour s&#8217;adapter \u00e0 la pente du toit dans la mesure du possible. Le fonctionnement manuel de la porte peut \u00eatre remplac\u00e9 par l&#8217;installation d&#8217;un \u00e9quipement \u00e9lectrique.<\/p>\n<p>Le p\u00e9rim\u00e8tre de la porte est ferm\u00e9 par la mise en place de joints en caoutchouc, rendant l&#8217;int\u00e9rieur semi-\u00e9tanche.<\/p>\n<p><img fetchpriority=\"high\" decoding=\"async\" class=\"wp-image-7382 size-full aligncenter\" src=\"https:\/\/puertasroper.com\/wp-content\/uploads\/Puerta-de-Garaje-Seccional-Comunitaria-reducido.png\" alt=\"\" width=\"484\" height=\"472\" srcset=\"https:\/\/puertasroper.com\/wp-content\/uploads\/Puerta-de-Garaje-Seccional-Comunitaria-reducido.png 484w, https:\/\/puertasroper.com\/wp-content\/uploads\/Puerta-de-Garaje-Seccional-Comunitaria-reducido-300x293.png 300w\" sizes=\"(max-width: 484px) 100vw, 484px\" \/><\/p>\n<p><strong>Panneau<\/strong> :<\/p>\n<p>Le panneau est fabriqu\u00e9 \u00e0 partir d&#8217;un sandwich r\u00e9sidentiel ou industriel (selon les variantes) d&#8217;une \u00e9paisseur de 40 mm. Pour sa fabrication, on utilise une t\u00f4le pr\u00e9laqu\u00e9e sur de l&#8217;acier galvanis\u00e9, conforme \u00e0 la norme EN-10142. L&#8217;int\u00e9rieur du panneau est compos\u00e9 de polyur\u00e9thane expans\u00e9 d&#8217;une densit\u00e9 moyenne de 40 kg\/m\u00b3, exempt de CFC et de HCFC. Deux formats de panneau sont utilis\u00e9s, l&#8217;un mesurant 500 mm de hauteur et l&#8217;autre 610 mm.<\/p>\n<p><img decoding=\"async\" class=\"aligncenter wp-image-7383 size-full\" src=\"https:\/\/puertasroper.com\/wp-content\/uploads\/Puerta-de-Garaje-Seccional-Comunitaria-reducido-2.png\" alt=\"\" width=\"619\" height=\"179\" srcset=\"https:\/\/puertasroper.com\/wp-content\/uploads\/Puerta-de-Garaje-Seccional-Comunitaria-reducido-2.png 619w, https:\/\/puertasroper.com\/wp-content\/uploads\/Puerta-de-Garaje-Seccional-Comunitaria-reducido-2-300x87.png 300w, https:\/\/puertasroper.com\/wp-content\/uploads\/Puerta-de-Garaje-Seccional-Comunitaria-reducido-2-600x174.png 600w\" sizes=\"(max-width: 619px) 100vw, 619px\" \/><\/p>\n<p>La face ext\u00e9rieure des panneaux est disponible en t\u00f4le pr\u00e9laqu\u00e9e blanc RAL 9010, RAL 8014, RAL 9006, RAL 6005, RAL 7024, RAL 3000 et RAL 5010. Elle est \u00e9galement disponible en imitation bois ch\u00eane clair et ch\u00eane fonc\u00e9. Les autres couleurs seront peintes selon la palette de couleurs RAL classique avec une peinture \u00e0 deux composants (base \/ catalyseur). L&#8217;int\u00e9rieur du panneau est fourni en blanc.<\/p>\n<p>Transmission : L&#8217;arbre, les ressorts et le linteau\/tube sont enti\u00e8rement mont\u00e9s pour faciliter l&#8217;installation de la porte sur le chantier. Les ressorts sont fabriqu\u00e9s en acier EN 10270-1, classe SH phosphat\u00e9s. Les ressorts sont accompagn\u00e9s de syst\u00e8mes anti-rupture de ressort qui emp\u00eachent la porte de tomber en cas de rupture du ressort.<\/p>\n<p>Linteau et guides : Le linteau est fabriqu\u00e9 en t\u00f4le galvanis\u00e9e selon la norme EN-10142. Si les guides verticaux sont en t\u00f4le, ils sont fabriqu\u00e9s en acier galvanis\u00e9 selon la norme EN-10142. La finition du linteau et des guides peut \u00eatre en t\u00f4le galvanis\u00e9e ou bien en t\u00f4le pr\u00e9laqu\u00e9e ou peinte (selon la couleur choisie pour la porte).<\/p>\n<p>Si les guides verticaux sont en tube avec un angle, la finition peut \u00eatre galvanis\u00e9e ou peinte. Les guides horizontaux et verticaux sont fabriqu\u00e9s en t\u00f4le d&#8217;acier galvanis\u00e9 selon la norme EN-10142. L&#8217;ensemble peut \u00eatre compl\u00e8tement visible sans n\u00e9cessit\u00e9 de mettre un pr\u00e9-cadre. Les bords des guides sont arrondis pour \u00e9viter les coupures.<\/p>\n<p><img decoding=\"async\" class=\"aligncenter wp-image-7384 size-full\" src=\"https:\/\/puertasroper.com\/wp-content\/uploads\/Puerta-de-Garaje-Seccional-Comunitaria-estandar.png\" alt=\"\" width=\"657\" height=\"477\" srcset=\"https:\/\/puertasroper.com\/wp-content\/uploads\/Puerta-de-Garaje-Seccional-Comunitaria-estandar.png 657w, https:\/\/puertasroper.com\/wp-content\/uploads\/Puerta-de-Garaje-Seccional-Comunitaria-estandar-300x218.png 300w, https:\/\/puertasroper.com\/wp-content\/uploads\/Puerta-de-Garaje-Seccional-Comunitaria-estandar-600x436.png 600w\" sizes=\"(max-width: 657px) 100vw, 657px\" \/><\/p>\n<p><strong>Feuille<\/strong> :<\/p>\n<p>La feuille est fabriqu\u00e9e avec un panneau sandwich r\u00e9sidentiel ou industriel (selon les variantes) d&#8217;une \u00e9paisseur de 40 mm. Pour sa fabrication, une t\u00f4le pr\u00e9laqu\u00e9e est utilis\u00e9e sur de l&#8217;acier galvanis\u00e9, conform\u00e9ment \u00e0 la norme EN-10142. L&#8217;int\u00e9rieur du panneau est compos\u00e9 de polyur\u00e9thane expans\u00e9 avec une densit\u00e9 moyenne de 40 kg\/m\u00b3, exempt de CFC et de HCFC. Deux formats de panneaux sont utilis\u00e9s, l&#8217;un mesurant 500 mm de hauteur et l&#8217;autre 610 mm.<\/p>\n<p><img loading=\"lazy\" decoding=\"async\" class=\"aligncenter wp-image-7385 size-full\" src=\"https:\/\/puertasroper.com\/wp-content\/uploads\/Puerta-de-Garaje-Seccional-Comunitaria-estandar-2.png\" alt=\"\" width=\"618\" height=\"175\" srcset=\"https:\/\/puertasroper.com\/wp-content\/uploads\/Puerta-de-Garaje-Seccional-Comunitaria-estandar-2.png 618w, https:\/\/puertasroper.com\/wp-content\/uploads\/Puerta-de-Garaje-Seccional-Comunitaria-estandar-2-300x85.png 300w, https:\/\/puertasroper.com\/wp-content\/uploads\/Puerta-de-Garaje-Seccional-Comunitaria-estandar-2-600x170.png 600w\" sizes=\"(max-width: 618px) 100vw, 618px\" \/><\/p>\n<p>La face ext\u00e9rieure des panneaux est disponible en t\u00f4le pr\u00e9laqu\u00e9e blanc RAL 9010, RAL 8014, RAL 9006, RAL 6005, RAL 7024, RAL 3000 et RAL 5010. Elle est \u00e9galement disponible en imitation bois ch\u00eane clair et ch\u00eane fonc\u00e9. Les autres couleurs seront fournies peintes selon la charte des couleurs RAL classique avec une peinture \u00e0 deux composants (base \/ catalyseur).<\/p>\n<p>L&#8217;int\u00e9rieur du panneau sera fourni en blanc.<\/p>\n<p>\u00c0 partir de 16 m\u00b2 de surface de panneau, des dispositifs de rupture de c\u00e2ble seront install\u00e9s pour \u00e9viter que la porte ne tombe en cas de rupture d&#8217;un c\u00e2ble.<\/p>\n<p>Transmission : L&#8217;arbre, les ressorts et le linteau\/tube sont enti\u00e8rement assembl\u00e9s pour faciliter le montage de la porte sur le chantier. Les ressorts sont fabriqu\u00e9s en acier EN 10270-1, classe SH phosphat\u00e9s. Les ressorts sont accompagn\u00e9s de syst\u00e8mes anti-rupture de ressort qui emp\u00eachent la porte de tomber en cas de rupture du ressort.<\/p>\n<p>Linteau et guides : Si les guides verticaux ou le linteau sont en t\u00f4le, ils sont fabriqu\u00e9s en t\u00f4le d&#8217;acier galvanis\u00e9 selon la norme EN-10142. Dans ce cas, la finition des guides et du linteau peut \u00eatre en t\u00f4le galvanis\u00e9e ou bien en t\u00f4le pr\u00e9laqu\u00e9e ou peinte (selon la couleur choisie pour la porte). Si les guides verticaux sont en tube, ils seront fabriqu\u00e9s en tube galvanis\u00e9. Dans ce cas, la finition peut \u00eatre galvanis\u00e9e ou peinte.<\/p>\n<p>Si le linteau est en tube, un tube de fermeture sera fourni pour \u00eatre plac\u00e9 sur la partie sup\u00e9rieure du panneau et un tube galvanis\u00e9 ou une UPN (en fonction des mesures) pour fixer les plaques avec la transmission. Le tube de fermeture aura la m\u00eame finition que les guides verticaux.<\/p>\n<p>Les guides horizontaux et verticaux sont fabriqu\u00e9s en t\u00f4le d&#8217;acier galvanis\u00e9 selon la norme EN-10142. L&#8217;ensemble peut \u00eatre compl\u00e8tement visible sans avoir besoin de placer un pr\u00e9-ch\u00e2ssis. Les bords des guides sont arrondis pour \u00e9viter les coupures.<\/p>\n<p>C\u00e2bles : Selon les dimensions du panneau, des c\u00e2bles de diam\u00e8tre 3 mm, 4 mm et 5 mm sont utilis\u00e9s. Tous les c\u00e2bles ont une composition 6&#215;19+1 et sont conformes \u00e0 la norme DIN 3060.<\/p>\n<p>Livraison : La porte est livr\u00e9e pr\u00e9-assembl\u00e9e \u00e0 60 %, emball\u00e9e avec du plastique et deux plaques de MDF inf\u00e9rieur et frontal, en un ou trois paquets :<\/p>\n<ul>\n<li>Un paquet : guides, linteau avec transmission, panneaux et accessoires.<\/li>\n<li>Trois paquets : guides et linteau avec transmission. panneaux. accessoires.<\/li>\n<\/ul>\n<p>La qualit\u00e9 de cette porte est attest\u00e9e par les tests effectu\u00e9s dans des laboratoires agr\u00e9\u00e9s, conform\u00e9ment \u00e0 la norme de produit EN 13241-1 et est marqu\u00e9e pour sa version manuelle ainsi qu&#8217;automatique. Les pi\u00e8ces utilis\u00e9es dans la porte et sa finition d\u00e9pendront des dimensions de la porte, de sa variante et de l&#8217;espace disponible sur le chantier. Elles d\u00e9pendront \u00e9galement des \u00e9ventuels changements visant \u00e0 am\u00e9liorer les processus de production.<\/p>\n","protected":false},"excerpt":{"rendered":"<p>La Porte de Garage Sectionnelle Collective ROPER allie qualit\u00e9 et esth\u00e9tique. Id\u00e9ale pour les petites copropri\u00e9t\u00e9s. La Porte de Garage Sectionnelle Collective ROPER offre un fonctionnement doux et silencieux, si bien que les utilisateurs remarqueront \u00e0 peine ses man\u0153uvres d&#8217;ouverture et de fermeture.<\/p>\n<p>Caract\u00e9ristiques :<\/p>\n<ul>\n<li>Recommand\u00e9e pour les petites copropri\u00e9t\u00e9s.<\/li>\n<li>\u00c9l\u00e9gante<\/li>\n<li>Moderne<\/li>\n<li>Optimisation de l&#8217;espace, laissant libre l&#8217;espace disponible sur le chantier<\/li>\n<li>Qualit\u00e9<\/li>\n<li>Confortable gr\u00e2ce \u00e0 la possibilit\u00e9 d&#8217;automatiser les portes pour s&#8217;adapter \u00e0 tous les types d&#8217;utilisation<\/li>\n<\/ul>\n","protected":false},"featured_media":10878,"template":"","meta":{"site-sidebar-layout":"default","site-content-layout":"","ast-site-content-layout":"default","site-content-style":"default","site-sidebar-style":"default","ast-global-header-display":"","ast-banner-title-visibility":"","ast-main-header-display":"","ast-hfb-above-header-display":"","ast-hfb-below-header-display":"","ast-hfb-mobile-header-display":"","site-post-title":"","ast-breadcrumbs-content":"","ast-featured-img":"","footer-sml-layout":"","ast-disable-related-posts":"","theme-transparent-header-meta":"default","adv-header-id-meta":"","stick-header-meta":"","header-above-stick-meta":"","header-main-stick-meta":"","header-below-stick-meta":"","astra-migrate-meta-layouts":"set","ast-page-background-enabled":"default","ast-page-background-meta":{"desktop":{"background-color":"var(--ast-global-color-4)","background-image":"","background-repeat":"repeat","background-position":"center center","background-size":"auto","background-attachment":"scroll","background-type":"","background-media":"","overlay-type":"","overlay-color":"","overlay-opacity":"","overlay-gradient":""},"tablet":{"background-color":"","background-image":"","background-repeat":"repeat","background-position":"center center","background-size":"auto","background-attachment":"scroll","background-type":"","background-media":"","overlay-type":"","overlay-color":"","overlay-opacity":"","overlay-gradient":""},"mobile":{"background-color":"","background-image":"","background-repeat":"repeat","background-position":"center center","background-size":"auto","background-attachment":"scroll","background-type":"","background-media":"","overlay-type":"","overlay-color":"","overlay-opacity":"","overlay-gradient":""}},"ast-content-background-meta":{"desktop":{"background-color":"var(--ast-global-color-5)","background-image":"","background-repeat":"repeat","background-position":"center center","background-size":"auto","background-attachment":"scroll","background-type":"","background-media":"","overlay-type":"","overlay-color":"","overlay-opacity":"","overlay-gradient":""},"tablet":{"background-color":"var(--ast-global-color-5)","background-image":"","background-repeat":"repeat","background-position":"center center","background-size":"auto","background-attachment":"scroll","background-type":"","background-media":"","overlay-type":"","overlay-color":"","overlay-opacity":"","overlay-gradient":""},"mobile":{"background-color":"var(--ast-global-color-5)","background-image":"","background-repeat":"repeat","background-position":"center center","background-size":"auto","background-attachment":"scroll","background-type":"","background-media":"","overlay-type":"","overlay-color":"","overlay-opacity":"","overlay-gradient":""}}},"product_brand":[],"product_cat":[505],"product_tag":[],"entorno":[],"num-hojas":[411],"tipo-de-puerta":[512],"class_list":{"0":"post-12299","1":"product","2":"type-product","3":"status-publish","4":"has-post-thumbnail","6":"product_cat-portes-de-garage","7":"num-hojas-una","8":"tipo-de-puerta-sectionnelle","9":"desktop-align-left","10":"tablet-align-left","11":"mobile-align-left","13":"first","14":"instock","15":"shipping-taxable","16":"product-type-simple"},"yoast_head":"<!-- This site is optimized with the Yoast SEO plugin v27.3 - https:\/\/yoast.com\/product\/yoast-seo-wordpress\/ -->\n<title>Porte de garage sectionnelle collective- ROPER<\/title>\n<meta name=\"description\" content=\"Des solutions de portes de garage sectionnelles pour les copropri\u00e9t\u00e9s. Nous proposons des options robustes et fonctionnelles pour des acc\u00e8s communautaires s\u00e9curis\u00e9s et efficaces.\" \/>\n<meta name=\"robots\" content=\"index, follow, max-snippet:-1, max-image-preview:large, max-video-preview:-1\" \/>\n<link rel=\"canonical\" href=\"https:\/\/puertasroper.com\/fr\/produits\/porte-de-garage-sectionnelle-collective\/\" \/>\n<meta property=\"og:locale\" content=\"fr_FR\" \/>\n<meta property=\"og:type\" content=\"article\" \/>\n<meta property=\"og:title\" content=\"Porte de garage sectionnelle collective- ROPER\" \/>\n<meta property=\"og:description\" content=\"Des solutions de portes de garage sectionnelles pour les copropri\u00e9t\u00e9s. Nous proposons des options robustes et fonctionnelles pour des acc\u00e8s communautaires s\u00e9curis\u00e9s et efficaces.\" \/>\n<meta property=\"og:url\" content=\"https:\/\/puertasroper.com\/fr\/produits\/porte-de-garage-sectionnelle-collective\/\" \/>\n<meta property=\"og:site_name\" content=\"ROPER\" \/>\n<meta property=\"article:publisher\" content=\"http:\/\/www.facebook.com\/pages\/Puertas-Roper\/\" \/>\n<meta property=\"article:modified_time\" content=\"2024-02-28T14:47:35+00:00\" \/>\n<meta property=\"og:image\" content=\"https:\/\/puertasroper.com\/wp-content\/uploads\/puerta-de-garaje-seccional-comunitaria-e1701455568123.jpg\" \/>\n\t<meta property=\"og:image:width\" content=\"708\" \/>\n\t<meta property=\"og:image:height\" content=\"637\" \/>\n\t<meta property=\"og:image:type\" content=\"image\/jpeg\" \/>\n<meta name=\"twitter:label1\" content=\"Est. reading time\" \/>\n\t<meta name=\"twitter:data1\" content=\"6 minutes\" \/>\n<script type=\"application\/ld+json\" class=\"yoast-schema-graph\">{\"@context\":\"https:\\\/\\\/schema.org\",\"@graph\":[{\"@type\":\"WebPage\",\"@id\":\"https:\\\/\\\/puertasroper.com\\\/fr\\\/produits\\\/porte-de-garage-sectionnelle-collective\\\/\",\"url\":\"https:\\\/\\\/puertasroper.com\\\/fr\\\/produits\\\/porte-de-garage-sectionnelle-collective\\\/\",\"name\":\"Porte de garage sectionnelle collective- ROPER\",\"isPartOf\":{\"@id\":\"https:\\\/\\\/puertasroper.com\\\/fr\\\/#website\"},\"primaryImageOfPage\":{\"@id\":\"https:\\\/\\\/puertasroper.com\\\/fr\\\/produits\\\/porte-de-garage-sectionnelle-collective\\\/#primaryimage\"},\"image\":{\"@id\":\"https:\\\/\\\/puertasroper.com\\\/fr\\\/produits\\\/porte-de-garage-sectionnelle-collective\\\/#primaryimage\"},\"thumbnailUrl\":\"https:\\\/\\\/puertasroper.com\\\/wp-content\\\/uploads\\\/puerta-de-garaje-seccional-comunitaria-e1701455568123.jpg\",\"datePublished\":\"2023-11-21T13:09:36+00:00\",\"dateModified\":\"2024-02-28T14:47:35+00:00\",\"description\":\"Des solutions de portes de garage sectionnelles pour les copropri\u00e9t\u00e9s. Nous proposons des options robustes et fonctionnelles pour des acc\u00e8s communautaires s\u00e9curis\u00e9s et efficaces.\",\"breadcrumb\":{\"@id\":\"https:\\\/\\\/puertasroper.com\\\/fr\\\/produits\\\/porte-de-garage-sectionnelle-collective\\\/#breadcrumb\"},\"inLanguage\":\"fr-FR\",\"potentialAction\":[{\"@type\":\"ReadAction\",\"target\":[\"https:\\\/\\\/puertasroper.com\\\/fr\\\/produits\\\/porte-de-garage-sectionnelle-collective\\\/\"]}]},{\"@type\":\"ImageObject\",\"inLanguage\":\"fr-FR\",\"@id\":\"https:\\\/\\\/puertasroper.com\\\/fr\\\/produits\\\/porte-de-garage-sectionnelle-collective\\\/#primaryimage\",\"url\":\"https:\\\/\\\/puertasroper.com\\\/wp-content\\\/uploads\\\/puerta-de-garaje-seccional-comunitaria-e1701455568123.jpg\",\"contentUrl\":\"https:\\\/\\\/puertasroper.com\\\/wp-content\\\/uploads\\\/puerta-de-garaje-seccional-comunitaria-e1701455568123.jpg\",\"width\":708,\"height\":637},{\"@type\":\"BreadcrumbList\",\"@id\":\"https:\\\/\\\/puertasroper.com\\\/fr\\\/produits\\\/porte-de-garage-sectionnelle-collective\\\/#breadcrumb\",\"itemListElement\":[{\"@type\":\"ListItem\",\"position\":1,\"name\":\"Portada\",\"item\":\"https:\\\/\\\/puertasroper.com\\\/fr\\\/\"},{\"@type\":\"ListItem\",\"position\":2,\"name\":\"Boutique\",\"item\":\"https:\\\/\\\/puertasroper.com\\\/fr\\\/boutique\\\/\"},{\"@type\":\"ListItem\",\"position\":3,\"name\":\"PORTE DE GARAGE SECTIONNELLE COLLECTIVE\"}]},{\"@type\":\"WebSite\",\"@id\":\"https:\\\/\\\/puertasroper.com\\\/fr\\\/#website\",\"url\":\"https:\\\/\\\/puertasroper.com\\\/fr\\\/\",\"name\":\"ROPER\",\"description\":\"Puertas Met\u00e1licas | Automatismos | Puertas de Garaje | Paneles Sandwich\",\"publisher\":{\"@id\":\"https:\\\/\\\/puertasroper.com\\\/fr\\\/#organization\"},\"potentialAction\":[{\"@type\":\"SearchAction\",\"target\":{\"@type\":\"EntryPoint\",\"urlTemplate\":\"https:\\\/\\\/puertasroper.com\\\/fr\\\/?s={search_term_string}\"},\"query-input\":{\"@type\":\"PropertyValueSpecification\",\"valueRequired\":true,\"valueName\":\"search_term_string\"}}],\"inLanguage\":\"fr-FR\"},{\"@type\":\"Organization\",\"@id\":\"https:\\\/\\\/puertasroper.com\\\/fr\\\/#organization\",\"name\":\"Puertas Roper\",\"url\":\"https:\\\/\\\/puertasroper.com\\\/fr\\\/\",\"logo\":{\"@type\":\"ImageObject\",\"inLanguage\":\"fr-FR\",\"@id\":\"https:\\\/\\\/puertasroper.com\\\/fr\\\/#\\\/schema\\\/logo\\\/image\\\/\",\"url\":\"https:\\\/\\\/puertasroper.com\\\/wp-content\\\/uploads\\\/logo-1667847653.png\",\"contentUrl\":\"https:\\\/\\\/puertasroper.com\\\/wp-content\\\/uploads\\\/logo-1667847653.png\",\"width\":115,\"height\":106,\"caption\":\"Puertas Roper\"},\"image\":{\"@id\":\"https:\\\/\\\/puertasroper.com\\\/fr\\\/#\\\/schema\\\/logo\\\/image\\\/\"},\"sameAs\":[\"http:\\\/\\\/www.facebook.com\\\/pages\\\/Puertas-Roper\\\/\",\"https:\\\/\\\/x.com\\\/puertasroper\"]}]}<\/script>\n<!-- \/ Yoast SEO plugin. -->","yoast_head_json":{"title":"Porte de garage sectionnelle collective- ROPER","description":"Des solutions de portes de garage sectionnelles pour les copropri\u00e9t\u00e9s. Nous proposons des options robustes et fonctionnelles pour des acc\u00e8s communautaires s\u00e9curis\u00e9s et efficaces.","robots":{"index":"index","follow":"follow","max-snippet":"max-snippet:-1","max-image-preview":"max-image-preview:large","max-video-preview":"max-video-preview:-1"},"canonical":"https:\/\/puertasroper.com\/fr\/produits\/porte-de-garage-sectionnelle-collective\/","og_locale":"fr_FR","og_type":"article","og_title":"Porte de garage sectionnelle collective- ROPER","og_description":"Des solutions de portes de garage sectionnelles pour les copropri\u00e9t\u00e9s. Nous proposons des options robustes et fonctionnelles pour des acc\u00e8s communautaires s\u00e9curis\u00e9s et efficaces.","og_url":"https:\/\/puertasroper.com\/fr\/produits\/porte-de-garage-sectionnelle-collective\/","og_site_name":"ROPER","article_publisher":"http:\/\/www.facebook.com\/pages\/Puertas-Roper\/","article_modified_time":"2024-02-28T14:47:35+00:00","og_image":[{"width":708,"height":637,"url":"https:\/\/puertasroper.com\/wp-content\/uploads\/puerta-de-garaje-seccional-comunitaria-e1701455568123.jpg","type":"image\/jpeg"}],"twitter_misc":{"Est. reading time":"6 minutes"},"schema":{"@context":"https:\/\/schema.org","@graph":[{"@type":"WebPage","@id":"https:\/\/puertasroper.com\/fr\/produits\/porte-de-garage-sectionnelle-collective\/","url":"https:\/\/puertasroper.com\/fr\/produits\/porte-de-garage-sectionnelle-collective\/","name":"Porte de garage sectionnelle collective- ROPER","isPartOf":{"@id":"https:\/\/puertasroper.com\/fr\/#website"},"primaryImageOfPage":{"@id":"https:\/\/puertasroper.com\/fr\/produits\/porte-de-garage-sectionnelle-collective\/#primaryimage"},"image":{"@id":"https:\/\/puertasroper.com\/fr\/produits\/porte-de-garage-sectionnelle-collective\/#primaryimage"},"thumbnailUrl":"https:\/\/puertasroper.com\/wp-content\/uploads\/puerta-de-garaje-seccional-comunitaria-e1701455568123.jpg","datePublished":"2023-11-21T13:09:36+00:00","dateModified":"2024-02-28T14:47:35+00:00","description":"Des solutions de portes de garage sectionnelles pour les copropri\u00e9t\u00e9s. Nous proposons des options robustes et fonctionnelles pour des acc\u00e8s communautaires s\u00e9curis\u00e9s et efficaces.","breadcrumb":{"@id":"https:\/\/puertasroper.com\/fr\/produits\/porte-de-garage-sectionnelle-collective\/#breadcrumb"},"inLanguage":"fr-FR","potentialAction":[{"@type":"ReadAction","target":["https:\/\/puertasroper.com\/fr\/produits\/porte-de-garage-sectionnelle-collective\/"]}]},{"@type":"ImageObject","inLanguage":"fr-FR","@id":"https:\/\/puertasroper.com\/fr\/produits\/porte-de-garage-sectionnelle-collective\/#primaryimage","url":"https:\/\/puertasroper.com\/wp-content\/uploads\/puerta-de-garaje-seccional-comunitaria-e1701455568123.jpg","contentUrl":"https:\/\/puertasroper.com\/wp-content\/uploads\/puerta-de-garaje-seccional-comunitaria-e1701455568123.jpg","width":708,"height":637},{"@type":"BreadcrumbList","@id":"https:\/\/puertasroper.com\/fr\/produits\/porte-de-garage-sectionnelle-collective\/#breadcrumb","itemListElement":[{"@type":"ListItem","position":1,"name":"Portada","item":"https:\/\/puertasroper.com\/fr\/"},{"@type":"ListItem","position":2,"name":"Boutique","item":"https:\/\/puertasroper.com\/fr\/boutique\/"},{"@type":"ListItem","position":3,"name":"PORTE DE GARAGE SECTIONNELLE COLLECTIVE"}]},{"@type":"WebSite","@id":"https:\/\/puertasroper.com\/fr\/#website","url":"https:\/\/puertasroper.com\/fr\/","name":"ROPER","description":"Puertas Met\u00e1licas | Automatismos | Puertas de Garaje | Paneles Sandwich","publisher":{"@id":"https:\/\/puertasroper.com\/fr\/#organization"},"potentialAction":[{"@type":"SearchAction","target":{"@type":"EntryPoint","urlTemplate":"https:\/\/puertasroper.com\/fr\/?s={search_term_string}"},"query-input":{"@type":"PropertyValueSpecification","valueRequired":true,"valueName":"search_term_string"}}],"inLanguage":"fr-FR"},{"@type":"Organization","@id":"https:\/\/puertasroper.com\/fr\/#organization","name":"Puertas Roper","url":"https:\/\/puertasroper.com\/fr\/","logo":{"@type":"ImageObject","inLanguage":"fr-FR","@id":"https:\/\/puertasroper.com\/fr\/#\/schema\/logo\/image\/","url":"https:\/\/puertasroper.com\/wp-content\/uploads\/logo-1667847653.png","contentUrl":"https:\/\/puertasroper.com\/wp-content\/uploads\/logo-1667847653.png","width":115,"height":106,"caption":"Puertas Roper"},"image":{"@id":"https:\/\/puertasroper.com\/fr\/#\/schema\/logo\/image\/"},"sameAs":["http:\/\/www.facebook.com\/pages\/Puertas-Roper\/","https:\/\/x.com\/puertasroper"]}]}},"_links":{"self":[{"href":"https:\/\/puertasroper.com\/fr\/wp-json\/wp\/v2\/product\/12299","targetHints":{"allow":["GET"]}}],"collection":[{"href":"https:\/\/puertasroper.com\/fr\/wp-json\/wp\/v2\/product"}],"about":[{"href":"https:\/\/puertasroper.com\/fr\/wp-json\/wp\/v2\/types\/product"}],"wp:featuredmedia":[{"embeddable":true,"href":"https:\/\/puertasroper.com\/fr\/wp-json\/wp\/v2\/media\/10878"}],"wp:attachment":[{"href":"https:\/\/puertasroper.com\/fr\/wp-json\/wp\/v2\/media?parent=12299"}],"wp:term":[{"taxonomy":"product_brand","embeddable":true,"href":"https:\/\/puertasroper.com\/fr\/wp-json\/wp\/v2\/product_brand?post=12299"},{"taxonomy":"product_cat","embeddable":true,"href":"https:\/\/puertasroper.com\/fr\/wp-json\/wp\/v2\/product_cat?post=12299"},{"taxonomy":"product_tag","embeddable":true,"href":"https:\/\/puertasroper.com\/fr\/wp-json\/wp\/v2\/product_tag?post=12299"},{"taxonomy":"entorno","embeddable":true,"href":"https:\/\/puertasroper.com\/fr\/wp-json\/wp\/v2\/entorno?post=12299"},{"taxonomy":"num-hojas","embeddable":true,"href":"https:\/\/puertasroper.com\/fr\/wp-json\/wp\/v2\/num-hojas?post=12299"},{"taxonomy":"tipo-de-puerta","embeddable":true,"href":"https:\/\/puertasroper.com\/fr\/wp-json\/wp\/v2\/tipo-de-puerta?post=12299"}],"curies":[{"name":"wp","href":"https:\/\/api.w.org\/{rel}","templated":true}]}}