{"id":12300,"date":"2023-11-21T14:09:36","date_gmt":"2023-11-21T13:09:36","guid":{"rendered":"https:\/\/puertasroper.com\/productos\/puerta-de-garaje-basculante-2-hojas-residencial\/"},"modified":"2026-02-20T12:17:03","modified_gmt":"2026-02-20T11:17:03","slug":"porte-de-garage-basculante-a-2-battants-residentielle","status":"publish","type":"product","link":"https:\/\/puertasroper.com\/fr\/produits\/porte-de-garage-basculante-a-2-battants-residentielle\/","title":{"rendered":"PORTE DE GARAGE BASCULANTE R\u00c9SIDENTIELLE \u00c0 2 VANTAUX"},"content":{"rendered":"<div data-id=\"5cf9a0c\" data-element_type=\"widget\" data-widget_type=\"product-description.default\"><strong style=\"font-size: 16px;\">Sp\u00e9cifications techniques<\/strong><\/div>\n<div class=\"elementor-element elementor-element-5cf9a0c elementor-widget elementor-widget-product-description elementor-widget-text-editor\" data-id=\"5cf9a0c\" data-element_type=\"widget\" data-widget_type=\"product-description.default\">\n<div class=\"elementor-widget-container\">Porte basculante industrielle verticale ROPER avec guides lat\u00e9raux et structure en acier tubulaire, contr\u00f4l\u00e9e par des contrepoids. Son fonctionnement repose sur deux vantaux articul\u00e9s qui se replient verticalement lorsqu&#8217;ils sont ouverts, fix\u00e9s au guide par une t\u00eate et guid\u00e9s par des rouleaux qui glissent le long des guides lat\u00e9raux, contr\u00f4l\u00e9s \u00e0 tout moment par des contrepoids gr\u00e2ce \u00e0 un syst\u00e8me de poulies et de c\u00e2bles. Ces contrepoids peuvent \u00eatre log\u00e9s dans des caissons dans la zone d&#8217;encastrement ou dissimul\u00e9s derri\u00e8re les noyaux recouverts de rev\u00eatements.<\/div>\n<div><img fetchpriority=\"high\" decoding=\"async\" class=\"aligncenter wp-image-7376 size-full\" src=\"https:\/\/puertasroper.com\/wp-content\/uploads\/Puerta-de-Garaje-Basculante-2-Hojas-Residencial.png\" alt=\"\" width=\"664\" height=\"522\" srcset=\"https:\/\/puertasroper.com\/wp-content\/uploads\/Puerta-de-Garaje-Basculante-2-Hojas-Residencial.png 664w, https:\/\/puertasroper.com\/wp-content\/uploads\/Puerta-de-Garaje-Basculante-2-Hojas-Residencial-300x236.png 300w, https:\/\/puertasroper.com\/wp-content\/uploads\/Puerta-de-Garaje-Basculante-2-Hojas-Residencial-600x472.png 600w\" sizes=\"(max-width: 664px) 100vw, 664px\" \/><\/div>\n<div>\n<p><strong>Feuille :<\/strong><br \/>\nLe cadre est fabriqu\u00e9 \u00e0 partir d&#8217;un cadre tubulaire lamin\u00e9 \u00e0 froid et renforc\u00e9 \u00e0 l&#8217;int\u00e9rieur par des renforts tubulaires afin d&#8217;\u00e9viter le flambage et d&#8217;augmenter la r\u00e9sistance au vent.<\/p>\n<p>Les tubes utilis\u00e9s pour la fabrication de ce type de porte sont les suivants :<\/p>\n<ol>\n<li>DECAPADOS 60&#215;30, 80&#215;40 ou 100&#215;40 tubes de qualit\u00e9 E-220 selon la norme UNE EN 10305-5.<\/li>\n<li>Tubes GALVANIS\u00c9S 60&#215;30, 80&#215;40 ou 100&#215;40 de qualit\u00e9 E-220 + Z-275-NAC selon la norme UNE EN 10305-5.<\/li>\n<\/ol>\n<p><strong>Bo\u00eetier de vantail :<\/strong><br \/>\nLa porte basculante industrielle est fabriqu\u00e9e avec trois types de bo\u00eetiers de vantail diff\u00e9rents :<\/p>\n<ol>\n<li>Chapa Las chapas est\u00e1n formadas por fleje prelacado de acero, DX51 seg\u00fan norma EN-10142, de espesor medio 0.6 mm sin film pelable, grecado en m\u00f3dulos de 200 mm, colocados en posici\u00f3n vertical u horizontal, montados a compresi\u00f3n soldados al cerco de la hoja.<\/li>\n<li>Panel S\u00e1ndwich Panel de 40 mm de espesor. La t\u00f4le pr\u00e9laqu\u00e9e sur acier galvanis\u00e9 est utilis\u00e9e pour sa fabrication, conform\u00e9ment \u00e0 la norme EN-10142. L&#8217;int\u00e9rieur du panneau est en polyur\u00e9thane expans\u00e9 d&#8217;une densit\u00e9 moyenne de 40 kg\/m\u00b3, sans CFC ni HCFC. Deux formats de panneaux sont utilis\u00e9s, l&#8217;un de 500 mm de haut et l&#8217;autre de 610 mm de haut.<\/li>\n<li>Barrotes Est\u00e1n formadas por tubos de 20&#215;20, 40&#215;20, 40&#215;30 \u00f3 60&#215;30 galvanizados de calidad E-220 + Z-275-NAC seg\u00fan norma UNE EN 10305-5.<\/li>\n<\/ol>\n<p><img decoding=\"async\" class=\"wp-image-7377 size-full aligncenter\" src=\"https:\/\/puertasroper.com\/wp-content\/uploads\/Puerta-de-Garaje-Basculante-2-Hojas-Residencial-2.png\" alt=\"\" width=\"623\" height=\"182\" srcset=\"https:\/\/puertasroper.com\/wp-content\/uploads\/Puerta-de-Garaje-Basculante-2-Hojas-Residencial-2.png 623w, https:\/\/puertasroper.com\/wp-content\/uploads\/Puerta-de-Garaje-Basculante-2-Hojas-Residencial-2-300x88.png 300w, https:\/\/puertasroper.com\/wp-content\/uploads\/Puerta-de-Garaje-Basculante-2-Hojas-Residencial-2-600x175.png 600w\" sizes=\"(max-width: 623px) 100vw, 623px\" \/><\/p>\n<p><strong>Rails de guidage :<\/strong><br \/>\nLes rails de guidage sont fabriqu\u00e9s en acier UPN lamin\u00e9 \u00e0 chaud 60 x 30, 80 x 45 ou 100 x 50 en qualit\u00e9 S 275 JR + M conform\u00e9ment \u00e0 la norme EN 10025-2\/2004.<\/p>\n<p><strong>Charni\u00e8res :<\/strong><br \/>\nEn fonction des dimensions de la porte, deux types de charni\u00e8res sont utilis\u00e9s :<\/p>\n<ol>\n<li>Petites portes Les charni\u00e8res sont constitu\u00e9es de trois modules de t\u00f4le d\u00e9cap\u00e9e de 2,5 mm d&#8217;\u00e9paisseur, sertis en forme de boucle avec une tige calibr\u00e9e de \u00d8 8 mm.<\/li>\n<li>Grandes portes Les charni\u00e8res sont constitu\u00e9es de quatre modules de t\u00f4le d\u00e9cap\u00e9e de 5 mm d&#8217;\u00e9paisseur, sertis en forme de boucle avec un axe de tige calibr\u00e9e de \u00d8 12 mm.<\/li>\n<\/ol>\n<p><strong>Syst\u00e8me de verrouillage :<\/strong><\/p>\n<p>Le verrouillage s&#8217;effectue au moyen de boulons lat\u00e9raux ou d&#8217;un verrou externe agissant sur les boulons lat\u00e9raux. Les boulons peuvent \u00eatre constitu\u00e9s de tiges de \u00d8 12 ou \u00d8 18.<\/p>\n<p><strong>Linteaux :<\/strong><br \/>\nEn fonction des dimensions de la porte, deux types de linteaux sont utilis\u00e9s :<\/p>\n<ol>\n<li>Petites portes Elles sont constitu\u00e9es d&#8217;un bord en acier de 6 mm d&#8217;\u00e9paisseur et d&#8217;un boulon de \u00d8 16.<\/li>\n<li>Grandes portes Elles sont constitu\u00e9es d&#8217;un bord en acier de 8 mm d&#8217;\u00e9paisseur et d&#8217;un boulon de \u00d825.<\/li>\n<\/ol>\n<p><strong>Contrepoids <\/strong><\/p>\n<p>Les contrepoids sont en barytine. Leurs dimensions d\u00e9pendent de la taille de la porte et de l&#8217;espace disponible pour les accueillir.<\/p>\n<p><strong>R\u00e9as<\/strong><br \/>\nR\u00e9as en t\u00f4le d&#8217;acier de 1,2, 2 ou 4 mm d&#8217;\u00e9paisseur, rivet\u00e9s et munis d&#8217;un roulement autolubrifiant encastr\u00e9 \u00e0 l&#8217;int\u00e9rieur. Pour les grandes portes, on utilise des poulies en fer tourn\u00e9.<\/p>\n<p><strong>R\u00e9as<\/strong><br \/>\nLes <strong>r\u00e9as<\/strong> sont en polyamide ou en acier selon les dimensions ou l&#8217;utilisation de la porte.<\/p>\n<p><strong>C\u00e2bles<\/strong><br \/>\nLes c\u00e2bles peuvent avoir une \u00e9paisseur de 4, 5, 6 ou 7 mm, en fonction du poids de la porte. Leur composition est de 6x19s1 et ils sont conformes \u00e0 la norme DIN 3060.<\/p>\n<ol>\n<li>La qualit\u00e9 de cette porte est garantie par des tests effectu\u00e9s dans des laboratoires accr\u00e9dit\u00e9s, conform\u00e9ment \u00e0 la norme de produit EN 13241-1 et est marqu\u00e9e pour les versions manuelles et automatiques.<\/li>\n<li>Tant les pi\u00e8ces utilis\u00e9es dans la porte que la finition de la porte d\u00e9pendent des dimensions de la porte, de sa variante et de l&#8217;ouverture sur le chantier. Elles d\u00e9pendront \u00e9galement des changements \u00e9ventuels dus \u00e0 l&#8217;am\u00e9lioration des processus de production.<\/li>\n<\/ol>\n<\/div>\n<\/div>\n","protected":false},"excerpt":{"rendered":"<p>La<strong> porte de garage basculante r\u00e9sidentielle \u00e0 2 vantaux ROPER<\/strong> se d\u00e9finit en trois mots : design, durabilit\u00e9 et robustesse. Con una <strong>Puerta de Garaje Basculante 2 Hojas Residencial ROPER<\/strong>, usted tendr\u00e1 puerta para toda la vida.<\/p>\n<p>&nbsp;<\/p>\n<p>Caract\u00e9ristiques :<\/p>\n<ul>\n<li>Robusta<\/li>\n<li>Durabilit\u00e9. C&#8217;est la porte qui pr\u00e9sente le moins de probl\u00e8mes de panne.<\/li>\n<li>Conception<\/li>\n<li>Finitions<\/li>\n<li>Adapt\u00e9 \u00e0 toutes les tailles d&#8217;arbres<\/li>\n<li>S\u00e9curit\u00e9<\/li>\n<li>Pratique de pouvoir automatiser les portes pour r\u00e9pondre \u00e0 tous les types d&#8217;utilisation<\/li>\n<\/ul>\n","protected":false},"featured_media":10846,"template":"","meta":{"site-sidebar-layout":"default","site-content-layout":"","ast-site-content-layout":"default","site-content-style":"default","site-sidebar-style":"default","ast-global-header-display":"","ast-banner-title-visibility":"","ast-main-header-display":"","ast-hfb-above-header-display":"","ast-hfb-below-header-display":"","ast-hfb-mobile-header-display":"","site-post-title":"","ast-breadcrumbs-content":"","ast-featured-img":"","footer-sml-layout":"","ast-disable-related-posts":"","theme-transparent-header-meta":"default","adv-header-id-meta":"","stick-header-meta":"","header-above-stick-meta":"","header-main-stick-meta":"","header-below-stick-meta":"","astra-migrate-meta-layouts":"set","ast-page-background-enabled":"default","ast-page-background-meta":{"desktop":{"background-color":"var(--ast-global-color-4)","background-image":"","background-repeat":"repeat","background-position":"center center","background-size":"auto","background-attachment":"scroll","background-type":"","background-media":"","overlay-type":"","overlay-color":"","overlay-opacity":"","overlay-gradient":""},"tablet":{"background-color":"","background-image":"","background-repeat":"repeat","background-position":"center center","background-size":"auto","background-attachment":"scroll","background-type":"","background-media":"","overlay-type":"","overlay-color":"","overlay-opacity":"","overlay-gradient":""},"mobile":{"background-color":"","background-image":"","background-repeat":"repeat","background-position":"center center","background-size":"auto","background-attachment":"scroll","background-type":"","background-media":"","overlay-type":"","overlay-color":"","overlay-opacity":"","overlay-gradient":""}},"ast-content-background-meta":{"desktop":{"background-color":"var(--ast-global-color-5)","background-image":"","background-repeat":"repeat","background-position":"center center","background-size":"auto","background-attachment":"scroll","background-type":"","background-media":"","overlay-type":"","overlay-color":"","overlay-opacity":"","overlay-gradient":""},"tablet":{"background-color":"var(--ast-global-color-5)","background-image":"","background-repeat":"repeat","background-position":"center center","background-size":"auto","background-attachment":"scroll","background-type":"","background-media":"","overlay-type":"","overlay-color":"","overlay-opacity":"","overlay-gradient":""},"mobile":{"background-color":"var(--ast-global-color-5)","background-image":"","background-repeat":"repeat","background-position":"center center","background-size":"auto","background-attachment":"scroll","background-type":"","background-media":"","overlay-type":"","overlay-color":"","overlay-opacity":"","overlay-gradient":""}}},"product_brand":[],"product_cat":[505],"product_tag":[],"entorno":[],"num-hojas":[489],"tipo-de-puerta":[511],"class_list":{"0":"post-12300","1":"product","2":"type-product","3":"status-publish","4":"has-post-thumbnail","6":"product_cat-portes-de-garage","7":"num-hojas-dos-2","8":"tipo-de-puerta-basculante-fr","9":"desktop-align-left","10":"tablet-align-left","11":"mobile-align-left","13":"first","14":"instock","15":"shipping-taxable","16":"product-type-simple"},"yoast_head":"<!-- This site is optimized with the Yoast SEO plugin v27.5 - https:\/\/yoast.com\/product\/yoast-seo-wordpress\/ -->\n<title>Porte de garage basculante r\u00e9sidentielle \u00e0 2 vantaux : s\u00e9curit\u00e9<\/title>\n<meta name=\"description\" content=\"D\u00e9couvrez nos portes de garage basculantes \u00e0 deux vantaux con\u00e7ues pour les r\u00e9sidences. Nous vous proposons des solutions s\u00fbres et esth\u00e9tiques.\" \/>\n<meta name=\"robots\" content=\"index, follow, max-snippet:-1, max-image-preview:large, max-video-preview:-1\" \/>\n<link rel=\"canonical\" href=\"https:\/\/puertasroper.com\/fr\/produits\/porte-de-garage-basculante-a-2-battants-residentielle\/\" \/>\n<meta property=\"og:locale\" content=\"fr_FR\" \/>\n<meta property=\"og:type\" content=\"article\" \/>\n<meta property=\"og:title\" content=\"Porte de garage basculante r\u00e9sidentielle \u00e0 2 vantaux : s\u00e9curit\u00e9\" \/>\n<meta property=\"og:description\" content=\"D\u00e9couvrez nos portes de garage basculantes \u00e0 deux vantaux con\u00e7ues pour les r\u00e9sidences. Nous vous proposons des solutions s\u00fbres et esth\u00e9tiques.\" \/>\n<meta property=\"og:url\" content=\"https:\/\/puertasroper.com\/fr\/produits\/porte-de-garage-basculante-a-2-battants-residentielle\/\" \/>\n<meta property=\"og:site_name\" content=\"ROPER\" \/>\n<meta property=\"article:publisher\" content=\"http:\/\/www.facebook.com\/pages\/Puertas-Roper\/\" \/>\n<meta property=\"article:modified_time\" content=\"2026-02-20T11:17:03+00:00\" \/>\n<meta property=\"og:image\" content=\"https:\/\/puertasroper.com\/wp-content\/uploads\/puerta-de-garaje-basculante-2-hojas-residencial-e1701455814247.jpg\" \/>\n\t<meta property=\"og:image:width\" content=\"684\" \/>\n\t<meta property=\"og:image:height\" content=\"414\" \/>\n\t<meta property=\"og:image:type\" content=\"image\/jpeg\" \/>\n<meta name=\"twitter:label1\" content=\"Est. reading time\" \/>\n\t<meta name=\"twitter:data1\" content=\"4 minutes\" \/>\n<script type=\"application\/ld+json\" class=\"yoast-schema-graph\">{\"@context\":\"https:\\\/\\\/schema.org\",\"@graph\":[{\"@type\":\"WebPage\",\"@id\":\"https:\\\/\\\/puertasroper.com\\\/fr\\\/produits\\\/porte-de-garage-basculante-a-2-battants-residentielle\\\/\",\"url\":\"https:\\\/\\\/puertasroper.com\\\/fr\\\/produits\\\/porte-de-garage-basculante-a-2-battants-residentielle\\\/\",\"name\":\"Porte de garage basculante r\u00e9sidentielle \u00e0 2 vantaux : s\u00e9curit\u00e9\",\"isPartOf\":{\"@id\":\"https:\\\/\\\/puertasroper.com\\\/fr\\\/#website\"},\"primaryImageOfPage\":{\"@id\":\"https:\\\/\\\/puertasroper.com\\\/fr\\\/produits\\\/porte-de-garage-basculante-a-2-battants-residentielle\\\/#primaryimage\"},\"image\":{\"@id\":\"https:\\\/\\\/puertasroper.com\\\/fr\\\/produits\\\/porte-de-garage-basculante-a-2-battants-residentielle\\\/#primaryimage\"},\"thumbnailUrl\":\"https:\\\/\\\/puertasroper.com\\\/wp-content\\\/uploads\\\/puerta-de-garaje-basculante-2-hojas-residencial-e1701455814247.jpg\",\"datePublished\":\"2023-11-21T13:09:36+00:00\",\"dateModified\":\"2026-02-20T11:17:03+00:00\",\"description\":\"D\u00e9couvrez nos portes de garage basculantes \u00e0 deux vantaux con\u00e7ues pour les r\u00e9sidences. Nous vous proposons des solutions s\u00fbres et esth\u00e9tiques.\",\"breadcrumb\":{\"@id\":\"https:\\\/\\\/puertasroper.com\\\/fr\\\/produits\\\/porte-de-garage-basculante-a-2-battants-residentielle\\\/#breadcrumb\"},\"inLanguage\":\"fr-FR\",\"potentialAction\":[{\"@type\":\"ReadAction\",\"target\":[\"https:\\\/\\\/puertasroper.com\\\/fr\\\/produits\\\/porte-de-garage-basculante-a-2-battants-residentielle\\\/\"]}]},{\"@type\":\"ImageObject\",\"inLanguage\":\"fr-FR\",\"@id\":\"https:\\\/\\\/puertasroper.com\\\/fr\\\/produits\\\/porte-de-garage-basculante-a-2-battants-residentielle\\\/#primaryimage\",\"url\":\"https:\\\/\\\/puertasroper.com\\\/wp-content\\\/uploads\\\/puerta-de-garaje-basculante-2-hojas-residencial-e1701455814247.jpg\",\"contentUrl\":\"https:\\\/\\\/puertasroper.com\\\/wp-content\\\/uploads\\\/puerta-de-garaje-basculante-2-hojas-residencial-e1701455814247.jpg\",\"width\":684,\"height\":414},{\"@type\":\"BreadcrumbList\",\"@id\":\"https:\\\/\\\/puertasroper.com\\\/fr\\\/produits\\\/porte-de-garage-basculante-a-2-battants-residentielle\\\/#breadcrumb\",\"itemListElement\":[{\"@type\":\"ListItem\",\"position\":1,\"name\":\"Portada\",\"item\":\"https:\\\/\\\/puertasroper.com\\\/fr\\\/\"},{\"@type\":\"ListItem\",\"position\":2,\"name\":\"Boutique\",\"item\":\"https:\\\/\\\/puertasroper.com\\\/fr\\\/boutique\\\/\"},{\"@type\":\"ListItem\",\"position\":3,\"name\":\"PORTE DE GARAGE BASCULANTE R\u00c9SIDENTIELLE \u00c0 2 VANTAUX\"}]},{\"@type\":\"WebSite\",\"@id\":\"https:\\\/\\\/puertasroper.com\\\/fr\\\/#website\",\"url\":\"https:\\\/\\\/puertasroper.com\\\/fr\\\/\",\"name\":\"ROPER\",\"description\":\"Puertas Met\u00e1licas | Automatismos | Puertas de Garaje | Paneles Sandwich\",\"publisher\":{\"@id\":\"https:\\\/\\\/puertasroper.com\\\/fr\\\/#organization\"},\"potentialAction\":[{\"@type\":\"SearchAction\",\"target\":{\"@type\":\"EntryPoint\",\"urlTemplate\":\"https:\\\/\\\/puertasroper.com\\\/fr\\\/?s={search_term_string}\"},\"query-input\":{\"@type\":\"PropertyValueSpecification\",\"valueRequired\":true,\"valueName\":\"search_term_string\"}}],\"inLanguage\":\"fr-FR\"},{\"@type\":\"Organization\",\"@id\":\"https:\\\/\\\/puertasroper.com\\\/fr\\\/#organization\",\"name\":\"Puertas Roper\",\"url\":\"https:\\\/\\\/puertasroper.com\\\/fr\\\/\",\"logo\":{\"@type\":\"ImageObject\",\"inLanguage\":\"fr-FR\",\"@id\":\"https:\\\/\\\/puertasroper.com\\\/fr\\\/#\\\/schema\\\/logo\\\/image\\\/\",\"url\":\"https:\\\/\\\/puertasroper.com\\\/wp-content\\\/uploads\\\/logo_roper_60-aniversario_WH-1.png\",\"contentUrl\":\"https:\\\/\\\/puertasroper.com\\\/wp-content\\\/uploads\\\/logo_roper_60-aniversario_WH-1.png\",\"width\":752,\"height\":394,\"caption\":\"Puertas Roper\"},\"image\":{\"@id\":\"https:\\\/\\\/puertasroper.com\\\/fr\\\/#\\\/schema\\\/logo\\\/image\\\/\"},\"sameAs\":[\"http:\\\/\\\/www.facebook.com\\\/pages\\\/Puertas-Roper\\\/\",\"https:\\\/\\\/x.com\\\/puertasroper\"]}]}<\/script>\n<!-- \/ Yoast SEO plugin. -->","yoast_head_json":{"title":"Porte de garage basculante r\u00e9sidentielle \u00e0 2 vantaux : s\u00e9curit\u00e9","description":"D\u00e9couvrez nos portes de garage basculantes \u00e0 deux vantaux con\u00e7ues pour les r\u00e9sidences. Nous vous proposons des solutions s\u00fbres et esth\u00e9tiques.","robots":{"index":"index","follow":"follow","max-snippet":"max-snippet:-1","max-image-preview":"max-image-preview:large","max-video-preview":"max-video-preview:-1"},"canonical":"https:\/\/puertasroper.com\/fr\/produits\/porte-de-garage-basculante-a-2-battants-residentielle\/","og_locale":"fr_FR","og_type":"article","og_title":"Porte de garage basculante r\u00e9sidentielle \u00e0 2 vantaux : s\u00e9curit\u00e9","og_description":"D\u00e9couvrez nos portes de garage basculantes \u00e0 deux vantaux con\u00e7ues pour les r\u00e9sidences. Nous vous proposons des solutions s\u00fbres et esth\u00e9tiques.","og_url":"https:\/\/puertasroper.com\/fr\/produits\/porte-de-garage-basculante-a-2-battants-residentielle\/","og_site_name":"ROPER","article_publisher":"http:\/\/www.facebook.com\/pages\/Puertas-Roper\/","article_modified_time":"2026-02-20T11:17:03+00:00","og_image":[{"width":684,"height":414,"url":"https:\/\/puertasroper.com\/wp-content\/uploads\/puerta-de-garaje-basculante-2-hojas-residencial-e1701455814247.jpg","type":"image\/jpeg"}],"twitter_misc":{"Est. reading time":"4 minutes"},"schema":{"@context":"https:\/\/schema.org","@graph":[{"@type":"WebPage","@id":"https:\/\/puertasroper.com\/fr\/produits\/porte-de-garage-basculante-a-2-battants-residentielle\/","url":"https:\/\/puertasroper.com\/fr\/produits\/porte-de-garage-basculante-a-2-battants-residentielle\/","name":"Porte de garage basculante r\u00e9sidentielle \u00e0 2 vantaux : s\u00e9curit\u00e9","isPartOf":{"@id":"https:\/\/puertasroper.com\/fr\/#website"},"primaryImageOfPage":{"@id":"https:\/\/puertasroper.com\/fr\/produits\/porte-de-garage-basculante-a-2-battants-residentielle\/#primaryimage"},"image":{"@id":"https:\/\/puertasroper.com\/fr\/produits\/porte-de-garage-basculante-a-2-battants-residentielle\/#primaryimage"},"thumbnailUrl":"https:\/\/puertasroper.com\/wp-content\/uploads\/puerta-de-garaje-basculante-2-hojas-residencial-e1701455814247.jpg","datePublished":"2023-11-21T13:09:36+00:00","dateModified":"2026-02-20T11:17:03+00:00","description":"D\u00e9couvrez nos portes de garage basculantes \u00e0 deux vantaux con\u00e7ues pour les r\u00e9sidences. Nous vous proposons des solutions s\u00fbres et esth\u00e9tiques.","breadcrumb":{"@id":"https:\/\/puertasroper.com\/fr\/produits\/porte-de-garage-basculante-a-2-battants-residentielle\/#breadcrumb"},"inLanguage":"fr-FR","potentialAction":[{"@type":"ReadAction","target":["https:\/\/puertasroper.com\/fr\/produits\/porte-de-garage-basculante-a-2-battants-residentielle\/"]}]},{"@type":"ImageObject","inLanguage":"fr-FR","@id":"https:\/\/puertasroper.com\/fr\/produits\/porte-de-garage-basculante-a-2-battants-residentielle\/#primaryimage","url":"https:\/\/puertasroper.com\/wp-content\/uploads\/puerta-de-garaje-basculante-2-hojas-residencial-e1701455814247.jpg","contentUrl":"https:\/\/puertasroper.com\/wp-content\/uploads\/puerta-de-garaje-basculante-2-hojas-residencial-e1701455814247.jpg","width":684,"height":414},{"@type":"BreadcrumbList","@id":"https:\/\/puertasroper.com\/fr\/produits\/porte-de-garage-basculante-a-2-battants-residentielle\/#breadcrumb","itemListElement":[{"@type":"ListItem","position":1,"name":"Portada","item":"https:\/\/puertasroper.com\/fr\/"},{"@type":"ListItem","position":2,"name":"Boutique","item":"https:\/\/puertasroper.com\/fr\/boutique\/"},{"@type":"ListItem","position":3,"name":"PORTE DE GARAGE BASCULANTE R\u00c9SIDENTIELLE \u00c0 2 VANTAUX"}]},{"@type":"WebSite","@id":"https:\/\/puertasroper.com\/fr\/#website","url":"https:\/\/puertasroper.com\/fr\/","name":"ROPER","description":"Puertas Met\u00e1licas | Automatismos | Puertas de Garaje | Paneles Sandwich","publisher":{"@id":"https:\/\/puertasroper.com\/fr\/#organization"},"potentialAction":[{"@type":"SearchAction","target":{"@type":"EntryPoint","urlTemplate":"https:\/\/puertasroper.com\/fr\/?s={search_term_string}"},"query-input":{"@type":"PropertyValueSpecification","valueRequired":true,"valueName":"search_term_string"}}],"inLanguage":"fr-FR"},{"@type":"Organization","@id":"https:\/\/puertasroper.com\/fr\/#organization","name":"Puertas Roper","url":"https:\/\/puertasroper.com\/fr\/","logo":{"@type":"ImageObject","inLanguage":"fr-FR","@id":"https:\/\/puertasroper.com\/fr\/#\/schema\/logo\/image\/","url":"https:\/\/puertasroper.com\/wp-content\/uploads\/logo_roper_60-aniversario_WH-1.png","contentUrl":"https:\/\/puertasroper.com\/wp-content\/uploads\/logo_roper_60-aniversario_WH-1.png","width":752,"height":394,"caption":"Puertas Roper"},"image":{"@id":"https:\/\/puertasroper.com\/fr\/#\/schema\/logo\/image\/"},"sameAs":["http:\/\/www.facebook.com\/pages\/Puertas-Roper\/","https:\/\/x.com\/puertasroper"]}]}},"_links":{"self":[{"href":"https:\/\/puertasroper.com\/fr\/wp-json\/wp\/v2\/product\/12300","targetHints":{"allow":["GET"]}}],"collection":[{"href":"https:\/\/puertasroper.com\/fr\/wp-json\/wp\/v2\/product"}],"about":[{"href":"https:\/\/puertasroper.com\/fr\/wp-json\/wp\/v2\/types\/product"}],"wp:featuredmedia":[{"embeddable":true,"href":"https:\/\/puertasroper.com\/fr\/wp-json\/wp\/v2\/media\/10846"}],"wp:attachment":[{"href":"https:\/\/puertasroper.com\/fr\/wp-json\/wp\/v2\/media?parent=12300"}],"wp:term":[{"taxonomy":"product_brand","embeddable":true,"href":"https:\/\/puertasroper.com\/fr\/wp-json\/wp\/v2\/product_brand?post=12300"},{"taxonomy":"product_cat","embeddable":true,"href":"https:\/\/puertasroper.com\/fr\/wp-json\/wp\/v2\/product_cat?post=12300"},{"taxonomy":"product_tag","embeddable":true,"href":"https:\/\/puertasroper.com\/fr\/wp-json\/wp\/v2\/product_tag?post=12300"},{"taxonomy":"entorno","embeddable":true,"href":"https:\/\/puertasroper.com\/fr\/wp-json\/wp\/v2\/entorno?post=12300"},{"taxonomy":"num-hojas","embeddable":true,"href":"https:\/\/puertasroper.com\/fr\/wp-json\/wp\/v2\/num-hojas?post=12300"},{"taxonomy":"tipo-de-puerta","embeddable":true,"href":"https:\/\/puertasroper.com\/fr\/wp-json\/wp\/v2\/tipo-de-puerta?post=12300"}],"curies":[{"name":"wp","href":"https:\/\/api.w.org\/{rel}","templated":true}]}}