{"id":12302,"date":"2023-11-21T14:09:35","date_gmt":"2023-11-21T13:09:35","guid":{"rendered":"https:\/\/puertasroper.com\/productos\/puerta-de-garaje-basculante-residencial\/"},"modified":"2024-02-28T22:42:33","modified_gmt":"2024-02-28T21:42:33","slug":"porte-de-garage-basculante-residentielle","status":"publish","type":"product","link":"https:\/\/puertasroper.com\/fr\/produits\/porte-de-garage-basculante-residentielle\/","title":{"rendered":"PORTE DE GARAGE BASCULANTE R\u00c9SIDENTIELLE"},"content":{"rendered":"<p><strong>Fiche technique<\/strong><\/p>\n<p>La porte basculante ROPER est compos\u00e9e d&#8217;un vantail qui se d\u00e9place verticalement gr\u00e2ce au glissement des roulettes \u00e0 l&#8217;int\u00e9rieur des rails lat\u00e9raux. Son fonctionnement est bas\u00e9 sur un ressort de torsion cach\u00e9 derri\u00e8re le linteau, qui fournit la force n\u00e9cessaire aux bras lat\u00e9raux pour soulever le vantail.<\/p>\n<p>Vantail : Le cadre est fabriqu\u00e9 en profil\u00e9 en forme de tube rectangulaire et renforc\u00e9 \u00e0 l&#8217;int\u00e9rieur avec des renforts en forme de &#8220;Z&#8221; pour \u00e9viter la d\u00e9formation et augmenter la r\u00e9sistance au vent. Pour la fabrication du cadre et des renforts, du feuillard de t\u00f4le de 0,8 mm d&#8217;\u00e9paisseur et de qualit\u00e9 FEP02G MAZ100 est utilis\u00e9.<\/p>\n<p>Rails : Les rails lat\u00e9raux verticaux de ce type de portes sont fabriqu\u00e9s en t\u00f4le profil\u00e9e de 2 mm d&#8217;\u00e9paisseur, de qualit\u00e9 FEP02G MAZ275. La jonction entre le linteau et les rails pour former la structure de la porte est r\u00e9alis\u00e9e \u00e0 l&#8217;aide de rivets en acier.<\/p>\n<p>Transmission : Compos\u00e9e d&#8217;un axe longitudinal, en tube rond de 20&#215;2 et de qualit\u00e9 E-220+ Z-275-NAC, support\u00e9 par des paliers, sur lequel est mont\u00e9 le ressort de torsion, fabriqu\u00e9 en acier DIN-17223 QUALIT\u00c9 \u201dB\u201d avec traitement thermique \u00e0 250\u00b0C, qui comporte deux tambours encastr\u00e9s aux extr\u00e9mit\u00e9s et sur lesquels sont fix\u00e9s les bras pivotants. Ces bras sont fabriqu\u00e9s en tube d&#8217;acier \u00d8 18&#215;1,5 E-220+ Z-275-NAC. Cet ensemble est responsable du mouvement de la porte. La connexion entre le mouvement du ressort et celui du vantail se fait \u00e0 l&#8217;aide de deux c\u00e2bles en acier, 6&#215;7+1 galvanis\u00e9 de 2 mm, et des deux bras pivotants.<\/p>\n<p>Syst\u00e8me de fermeture : Serrure \u00e0 p\u00eane et cl\u00e9 avec poign\u00e9e int\u00e9rieure, en polyamide tr\u00e8s r\u00e9sistant, agissant sur deux tringles de verrouillage. Ces tringles sont form\u00e9es de deux tubes de 10 mm qui s&#8217;enclenchent dans le linteau. Roulettes : Roulettes fabriqu\u00e9es en r\u00e9sine ac\u00e9tate.<\/p>\n<p>Fermeture du vantail : La porte standard ROPER est fabriqu\u00e9e avec des t\u00f4les nervur\u00e9es par modules de 200 mm de largeur, mont\u00e9es en compression. Du feuillard de 0,5 mm de qualit\u00e9 FEP02G MAZ100 est utilis\u00e9.<\/p>\n<p>La qualit\u00e9 de cette porte est attest\u00e9e par des tests r\u00e9alis\u00e9s dans des laboratoires agr\u00e9\u00e9s, conform\u00e9ment \u00e0 la norme EN 13241-1 et elle est marqu\u00e9e CE pour sa version manuelle et automatique. Les pi\u00e8ces utilis\u00e9es dans la porte ainsi que sa finition d\u00e9pendront des dimensions de la porte, de sa variante et de l&#8217;espace disponible sur le chantier. Elles d\u00e9pendront \u00e9galement des \u00e9ventuels changements visant \u00e0 am\u00e9liorer les processus de production.<\/p>\n","protected":false},"excerpt":{"rendered":"<p>Avec la Porte de Garage Basculante R\u00e9sidentielle, nous obtenons une utilisation maximale du garage. La conception des guides verticaux lat\u00e9raux de la Porte de Garage Basculante R\u00e9sidentielle permet une perte minimale de la largeur de passage.<\/p>\n<p>Caract\u00e9ristiques<\/p>\n<ul>\n<li>\u00c9l\u00e9gant<\/li>\n<li>Design<\/li>\n<li>Qualit\u00e9<\/li>\n<li>Utilisation maximale de la largeur du garage<\/li>\n<li>Montage et entretien simples<\/li>\n<li>S\u00e9curit\u00e9<\/li>\n<li>Confortable gr\u00e2ce \u00e0 la possibilit\u00e9 d&#8217;automatiser les portes pour s&#8217;adapter \u00e0 tous les types d&#8217;utilisation<\/li>\n<\/ul>\n","protected":false},"featured_media":10738,"template":"","meta":{"site-sidebar-layout":"default","site-content-layout":"","ast-site-content-layout":"default","site-content-style":"default","site-sidebar-style":"default","ast-global-header-display":"","ast-banner-title-visibility":"","ast-main-header-display":"","ast-hfb-above-header-display":"","ast-hfb-below-header-display":"","ast-hfb-mobile-header-display":"","site-post-title":"","ast-breadcrumbs-content":"","ast-featured-img":"","footer-sml-layout":"","ast-disable-related-posts":"","theme-transparent-header-meta":"default","adv-header-id-meta":"","stick-header-meta":"","header-above-stick-meta":"","header-main-stick-meta":"","header-below-stick-meta":"","astra-migrate-meta-layouts":"set","ast-page-background-enabled":"default","ast-page-background-meta":{"desktop":{"background-color":"var(--ast-global-color-4)","background-image":"","background-repeat":"repeat","background-position":"center center","background-size":"auto","background-attachment":"scroll","background-type":"","background-media":"","overlay-type":"","overlay-color":"","overlay-opacity":"","overlay-gradient":""},"tablet":{"background-color":"","background-image":"","background-repeat":"repeat","background-position":"center center","background-size":"auto","background-attachment":"scroll","background-type":"","background-media":"","overlay-type":"","overlay-color":"","overlay-opacity":"","overlay-gradient":""},"mobile":{"background-color":"","background-image":"","background-repeat":"repeat","background-position":"center center","background-size":"auto","background-attachment":"scroll","background-type":"","background-media":"","overlay-type":"","overlay-color":"","overlay-opacity":"","overlay-gradient":""}},"ast-content-background-meta":{"desktop":{"background-color":"var(--ast-global-color-5)","background-image":"","background-repeat":"repeat","background-position":"center center","background-size":"auto","background-attachment":"scroll","background-type":"","background-media":"","overlay-type":"","overlay-color":"","overlay-opacity":"","overlay-gradient":""},"tablet":{"background-color":"var(--ast-global-color-5)","background-image":"","background-repeat":"repeat","background-position":"center center","background-size":"auto","background-attachment":"scroll","background-type":"","background-media":"","overlay-type":"","overlay-color":"","overlay-opacity":"","overlay-gradient":""},"mobile":{"background-color":"var(--ast-global-color-5)","background-image":"","background-repeat":"repeat","background-position":"center center","background-size":"auto","background-attachment":"scroll","background-type":"","background-media":"","overlay-type":"","overlay-color":"","overlay-opacity":"","overlay-gradient":""}}},"product_brand":[],"product_cat":[505],"product_tag":[],"entorno":[],"num-hojas":[411],"tipo-de-puerta":[511],"class_list":{"0":"post-12302","1":"product","2":"type-product","3":"status-publish","4":"has-post-thumbnail","6":"product_cat-portes-de-garage","7":"num-hojas-una","8":"tipo-de-puerta-basculante-fr","9":"desktop-align-left","10":"tablet-align-left","11":"mobile-align-left","13":"first","14":"instock","15":"shipping-taxable","16":"product-type-simple"},"yoast_head":"<!-- This site is optimized with the Yoast SEO plugin v27.5 - https:\/\/yoast.com\/product\/yoast-seo-wordpress\/ -->\n<title>Porte de Garage R\u00e9sidentielle \u00e0 Ouverture Basculante- ROPER<\/title>\n<meta name=\"description\" content=\"D\u00e9couvrez nos portes de garage basculantes con conception r\u00e9sidentielle. Nous combinons s\u00e9curit\u00e9 et style pour prot\u00e9ger votre domicile avec des options fonctionnelles et esth\u00e9tiques.\" \/>\n<meta name=\"robots\" content=\"index, follow, max-snippet:-1, max-image-preview:large, max-video-preview:-1\" \/>\n<link rel=\"canonical\" href=\"https:\/\/puertasroper.com\/fr\/produits\/porte-de-garage-basculante-residentielle\/\" \/>\n<meta property=\"og:locale\" content=\"fr_FR\" \/>\n<meta property=\"og:type\" content=\"article\" \/>\n<meta property=\"og:title\" content=\"Porte de Garage R\u00e9sidentielle \u00e0 Ouverture Basculante- ROPER\" \/>\n<meta property=\"og:description\" content=\"D\u00e9couvrez nos portes de garage basculantes con conception r\u00e9sidentielle. Nous combinons s\u00e9curit\u00e9 et style pour prot\u00e9ger votre domicile avec des options fonctionnelles et esth\u00e9tiques.\" \/>\n<meta property=\"og:url\" content=\"https:\/\/puertasroper.com\/fr\/produits\/porte-de-garage-basculante-residentielle\/\" \/>\n<meta property=\"og:site_name\" content=\"ROPER\" \/>\n<meta property=\"article:publisher\" content=\"http:\/\/www.facebook.com\/pages\/Puertas-Roper\/\" \/>\n<meta property=\"article:modified_time\" content=\"2024-02-28T21:42:33+00:00\" \/>\n<meta property=\"og:image\" content=\"https:\/\/puertasroper.com\/wp-content\/uploads\/puerta-de-garaje-basculante-residencial-e1701457703284.jpg\" \/>\n\t<meta property=\"og:image:width\" content=\"914\" \/>\n\t<meta property=\"og:image:height\" content=\"803\" \/>\n\t<meta property=\"og:image:type\" content=\"image\/jpeg\" \/>\n<meta name=\"twitter:label1\" content=\"Est. reading time\" \/>\n\t<meta name=\"twitter:data1\" content=\"3 minutes\" \/>\n<script type=\"application\/ld+json\" class=\"yoast-schema-graph\">{\"@context\":\"https:\\\/\\\/schema.org\",\"@graph\":[{\"@type\":\"WebPage\",\"@id\":\"https:\\\/\\\/puertasroper.com\\\/fr\\\/produits\\\/porte-de-garage-basculante-residentielle\\\/\",\"url\":\"https:\\\/\\\/puertasroper.com\\\/fr\\\/produits\\\/porte-de-garage-basculante-residentielle\\\/\",\"name\":\"Porte de Garage R\u00e9sidentielle \u00e0 Ouverture Basculante- ROPER\",\"isPartOf\":{\"@id\":\"https:\\\/\\\/puertasroper.com\\\/fr\\\/#website\"},\"primaryImageOfPage\":{\"@id\":\"https:\\\/\\\/puertasroper.com\\\/fr\\\/produits\\\/porte-de-garage-basculante-residentielle\\\/#primaryimage\"},\"image\":{\"@id\":\"https:\\\/\\\/puertasroper.com\\\/fr\\\/produits\\\/porte-de-garage-basculante-residentielle\\\/#primaryimage\"},\"thumbnailUrl\":\"https:\\\/\\\/puertasroper.com\\\/wp-content\\\/uploads\\\/puerta-de-garaje-basculante-residencial-e1701457703284.jpg\",\"datePublished\":\"2023-11-21T13:09:35+00:00\",\"dateModified\":\"2024-02-28T21:42:33+00:00\",\"description\":\"D\u00e9couvrez nos portes de garage basculantes con conception r\u00e9sidentielle. Nous combinons s\u00e9curit\u00e9 et style pour prot\u00e9ger votre domicile avec des options fonctionnelles et esth\u00e9tiques.\",\"breadcrumb\":{\"@id\":\"https:\\\/\\\/puertasroper.com\\\/fr\\\/produits\\\/porte-de-garage-basculante-residentielle\\\/#breadcrumb\"},\"inLanguage\":\"fr-FR\",\"potentialAction\":[{\"@type\":\"ReadAction\",\"target\":[\"https:\\\/\\\/puertasroper.com\\\/fr\\\/produits\\\/porte-de-garage-basculante-residentielle\\\/\"]}]},{\"@type\":\"ImageObject\",\"inLanguage\":\"fr-FR\",\"@id\":\"https:\\\/\\\/puertasroper.com\\\/fr\\\/produits\\\/porte-de-garage-basculante-residentielle\\\/#primaryimage\",\"url\":\"https:\\\/\\\/puertasroper.com\\\/wp-content\\\/uploads\\\/puerta-de-garaje-basculante-residencial-e1701457703284.jpg\",\"contentUrl\":\"https:\\\/\\\/puertasroper.com\\\/wp-content\\\/uploads\\\/puerta-de-garaje-basculante-residencial-e1701457703284.jpg\",\"width\":914,\"height\":803},{\"@type\":\"BreadcrumbList\",\"@id\":\"https:\\\/\\\/puertasroper.com\\\/fr\\\/produits\\\/porte-de-garage-basculante-residentielle\\\/#breadcrumb\",\"itemListElement\":[{\"@type\":\"ListItem\",\"position\":1,\"name\":\"Portada\",\"item\":\"https:\\\/\\\/puertasroper.com\\\/fr\\\/\"},{\"@type\":\"ListItem\",\"position\":2,\"name\":\"Boutique\",\"item\":\"https:\\\/\\\/puertasroper.com\\\/fr\\\/boutique\\\/\"},{\"@type\":\"ListItem\",\"position\":3,\"name\":\"PORTE DE GARAGE BASCULANTE R\u00c9SIDENTIELLE\"}]},{\"@type\":\"WebSite\",\"@id\":\"https:\\\/\\\/puertasroper.com\\\/fr\\\/#website\",\"url\":\"https:\\\/\\\/puertasroper.com\\\/fr\\\/\",\"name\":\"ROPER\",\"description\":\"Puertas Met\u00e1licas | Automatismos | Puertas de Garaje | Paneles Sandwich\",\"publisher\":{\"@id\":\"https:\\\/\\\/puertasroper.com\\\/fr\\\/#organization\"},\"potentialAction\":[{\"@type\":\"SearchAction\",\"target\":{\"@type\":\"EntryPoint\",\"urlTemplate\":\"https:\\\/\\\/puertasroper.com\\\/fr\\\/?s={search_term_string}\"},\"query-input\":{\"@type\":\"PropertyValueSpecification\",\"valueRequired\":true,\"valueName\":\"search_term_string\"}}],\"inLanguage\":\"fr-FR\"},{\"@type\":\"Organization\",\"@id\":\"https:\\\/\\\/puertasroper.com\\\/fr\\\/#organization\",\"name\":\"Puertas Roper\",\"url\":\"https:\\\/\\\/puertasroper.com\\\/fr\\\/\",\"logo\":{\"@type\":\"ImageObject\",\"inLanguage\":\"fr-FR\",\"@id\":\"https:\\\/\\\/puertasroper.com\\\/fr\\\/#\\\/schema\\\/logo\\\/image\\\/\",\"url\":\"https:\\\/\\\/puertasroper.com\\\/wp-content\\\/uploads\\\/logo_roper_60-aniversario_WH-1.png\",\"contentUrl\":\"https:\\\/\\\/puertasroper.com\\\/wp-content\\\/uploads\\\/logo_roper_60-aniversario_WH-1.png\",\"width\":752,\"height\":394,\"caption\":\"Puertas Roper\"},\"image\":{\"@id\":\"https:\\\/\\\/puertasroper.com\\\/fr\\\/#\\\/schema\\\/logo\\\/image\\\/\"},\"sameAs\":[\"http:\\\/\\\/www.facebook.com\\\/pages\\\/Puertas-Roper\\\/\",\"https:\\\/\\\/x.com\\\/puertasroper\"]}]}<\/script>\n<!-- \/ Yoast SEO plugin. -->","yoast_head_json":{"title":"Porte de Garage R\u00e9sidentielle \u00e0 Ouverture Basculante- ROPER","description":"D\u00e9couvrez nos portes de garage basculantes con conception r\u00e9sidentielle. Nous combinons s\u00e9curit\u00e9 et style pour prot\u00e9ger votre domicile avec des options fonctionnelles et esth\u00e9tiques.","robots":{"index":"index","follow":"follow","max-snippet":"max-snippet:-1","max-image-preview":"max-image-preview:large","max-video-preview":"max-video-preview:-1"},"canonical":"https:\/\/puertasroper.com\/fr\/produits\/porte-de-garage-basculante-residentielle\/","og_locale":"fr_FR","og_type":"article","og_title":"Porte de Garage R\u00e9sidentielle \u00e0 Ouverture Basculante- ROPER","og_description":"D\u00e9couvrez nos portes de garage basculantes con conception r\u00e9sidentielle. Nous combinons s\u00e9curit\u00e9 et style pour prot\u00e9ger votre domicile avec des options fonctionnelles et esth\u00e9tiques.","og_url":"https:\/\/puertasroper.com\/fr\/produits\/porte-de-garage-basculante-residentielle\/","og_site_name":"ROPER","article_publisher":"http:\/\/www.facebook.com\/pages\/Puertas-Roper\/","article_modified_time":"2024-02-28T21:42:33+00:00","og_image":[{"width":914,"height":803,"url":"https:\/\/puertasroper.com\/wp-content\/uploads\/puerta-de-garaje-basculante-residencial-e1701457703284.jpg","type":"image\/jpeg"}],"twitter_misc":{"Est. reading time":"3 minutes"},"schema":{"@context":"https:\/\/schema.org","@graph":[{"@type":"WebPage","@id":"https:\/\/puertasroper.com\/fr\/produits\/porte-de-garage-basculante-residentielle\/","url":"https:\/\/puertasroper.com\/fr\/produits\/porte-de-garage-basculante-residentielle\/","name":"Porte de Garage R\u00e9sidentielle \u00e0 Ouverture Basculante- ROPER","isPartOf":{"@id":"https:\/\/puertasroper.com\/fr\/#website"},"primaryImageOfPage":{"@id":"https:\/\/puertasroper.com\/fr\/produits\/porte-de-garage-basculante-residentielle\/#primaryimage"},"image":{"@id":"https:\/\/puertasroper.com\/fr\/produits\/porte-de-garage-basculante-residentielle\/#primaryimage"},"thumbnailUrl":"https:\/\/puertasroper.com\/wp-content\/uploads\/puerta-de-garaje-basculante-residencial-e1701457703284.jpg","datePublished":"2023-11-21T13:09:35+00:00","dateModified":"2024-02-28T21:42:33+00:00","description":"D\u00e9couvrez nos portes de garage basculantes con conception r\u00e9sidentielle. Nous combinons s\u00e9curit\u00e9 et style pour prot\u00e9ger votre domicile avec des options fonctionnelles et esth\u00e9tiques.","breadcrumb":{"@id":"https:\/\/puertasroper.com\/fr\/produits\/porte-de-garage-basculante-residentielle\/#breadcrumb"},"inLanguage":"fr-FR","potentialAction":[{"@type":"ReadAction","target":["https:\/\/puertasroper.com\/fr\/produits\/porte-de-garage-basculante-residentielle\/"]}]},{"@type":"ImageObject","inLanguage":"fr-FR","@id":"https:\/\/puertasroper.com\/fr\/produits\/porte-de-garage-basculante-residentielle\/#primaryimage","url":"https:\/\/puertasroper.com\/wp-content\/uploads\/puerta-de-garaje-basculante-residencial-e1701457703284.jpg","contentUrl":"https:\/\/puertasroper.com\/wp-content\/uploads\/puerta-de-garaje-basculante-residencial-e1701457703284.jpg","width":914,"height":803},{"@type":"BreadcrumbList","@id":"https:\/\/puertasroper.com\/fr\/produits\/porte-de-garage-basculante-residentielle\/#breadcrumb","itemListElement":[{"@type":"ListItem","position":1,"name":"Portada","item":"https:\/\/puertasroper.com\/fr\/"},{"@type":"ListItem","position":2,"name":"Boutique","item":"https:\/\/puertasroper.com\/fr\/boutique\/"},{"@type":"ListItem","position":3,"name":"PORTE DE GARAGE BASCULANTE R\u00c9SIDENTIELLE"}]},{"@type":"WebSite","@id":"https:\/\/puertasroper.com\/fr\/#website","url":"https:\/\/puertasroper.com\/fr\/","name":"ROPER","description":"Puertas Met\u00e1licas | Automatismos | Puertas de Garaje | Paneles Sandwich","publisher":{"@id":"https:\/\/puertasroper.com\/fr\/#organization"},"potentialAction":[{"@type":"SearchAction","target":{"@type":"EntryPoint","urlTemplate":"https:\/\/puertasroper.com\/fr\/?s={search_term_string}"},"query-input":{"@type":"PropertyValueSpecification","valueRequired":true,"valueName":"search_term_string"}}],"inLanguage":"fr-FR"},{"@type":"Organization","@id":"https:\/\/puertasroper.com\/fr\/#organization","name":"Puertas Roper","url":"https:\/\/puertasroper.com\/fr\/","logo":{"@type":"ImageObject","inLanguage":"fr-FR","@id":"https:\/\/puertasroper.com\/fr\/#\/schema\/logo\/image\/","url":"https:\/\/puertasroper.com\/wp-content\/uploads\/logo_roper_60-aniversario_WH-1.png","contentUrl":"https:\/\/puertasroper.com\/wp-content\/uploads\/logo_roper_60-aniversario_WH-1.png","width":752,"height":394,"caption":"Puertas Roper"},"image":{"@id":"https:\/\/puertasroper.com\/fr\/#\/schema\/logo\/image\/"},"sameAs":["http:\/\/www.facebook.com\/pages\/Puertas-Roper\/","https:\/\/x.com\/puertasroper"]}]}},"_links":{"self":[{"href":"https:\/\/puertasroper.com\/fr\/wp-json\/wp\/v2\/product\/12302","targetHints":{"allow":["GET"]}}],"collection":[{"href":"https:\/\/puertasroper.com\/fr\/wp-json\/wp\/v2\/product"}],"about":[{"href":"https:\/\/puertasroper.com\/fr\/wp-json\/wp\/v2\/types\/product"}],"wp:featuredmedia":[{"embeddable":true,"href":"https:\/\/puertasroper.com\/fr\/wp-json\/wp\/v2\/media\/10738"}],"wp:attachment":[{"href":"https:\/\/puertasroper.com\/fr\/wp-json\/wp\/v2\/media?parent=12302"}],"wp:term":[{"taxonomy":"product_brand","embeddable":true,"href":"https:\/\/puertasroper.com\/fr\/wp-json\/wp\/v2\/product_brand?post=12302"},{"taxonomy":"product_cat","embeddable":true,"href":"https:\/\/puertasroper.com\/fr\/wp-json\/wp\/v2\/product_cat?post=12302"},{"taxonomy":"product_tag","embeddable":true,"href":"https:\/\/puertasroper.com\/fr\/wp-json\/wp\/v2\/product_tag?post=12302"},{"taxonomy":"entorno","embeddable":true,"href":"https:\/\/puertasroper.com\/fr\/wp-json\/wp\/v2\/entorno?post=12302"},{"taxonomy":"num-hojas","embeddable":true,"href":"https:\/\/puertasroper.com\/fr\/wp-json\/wp\/v2\/num-hojas?post=12302"},{"taxonomy":"tipo-de-puerta","embeddable":true,"href":"https:\/\/puertasroper.com\/fr\/wp-json\/wp\/v2\/tipo-de-puerta?post=12302"}],"curies":[{"name":"wp","href":"https:\/\/api.w.org\/{rel}","templated":true}]}}